{"id":2029,"date":"2026-01-28T15:00:34","date_gmt":"2026-01-28T15:00:34","guid":{"rendered":"https:\/\/cartesetposters.fr\/?post_type=product&#038;p=2029"},"modified":"2026-02-20T14:16:21","modified_gmt":"2026-02-20T13:16:21","slug":"tee-shirt-randonnee-femme","status":"publish","type":"product","link":"https:\/\/cartes-et-posters.fr\/index.php\/produit\/tee-shirt-randonnee-femme\/","title":{"rendered":"Tee-Shirt Randonn\u00e9e Femme \u00ab\u00a0Aventure\u00a0\u00bb"},"content":{"rendered":"<h2 data-start=\"334\" data-end=\"402\">\ud83c\udf33 Tee-shirt randonn\u00e9e femme Aventure : libert\u00e9, \u00e9quilibre et esprit d\u2019exploration<\/h2>\n<p data-start=\"516\" data-end=\"962\">Aventure : Un mot qui fait vibrer. Ce tee-shirt de randonn\u00e9e pour femme \u00ab\u00a0\u00a0\u00bbAventure\u00a0\u00bb\u00a0\u00bb c\u00e9l\u00e8bre la joie de marcher, d\u2019explorer et de vivre l\u2019instant pr\u00e9sent. Dans le dos, une femme avance sur une cr\u00eate, un pied devant l\u2019autre, les bras lev\u00e9s pour garder l\u2019\u00e9quilibre. Le geste est l\u00e9ger. L\u2019attitude est libre. Le mot Aventure accompagne ce moment d\u2019insouciance et de plaisir en pleine nature. Sur fond beige naturel, le visuel \u00e9voque la libert\u00e9, le mouvement et la connexion au paysage. Un design doux et inspirant, pens\u00e9 pour celles qui aiment avancer avec le sourire.<\/p>\n<p data-start=\"964\" data-end=\"1145\">Confortable et agr\u00e9able \u00e0 porter, ce tee-shirt accompagne les randonn\u00e9es, les marches actives et les moments de d\u00e9tente. Il se porte aussi bien sur les sentiers qu\u2019au quotidien.<\/p>\n<h2 data-start=\"1191\" data-end=\"1220\">\ud83e\uddf5 <strong data-start=\"1198\" data-end=\"1220\">D\u00e9tails techniques<\/strong><\/h2>\n<ul data-start=\"1222\" data-end=\"1784\">\n<li data-start=\"1222\" data-end=\"1381\">\n<p data-start=\"1224\" data-end=\"1381\"><strong>100 % coton organique<\/strong> \ud83c\udf31 : Mati\u00e8re naturelle, douce et respirante<br data-start=\"1291\" data-end=\"1294\" \/><em data-start=\"1296\" data-end=\"1379\">(Coton cultiv\u00e9 sans engrais chimiques ni pesticides)<\/em><\/p>\n<\/li>\n<li data-start=\"1382\" data-end=\"1443\">\n<p data-start=\"1384\" data-end=\"1443\"><strong>Respect des labels biologiques,<\/strong> limitant les risques d\u2019allergies et l\u2019impact environnemental<\/p>\n<ul data-start=\"1222\" data-end=\"1784\">\n<li data-start=\"1444\" data-end=\"1490\">\n<p data-start=\"1446\" data-end=\"1490\"><strong>Label \u00ab Confidence in Textiles \u00bb<br \/>\n<\/strong><em>(Garantie de s\u00e9curit\u00e9, de transparence et de production responsable: garanti sans substance nocive)<\/em><strong><br \/>\n<\/strong><\/p>\n<\/li>\n<li data-start=\"1444\" data-end=\"1490\"><strong>Certification Vegan Protect Animals \ud83d\udc3e<\/strong><\/li>\n<\/ul>\n<\/li>\n<li data-start=\"1491\" data-end=\"1563\">\n<p data-start=\"1493\" data-end=\"1563\"><strong data-start=\"1493\" data-end=\"1507\">Grammage :<\/strong> 185 g\/m\u00b2 &#8211; tissu l\u00e9ger, respirant et \u00e0 s\u00e9chage rapide<\/p>\n<\/li>\n<li data-start=\"1564\" data-end=\"1619\">\n<p data-start=\"1566\" data-end=\"1619\"><strong data-start=\"1566\" data-end=\"1577\">Coupe :<\/strong> ajust\u00e9e, manches courtes, encolure ronde<\/p>\n<\/li>\n<li data-start=\"1564\" data-end=\"1619\"><strong>Dessin :<\/strong> imprim\u00e9 au dos, ne comporte pas les marques \u00ab\u00a0&amp;\u00a0\u00bb<\/li>\n<li data-start=\"1620\" data-end=\"1722\">\n<p data-start=\"1622\" data-end=\"1722\"><strong data-start=\"1622\" data-end=\"1635\">D\u00e9tails :<\/strong> bande de propret\u00e9 ton sur ton, finitions int\u00e9rieur de col (encolure) et double surpiq\u00fbres (manches, ourlets)<\/p>\n<\/li>\n<li data-start=\"1723\" data-end=\"1784\">\n<p data-start=\"1725\" data-end=\"1784\"><strong data-start=\"1725\" data-end=\"1757\">Confort et maintien garantis<\/strong>, m\u00eame \u00e0 l\u2019effort intense<\/p>\n<\/li>\n<li data-start=\"1723\" data-end=\"1784\"><strong>Tailles :<\/strong> du 34\/36 au 44\/46<\/li>\n<\/ul>\n<h2 class=\"wp-block-heading\">\ud83c\udf31 Une gamme naturelle, \u00e9thique et responsable<\/h2>\n<p>Notre gamme de tee-shirts rando\u2013yoga\u2013pilates est con\u00e7ue en 100 % coton organique et vegan. Cette mati\u00e8re respecte la peau autant que l\u2019environnement, tout en garantissant un confort optimal. Comme pour notre gamme cardio, aucun compromis n\u2019est fait sur l\u2019\u00e9thique : respect du vivant, des conditions de production et de la plan\u00e8te.<\/p>\n<h2 data-start=\"1218\" data-end=\"1247\">\ud83d\udc99 <strong data-start=\"1225\" data-end=\"1247\">Pourquoi on l\u2019aime<\/strong><\/h2>\n<p data-start=\"1249\" data-end=\"1609\">Parce qu\u2019il respire la libert\u00e9. Parce qu\u2019il transmet une \u00e9nergie positive et spontan\u00e9e. On aime sa mati\u00e8re naturelle, son coloris doux et son visuel joyeux. Un tee-shirt qui donne envie d\u2019avancer, d\u2019oser et de profiter de chaque instant.<\/p>\n<h2 data-start=\"1616\" data-end=\"1645\">\ud83d\udcaa <strong data-start=\"1623\" data-end=\"1645\">\u00c0 qui il s\u2019adresse<\/strong><\/h2>\n<p data-start=\"1647\" data-end=\"1986\">Aux femmes curieuses, libres et aventuri\u00e8res; aux randonneuses; aux amoureuses de grands espaces. Sur une cr\u00eate, un sentier ou au quotidien, ce tee-shirt randonn\u00e9e femme \u00ab\u00a0Aventure\u00a0\u00bb rappelle que l\u2019aventure commence d\u00e8s le premier pas.<\/p>\n<h2 class=\"wp-block-heading has-text-align-center\" style=\"text-align: center;\">Certifications de nos tee-shirts 100% coton<\/h2>\n<div class=\"wp-block-column is-vertically-aligned-center is-layout-flow wp-block-column-is-layout-flow\">\n<div class=\"wp-block-image\" style=\"text-align: center;\">\n<figure class=\"aligncenter size-thumbnail\"><img loading=\"lazy\" decoding=\"async\" class=\"wp-image-2270\" src=\"https:\/\/cartes-et-posters.fr\/wp-content\/uploads\/2026\/02\/Tee-shirts-Certifies-Vegan-150x150.webp\" sizes=\"auto, (max-width: 150px) 100vw, 150px\" srcset=\"https:\/\/cartes-et-posters.fr\/wp-content\/uploads\/2026\/02\/Tee-shirts-Certifies-Vegan-150x150.webp 150w, https:\/\/cartes-et-posters.fr\/wp-content\/uploads\/2026\/02\/Tee-shirts-Certifies-Vegan-300x300.webp 300w, https:\/\/cartes-et-posters.fr\/wp-content\/uploads\/2026\/02\/Tee-shirts-Certifies-Vegan-768x768.webp 768w, https:\/\/cartes-et-posters.fr\/wp-content\/uploads\/2026\/02\/Tee-shirts-Certifies-Vegan-600x600.webp 600w, https:\/\/cartes-et-posters.fr\/wp-content\/uploads\/2026\/02\/Tee-shirts-Certifies-Vegan-100x100.webp 100w, https:\/\/cartes-et-posters.fr\/wp-content\/uploads\/2026\/02\/Tee-shirts-Certifies-Vegan.webp 1020w\" alt=\"\" width=\"125\" height=\"125\" \/>\u00a0 \u00a0 \u00a0 \u00a0 <img loading=\"lazy\" decoding=\"async\" class=\"wp-image-2271\" src=\"https:\/\/cartes-et-posters.fr\/wp-content\/uploads\/2026\/02\/Tee-shirts-Certifies-CONFIDENCE_MATERIAL-150x150.jpg\" sizes=\"auto, (max-width: 150px) 100vw, 150px\" srcset=\"https:\/\/cartes-et-posters.fr\/wp-content\/uploads\/2026\/02\/Tee-shirts-Certifies-CONFIDENCE_MATERIAL-150x150.jpg 150w, https:\/\/cartes-et-posters.fr\/wp-content\/uploads\/2026\/02\/Tee-shirts-Certifies-CONFIDENCE_MATERIAL-100x100.jpg 100w, https:\/\/cartes-et-posters.fr\/wp-content\/uploads\/2026\/02\/Tee-shirts-Certifies-CONFIDENCE_MATERIAL.jpg 300w\" alt=\"\" width=\"125\" height=\"125\" \/>\u00a0 \u00a0 \u00a0 \u00a0 <img loading=\"lazy\" decoding=\"async\" class=\"wp-image-2274\" src=\"https:\/\/cartes-et-posters.fr\/wp-content\/uploads\/2026\/02\/Tee-shirts-Certifies-GOTS-2021-150x150.jpg\" sizes=\"auto, (max-width: 150px) 100vw, 150px\" srcset=\"https:\/\/cartes-et-posters.fr\/wp-content\/uploads\/2026\/02\/Tee-shirts-Certifies-GOTS-2021-150x150.jpg 150w, https:\/\/cartes-et-posters.fr\/wp-content\/uploads\/2026\/02\/Tee-shirts-Certifies-GOTS-2021-300x300.jpg 300w, https:\/\/cartes-et-posters.fr\/wp-content\/uploads\/2026\/02\/Tee-shirts-Certifies-GOTS-2021-768x770.jpg 768w, https:\/\/cartes-et-posters.fr\/wp-content\/uploads\/2026\/02\/Tee-shirts-Certifies-GOTS-2021-600x601.jpg 600w, https:\/\/cartes-et-posters.fr\/wp-content\/uploads\/2026\/02\/Tee-shirts-Certifies-GOTS-2021-100x100.jpg 100w, https:\/\/cartes-et-posters.fr\/wp-content\/uploads\/2026\/02\/Tee-shirts-Certifies-GOTS-2021.jpg 1022w\" alt=\"\" width=\"125\" height=\"125\" \/><\/figure>\n<\/div>\n<\/div>\n","protected":false},"excerpt":{"rendered":"<p>Tee-shirt femme manches courtes col rond<br \/>\n100% coton organique<\/p>\n","protected":false},"featured_media":2373,"comment_status":"open","ping_status":"closed","template":"","meta":{"neve_meta_sidebar":"","neve_meta_container":"","neve_meta_enable_content_width":"off","neve_meta_content_width":100,"neve_meta_title_alignment":"","neve_meta_author_avatar":"","neve_post_elements_order":"","neve_meta_disable_header":"","neve_meta_disable_footer":"","neve_meta_disable_title":""},"product_brand":[],"product_cat":[44],"product_tag":[26,29,38],"class_list":{"0":"post-2029","1":"product","2":"type-product","3":"status-publish","4":"has-post-thumbnail","6":"product_cat-tee-shirts-sport-femme","7":"product_tag-creations-comme-une-fille","8":"product_tag-bonne-fete-maman","9":"product_tag-tee-shirts-randonnee","10":"product_shipping_class-envoi-tee-shirts","12":"first","13":"outofstock","14":"taxable","15":"shipping-taxable","16":"purchasable","17":"product-type-variable"},"yoast_head":"<!-- This site is optimized with the Yoast SEO plugin v27.4 - https:\/\/yoast.com\/product\/yoast-seo-wordpress\/ -->\n<title>Tee-Shirt Randonn\u00e9e Femme Aventure | Boutique en Ligne<\/title>\n<meta name=\"description\" content=\"Tee-Shirt de Randonn\u00e9e pour Femme &quot;Aventure&quot; | Manches Courtes | Col Rond | 100% Coton Organique | L\u00e9ger et Respirant | Beige | Du 34 au 44\" \/>\n<meta name=\"robots\" content=\"index, follow, max-snippet:-1, max-image-preview:large, max-video-preview:-1\" \/>\n<link rel=\"canonical\" href=\"https:\/\/cartes-et-posters.fr\/index.php\/produit\/tee-shirt-randonnee-femme\/\" \/>\n<meta property=\"og:locale\" content=\"fr_FR\" \/>\n<meta property=\"og:type\" content=\"article\" \/>\n<meta property=\"og:title\" content=\"Tee-Shirt Randonn\u00e9e Femme Aventure | Boutique en Ligne\" \/>\n<meta property=\"og:description\" content=\"Tee-Shirt de Randonn\u00e9e pour Femme &quot;Aventure&quot; | Manches Courtes | Col Rond | 100% Coton Organique | L\u00e9ger et Respirant | Beige | Du 34 au 44\" \/>\n<meta property=\"og:url\" content=\"https:\/\/cartes-et-posters.fr\/index.php\/produit\/tee-shirt-randonnee-femme\/\" \/>\n<meta property=\"og:site_name\" content=\"Cartes et Posters\" \/>\n<meta property=\"article:modified_time\" content=\"2026-02-20T13:16:21+00:00\" \/>\n<meta property=\"og:image\" content=\"https:\/\/cartes-et-posters.fr\/wp-content\/uploads\/2026\/02\/Tee-shirt_Rando_Aventure.jpg\" \/>\n\t<meta property=\"og:image:width\" content=\"595\" \/>\n\t<meta property=\"og:image:height\" content=\"595\" \/>\n\t<meta property=\"og:image:type\" content=\"image\/jpeg\" \/>\n<meta name=\"twitter:card\" content=\"summary_large_image\" \/>\n<meta name=\"twitter:label1\" content=\"Dur\u00e9e de lecture estim\u00e9e\" \/>\n\t<meta name=\"twitter:data1\" content=\"3 minutes\" \/>\n<script type=\"application\/ld+json\" class=\"yoast-schema-graph\">{\"@context\":\"https:\\\/\\\/schema.org\",\"@graph\":[{\"@type\":\"WebPage\",\"@id\":\"https:\\\/\\\/cartes-et-posters.fr\\\/index.php\\\/produit\\\/tee-shirt-randonnee-femme\\\/\",\"url\":\"https:\\\/\\\/cartes-et-posters.fr\\\/index.php\\\/produit\\\/tee-shirt-randonnee-femme\\\/\",\"name\":\"Tee-Shirt Randonn\u00e9e Femme Aventure | Boutique en Ligne\",\"isPartOf\":{\"@id\":\"https:\\\/\\\/cartes-et-posters.fr\\\/#website\"},\"primaryImageOfPage\":{\"@id\":\"https:\\\/\\\/cartes-et-posters.fr\\\/index.php\\\/produit\\\/tee-shirt-randonnee-femme\\\/#primaryimage\"},\"image\":{\"@id\":\"https:\\\/\\\/cartes-et-posters.fr\\\/index.php\\\/produit\\\/tee-shirt-randonnee-femme\\\/#primaryimage\"},\"thumbnailUrl\":\"https:\\\/\\\/cartes-et-posters.fr\\\/wp-content\\\/uploads\\\/2026\\\/02\\\/Tee-shirt_Rando_Aventure.jpg\",\"datePublished\":\"2026-01-28T15:00:34+00:00\",\"dateModified\":\"2026-02-20T13:16:21+00:00\",\"description\":\"Tee-Shirt de Randonn\u00e9e pour Femme \\\"Aventure\\\" | Manches Courtes | Col Rond | 100% Coton Organique | L\u00e9ger et Respirant | Beige | Du 34 au 44\",\"breadcrumb\":{\"@id\":\"https:\\\/\\\/cartes-et-posters.fr\\\/index.php\\\/produit\\\/tee-shirt-randonnee-femme\\\/#breadcrumb\"},\"inLanguage\":\"fr-FR\",\"potentialAction\":[{\"@type\":\"ReadAction\",\"target\":[\"https:\\\/\\\/cartes-et-posters.fr\\\/index.php\\\/produit\\\/tee-shirt-randonnee-femme\\\/\"]}]},{\"@type\":\"ImageObject\",\"inLanguage\":\"fr-FR\",\"@id\":\"https:\\\/\\\/cartes-et-posters.fr\\\/index.php\\\/produit\\\/tee-shirt-randonnee-femme\\\/#primaryimage\",\"url\":\"https:\\\/\\\/cartes-et-posters.fr\\\/wp-content\\\/uploads\\\/2026\\\/02\\\/Tee-shirt_Rando_Aventure.jpg\",\"contentUrl\":\"https:\\\/\\\/cartes-et-posters.fr\\\/wp-content\\\/uploads\\\/2026\\\/02\\\/Tee-shirt_Rando_Aventure.jpg\",\"width\":595,\"height\":595},{\"@type\":\"BreadcrumbList\",\"@id\":\"https:\\\/\\\/cartes-et-posters.fr\\\/index.php\\\/produit\\\/tee-shirt-randonnee-femme\\\/#breadcrumb\",\"itemListElement\":[{\"@type\":\"ListItem\",\"position\":1,\"name\":\"Accueil\",\"item\":\"https:\\\/\\\/cartes-et-posters.fr\\\/\"},{\"@type\":\"ListItem\",\"position\":2,\"name\":\"Produits\",\"item\":\"https:\\\/\\\/cartes-et-posters.fr\\\/index.php\\\/shop\\\/\"},{\"@type\":\"ListItem\",\"position\":3,\"name\":\"Tee-Shirt Randonn\u00e9e Femme \u00ab\u00a0Aventure\u00a0\u00bb\"}]},{\"@type\":\"WebSite\",\"@id\":\"https:\\\/\\\/cartes-et-posters.fr\\\/#website\",\"url\":\"https:\\\/\\\/cartes-et-posters.fr\\\/\",\"name\":\"Cartes et Posters\",\"description\":\"\",\"potentialAction\":[{\"@type\":\"SearchAction\",\"target\":{\"@type\":\"EntryPoint\",\"urlTemplate\":\"https:\\\/\\\/cartes-et-posters.fr\\\/?s={search_term_string}\"},\"query-input\":{\"@type\":\"PropertyValueSpecification\",\"valueRequired\":true,\"valueName\":\"search_term_string\"}}],\"inLanguage\":\"fr-FR\"}]}<\/script>\n<!-- \/ Yoast SEO plugin. -->","yoast_head_json":{"title":"Tee-Shirt Randonn\u00e9e Femme Aventure | Boutique en Ligne","description":"Tee-Shirt de Randonn\u00e9e pour Femme \"Aventure\" | Manches Courtes | Col Rond | 100% Coton Organique | L\u00e9ger et Respirant | Beige | Du 34 au 44","robots":{"index":"index","follow":"follow","max-snippet":"max-snippet:-1","max-image-preview":"max-image-preview:large","max-video-preview":"max-video-preview:-1"},"canonical":"https:\/\/cartes-et-posters.fr\/index.php\/produit\/tee-shirt-randonnee-femme\/","og_locale":"fr_FR","og_type":"article","og_title":"Tee-Shirt Randonn\u00e9e Femme Aventure | Boutique en Ligne","og_description":"Tee-Shirt de Randonn\u00e9e pour Femme \"Aventure\" | Manches Courtes | Col Rond | 100% Coton Organique | L\u00e9ger et Respirant | Beige | Du 34 au 44","og_url":"https:\/\/cartes-et-posters.fr\/index.php\/produit\/tee-shirt-randonnee-femme\/","og_site_name":"Cartes et Posters","article_modified_time":"2026-02-20T13:16:21+00:00","og_image":[{"width":595,"height":595,"url":"https:\/\/cartes-et-posters.fr\/wp-content\/uploads\/2026\/02\/Tee-shirt_Rando_Aventure.jpg","type":"image\/jpeg"}],"twitter_card":"summary_large_image","twitter_misc":{"Dur\u00e9e de lecture estim\u00e9e":"3 minutes"},"schema":{"@context":"https:\/\/schema.org","@graph":[{"@type":"WebPage","@id":"https:\/\/cartes-et-posters.fr\/index.php\/produit\/tee-shirt-randonnee-femme\/","url":"https:\/\/cartes-et-posters.fr\/index.php\/produit\/tee-shirt-randonnee-femme\/","name":"Tee-Shirt Randonn\u00e9e Femme Aventure | Boutique en Ligne","isPartOf":{"@id":"https:\/\/cartes-et-posters.fr\/#website"},"primaryImageOfPage":{"@id":"https:\/\/cartes-et-posters.fr\/index.php\/produit\/tee-shirt-randonnee-femme\/#primaryimage"},"image":{"@id":"https:\/\/cartes-et-posters.fr\/index.php\/produit\/tee-shirt-randonnee-femme\/#primaryimage"},"thumbnailUrl":"https:\/\/cartes-et-posters.fr\/wp-content\/uploads\/2026\/02\/Tee-shirt_Rando_Aventure.jpg","datePublished":"2026-01-28T15:00:34+00:00","dateModified":"2026-02-20T13:16:21+00:00","description":"Tee-Shirt de Randonn\u00e9e pour Femme \"Aventure\" | Manches Courtes | Col Rond | 100% Coton Organique | L\u00e9ger et Respirant | Beige | Du 34 au 44","breadcrumb":{"@id":"https:\/\/cartes-et-posters.fr\/index.php\/produit\/tee-shirt-randonnee-femme\/#breadcrumb"},"inLanguage":"fr-FR","potentialAction":[{"@type":"ReadAction","target":["https:\/\/cartes-et-posters.fr\/index.php\/produit\/tee-shirt-randonnee-femme\/"]}]},{"@type":"ImageObject","inLanguage":"fr-FR","@id":"https:\/\/cartes-et-posters.fr\/index.php\/produit\/tee-shirt-randonnee-femme\/#primaryimage","url":"https:\/\/cartes-et-posters.fr\/wp-content\/uploads\/2026\/02\/Tee-shirt_Rando_Aventure.jpg","contentUrl":"https:\/\/cartes-et-posters.fr\/wp-content\/uploads\/2026\/02\/Tee-shirt_Rando_Aventure.jpg","width":595,"height":595},{"@type":"BreadcrumbList","@id":"https:\/\/cartes-et-posters.fr\/index.php\/produit\/tee-shirt-randonnee-femme\/#breadcrumb","itemListElement":[{"@type":"ListItem","position":1,"name":"Accueil","item":"https:\/\/cartes-et-posters.fr\/"},{"@type":"ListItem","position":2,"name":"Produits","item":"https:\/\/cartes-et-posters.fr\/index.php\/shop\/"},{"@type":"ListItem","position":3,"name":"Tee-Shirt Randonn\u00e9e Femme \u00ab\u00a0Aventure\u00a0\u00bb"}]},{"@type":"WebSite","@id":"https:\/\/cartes-et-posters.fr\/#website","url":"https:\/\/cartes-et-posters.fr\/","name":"Cartes et Posters","description":"","potentialAction":[{"@type":"SearchAction","target":{"@type":"EntryPoint","urlTemplate":"https:\/\/cartes-et-posters.fr\/?s={search_term_string}"},"query-input":{"@type":"PropertyValueSpecification","valueRequired":true,"valueName":"search_term_string"}}],"inLanguage":"fr-FR"}]}},"df_price":29.9,"df_sale_price":"","df_regular_price":29.9,"df_image_link":"https:\/\/cartes-et-posters.fr\/wp-content\/uploads\/2026\/02\/Tee-shirt_Rando_Aventure-300x300.jpg","jetpack_sharing_enabled":true,"_links":{"self":[{"href":"https:\/\/cartes-et-posters.fr\/index.php\/wp-json\/wp\/v2\/product\/2029","targetHints":{"allow":["GET"]}}],"collection":[{"href":"https:\/\/cartes-et-posters.fr\/index.php\/wp-json\/wp\/v2\/product"}],"about":[{"href":"https:\/\/cartes-et-posters.fr\/index.php\/wp-json\/wp\/v2\/types\/product"}],"replies":[{"embeddable":true,"href":"https:\/\/cartes-et-posters.fr\/index.php\/wp-json\/wp\/v2\/comments?post=2029"}],"wp:featuredmedia":[{"embeddable":true,"href":"https:\/\/cartes-et-posters.fr\/index.php\/wp-json\/wp\/v2\/media\/2373"}],"wp:attachment":[{"href":"https:\/\/cartes-et-posters.fr\/index.php\/wp-json\/wp\/v2\/media?parent=2029"}],"wp:term":[{"taxonomy":"product_brand","embeddable":true,"href":"https:\/\/cartes-et-posters.fr\/index.php\/wp-json\/wp\/v2\/product_brand?post=2029"},{"taxonomy":"product_cat","embeddable":true,"href":"https:\/\/cartes-et-posters.fr\/index.php\/wp-json\/wp\/v2\/product_cat?post=2029"},{"taxonomy":"product_tag","embeddable":true,"href":"https:\/\/cartes-et-posters.fr\/index.php\/wp-json\/wp\/v2\/product_tag?post=2029"}],"curies":[{"name":"wp","href":"https:\/\/api.w.org\/{rel}","templated":true}]}}