{"id":2017,"date":"2026-01-28T14:35:06","date_gmt":"2026-01-28T14:35:06","guid":{"rendered":"https:\/\/cartesetposters.fr\/?post_type=product&#038;p=2017"},"modified":"2026-02-27T21:54:20","modified_gmt":"2026-02-27T20:54:20","slug":"t-shirt-femme-running","status":"publish","type":"product","link":"https:\/\/cartes-et-posters.fr\/index.php\/produit\/t-shirt-femme-running\/","title":{"rendered":"Tee-Shirt Course \u00e0 Pieds Femme \u00ab\u00a0Inarr\u00eatable\u00a0\u00bb"},"content":{"rendered":"<h2 data-start=\"334\" data-end=\"402\">\ud83d\udc5f T shirt femme running \u00ab\u00a0Inarr\u00eatable\u00a0\u00bb: e<strong data-start=\"455\" data-end=\"514\">ndurance, libert\u00e9 et d\u00e9termination<\/strong><\/h2>\n<p data-start=\"516\" data-end=\"962\">Inarr\u00eatable : un mot qui pousse \u00e0 avancer. Ce t shirt femme running \u00ab\u00a0Inarr\u00eatable\u00a0\u00bb c\u00e9l\u00e8bre le mouvement, la pers\u00e9v\u00e9rance et la libert\u00e9 de courir. Dans le dos, une femme en pleine course, vue de dos. La foul\u00e9e est fluide, l\u2019\u00e9lan est naturel. Le mot Inarr\u00eatable accompagne le rythme et symbolise la motivation qui ne faiblit pas. Sur fond bleu p\u00e2le, le visuel \u00e9voque le calme, la respiration et l\u2019\u00e9quilibre. Con\u00e7u en mati\u00e8re recycl\u00e9e, ce mod\u00e8le associe performance sportive, design \u00e9pur\u00e9 et engagement \u00e9co-responsable.<\/p>\n<p data-start=\"964\" data-end=\"1145\">L\u00e9ger et respirant, il accompagne chaque sortie sans contrainte. Il s\u00e8che rapidement. Il suit le corps \u00e0 chaque kilom\u00e8tre. Un tee-shirt pens\u00e9 pour courir librement, \u00e0 son rythme, sans jamais s\u2019arr\u00eater.<\/p>\n<h2 data-start=\"1191\" data-end=\"1220\">\ud83e\uddf5 <strong data-start=\"1198\" data-end=\"1220\">D\u00e9tails techniques<\/strong><\/h2>\n<ul data-start=\"1222\" data-end=\"1784\">\n<li data-start=\"1222\" data-end=\"1381\">\n<p data-start=\"1224\" data-end=\"1381\"><strong data-start=\"1224\" data-end=\"1251\">100 % polyester recycl\u00e9<\/strong> = 4 bouteilles de 50 cl transform\u00e9es \u267b\ufe0f<br data-start=\"1291\" data-end=\"1294\" \/><em data-start=\"1296\" data-end=\"1379\">(Certifi\u00e9 Global Recycled Standard par Ecocert Greenlife selon les standards GRS)<\/em><\/p>\n<\/li>\n<li data-start=\"1382\" data-end=\"1443\">\n<p data-start=\"1384\" data-end=\"1443\"><strong data-start=\"1384\" data-end=\"1409\">Oeko-Tex Standard 100<\/strong> : garanti sans substance nocive<\/p>\n<\/li>\n<li data-start=\"1444\" data-end=\"1490\">\n<p data-start=\"1446\" data-end=\"1490\"><strong data-start=\"1446\" data-end=\"1485\">Certification Vegan Protect Animals<\/strong> \ud83d\udc3e<\/p>\n<\/li>\n<li data-start=\"1491\" data-end=\"1563\">\n<p data-start=\"1493\" data-end=\"1563\"><strong data-start=\"1493\" data-end=\"1507\">Grammage :<\/strong> 130 g\/m\u00b2 &#8211; tissu l\u00e9ger, respirant et \u00e0 s\u00e9chage rapide<\/p>\n<\/li>\n<li data-start=\"1564\" data-end=\"1619\">\n<p data-start=\"1566\" data-end=\"1619\"><strong data-start=\"1566\" data-end=\"1577\">Coupe :<\/strong> droite, manches courtes, encolure ronde<\/p>\n<\/li>\n<li data-start=\"1564\" data-end=\"1619\"><strong>Dessin :<\/strong> imprim\u00e9 au dos, ne comporte pas les marques \u00ab\u00a0&amp;\u00a0\u00bb<\/li>\n<li data-start=\"1620\" data-end=\"1722\">\n<p data-start=\"1622\" data-end=\"1722\"><strong data-start=\"1622\" data-end=\"1635\">D\u00e9tails :<\/strong> bande de propret\u00e9 contrast\u00e9e, finitions double aiguille (encolure, manches, ourlets)<\/p>\n<\/li>\n<li data-start=\"1723\" data-end=\"1784\">\n<p data-start=\"1725\" data-end=\"1784\"><strong data-start=\"1725\" data-end=\"1757\">Confort et maintien garantis<\/strong>, m\u00eame \u00e0 l\u2019effort intense<\/p>\n<\/li>\n<li data-start=\"1723\" data-end=\"1784\"><strong>Tailles :<\/strong> du S au XXL<\/li>\n<\/ul>\n<h2 class=\"wp-block-heading\">Une gamme de tee-shirts en polyester 100% recycl\u00e9<\/h2>\n<p>Ce t shirt femme running \u00ab\u00a0Inarr\u00eatable\u00a0\u00bb est fabriqu\u00e9 \u00e0 partir de polyester recycl\u00e9 issu de bouteilles plastiques et de d\u00e9chets textiles. Cette mati\u00e8re limite l\u2019impact environnemental tout en offrant l\u00e9g\u00e8ret\u00e9, r\u00e9sistance et performance. Le polyester recycl\u00e9 pr\u00e9sente une empreinte carbone largement inf\u00e9rieure \u00e0 celle du polyester conventionnel, avec plus de 70 % d\u2019\u00e9missions de gaz \u00e0 effet de serre en moins (CO\u2082e\/kg). Il est \u00e9galement garanti sans substances nocives, pour la peau comme pour la plan\u00e8te.<\/p>\n<h2 data-start=\"1218\" data-end=\"1247\">\ud83d\udc99 <strong data-start=\"1225\" data-end=\"1247\">Pourquoi on l\u2019aime<\/strong><\/h2>\n<p data-start=\"1249\" data-end=\"1609\">Parce qu\u2019il invite \u00e0 avancer, pas apr\u00e8s pas. Parce qu\u2019il allie confort, sobri\u00e9t\u00e9 et message inspirant. On aime sa mati\u00e8re douce et respirante, son design minimaliste et son engagement responsable. Un tee-shirt qui accompagne aussi bien les entra\u00eenements que les courses du quotidien.<\/p>\n<h2 data-start=\"1616\" data-end=\"1645\">\ud83d\udcaa <strong data-start=\"1623\" data-end=\"1645\">\u00c0 qui il s\u2019adresse<\/strong><\/h2>\n<p data-start=\"1647\" data-end=\"1986\">Aux femmes qui aiment courir libres, aux runneuses d\u00e9butantes ou confirm\u00e9es, aux sportives r\u00e9guli\u00e8res, \u00e0 celles qui courent pour le plaisir ou pour se d\u00e9passer. Sur route, sur sentier ou sur tapis, ce t shirt femme running \u00ab\u00a0Inarr\u00eatable\u00a0\u00bb rappelle que la plus belle victoire est de continuer d\u2019avancer.<\/p>\n<div class=\"wp-block-columns are-vertically-aligned-center is-not-stacked-on-mobile is-layout-flex wp-container-core-columns-is-layout-994bf9a1 wp-block-columns-is-layout-flex\">\n<div class=\"wp-block-column is-vertically-aligned-center is-layout-flow wp-block-column-is-layout-flow\">\n<div class=\"wp-block-image\">\n<figure class=\"aligncenter size-thumbnail\">\n<div class=\"wp-block-column is-vertically-aligned-center is-layout-flow wp-block-column-is-layout-flow\">\n<div class=\"wp-block-image\" style=\"text-align: center;\">\n<figure class=\"aligncenter size-full\">\n<h2 class=\"wp-block-heading has-text-align-center\">Certifications de nos tee-shirts en polyester<\/h2>\n<div class=\"wp-block-columns are-vertically-aligned-center is-not-stacked-on-mobile is-layout-flex wp-container-core-columns-is-layout-994bf9a1 wp-block-columns-is-layout-flex\">\n<div class=\"wp-block-column is-vertically-aligned-center is-layout-flow wp-block-column-is-layout-flow\">\n<div class=\"wp-block-image\">\n<figure class=\"aligncenter size-thumbnail\">\n<div class=\"wp-block-column is-vertically-aligned-center is-layout-flow wp-block-column-is-layout-flow\">\n<div class=\"wp-block-image\" style=\"text-align: center;\">\n<figure class=\"aligncenter size-full\">\n<div class=\"wp-block-column is-vertically-aligned-center is-layout-flow wp-block-column-is-layout-flow\">\n<div class=\"wp-block-image\">\n<figure class=\"aligncenter size-thumbnail\"><img loading=\"lazy\" decoding=\"async\" class=\"wp-image-2270\" src=\"https:\/\/cartes-et-posters.fr\/wp-content\/uploads\/2026\/02\/Tee-shirts-Certifies-Vegan-150x150.webp\" sizes=\"auto, (max-width: 150px) 100vw, 150px\" srcset=\"https:\/\/cartes-et-posters.fr\/wp-content\/uploads\/2026\/02\/Tee-shirts-Certifies-Vegan-150x150.webp 150w, https:\/\/cartes-et-posters.fr\/wp-content\/uploads\/2026\/02\/Tee-shirts-Certifies-Vegan-300x300.webp 300w, https:\/\/cartes-et-posters.fr\/wp-content\/uploads\/2026\/02\/Tee-shirts-Certifies-Vegan-768x768.webp 768w, https:\/\/cartes-et-posters.fr\/wp-content\/uploads\/2026\/02\/Tee-shirts-Certifies-Vegan-600x600.webp 600w, https:\/\/cartes-et-posters.fr\/wp-content\/uploads\/2026\/02\/Tee-shirts-Certifies-Vegan-100x100.webp 100w, https:\/\/cartes-et-posters.fr\/wp-content\/uploads\/2026\/02\/Tee-shirts-Certifies-Vegan.webp 1020w\" alt=\"\" width=\"125\" height=\"125\" \/>\u00a0 \u00a0 \u00a0 \u00a0 <img loading=\"lazy\" decoding=\"async\" class=\"wp-image-2271\" src=\"https:\/\/cartes-et-posters.fr\/wp-content\/uploads\/2026\/02\/Tee-shirts-Certifies-CONFIDENCE_MATERIAL-150x150.jpg\" sizes=\"auto, (max-width: 150px) 100vw, 150px\" srcset=\"https:\/\/cartes-et-posters.fr\/wp-content\/uploads\/2026\/02\/Tee-shirts-Certifies-CONFIDENCE_MATERIAL-150x150.jpg 150w, https:\/\/cartes-et-posters.fr\/wp-content\/uploads\/2026\/02\/Tee-shirts-Certifies-CONFIDENCE_MATERIAL-100x100.jpg 100w, https:\/\/cartes-et-posters.fr\/wp-content\/uploads\/2026\/02\/Tee-shirts-Certifies-CONFIDENCE_MATERIAL.jpg 300w\" alt=\"\" width=\"125\" height=\"125\" \/>\u00a0 \u00a0 \u00a0 \u00a0 <img loading=\"lazy\" decoding=\"async\" class=\"wp-image-2272\" src=\"https:\/\/cartes-et-posters.fr\/wp-content\/uploads\/2026\/02\/Tee-shirts-Certifies-Global_recycled_standard-300x139.png\" sizes=\"auto, (max-width: 300px) 100vw, 300px\" srcset=\"https:\/\/cartes-et-posters.fr\/wp-content\/uploads\/2026\/02\/Tee-shirts-Certifies-Global_recycled_standard-300x139.png 300w, https:\/\/cartes-et-posters.fr\/wp-content\/uploads\/2026\/02\/Tee-shirts-Certifies-Global_recycled_standard-1024x476.png 1024w, https:\/\/cartes-et-posters.fr\/wp-content\/uploads\/2026\/02\/Tee-shirts-Certifies-Global_recycled_standard-768x357.png 768w, https:\/\/cartes-et-posters.fr\/wp-content\/uploads\/2026\/02\/Tee-shirts-Certifies-Global_recycled_standard-1536x713.png 1536w, https:\/\/cartes-et-posters.fr\/wp-content\/uploads\/2026\/02\/Tee-shirts-Certifies-Global_recycled_standard-600x279.png 600w, https:\/\/cartes-et-posters.fr\/wp-content\/uploads\/2026\/02\/Tee-shirts-Certifies-Global_recycled_standard.png 2000w\" alt=\"\" width=\"270\" height=\"125\" \/>\u00a0 \u00a0 \u00a0 \u00a0 <img loading=\"lazy\" decoding=\"async\" class=\"wp-image-2273\" src=\"https:\/\/cartes-et-posters.fr\/wp-content\/uploads\/2026\/02\/Tee-shirts-Certifies-Oeko-tex-150x150.png\" sizes=\"auto, (max-width: 150px) 100vw, 150px\" srcset=\"https:\/\/cartes-et-posters.fr\/wp-content\/uploads\/2026\/02\/Tee-shirts-Certifies-Oeko-tex-150x150.png 150w, https:\/\/cartes-et-posters.fr\/wp-content\/uploads\/2026\/02\/Tee-shirts-Certifies-Oeko-tex-300x300.png 300w, https:\/\/cartes-et-posters.fr\/wp-content\/uploads\/2026\/02\/Tee-shirts-Certifies-Oeko-tex-1024x1024.png 1024w, https:\/\/cartes-et-posters.fr\/wp-content\/uploads\/2026\/02\/Tee-shirts-Certifies-Oeko-tex-768x768.png 768w, https:\/\/cartes-et-posters.fr\/wp-content\/uploads\/2026\/02\/Tee-shirts-Certifies-Oeko-tex-600x600.png 600w, https:\/\/cartes-et-posters.fr\/wp-content\/uploads\/2026\/02\/Tee-shirts-Certifies-Oeko-tex-100x100.png 100w, https:\/\/cartes-et-posters.fr\/wp-content\/uploads\/2026\/02\/Tee-shirts-Certifies-Oeko-tex.png 1200w\" alt=\"\" width=\"125\" height=\"125\" \/><\/figure>\n<\/div>\n<\/div>\n<\/figure>\n<\/div>\n<\/div>\n<\/figure>\n<\/div>\n<\/div>\n<\/div>\n<\/figure>\n<\/div>\n<\/div>\n<\/figure>\n<\/div>\n<\/div>\n<\/div>\n","protected":false},"excerpt":{"rendered":"<p>Tee-shirt femme manches courtes col rond.<br \/>\n100% polyester recycl\u00e9<\/p>\n","protected":false},"featured_media":2481,"comment_status":"open","ping_status":"closed","template":"","meta":{"neve_meta_sidebar":"","neve_meta_container":"","neve_meta_enable_content_width":"off","neve_meta_content_width":100,"neve_meta_title_alignment":"","neve_meta_author_avatar":"","neve_post_elements_order":"","neve_meta_disable_header":"","neve_meta_disable_footer":"","neve_meta_disable_title":""},"product_brand":[],"product_cat":[44],"product_tag":[26,29,41],"class_list":{"0":"post-2017","1":"product","2":"type-product","3":"status-publish","4":"has-post-thumbnail","6":"product_cat-tee-shirts-sport-femme","7":"product_tag-creations-comme-une-fille","8":"product_tag-bonne-fete-maman","9":"product_tag-tee-shirts-running","10":"product_shipping_class-envoi-tee-shirts","12":"first","13":"instock","14":"taxable","15":"shipping-taxable","16":"purchasable","17":"product-type-variable"},"yoast_head":"<!-- This site is optimized with the Yoast SEO plugin v27.4 - https:\/\/yoast.com\/product\/yoast-seo-wordpress\/ -->\n<title>T Shirt Femme Running Inarr\u00eatable | Boutique Eco-Responsable<\/title>\n<meta name=\"description\" content=\"T Shirt de Course \u00e0 Pieds pour Femme &quot;Inarr\u00eatable&quot; | Manches Courtes | Col Rond | 100% Polyester Recycl\u00e9 | L\u00e9ger et Respirant | Bleu P\u00e2le | Du S au XXL\" \/>\n<meta name=\"robots\" content=\"index, follow, max-snippet:-1, max-image-preview:large, max-video-preview:-1\" \/>\n<link rel=\"canonical\" href=\"https:\/\/cartes-et-posters.fr\/index.php\/produit\/t-shirt-femme-running\/\" \/>\n<meta property=\"og:locale\" content=\"fr_FR\" \/>\n<meta property=\"og:type\" content=\"article\" \/>\n<meta property=\"og:title\" content=\"T Shirt Femme Running Inarr\u00eatable | Boutique Eco-Responsable\" \/>\n<meta property=\"og:description\" content=\"T Shirt de Course \u00e0 Pieds pour Femme &quot;Inarr\u00eatable&quot; | Manches Courtes | Col Rond | 100% Polyester Recycl\u00e9 | L\u00e9ger et Respirant | Bleu P\u00e2le | Du S au XXL\" \/>\n<meta property=\"og:url\" content=\"https:\/\/cartes-et-posters.fr\/index.php\/produit\/t-shirt-femme-running\/\" \/>\n<meta property=\"og:site_name\" content=\"Cartes et Posters\" \/>\n<meta property=\"article:modified_time\" content=\"2026-02-27T20:54:20+00:00\" \/>\n<meta property=\"og:image\" content=\"https:\/\/cartes-et-posters.fr\/wp-content\/uploads\/2026\/01\/Tee-shirt_Running_Inarretable.jpg\" \/>\n\t<meta property=\"og:image:width\" content=\"595\" \/>\n\t<meta property=\"og:image:height\" content=\"595\" \/>\n\t<meta property=\"og:image:type\" content=\"image\/jpeg\" \/>\n<meta name=\"twitter:card\" content=\"summary_large_image\" \/>\n<meta name=\"twitter:label1\" content=\"Dur\u00e9e de lecture estim\u00e9e\" \/>\n\t<meta name=\"twitter:data1\" content=\"4 minutes\" \/>\n<script type=\"application\/ld+json\" class=\"yoast-schema-graph\">{\"@context\":\"https:\\\/\\\/schema.org\",\"@graph\":[{\"@type\":\"WebPage\",\"@id\":\"https:\\\/\\\/cartes-et-posters.fr\\\/index.php\\\/produit\\\/t-shirt-femme-running\\\/\",\"url\":\"https:\\\/\\\/cartes-et-posters.fr\\\/index.php\\\/produit\\\/t-shirt-femme-running\\\/\",\"name\":\"T Shirt Femme Running Inarr\u00eatable | Boutique Eco-Responsable\",\"isPartOf\":{\"@id\":\"https:\\\/\\\/cartes-et-posters.fr\\\/#website\"},\"primaryImageOfPage\":{\"@id\":\"https:\\\/\\\/cartes-et-posters.fr\\\/index.php\\\/produit\\\/t-shirt-femme-running\\\/#primaryimage\"},\"image\":{\"@id\":\"https:\\\/\\\/cartes-et-posters.fr\\\/index.php\\\/produit\\\/t-shirt-femme-running\\\/#primaryimage\"},\"thumbnailUrl\":\"https:\\\/\\\/cartes-et-posters.fr\\\/wp-content\\\/uploads\\\/2026\\\/01\\\/Tee-shirt_Running_Inarretable.jpg\",\"datePublished\":\"2026-01-28T14:35:06+00:00\",\"dateModified\":\"2026-02-27T20:54:20+00:00\",\"description\":\"T Shirt de Course \u00e0 Pieds pour Femme \\\"Inarr\u00eatable\\\" | Manches Courtes | Col Rond | 100% Polyester Recycl\u00e9 | L\u00e9ger et Respirant | Bleu P\u00e2le | Du S au XXL\",\"breadcrumb\":{\"@id\":\"https:\\\/\\\/cartes-et-posters.fr\\\/index.php\\\/produit\\\/t-shirt-femme-running\\\/#breadcrumb\"},\"inLanguage\":\"fr-FR\",\"potentialAction\":[{\"@type\":\"ReadAction\",\"target\":[\"https:\\\/\\\/cartes-et-posters.fr\\\/index.php\\\/produit\\\/t-shirt-femme-running\\\/\"]}]},{\"@type\":\"ImageObject\",\"inLanguage\":\"fr-FR\",\"@id\":\"https:\\\/\\\/cartes-et-posters.fr\\\/index.php\\\/produit\\\/t-shirt-femme-running\\\/#primaryimage\",\"url\":\"https:\\\/\\\/cartes-et-posters.fr\\\/wp-content\\\/uploads\\\/2026\\\/01\\\/Tee-shirt_Running_Inarretable.jpg\",\"contentUrl\":\"https:\\\/\\\/cartes-et-posters.fr\\\/wp-content\\\/uploads\\\/2026\\\/01\\\/Tee-shirt_Running_Inarretable.jpg\",\"width\":595,\"height\":595},{\"@type\":\"BreadcrumbList\",\"@id\":\"https:\\\/\\\/cartes-et-posters.fr\\\/index.php\\\/produit\\\/t-shirt-femme-running\\\/#breadcrumb\",\"itemListElement\":[{\"@type\":\"ListItem\",\"position\":1,\"name\":\"Accueil\",\"item\":\"https:\\\/\\\/cartes-et-posters.fr\\\/\"},{\"@type\":\"ListItem\",\"position\":2,\"name\":\"Produits\",\"item\":\"https:\\\/\\\/cartes-et-posters.fr\\\/index.php\\\/shop\\\/\"},{\"@type\":\"ListItem\",\"position\":3,\"name\":\"Tee-Shirt Course \u00e0 Pieds Femme \u00ab\u00a0Inarr\u00eatable\u00a0\u00bb\"}]},{\"@type\":\"WebSite\",\"@id\":\"https:\\\/\\\/cartes-et-posters.fr\\\/#website\",\"url\":\"https:\\\/\\\/cartes-et-posters.fr\\\/\",\"name\":\"Cartes et Posters\",\"description\":\"\",\"potentialAction\":[{\"@type\":\"SearchAction\",\"target\":{\"@type\":\"EntryPoint\",\"urlTemplate\":\"https:\\\/\\\/cartes-et-posters.fr\\\/?s={search_term_string}\"},\"query-input\":{\"@type\":\"PropertyValueSpecification\",\"valueRequired\":true,\"valueName\":\"search_term_string\"}}],\"inLanguage\":\"fr-FR\"}]}<\/script>\n<!-- \/ Yoast SEO plugin. -->","yoast_head_json":{"title":"T Shirt Femme Running Inarr\u00eatable | Boutique Eco-Responsable","description":"T Shirt de Course \u00e0 Pieds pour Femme \"Inarr\u00eatable\" | Manches Courtes | Col Rond | 100% Polyester Recycl\u00e9 | L\u00e9ger et Respirant | Bleu P\u00e2le | Du S au XXL","robots":{"index":"index","follow":"follow","max-snippet":"max-snippet:-1","max-image-preview":"max-image-preview:large","max-video-preview":"max-video-preview:-1"},"canonical":"https:\/\/cartes-et-posters.fr\/index.php\/produit\/t-shirt-femme-running\/","og_locale":"fr_FR","og_type":"article","og_title":"T Shirt Femme Running Inarr\u00eatable | Boutique Eco-Responsable","og_description":"T Shirt de Course \u00e0 Pieds pour Femme \"Inarr\u00eatable\" | Manches Courtes | Col Rond | 100% Polyester Recycl\u00e9 | L\u00e9ger et Respirant | Bleu P\u00e2le | Du S au XXL","og_url":"https:\/\/cartes-et-posters.fr\/index.php\/produit\/t-shirt-femme-running\/","og_site_name":"Cartes et Posters","article_modified_time":"2026-02-27T20:54:20+00:00","og_image":[{"width":595,"height":595,"url":"https:\/\/cartes-et-posters.fr\/wp-content\/uploads\/2026\/01\/Tee-shirt_Running_Inarretable.jpg","type":"image\/jpeg"}],"twitter_card":"summary_large_image","twitter_misc":{"Dur\u00e9e de lecture estim\u00e9e":"4 minutes"},"schema":{"@context":"https:\/\/schema.org","@graph":[{"@type":"WebPage","@id":"https:\/\/cartes-et-posters.fr\/index.php\/produit\/t-shirt-femme-running\/","url":"https:\/\/cartes-et-posters.fr\/index.php\/produit\/t-shirt-femme-running\/","name":"T Shirt Femme Running Inarr\u00eatable | Boutique Eco-Responsable","isPartOf":{"@id":"https:\/\/cartes-et-posters.fr\/#website"},"primaryImageOfPage":{"@id":"https:\/\/cartes-et-posters.fr\/index.php\/produit\/t-shirt-femme-running\/#primaryimage"},"image":{"@id":"https:\/\/cartes-et-posters.fr\/index.php\/produit\/t-shirt-femme-running\/#primaryimage"},"thumbnailUrl":"https:\/\/cartes-et-posters.fr\/wp-content\/uploads\/2026\/01\/Tee-shirt_Running_Inarretable.jpg","datePublished":"2026-01-28T14:35:06+00:00","dateModified":"2026-02-27T20:54:20+00:00","description":"T Shirt de Course \u00e0 Pieds pour Femme \"Inarr\u00eatable\" | Manches Courtes | Col Rond | 100% Polyester Recycl\u00e9 | L\u00e9ger et Respirant | Bleu P\u00e2le | Du S au XXL","breadcrumb":{"@id":"https:\/\/cartes-et-posters.fr\/index.php\/produit\/t-shirt-femme-running\/#breadcrumb"},"inLanguage":"fr-FR","potentialAction":[{"@type":"ReadAction","target":["https:\/\/cartes-et-posters.fr\/index.php\/produit\/t-shirt-femme-running\/"]}]},{"@type":"ImageObject","inLanguage":"fr-FR","@id":"https:\/\/cartes-et-posters.fr\/index.php\/produit\/t-shirt-femme-running\/#primaryimage","url":"https:\/\/cartes-et-posters.fr\/wp-content\/uploads\/2026\/01\/Tee-shirt_Running_Inarretable.jpg","contentUrl":"https:\/\/cartes-et-posters.fr\/wp-content\/uploads\/2026\/01\/Tee-shirt_Running_Inarretable.jpg","width":595,"height":595},{"@type":"BreadcrumbList","@id":"https:\/\/cartes-et-posters.fr\/index.php\/produit\/t-shirt-femme-running\/#breadcrumb","itemListElement":[{"@type":"ListItem","position":1,"name":"Accueil","item":"https:\/\/cartes-et-posters.fr\/"},{"@type":"ListItem","position":2,"name":"Produits","item":"https:\/\/cartes-et-posters.fr\/index.php\/shop\/"},{"@type":"ListItem","position":3,"name":"Tee-Shirt Course \u00e0 Pieds Femme \u00ab\u00a0Inarr\u00eatable\u00a0\u00bb"}]},{"@type":"WebSite","@id":"https:\/\/cartes-et-posters.fr\/#website","url":"https:\/\/cartes-et-posters.fr\/","name":"Cartes et Posters","description":"","potentialAction":[{"@type":"SearchAction","target":{"@type":"EntryPoint","urlTemplate":"https:\/\/cartes-et-posters.fr\/?s={search_term_string}"},"query-input":{"@type":"PropertyValueSpecification","valueRequired":true,"valueName":"search_term_string"}}],"inLanguage":"fr-FR"}]}},"df_price":29.9,"df_sale_price":"","df_regular_price":29.9,"df_image_link":"https:\/\/cartes-et-posters.fr\/wp-content\/uploads\/2026\/01\/Tee-shirt_Running_Inarretable-300x300.jpg","jetpack_sharing_enabled":true,"_links":{"self":[{"href":"https:\/\/cartes-et-posters.fr\/index.php\/wp-json\/wp\/v2\/product\/2017","targetHints":{"allow":["GET"]}}],"collection":[{"href":"https:\/\/cartes-et-posters.fr\/index.php\/wp-json\/wp\/v2\/product"}],"about":[{"href":"https:\/\/cartes-et-posters.fr\/index.php\/wp-json\/wp\/v2\/types\/product"}],"replies":[{"embeddable":true,"href":"https:\/\/cartes-et-posters.fr\/index.php\/wp-json\/wp\/v2\/comments?post=2017"}],"wp:featuredmedia":[{"embeddable":true,"href":"https:\/\/cartes-et-posters.fr\/index.php\/wp-json\/wp\/v2\/media\/2481"}],"wp:attachment":[{"href":"https:\/\/cartes-et-posters.fr\/index.php\/wp-json\/wp\/v2\/media?parent=2017"}],"wp:term":[{"taxonomy":"product_brand","embeddable":true,"href":"https:\/\/cartes-et-posters.fr\/index.php\/wp-json\/wp\/v2\/product_brand?post=2017"},{"taxonomy":"product_cat","embeddable":true,"href":"https:\/\/cartes-et-posters.fr\/index.php\/wp-json\/wp\/v2\/product_cat?post=2017"},{"taxonomy":"product_tag","embeddable":true,"href":"https:\/\/cartes-et-posters.fr\/index.php\/wp-json\/wp\/v2\/product_tag?post=2017"}],"curies":[{"name":"wp","href":"https:\/\/api.w.org\/{rel}","templated":true}]}}