{"id":2011,"date":"2026-01-28T14:28:19","date_gmt":"2026-01-28T14:28:19","guid":{"rendered":"https:\/\/cartesetposters.fr\/?post_type=product&#038;p=2011"},"modified":"2026-02-27T18:23:51","modified_gmt":"2026-02-27T17:23:51","slug":"tee-shirt-boxe-femme","status":"publish","type":"product","link":"https:\/\/cartes-et-posters.fr\/index.php\/produit\/tee-shirt-boxe-femme\/","title":{"rendered":"Tee-Shirt de Boxe Femme \u00ab\u00a0Invincible\u00a0\u00bb"},"content":{"rendered":"<h2 data-start=\"334\" data-end=\"402\">\ud83e\udd4a <strong data-start=\"340\" data-end=\"402\">Tee shirt boxe femme Invincible : p<\/strong><strong data-start=\"455\" data-end=\"514\">uissance, ma\u00eetrise et d\u00e9termination<\/strong><\/h2>\n<p data-start=\"516\" data-end=\"962\">Etre invincible, c&rsquo;est un \u00e9tat d\u2019esprit, une force qui s\u2019impose. Ce tee shirt boxe femme \u00ab\u00a0Invincible\u00a0\u00bb met \u00e0 l\u2019honneur la ma\u00eetrise du corps et l\u2019\u00e9nergie du combat. Dans le dos, une boxeuse gant\u00e9e ex\u00e9cute un coup de pied lat\u00e9ral puissant. Le mouvement est pr\u00e9cis. L\u2019attitude est affirm\u00e9e. L\u2019inscription Invincible renforce le message : avancer sans peur, avec confiance et d\u00e9termination. Sur fond bleu marine, le visuel \u00e9voque la stabilit\u00e9, la concentration et la profondeur mentale. Con\u00e7u en mati\u00e8re recycl\u00e9e, ce mod\u00e8le associe performance sportive, design graphique et engagement \u00e9co-responsable.<\/p>\n<p data-start=\"964\" data-end=\"1145\">L\u00e9ger et respirant, il suit chaque mouvement avec fluidit\u00e9. Il accompagne l\u2019effort et soutient la performance. Un tee-shirt pens\u00e9 pour d\u00e9passer ses limites, \u00e0 l\u2019entra\u00eenement comme au quotidien.<\/p>\n<h2 data-start=\"1191\" data-end=\"1220\">\ud83e\uddf5 <strong data-start=\"1198\" data-end=\"1220\">D\u00e9tails techniques<\/strong><\/h2>\n<ul data-start=\"1222\" data-end=\"1784\">\n<li data-start=\"1222\" data-end=\"1381\">\n<p data-start=\"1224\" data-end=\"1381\"><strong data-start=\"1224\" data-end=\"1251\">100 % polyester recycl\u00e9<\/strong> = 4 bouteilles de 50 cl transform\u00e9es \u267b\ufe0f<br data-start=\"1291\" data-end=\"1294\" \/><em data-start=\"1296\" data-end=\"1379\">(Certifi\u00e9 Global Recycled Standard par Ecocert Greenlife selon les standards GRS)<\/em><\/p>\n<\/li>\n<li data-start=\"1382\" data-end=\"1443\">\n<p data-start=\"1384\" data-end=\"1443\"><strong data-start=\"1384\" data-end=\"1409\">Oeko-Tex Standard 100<\/strong> : garanti sans substance nocive<\/p>\n<\/li>\n<li data-start=\"1444\" data-end=\"1490\">\n<p data-start=\"1446\" data-end=\"1490\"><strong data-start=\"1446\" data-end=\"1485\">Certification Vegan Protect Animals<\/strong> \ud83d\udc3e<\/p>\n<\/li>\n<li data-start=\"1491\" data-end=\"1563\">\n<p data-start=\"1493\" data-end=\"1563\"><strong data-start=\"1493\" data-end=\"1507\">Grammage :<\/strong> 130 g\/m\u00b2 &#8211; tissu l\u00e9ger, respirant et \u00e0 s\u00e9chage rapide<\/p>\n<\/li>\n<li data-start=\"1564\" data-end=\"1619\">\n<p data-start=\"1566\" data-end=\"1619\"><strong data-start=\"1566\" data-end=\"1577\">Coupe :<\/strong> droite, manches courtes, encolure ronde<\/p>\n<\/li>\n<li data-start=\"1564\" data-end=\"1619\"><strong>Dessin :<\/strong> imprim\u00e9 au dos, ne comporte pas les marques \u00ab\u00a0&amp;\u00a0\u00bb<\/li>\n<li data-start=\"1620\" data-end=\"1722\">\n<p data-start=\"1622\" data-end=\"1722\"><strong data-start=\"1622\" data-end=\"1635\">D\u00e9tails :<\/strong> bande de propret\u00e9 contrast\u00e9e, finitions double aiguille (encolure, manches, ourlets)<\/p>\n<\/li>\n<li data-start=\"1723\" data-end=\"1784\">\n<p data-start=\"1725\" data-end=\"1784\"><strong data-start=\"1725\" data-end=\"1757\">Confort et maintien garantis<\/strong>, m\u00eame \u00e0 l\u2019effort intense<\/p>\n<\/li>\n<li data-start=\"1723\" data-end=\"1784\"><strong>Tailles :<\/strong> du S au XXL<\/li>\n<\/ul>\n<h2 class=\"wp-block-heading\">Une gamme de tee-shirts en polyester 100% recycl\u00e9<\/h2>\n<p>Ce tee shirt boxe femme \u00ab\u00a0Invincible\u00a0\u00bb est fabriqu\u00e9 \u00e0 partir de polyester recycl\u00e9 issu de bouteilles plastiques et de d\u00e9chets textiles. Cette mati\u00e8re permet de r\u00e9duire l\u2019impact environnemental tout en garantissant performance et durabilit\u00e9. Le polyester recycl\u00e9 affiche une empreinte carbone nettement inf\u00e9rieure au polyester conventionnel, avec plus de 70 % d\u2019\u00e9missions de gaz \u00e0 effet de serre en moins (CO\u2082e\/kg). Il est \u00e9galement garanti sans substances toxiques, pour le corps comme pour l\u2019environnement.<\/p>\n<h2 data-start=\"1218\" data-end=\"1247\">\ud83d\udc99 <strong data-start=\"1225\" data-end=\"1247\">Pourquoi on l\u2019aime<\/strong><\/h2>\n<p data-start=\"1249\" data-end=\"1609\">Parce qu\u2019il incarne la confiance en soi en associant technicit\u00e9, style et valeurs fortes. On aime sa mati\u00e8re l\u00e9g\u00e8re et respirante, son design dynamique et son message inspirant. Ce tee-shirt est un rappel constant de la force int\u00e9rieure qui pousse \u00e0 avancer.<\/p>\n<h2 data-start=\"1616\" data-end=\"1645\">\ud83d\udcaa <strong data-start=\"1623\" data-end=\"1645\">\u00c0 qui il s\u2019adresse<\/strong><\/h2>\n<p data-start=\"1647\" data-end=\"1986\">Aux femmes qui avancent avec d\u00e9termination, aux sportives engag\u00e9es, aux boxeuses : \u00e0 celles qui aiment se d\u00e9passer.<\/p>\n<p data-start=\"1647\" data-end=\"1986\">Sur le ring, \u00e0 la salle ou face aux d\u00e9fis du quotidien, ce tee-shirt boxe femme \u00ab\u00a0Invincible\u00a0\u00bb accompagne chaque pas avec puissance et assurance.<\/p>\n<div class=\"wp-block-columns are-vertically-aligned-center is-not-stacked-on-mobile is-layout-flex wp-container-core-columns-is-layout-994bf9a1 wp-block-columns-is-layout-flex\">\n<div class=\"wp-block-column is-vertically-aligned-center is-layout-flow wp-block-column-is-layout-flow\">\n<div class=\"wp-block-image\">\n<figure class=\"aligncenter size-thumbnail\">\n<div class=\"wp-block-column is-vertically-aligned-center is-layout-flow wp-block-column-is-layout-flow\">\n<div class=\"wp-block-image\" style=\"text-align: center;\">\n<figure class=\"aligncenter size-full\">\n<h2 class=\"wp-block-heading has-text-align-center\" style=\"text-align: center;\">Certifications de nos tee-shirts en polyester<\/h2>\n<div class=\"wp-block-columns are-vertically-aligned-center is-not-stacked-on-mobile is-layout-flex wp-container-core-columns-is-layout-994bf9a1 wp-block-columns-is-layout-flex\">\n<div class=\"wp-block-column is-vertically-aligned-center is-layout-flow wp-block-column-is-layout-flow\">\n<div class=\"wp-block-image\">\n<figure class=\"aligncenter size-thumbnail\">\n<div class=\"wp-block-column is-vertically-aligned-center is-layout-flow wp-block-column-is-layout-flow\">\n<div class=\"wp-block-image\" style=\"text-align: center;\">\n<figure class=\"aligncenter size-full\">\n<div class=\"wp-block-column is-vertically-aligned-center is-layout-flow wp-block-column-is-layout-flow\">\n<div class=\"wp-block-image\">\n<figure class=\"aligncenter size-thumbnail\"><img loading=\"lazy\" decoding=\"async\" class=\"wp-image-2270\" src=\"https:\/\/cartes-et-posters.fr\/wp-content\/uploads\/2026\/02\/Tee-shirts-Certifies-Vegan-150x150.webp\" sizes=\"auto, (max-width: 150px) 100vw, 150px\" srcset=\"https:\/\/cartes-et-posters.fr\/wp-content\/uploads\/2026\/02\/Tee-shirts-Certifies-Vegan-150x150.webp 150w, https:\/\/cartes-et-posters.fr\/wp-content\/uploads\/2026\/02\/Tee-shirts-Certifies-Vegan-300x300.webp 300w, https:\/\/cartes-et-posters.fr\/wp-content\/uploads\/2026\/02\/Tee-shirts-Certifies-Vegan-768x768.webp 768w, https:\/\/cartes-et-posters.fr\/wp-content\/uploads\/2026\/02\/Tee-shirts-Certifies-Vegan-600x600.webp 600w, https:\/\/cartes-et-posters.fr\/wp-content\/uploads\/2026\/02\/Tee-shirts-Certifies-Vegan-100x100.webp 100w, https:\/\/cartes-et-posters.fr\/wp-content\/uploads\/2026\/02\/Tee-shirts-Certifies-Vegan.webp 1020w\" alt=\"\" width=\"125\" height=\"125\" \/>\u00a0 \u00a0 \u00a0 \u00a0 <img loading=\"lazy\" decoding=\"async\" class=\"wp-image-2271\" src=\"https:\/\/cartes-et-posters.fr\/wp-content\/uploads\/2026\/02\/Tee-shirts-Certifies-CONFIDENCE_MATERIAL-150x150.jpg\" sizes=\"auto, (max-width: 150px) 100vw, 150px\" srcset=\"https:\/\/cartes-et-posters.fr\/wp-content\/uploads\/2026\/02\/Tee-shirts-Certifies-CONFIDENCE_MATERIAL-150x150.jpg 150w, https:\/\/cartes-et-posters.fr\/wp-content\/uploads\/2026\/02\/Tee-shirts-Certifies-CONFIDENCE_MATERIAL-100x100.jpg 100w, https:\/\/cartes-et-posters.fr\/wp-content\/uploads\/2026\/02\/Tee-shirts-Certifies-CONFIDENCE_MATERIAL.jpg 300w\" alt=\"\" width=\"125\" height=\"125\" \/>\u00a0 \u00a0 \u00a0 \u00a0 <img loading=\"lazy\" decoding=\"async\" class=\"wp-image-2272\" src=\"https:\/\/cartes-et-posters.fr\/wp-content\/uploads\/2026\/02\/Tee-shirts-Certifies-Global_recycled_standard-300x139.png\" sizes=\"auto, (max-width: 300px) 100vw, 300px\" srcset=\"https:\/\/cartes-et-posters.fr\/wp-content\/uploads\/2026\/02\/Tee-shirts-Certifies-Global_recycled_standard-300x139.png 300w, https:\/\/cartes-et-posters.fr\/wp-content\/uploads\/2026\/02\/Tee-shirts-Certifies-Global_recycled_standard-1024x476.png 1024w, https:\/\/cartes-et-posters.fr\/wp-content\/uploads\/2026\/02\/Tee-shirts-Certifies-Global_recycled_standard-768x357.png 768w, https:\/\/cartes-et-posters.fr\/wp-content\/uploads\/2026\/02\/Tee-shirts-Certifies-Global_recycled_standard-1536x713.png 1536w, https:\/\/cartes-et-posters.fr\/wp-content\/uploads\/2026\/02\/Tee-shirts-Certifies-Global_recycled_standard-600x279.png 600w, https:\/\/cartes-et-posters.fr\/wp-content\/uploads\/2026\/02\/Tee-shirts-Certifies-Global_recycled_standard.png 2000w\" alt=\"\" width=\"270\" height=\"125\" \/>\u00a0 \u00a0 \u00a0 \u00a0 <img loading=\"lazy\" decoding=\"async\" class=\"wp-image-2273\" src=\"https:\/\/cartes-et-posters.fr\/wp-content\/uploads\/2026\/02\/Tee-shirts-Certifies-Oeko-tex-150x150.png\" sizes=\"auto, (max-width: 150px) 100vw, 150px\" srcset=\"https:\/\/cartes-et-posters.fr\/wp-content\/uploads\/2026\/02\/Tee-shirts-Certifies-Oeko-tex-150x150.png 150w, https:\/\/cartes-et-posters.fr\/wp-content\/uploads\/2026\/02\/Tee-shirts-Certifies-Oeko-tex-300x300.png 300w, https:\/\/cartes-et-posters.fr\/wp-content\/uploads\/2026\/02\/Tee-shirts-Certifies-Oeko-tex-1024x1024.png 1024w, https:\/\/cartes-et-posters.fr\/wp-content\/uploads\/2026\/02\/Tee-shirts-Certifies-Oeko-tex-768x768.png 768w, https:\/\/cartes-et-posters.fr\/wp-content\/uploads\/2026\/02\/Tee-shirts-Certifies-Oeko-tex-600x600.png 600w, https:\/\/cartes-et-posters.fr\/wp-content\/uploads\/2026\/02\/Tee-shirts-Certifies-Oeko-tex-100x100.png 100w, https:\/\/cartes-et-posters.fr\/wp-content\/uploads\/2026\/02\/Tee-shirts-Certifies-Oeko-tex.png 1200w\" alt=\"\" width=\"125\" height=\"125\" \/><\/figure>\n<\/div>\n<\/div>\n<\/figure>\n<\/div>\n<\/div>\n<\/figure>\n<\/div>\n<\/div>\n<\/div>\n<\/figure>\n<\/div>\n<\/div>\n<\/figure>\n<\/div>\n<\/div>\n<\/div>\n","protected":false},"excerpt":{"rendered":"<p>Tee-shirt femme manches courtes col rond<br \/>\n100% polyester recycl\u00e9<\/p>\n","protected":false},"featured_media":2372,"comment_status":"open","ping_status":"closed","template":"","meta":{"neve_meta_sidebar":"","neve_meta_container":"","neve_meta_enable_content_width":"off","neve_meta_content_width":100,"neve_meta_title_alignment":"","neve_meta_author_avatar":"","neve_post_elements_order":"","neve_meta_disable_header":"","neve_meta_disable_footer":"","neve_meta_disable_title":""},"product_brand":[],"product_cat":[44],"product_tag":[21,26,29],"class_list":{"0":"post-2011","1":"product","2":"type-product","3":"status-publish","4":"has-post-thumbnail","6":"product_cat-tee-shirts-sport-femme","7":"product_tag-tee-shirts-boxe-femme","8":"product_tag-creations-comme-une-fille","9":"product_tag-bonne-fete-maman","10":"product_shipping_class-envoi-tee-shirts","12":"first","13":"instock","14":"taxable","15":"shipping-taxable","16":"purchasable","17":"product-type-variable"},"yoast_head":"<!-- This site is optimized with the Yoast SEO plugin v27.4 - https:\/\/yoast.com\/product\/yoast-seo-wordpress\/ -->\n<title>Tee Shirt Boxe Femme Invincible | Boutique Eco-Responsable<\/title>\n<meta name=\"description\" content=\"Tee Shirt de Boxe pour Femme &quot;Invincible&quot; | Manches Courtes | Col Rond | 100% Polyester Recycl\u00e9 | L\u00e9ger et Respirant | Bleu Marine | Du S au XXL\" \/>\n<meta name=\"robots\" content=\"index, follow, max-snippet:-1, max-image-preview:large, max-video-preview:-1\" \/>\n<link rel=\"canonical\" href=\"https:\/\/cartes-et-posters.fr\/index.php\/produit\/tee-shirt-boxe-femme\/\" \/>\n<meta property=\"og:locale\" content=\"fr_FR\" \/>\n<meta property=\"og:type\" content=\"article\" \/>\n<meta property=\"og:title\" content=\"Tee Shirt Boxe Femme Invincible | Boutique Eco-Responsable\" \/>\n<meta property=\"og:description\" content=\"Tee Shirt de Boxe pour Femme &quot;Invincible&quot; | Manches Courtes | Col Rond | 100% Polyester Recycl\u00e9 | L\u00e9ger et Respirant | Bleu Marine | Du S au XXL\" \/>\n<meta property=\"og:url\" content=\"https:\/\/cartes-et-posters.fr\/index.php\/produit\/tee-shirt-boxe-femme\/\" \/>\n<meta property=\"og:site_name\" content=\"Cartes et Posters\" \/>\n<meta property=\"article:modified_time\" content=\"2026-02-27T17:23:51+00:00\" \/>\n<meta property=\"og:image\" content=\"https:\/\/cartes-et-posters.fr\/wp-content\/uploads\/2026\/02\/Tee-shirt_Boxe_Invincible.jpg\" \/>\n\t<meta property=\"og:image:width\" content=\"595\" \/>\n\t<meta property=\"og:image:height\" content=\"595\" \/>\n\t<meta property=\"og:image:type\" content=\"image\/jpeg\" \/>\n<meta name=\"twitter:card\" content=\"summary_large_image\" \/>\n<meta name=\"twitter:label1\" content=\"Dur\u00e9e de lecture estim\u00e9e\" \/>\n\t<meta name=\"twitter:data1\" content=\"4 minutes\" \/>\n<script type=\"application\/ld+json\" class=\"yoast-schema-graph\">{\"@context\":\"https:\\\/\\\/schema.org\",\"@graph\":[{\"@type\":\"WebPage\",\"@id\":\"https:\\\/\\\/cartes-et-posters.fr\\\/index.php\\\/produit\\\/tee-shirt-boxe-femme\\\/\",\"url\":\"https:\\\/\\\/cartes-et-posters.fr\\\/index.php\\\/produit\\\/tee-shirt-boxe-femme\\\/\",\"name\":\"Tee Shirt Boxe Femme Invincible | Boutique Eco-Responsable\",\"isPartOf\":{\"@id\":\"https:\\\/\\\/cartes-et-posters.fr\\\/#website\"},\"primaryImageOfPage\":{\"@id\":\"https:\\\/\\\/cartes-et-posters.fr\\\/index.php\\\/produit\\\/tee-shirt-boxe-femme\\\/#primaryimage\"},\"image\":{\"@id\":\"https:\\\/\\\/cartes-et-posters.fr\\\/index.php\\\/produit\\\/tee-shirt-boxe-femme\\\/#primaryimage\"},\"thumbnailUrl\":\"https:\\\/\\\/cartes-et-posters.fr\\\/wp-content\\\/uploads\\\/2026\\\/02\\\/Tee-shirt_Boxe_Invincible.jpg\",\"datePublished\":\"2026-01-28T14:28:19+00:00\",\"dateModified\":\"2026-02-27T17:23:51+00:00\",\"description\":\"Tee Shirt de Boxe pour Femme \\\"Invincible\\\" | Manches Courtes | Col Rond | 100% Polyester Recycl\u00e9 | L\u00e9ger et Respirant | Bleu Marine | Du S au XXL\",\"breadcrumb\":{\"@id\":\"https:\\\/\\\/cartes-et-posters.fr\\\/index.php\\\/produit\\\/tee-shirt-boxe-femme\\\/#breadcrumb\"},\"inLanguage\":\"fr-FR\",\"potentialAction\":[{\"@type\":\"ReadAction\",\"target\":[\"https:\\\/\\\/cartes-et-posters.fr\\\/index.php\\\/produit\\\/tee-shirt-boxe-femme\\\/\"]}]},{\"@type\":\"ImageObject\",\"inLanguage\":\"fr-FR\",\"@id\":\"https:\\\/\\\/cartes-et-posters.fr\\\/index.php\\\/produit\\\/tee-shirt-boxe-femme\\\/#primaryimage\",\"url\":\"https:\\\/\\\/cartes-et-posters.fr\\\/wp-content\\\/uploads\\\/2026\\\/02\\\/Tee-shirt_Boxe_Invincible.jpg\",\"contentUrl\":\"https:\\\/\\\/cartes-et-posters.fr\\\/wp-content\\\/uploads\\\/2026\\\/02\\\/Tee-shirt_Boxe_Invincible.jpg\",\"width\":595,\"height\":595},{\"@type\":\"BreadcrumbList\",\"@id\":\"https:\\\/\\\/cartes-et-posters.fr\\\/index.php\\\/produit\\\/tee-shirt-boxe-femme\\\/#breadcrumb\",\"itemListElement\":[{\"@type\":\"ListItem\",\"position\":1,\"name\":\"Accueil\",\"item\":\"https:\\\/\\\/cartes-et-posters.fr\\\/\"},{\"@type\":\"ListItem\",\"position\":2,\"name\":\"Produits\",\"item\":\"https:\\\/\\\/cartes-et-posters.fr\\\/index.php\\\/shop\\\/\"},{\"@type\":\"ListItem\",\"position\":3,\"name\":\"Tee-Shirt de Boxe Femme \u00ab\u00a0Invincible\u00a0\u00bb\"}]},{\"@type\":\"WebSite\",\"@id\":\"https:\\\/\\\/cartes-et-posters.fr\\\/#website\",\"url\":\"https:\\\/\\\/cartes-et-posters.fr\\\/\",\"name\":\"Cartes et Posters\",\"description\":\"\",\"potentialAction\":[{\"@type\":\"SearchAction\",\"target\":{\"@type\":\"EntryPoint\",\"urlTemplate\":\"https:\\\/\\\/cartes-et-posters.fr\\\/?s={search_term_string}\"},\"query-input\":{\"@type\":\"PropertyValueSpecification\",\"valueRequired\":true,\"valueName\":\"search_term_string\"}}],\"inLanguage\":\"fr-FR\"}]}<\/script>\n<!-- \/ Yoast SEO plugin. -->","yoast_head_json":{"title":"Tee Shirt Boxe Femme Invincible | Boutique Eco-Responsable","description":"Tee Shirt de Boxe pour Femme \"Invincible\" | Manches Courtes | Col Rond | 100% Polyester Recycl\u00e9 | L\u00e9ger et Respirant | Bleu Marine | Du S au XXL","robots":{"index":"index","follow":"follow","max-snippet":"max-snippet:-1","max-image-preview":"max-image-preview:large","max-video-preview":"max-video-preview:-1"},"canonical":"https:\/\/cartes-et-posters.fr\/index.php\/produit\/tee-shirt-boxe-femme\/","og_locale":"fr_FR","og_type":"article","og_title":"Tee Shirt Boxe Femme Invincible | Boutique Eco-Responsable","og_description":"Tee Shirt de Boxe pour Femme \"Invincible\" | Manches Courtes | Col Rond | 100% Polyester Recycl\u00e9 | L\u00e9ger et Respirant | Bleu Marine | Du S au XXL","og_url":"https:\/\/cartes-et-posters.fr\/index.php\/produit\/tee-shirt-boxe-femme\/","og_site_name":"Cartes et Posters","article_modified_time":"2026-02-27T17:23:51+00:00","og_image":[{"width":595,"height":595,"url":"https:\/\/cartes-et-posters.fr\/wp-content\/uploads\/2026\/02\/Tee-shirt_Boxe_Invincible.jpg","type":"image\/jpeg"}],"twitter_card":"summary_large_image","twitter_misc":{"Dur\u00e9e de lecture estim\u00e9e":"4 minutes"},"schema":{"@context":"https:\/\/schema.org","@graph":[{"@type":"WebPage","@id":"https:\/\/cartes-et-posters.fr\/index.php\/produit\/tee-shirt-boxe-femme\/","url":"https:\/\/cartes-et-posters.fr\/index.php\/produit\/tee-shirt-boxe-femme\/","name":"Tee Shirt Boxe Femme Invincible | Boutique Eco-Responsable","isPartOf":{"@id":"https:\/\/cartes-et-posters.fr\/#website"},"primaryImageOfPage":{"@id":"https:\/\/cartes-et-posters.fr\/index.php\/produit\/tee-shirt-boxe-femme\/#primaryimage"},"image":{"@id":"https:\/\/cartes-et-posters.fr\/index.php\/produit\/tee-shirt-boxe-femme\/#primaryimage"},"thumbnailUrl":"https:\/\/cartes-et-posters.fr\/wp-content\/uploads\/2026\/02\/Tee-shirt_Boxe_Invincible.jpg","datePublished":"2026-01-28T14:28:19+00:00","dateModified":"2026-02-27T17:23:51+00:00","description":"Tee Shirt de Boxe pour Femme \"Invincible\" | Manches Courtes | Col Rond | 100% Polyester Recycl\u00e9 | L\u00e9ger et Respirant | Bleu Marine | Du S au XXL","breadcrumb":{"@id":"https:\/\/cartes-et-posters.fr\/index.php\/produit\/tee-shirt-boxe-femme\/#breadcrumb"},"inLanguage":"fr-FR","potentialAction":[{"@type":"ReadAction","target":["https:\/\/cartes-et-posters.fr\/index.php\/produit\/tee-shirt-boxe-femme\/"]}]},{"@type":"ImageObject","inLanguage":"fr-FR","@id":"https:\/\/cartes-et-posters.fr\/index.php\/produit\/tee-shirt-boxe-femme\/#primaryimage","url":"https:\/\/cartes-et-posters.fr\/wp-content\/uploads\/2026\/02\/Tee-shirt_Boxe_Invincible.jpg","contentUrl":"https:\/\/cartes-et-posters.fr\/wp-content\/uploads\/2026\/02\/Tee-shirt_Boxe_Invincible.jpg","width":595,"height":595},{"@type":"BreadcrumbList","@id":"https:\/\/cartes-et-posters.fr\/index.php\/produit\/tee-shirt-boxe-femme\/#breadcrumb","itemListElement":[{"@type":"ListItem","position":1,"name":"Accueil","item":"https:\/\/cartes-et-posters.fr\/"},{"@type":"ListItem","position":2,"name":"Produits","item":"https:\/\/cartes-et-posters.fr\/index.php\/shop\/"},{"@type":"ListItem","position":3,"name":"Tee-Shirt de Boxe Femme \u00ab\u00a0Invincible\u00a0\u00bb"}]},{"@type":"WebSite","@id":"https:\/\/cartes-et-posters.fr\/#website","url":"https:\/\/cartes-et-posters.fr\/","name":"Cartes et Posters","description":"","potentialAction":[{"@type":"SearchAction","target":{"@type":"EntryPoint","urlTemplate":"https:\/\/cartes-et-posters.fr\/?s={search_term_string}"},"query-input":{"@type":"PropertyValueSpecification","valueRequired":true,"valueName":"search_term_string"}}],"inLanguage":"fr-FR"}]}},"df_price":29.9,"df_sale_price":"","df_regular_price":29.9,"df_image_link":"https:\/\/cartes-et-posters.fr\/wp-content\/uploads\/2026\/02\/Tee-shirt_Boxe_Invincible-300x300.jpg","jetpack_sharing_enabled":true,"_links":{"self":[{"href":"https:\/\/cartes-et-posters.fr\/index.php\/wp-json\/wp\/v2\/product\/2011","targetHints":{"allow":["GET"]}}],"collection":[{"href":"https:\/\/cartes-et-posters.fr\/index.php\/wp-json\/wp\/v2\/product"}],"about":[{"href":"https:\/\/cartes-et-posters.fr\/index.php\/wp-json\/wp\/v2\/types\/product"}],"replies":[{"embeddable":true,"href":"https:\/\/cartes-et-posters.fr\/index.php\/wp-json\/wp\/v2\/comments?post=2011"}],"wp:featuredmedia":[{"embeddable":true,"href":"https:\/\/cartes-et-posters.fr\/index.php\/wp-json\/wp\/v2\/media\/2372"}],"wp:attachment":[{"href":"https:\/\/cartes-et-posters.fr\/index.php\/wp-json\/wp\/v2\/media?parent=2011"}],"wp:term":[{"taxonomy":"product_brand","embeddable":true,"href":"https:\/\/cartes-et-posters.fr\/index.php\/wp-json\/wp\/v2\/product_brand?post=2011"},{"taxonomy":"product_cat","embeddable":true,"href":"https:\/\/cartes-et-posters.fr\/index.php\/wp-json\/wp\/v2\/product_cat?post=2011"},{"taxonomy":"product_tag","embeddable":true,"href":"https:\/\/cartes-et-posters.fr\/index.php\/wp-json\/wp\/v2\/product_tag?post=2011"}],"curies":[{"name":"wp","href":"https:\/\/api.w.org\/{rel}","templated":true}]}}