{"id":2000,"date":"2026-01-28T14:20:53","date_gmt":"2026-01-28T14:20:53","guid":{"rendered":"https:\/\/cartesetposters.fr\/?post_type=product&#038;p=2000"},"modified":"2026-02-27T18:19:03","modified_gmt":"2026-02-27T17:19:03","slug":"tee-shirt-boxe","status":"publish","type":"product","link":"https:\/\/cartes-et-posters.fr\/index.php\/produit\/tee-shirt-boxe\/","title":{"rendered":"Tee-Shirt de Boxe Femme \u00ab\u00a0Imbattable\u00a0\u00bb"},"content":{"rendered":"<h2 data-start=\"334\" data-end=\"402\">\ud83e\udd4a <strong data-start=\"340\" data-end=\"402\">Tee-shirt boxe femme Imbattable : f<\/strong><strong data-start=\"455\" data-end=\"514\">orce, confiance et \u00e9thique dans un m\u00eame mouvement<\/strong><\/h2>\n<p data-start=\"516\" data-end=\"962\">Imbattable : Un mot, une attitude. Ce tee-shirt de boxe femme c\u00e9l\u00e8bre la puissance int\u00e9rieure et la confiance en soi. Sur le visuel, une femme qui envoie un direct, gant en avant, symbole d\u2019assurance et de d\u00e9termination. Le contraste du bleu p\u00e2le et bleu fonc\u00e9 exprime la s\u00e9r\u00e9nit\u00e9 et la force \u00e0 la fois. Con\u00e7u en mati\u00e8re recycl\u00e9e, ce mod\u00e8le incarne la mode sportive responsable : puissante, engag\u00e9e et f\u00e9minine.<\/p>\n<p data-start=\"964\" data-end=\"1145\">L\u00e9ger, respirant et \u00e0 s\u00e9chage rapide, il accompagne chaque mouvement sans contrainte. Un essentiel pour toutes celles qui se battent chaque jour, sur le ring ou dans la vie.<\/p>\n<h2 data-start=\"1191\" data-end=\"1220\">\ud83e\uddf5 <strong data-start=\"1198\" data-end=\"1220\">D\u00e9tails techniques<\/strong><\/h2>\n<ul data-start=\"1222\" data-end=\"1784\">\n<li data-start=\"1222\" data-end=\"1381\">\n<p data-start=\"1224\" data-end=\"1381\"><strong data-start=\"1224\" data-end=\"1251\">100 % polyester recycl\u00e9<\/strong> = 4 bouteilles de 50 cl transform\u00e9es \u267b\ufe0f<br data-start=\"1291\" data-end=\"1294\" \/><em data-start=\"1296\" data-end=\"1379\">(Certifi\u00e9 Global Recycled Standard par Ecocert Greenlife selon les standards GRS)<\/em><\/p>\n<\/li>\n<li data-start=\"1382\" data-end=\"1443\">\n<p data-start=\"1384\" data-end=\"1443\"><strong data-start=\"1384\" data-end=\"1409\">Oeko-Tex Standard 100<\/strong> : garanti sans substance nocive<\/p>\n<\/li>\n<li data-start=\"1444\" data-end=\"1490\">\n<p data-start=\"1446\" data-end=\"1490\"><strong data-start=\"1446\" data-end=\"1485\">Certification Vegan Protect Animals<\/strong> \ud83d\udc3e<\/p>\n<\/li>\n<li data-start=\"1491\" data-end=\"1563\">\n<p data-start=\"1493\" data-end=\"1563\"><strong data-start=\"1493\" data-end=\"1507\">Grammage :<\/strong> 130 g\/m\u00b2 &#8211; tissu l\u00e9ger, respirant et \u00e0 s\u00e9chage rapide<\/p>\n<\/li>\n<li data-start=\"1564\" data-end=\"1619\">\n<p data-start=\"1566\" data-end=\"1619\"><strong data-start=\"1566\" data-end=\"1577\">Coupe :<\/strong> droite, manches courtes, encolure ronde<\/p>\n<\/li>\n<li data-start=\"1564\" data-end=\"1619\"><strong>Dessin :<\/strong> imprim\u00e9 au dos, ne comporte pas les marques \u00ab\u00a0&amp;\u00a0\u00bb<\/li>\n<li data-start=\"1620\" data-end=\"1722\">\n<p data-start=\"1622\" data-end=\"1722\"><strong data-start=\"1622\" data-end=\"1635\">D\u00e9tails :<\/strong> bande de propret\u00e9 contrast\u00e9e, finitions double aiguille (encolure, manches, ourlets)<\/p>\n<\/li>\n<li data-start=\"1723\" data-end=\"1784\">\n<p data-start=\"1725\" data-end=\"1784\"><strong data-start=\"1725\" data-end=\"1757\">Confort et maintien garantis<\/strong>, m\u00eame \u00e0 l\u2019effort intense<\/p>\n<\/li>\n<li data-start=\"1723\" data-end=\"1784\"><strong>Tailles :<\/strong> du S au XXL<\/li>\n<\/ul>\n<h2 class=\"wp-block-heading\">Une gamme de tee-shirts en polyester 100% recycl\u00e9<\/h2>\n<p>Ce tee-shirt est fabriqu\u00e9 \u00e0 100% \u00e0 partir de polyester recycl\u00e9. Semblable au RPET, il est couramment utilis\u00e9 dans les v\u00eatements et est produit \u00e0 partir de bouteilles en plastique recycl\u00e9es ou de d\u00e9chets textiles en polyester. Cette alternative d\u00e9tourne les d\u00e9chets plastiques des d\u00e9charges et r\u00e9duit l\u2019impact environnemental de la production de polyester, att\u00e9nuant ainsi les probl\u00e8mes tels que l\u2019\u00e9puisement des ressources et la lib\u00e9ration de produits p\u00e9trochimiques. Le polyester recycl\u00e9 a une empreinte carbone nettement inf\u00e9rieure \u00e0 celle du polyester conventionnel, avec plus de 70 % d\u2019\u00e9missions de GES en moins (CO2e\/kg). Il est \u00e9galement garantit sans produits toxiques pour le corps et pour l\u2019environnement.<\/p>\n<h2 data-start=\"1218\" data-end=\"1247\">\ud83d\udc99 <strong data-start=\"1225\" data-end=\"1247\">Pourquoi on l\u2019aime<\/strong><\/h2>\n<p data-start=\"1249\" data-end=\"1609\">Parce qu\u2019il allie style et intention. Ce tee-shirt ne se contente pas d\u2019\u00eatre performant : il porte un message fort et positif. On aime sa mati\u00e8re douce, l\u00e9g\u00e8re et respirante; son design puissant; et surtout, son engagement \u00e9thique. C\u2019est le tee-shirt parfait pour se sentir forte, libre et inspir\u00e9e, que ce soit pendant une s\u00e9ance de sport ou dans son quotidien.<\/p>\n<h2 data-start=\"1616\" data-end=\"1645\">\ud83d\udcaa <strong data-start=\"1623\" data-end=\"1645\">\u00c0 qui il s\u2019adresse<\/strong><\/h2>\n<p data-start=\"1647\" data-end=\"1986\">Aux femmes qui veulent affirmer leur puissance avec \u00e9l\u00e9gance.<\/p>\n<p data-start=\"1647\" data-end=\"1986\">Aux sportives passionn\u00e9es, aux battantes, aux r\u00eaveuses, \u00e0 toutes celles qui savent que la vraie victoire commence dans l\u2019esprit.<\/p>\n<p data-start=\"1647\" data-end=\"1986\">Que tu sois sur le ring, \u00e0 la salle ou en plein d\u00e9fi personnel, ce tee-shirt t\u2019invite \u00e0 croire en toi et \u00e0 avancer avec confiance.<\/p>\n<div class=\"wp-block-columns are-vertically-aligned-center is-not-stacked-on-mobile is-layout-flex wp-container-core-columns-is-layout-994bf9a1 wp-block-columns-is-layout-flex\">\n<div class=\"wp-block-column is-vertically-aligned-center is-layout-flow wp-block-column-is-layout-flow\">\n<div class=\"wp-block-image\">\n<figure class=\"aligncenter size-thumbnail\">\n<div class=\"wp-block-column is-vertically-aligned-center is-layout-flow wp-block-column-is-layout-flow\">\n<div class=\"wp-block-image\" style=\"text-align: center;\">\n<figure class=\"aligncenter size-full\">\n<h2 class=\"wp-block-heading has-text-align-center\" style=\"text-align: center;\">Certifications de nos tee-shirts en polyester<\/h2>\n<div class=\"wp-block-columns are-vertically-aligned-center is-not-stacked-on-mobile is-layout-flex wp-container-core-columns-is-layout-994bf9a1 wp-block-columns-is-layout-flex\">\n<div class=\"wp-block-column is-vertically-aligned-center is-layout-flow wp-block-column-is-layout-flow\">\n<div class=\"wp-block-image\">\n<figure class=\"aligncenter size-thumbnail\">\n<div class=\"wp-block-column is-vertically-aligned-center is-layout-flow wp-block-column-is-layout-flow\">\n<div class=\"wp-block-image\" style=\"text-align: center;\">\n<figure class=\"aligncenter size-full\">\n<div class=\"wp-block-column is-vertically-aligned-center is-layout-flow wp-block-column-is-layout-flow\">\n<div class=\"wp-block-image\">\n<figure class=\"aligncenter size-thumbnail\"><img loading=\"lazy\" decoding=\"async\" class=\"wp-image-2270\" src=\"https:\/\/cartes-et-posters.fr\/wp-content\/uploads\/2026\/02\/Tee-shirts-Certifies-Vegan-150x150.webp\" sizes=\"auto, (max-width: 150px) 100vw, 150px\" srcset=\"https:\/\/cartes-et-posters.fr\/wp-content\/uploads\/2026\/02\/Tee-shirts-Certifies-Vegan-150x150.webp 150w, https:\/\/cartes-et-posters.fr\/wp-content\/uploads\/2026\/02\/Tee-shirts-Certifies-Vegan-300x300.webp 300w, https:\/\/cartes-et-posters.fr\/wp-content\/uploads\/2026\/02\/Tee-shirts-Certifies-Vegan-768x768.webp 768w, https:\/\/cartes-et-posters.fr\/wp-content\/uploads\/2026\/02\/Tee-shirts-Certifies-Vegan-600x600.webp 600w, https:\/\/cartes-et-posters.fr\/wp-content\/uploads\/2026\/02\/Tee-shirts-Certifies-Vegan-100x100.webp 100w, https:\/\/cartes-et-posters.fr\/wp-content\/uploads\/2026\/02\/Tee-shirts-Certifies-Vegan.webp 1020w\" alt=\"\" width=\"125\" height=\"125\" \/>\u00a0 \u00a0 \u00a0 \u00a0 <img loading=\"lazy\" decoding=\"async\" class=\"wp-image-2271\" src=\"https:\/\/cartes-et-posters.fr\/wp-content\/uploads\/2026\/02\/Tee-shirts-Certifies-CONFIDENCE_MATERIAL-150x150.jpg\" sizes=\"auto, (max-width: 150px) 100vw, 150px\" srcset=\"https:\/\/cartes-et-posters.fr\/wp-content\/uploads\/2026\/02\/Tee-shirts-Certifies-CONFIDENCE_MATERIAL-150x150.jpg 150w, https:\/\/cartes-et-posters.fr\/wp-content\/uploads\/2026\/02\/Tee-shirts-Certifies-CONFIDENCE_MATERIAL-100x100.jpg 100w, https:\/\/cartes-et-posters.fr\/wp-content\/uploads\/2026\/02\/Tee-shirts-Certifies-CONFIDENCE_MATERIAL.jpg 300w\" alt=\"\" width=\"125\" height=\"125\" \/>\u00a0 \u00a0 \u00a0 \u00a0 <img loading=\"lazy\" decoding=\"async\" class=\"wp-image-2272\" src=\"https:\/\/cartes-et-posters.fr\/wp-content\/uploads\/2026\/02\/Tee-shirts-Certifies-Global_recycled_standard-300x139.png\" sizes=\"auto, (max-width: 300px) 100vw, 300px\" srcset=\"https:\/\/cartes-et-posters.fr\/wp-content\/uploads\/2026\/02\/Tee-shirts-Certifies-Global_recycled_standard-300x139.png 300w, https:\/\/cartes-et-posters.fr\/wp-content\/uploads\/2026\/02\/Tee-shirts-Certifies-Global_recycled_standard-1024x476.png 1024w, https:\/\/cartes-et-posters.fr\/wp-content\/uploads\/2026\/02\/Tee-shirts-Certifies-Global_recycled_standard-768x357.png 768w, https:\/\/cartes-et-posters.fr\/wp-content\/uploads\/2026\/02\/Tee-shirts-Certifies-Global_recycled_standard-1536x713.png 1536w, https:\/\/cartes-et-posters.fr\/wp-content\/uploads\/2026\/02\/Tee-shirts-Certifies-Global_recycled_standard-600x279.png 600w, https:\/\/cartes-et-posters.fr\/wp-content\/uploads\/2026\/02\/Tee-shirts-Certifies-Global_recycled_standard.png 2000w\" alt=\"\" width=\"270\" height=\"125\" \/>\u00a0 \u00a0 \u00a0 \u00a0 <img loading=\"lazy\" decoding=\"async\" class=\"wp-image-2273\" src=\"https:\/\/cartes-et-posters.fr\/wp-content\/uploads\/2026\/02\/Tee-shirts-Certifies-Oeko-tex-150x150.png\" sizes=\"auto, (max-width: 150px) 100vw, 150px\" srcset=\"https:\/\/cartes-et-posters.fr\/wp-content\/uploads\/2026\/02\/Tee-shirts-Certifies-Oeko-tex-150x150.png 150w, https:\/\/cartes-et-posters.fr\/wp-content\/uploads\/2026\/02\/Tee-shirts-Certifies-Oeko-tex-300x300.png 300w, https:\/\/cartes-et-posters.fr\/wp-content\/uploads\/2026\/02\/Tee-shirts-Certifies-Oeko-tex-1024x1024.png 1024w, https:\/\/cartes-et-posters.fr\/wp-content\/uploads\/2026\/02\/Tee-shirts-Certifies-Oeko-tex-768x768.png 768w, https:\/\/cartes-et-posters.fr\/wp-content\/uploads\/2026\/02\/Tee-shirts-Certifies-Oeko-tex-600x600.png 600w, https:\/\/cartes-et-posters.fr\/wp-content\/uploads\/2026\/02\/Tee-shirts-Certifies-Oeko-tex-100x100.png 100w, https:\/\/cartes-et-posters.fr\/wp-content\/uploads\/2026\/02\/Tee-shirts-Certifies-Oeko-tex.png 1200w\" alt=\"\" width=\"125\" height=\"125\" \/><\/figure>\n<\/div>\n<\/div>\n<\/figure>\n<\/div>\n<\/div>\n<\/figure>\n<\/div>\n<\/div>\n<\/div>\n<\/figure>\n<\/div>\n<\/div>\n<\/figure>\n<\/div>\n<\/div>\n<\/div>\n","protected":false},"excerpt":{"rendered":"<p>Tee-shirt femme manches courtes col rond<br \/>\n100% polyester recycl\u00e9<\/p>\n","protected":false},"featured_media":2370,"comment_status":"open","ping_status":"closed","template":"","meta":{"neve_meta_sidebar":"","neve_meta_container":"","neve_meta_enable_content_width":"off","neve_meta_content_width":100,"neve_meta_title_alignment":"","neve_meta_author_avatar":"","neve_post_elements_order":"","neve_meta_disable_header":"","neve_meta_disable_footer":"","neve_meta_disable_title":""},"product_brand":[],"product_cat":[44],"product_tag":[21,26,29],"class_list":{"0":"post-2000","1":"product","2":"type-product","3":"status-publish","4":"has-post-thumbnail","6":"product_cat-tee-shirts-sport-femme","7":"product_tag-tee-shirts-boxe-femme","8":"product_tag-creations-comme-une-fille","9":"product_tag-bonne-fete-maman","11":"first","12":"instock","13":"taxable","14":"shipping-taxable","15":"purchasable","16":"product-type-variable"},"yoast_head":"<!-- This site is optimized with the Yoast SEO plugin v27.4 - https:\/\/yoast.com\/product\/yoast-seo-wordpress\/ -->\n<title>Tee-shirt Boxe Femme Imbattable | Boutique Eco-Responsable<\/title>\n<meta name=\"description\" content=\"Tee-Shirt de Boxe pour Femme &quot;Imbattable&quot; | Manches Courtes | Col Rond | 100% Polyester Recycl\u00e9 | L\u00e9ger et Respirant | Bleu Ciel | Du S au XXL\" \/>\n<meta name=\"robots\" content=\"index, follow, max-snippet:-1, max-image-preview:large, max-video-preview:-1\" \/>\n<link rel=\"canonical\" href=\"https:\/\/cartes-et-posters.fr\/index.php\/produit\/tee-shirt-boxe\/\" \/>\n<meta property=\"og:locale\" content=\"fr_FR\" \/>\n<meta property=\"og:type\" content=\"article\" \/>\n<meta property=\"og:title\" content=\"Tee-shirt Boxe Femme Imbattable | Boutique Eco-Responsable\" \/>\n<meta property=\"og:description\" content=\"Tee-Shirt de Boxe pour Femme &quot;Imbattable&quot; | Manches Courtes | Col Rond | 100% Polyester Recycl\u00e9 | L\u00e9ger et Respirant | Bleu Ciel | Du S au XXL\" \/>\n<meta property=\"og:url\" content=\"https:\/\/cartes-et-posters.fr\/index.php\/produit\/tee-shirt-boxe\/\" \/>\n<meta property=\"og:site_name\" content=\"Cartes et Posters\" \/>\n<meta property=\"article:modified_time\" content=\"2026-02-27T17:19:03+00:00\" \/>\n<meta property=\"og:image\" content=\"https:\/\/cartes-et-posters.fr\/wp-content\/uploads\/2026\/02\/Tee-shirt_Boxe_Imbattable.jpg\" \/>\n\t<meta property=\"og:image:width\" content=\"595\" \/>\n\t<meta property=\"og:image:height\" content=\"595\" \/>\n\t<meta property=\"og:image:type\" content=\"image\/jpeg\" \/>\n<meta name=\"twitter:card\" content=\"summary_large_image\" \/>\n<meta name=\"twitter:label1\" content=\"Dur\u00e9e de lecture estim\u00e9e\" \/>\n\t<meta name=\"twitter:data1\" content=\"4 minutes\" \/>\n<script type=\"application\/ld+json\" class=\"yoast-schema-graph\">{\"@context\":\"https:\\\/\\\/schema.org\",\"@graph\":[{\"@type\":\"WebPage\",\"@id\":\"https:\\\/\\\/cartes-et-posters.fr\\\/index.php\\\/produit\\\/tee-shirt-boxe\\\/\",\"url\":\"https:\\\/\\\/cartes-et-posters.fr\\\/index.php\\\/produit\\\/tee-shirt-boxe\\\/\",\"name\":\"Tee-shirt Boxe Femme Imbattable | Boutique Eco-Responsable\",\"isPartOf\":{\"@id\":\"https:\\\/\\\/cartes-et-posters.fr\\\/#website\"},\"primaryImageOfPage\":{\"@id\":\"https:\\\/\\\/cartes-et-posters.fr\\\/index.php\\\/produit\\\/tee-shirt-boxe\\\/#primaryimage\"},\"image\":{\"@id\":\"https:\\\/\\\/cartes-et-posters.fr\\\/index.php\\\/produit\\\/tee-shirt-boxe\\\/#primaryimage\"},\"thumbnailUrl\":\"https:\\\/\\\/cartes-et-posters.fr\\\/wp-content\\\/uploads\\\/2026\\\/02\\\/Tee-shirt_Boxe_Imbattable.jpg\",\"datePublished\":\"2026-01-28T14:20:53+00:00\",\"dateModified\":\"2026-02-27T17:19:03+00:00\",\"description\":\"Tee-Shirt de Boxe pour Femme \\\"Imbattable\\\" | Manches Courtes | Col Rond | 100% Polyester Recycl\u00e9 | L\u00e9ger et Respirant | Bleu Ciel | Du S au XXL\",\"breadcrumb\":{\"@id\":\"https:\\\/\\\/cartes-et-posters.fr\\\/index.php\\\/produit\\\/tee-shirt-boxe\\\/#breadcrumb\"},\"inLanguage\":\"fr-FR\",\"potentialAction\":[{\"@type\":\"ReadAction\",\"target\":[\"https:\\\/\\\/cartes-et-posters.fr\\\/index.php\\\/produit\\\/tee-shirt-boxe\\\/\"]}]},{\"@type\":\"ImageObject\",\"inLanguage\":\"fr-FR\",\"@id\":\"https:\\\/\\\/cartes-et-posters.fr\\\/index.php\\\/produit\\\/tee-shirt-boxe\\\/#primaryimage\",\"url\":\"https:\\\/\\\/cartes-et-posters.fr\\\/wp-content\\\/uploads\\\/2026\\\/02\\\/Tee-shirt_Boxe_Imbattable.jpg\",\"contentUrl\":\"https:\\\/\\\/cartes-et-posters.fr\\\/wp-content\\\/uploads\\\/2026\\\/02\\\/Tee-shirt_Boxe_Imbattable.jpg\",\"width\":595,\"height\":595},{\"@type\":\"BreadcrumbList\",\"@id\":\"https:\\\/\\\/cartes-et-posters.fr\\\/index.php\\\/produit\\\/tee-shirt-boxe\\\/#breadcrumb\",\"itemListElement\":[{\"@type\":\"ListItem\",\"position\":1,\"name\":\"Accueil\",\"item\":\"https:\\\/\\\/cartes-et-posters.fr\\\/\"},{\"@type\":\"ListItem\",\"position\":2,\"name\":\"Produits\",\"item\":\"https:\\\/\\\/cartes-et-posters.fr\\\/index.php\\\/shop\\\/\"},{\"@type\":\"ListItem\",\"position\":3,\"name\":\"Tee-Shirt de Boxe Femme \u00ab\u00a0Imbattable\u00a0\u00bb\"}]},{\"@type\":\"WebSite\",\"@id\":\"https:\\\/\\\/cartes-et-posters.fr\\\/#website\",\"url\":\"https:\\\/\\\/cartes-et-posters.fr\\\/\",\"name\":\"Cartes et Posters\",\"description\":\"\",\"potentialAction\":[{\"@type\":\"SearchAction\",\"target\":{\"@type\":\"EntryPoint\",\"urlTemplate\":\"https:\\\/\\\/cartes-et-posters.fr\\\/?s={search_term_string}\"},\"query-input\":{\"@type\":\"PropertyValueSpecification\",\"valueRequired\":true,\"valueName\":\"search_term_string\"}}],\"inLanguage\":\"fr-FR\"}]}<\/script>\n<!-- \/ Yoast SEO plugin. -->","yoast_head_json":{"title":"Tee-shirt Boxe Femme Imbattable | Boutique Eco-Responsable","description":"Tee-Shirt de Boxe pour Femme \"Imbattable\" | Manches Courtes | Col Rond | 100% Polyester Recycl\u00e9 | L\u00e9ger et Respirant | Bleu Ciel | Du S au XXL","robots":{"index":"index","follow":"follow","max-snippet":"max-snippet:-1","max-image-preview":"max-image-preview:large","max-video-preview":"max-video-preview:-1"},"canonical":"https:\/\/cartes-et-posters.fr\/index.php\/produit\/tee-shirt-boxe\/","og_locale":"fr_FR","og_type":"article","og_title":"Tee-shirt Boxe Femme Imbattable | Boutique Eco-Responsable","og_description":"Tee-Shirt de Boxe pour Femme \"Imbattable\" | Manches Courtes | Col Rond | 100% Polyester Recycl\u00e9 | L\u00e9ger et Respirant | Bleu Ciel | Du S au XXL","og_url":"https:\/\/cartes-et-posters.fr\/index.php\/produit\/tee-shirt-boxe\/","og_site_name":"Cartes et Posters","article_modified_time":"2026-02-27T17:19:03+00:00","og_image":[{"width":595,"height":595,"url":"https:\/\/cartes-et-posters.fr\/wp-content\/uploads\/2026\/02\/Tee-shirt_Boxe_Imbattable.jpg","type":"image\/jpeg"}],"twitter_card":"summary_large_image","twitter_misc":{"Dur\u00e9e de lecture estim\u00e9e":"4 minutes"},"schema":{"@context":"https:\/\/schema.org","@graph":[{"@type":"WebPage","@id":"https:\/\/cartes-et-posters.fr\/index.php\/produit\/tee-shirt-boxe\/","url":"https:\/\/cartes-et-posters.fr\/index.php\/produit\/tee-shirt-boxe\/","name":"Tee-shirt Boxe Femme Imbattable | Boutique Eco-Responsable","isPartOf":{"@id":"https:\/\/cartes-et-posters.fr\/#website"},"primaryImageOfPage":{"@id":"https:\/\/cartes-et-posters.fr\/index.php\/produit\/tee-shirt-boxe\/#primaryimage"},"image":{"@id":"https:\/\/cartes-et-posters.fr\/index.php\/produit\/tee-shirt-boxe\/#primaryimage"},"thumbnailUrl":"https:\/\/cartes-et-posters.fr\/wp-content\/uploads\/2026\/02\/Tee-shirt_Boxe_Imbattable.jpg","datePublished":"2026-01-28T14:20:53+00:00","dateModified":"2026-02-27T17:19:03+00:00","description":"Tee-Shirt de Boxe pour Femme \"Imbattable\" | Manches Courtes | Col Rond | 100% Polyester Recycl\u00e9 | L\u00e9ger et Respirant | Bleu Ciel | Du S au XXL","breadcrumb":{"@id":"https:\/\/cartes-et-posters.fr\/index.php\/produit\/tee-shirt-boxe\/#breadcrumb"},"inLanguage":"fr-FR","potentialAction":[{"@type":"ReadAction","target":["https:\/\/cartes-et-posters.fr\/index.php\/produit\/tee-shirt-boxe\/"]}]},{"@type":"ImageObject","inLanguage":"fr-FR","@id":"https:\/\/cartes-et-posters.fr\/index.php\/produit\/tee-shirt-boxe\/#primaryimage","url":"https:\/\/cartes-et-posters.fr\/wp-content\/uploads\/2026\/02\/Tee-shirt_Boxe_Imbattable.jpg","contentUrl":"https:\/\/cartes-et-posters.fr\/wp-content\/uploads\/2026\/02\/Tee-shirt_Boxe_Imbattable.jpg","width":595,"height":595},{"@type":"BreadcrumbList","@id":"https:\/\/cartes-et-posters.fr\/index.php\/produit\/tee-shirt-boxe\/#breadcrumb","itemListElement":[{"@type":"ListItem","position":1,"name":"Accueil","item":"https:\/\/cartes-et-posters.fr\/"},{"@type":"ListItem","position":2,"name":"Produits","item":"https:\/\/cartes-et-posters.fr\/index.php\/shop\/"},{"@type":"ListItem","position":3,"name":"Tee-Shirt de Boxe Femme \u00ab\u00a0Imbattable\u00a0\u00bb"}]},{"@type":"WebSite","@id":"https:\/\/cartes-et-posters.fr\/#website","url":"https:\/\/cartes-et-posters.fr\/","name":"Cartes et Posters","description":"","potentialAction":[{"@type":"SearchAction","target":{"@type":"EntryPoint","urlTemplate":"https:\/\/cartes-et-posters.fr\/?s={search_term_string}"},"query-input":{"@type":"PropertyValueSpecification","valueRequired":true,"valueName":"search_term_string"}}],"inLanguage":"fr-FR"}]}},"df_price":29.9,"df_sale_price":"","df_regular_price":29.9,"df_image_link":"https:\/\/cartes-et-posters.fr\/wp-content\/uploads\/2026\/02\/Tee-shirt_Boxe_Imbattable-300x300.jpg","jetpack_sharing_enabled":true,"_links":{"self":[{"href":"https:\/\/cartes-et-posters.fr\/index.php\/wp-json\/wp\/v2\/product\/2000","targetHints":{"allow":["GET"]}}],"collection":[{"href":"https:\/\/cartes-et-posters.fr\/index.php\/wp-json\/wp\/v2\/product"}],"about":[{"href":"https:\/\/cartes-et-posters.fr\/index.php\/wp-json\/wp\/v2\/types\/product"}],"replies":[{"embeddable":true,"href":"https:\/\/cartes-et-posters.fr\/index.php\/wp-json\/wp\/v2\/comments?post=2000"}],"wp:featuredmedia":[{"embeddable":true,"href":"https:\/\/cartes-et-posters.fr\/index.php\/wp-json\/wp\/v2\/media\/2370"}],"wp:attachment":[{"href":"https:\/\/cartes-et-posters.fr\/index.php\/wp-json\/wp\/v2\/media?parent=2000"}],"wp:term":[{"taxonomy":"product_brand","embeddable":true,"href":"https:\/\/cartes-et-posters.fr\/index.php\/wp-json\/wp\/v2\/product_brand?post=2000"},{"taxonomy":"product_cat","embeddable":true,"href":"https:\/\/cartes-et-posters.fr\/index.php\/wp-json\/wp\/v2\/product_cat?post=2000"},{"taxonomy":"product_tag","embeddable":true,"href":"https:\/\/cartes-et-posters.fr\/index.php\/wp-json\/wp\/v2\/product_tag?post=2000"}],"curies":[{"name":"wp","href":"https:\/\/api.w.org\/{rel}","templated":true}]}}