{"id":1989,"date":"2026-01-28T14:06:40","date_gmt":"2026-01-28T14:06:40","guid":{"rendered":"https:\/\/cartesetposters.fr\/?post_type=product&#038;p=1989"},"modified":"2026-02-20T14:30:52","modified_gmt":"2026-02-20T13:30:52","slug":"carnet-de-notes-dark-vador","status":"publish","type":"product","link":"https:\/\/cartes-et-posters.fr\/index.php\/produit\/carnet-de-notes-dark-vador\/","title":{"rendered":"Carnet de Notes Chance Dark Vador"},"content":{"rendered":"<h2 data-start=\"262\" data-end=\"346\">Faites rimer cr\u00e9ativit\u00e9 et bonne humeur avec ce carnet de notes Dark Vador<\/h2>\n<p data-start=\"371\" data-end=\"720\">Id\u00e9al pour accompagner vos id\u00e9es au quotidien, il m\u00eale humour, inspiration et d\u00e9marche \u00e9co-responsable. Sa couverture originale met en sc\u00e8ne un Dark Vador version mignonne, tenant un tr\u00e8fle porte-bonheur. Le message \u201cMay the luck be with you\u201d ajoute une touche positive et amusante. Une cr\u00e9ation pleine de caract\u00e8re, parfaite pour les fans de pop culture et les esprits cr\u00e9atifs.<\/p>\n<p data-start=\"722\" data-end=\"1087\">Ce carnet de notes porte-bonheur Dark Vador est con\u00e7u dans le respect de l\u2019environnement. Sa couverture rigide en carton recycl\u00e9 prot\u00e8ge 160 pages lign\u00e9es en papier recycl\u00e9 70 g\/m\u00b2. Un papier doux et r\u00e9sistant, id\u00e9al pour \u00e9crire confortablement. L\u00e9ger et pratique, il vous accompagne partout : bureau, \u00e9cole, ou moments d\u2019inspiration.<\/p>\n<p data-start=\"722\" data-end=\"1087\">Utilisez-le pour vos projets, vos listes, vos pens\u00e9es ou vos dessins. Chaque page devient un espace pour exprimer vos id\u00e9es avec une touche de chance et de fantaisie !<\/p>\n<h2 data-start=\"1259\" data-end=\"1285\">\u2728 <strong data-start=\"1261\" data-end=\"1283\">D\u00e9tails du produit<\/strong><\/h2>\n<ul>\n<li data-start=\"1288\" data-end=\"1384\"><strong data-start=\"1288\" data-end=\"1298\">Format<\/strong> : A5 (14,8 x 21 cm) \u2013 facile \u00e0 transporter<\/li>\n<li data-start=\"1387\" data-end=\"1455\"><b>Pages <\/b>: 160 pages lign\u00e9es, papier recycl\u00e9 70 g\/m\u00b2<\/li>\n<li data-start=\"1458\" data-end=\"1519\"><b>Couverture <\/b>: carton recycl\u00e9, design exclusif \u201cMay the luck be with you\u201d sign\u00e9 Atelier Pix\u2019Art\u00ae<\/li>\n<li data-start=\"1387\" data-end=\"1455\"><strong>Visuel<\/strong> : le carnet que vous recevrez ne comporte pas la marque \u00ab &amp; \u00bb<\/li>\n<li data-start=\"1522\" data-end=\"1553\"><strong data-start=\"1522\" data-end=\"1551\">Fabrication <\/strong>: \u00e9co-responsable et durable<\/li>\n<li data-start=\"1387\" data-end=\"1455\"><strong data-start=\"1522\" data-end=\"1551\">Reliure <\/strong>: dos carr\u00e9 coll\u00e9 pour une ouverture agr\u00e9able<\/li>\n<li data-start=\"1387\" data-end=\"1455\"><strong>Fonctionnalit\u00e9s <\/strong>: \u00e9lastique de fermeture noir et cordon lat\u00e9ral noir pour y accrocher un stylo<\/li>\n<\/ul>\n<p>&nbsp;<\/p>\n<h2 data-start=\"1465\" data-end=\"1505\">\ud83c\udf3fUn carnet ludique et responsable<\/h2>\n<p data-start=\"1507\" data-end=\"1768\">Comme toutes les cr\u00e9ations de Julie, ce carnet est imprim\u00e9 en petites s\u00e9ries. Il refl\u00e8te notre engagement pour une papeterie cr\u00e9ative, durable et pleine d\u2019esprit.<\/p>\n<h2 data-start=\"2035\" data-end=\"2258\">\ud83d\udca1 Pourquoi on l&rsquo;adore <strong data-start=\"2038\" data-end=\"2087\">?<\/strong><\/h2>\n<p data-start=\"1820\" data-end=\"2056\">\u2714 Un design pop et mignon<br \/>\n\u2714 Une fabrication \u00e0 partir de papier recycl\u00e9<br \/>\n\u2714 Un format pratique et solide<br \/>\n\u2714 Parfait pour les fans de Dark Vador et les r\u00eaveurs modernes<\/p>\n<p data-start=\"1820\" data-end=\"2056\">En conclusion, ce carnet de notes Dark Vador allie style, durabilit\u00e9 et cr\u00e9ativit\u00e9. Un compagnon id\u00e9al pour noter vos pens\u00e9es\u2026 que la chance soit avec vous !<\/p>\n","protected":false},"excerpt":{"rendered":"<p>Format A5 &#8211; 14,8 x 21 cm | 160 pages lign\u00e9es en papier recycl\u00e9 | Elastique de fermeture noir | Cordon lat\u00e9ral noir<\/p>\n","protected":false},"featured_media":2351,"comment_status":"open","ping_status":"closed","template":"","meta":{"neve_meta_sidebar":"","neve_meta_container":"","neve_meta_enable_content_width":"off","neve_meta_content_width":100,"neve_meta_title_alignment":"","neve_meta_author_avatar":"","neve_post_elements_order":"","neve_meta_disable_header":"","neve_meta_disable_footer":"","neve_meta_disable_title":""},"product_brand":[],"product_cat":[23],"product_tag":[37,42],"class_list":{"0":"post-1989","1":"product","2":"type-product","3":"status-publish","4":"has-post-thumbnail","6":"product_cat-carnets-notes-eco-responsables","7":"product_tag-cartes-et-cadeaux-porte-bonheur","8":"product_tag-cartes-et-cadeaux-star-wars","9":"product_shipping_class-carnets","11":"first","12":"outofstock","13":"taxable","14":"shipping-taxable","15":"purchasable","16":"product-type-simple"},"yoast_head":"<!-- This site is optimized with the Yoast SEO plugin v27.4 - https:\/\/yoast.com\/product\/yoast-seo-wordpress\/ -->\n<title>Carnet de Notes Dark Vador Bonne Chance | Boutique en Ligne<\/title>\n<meta name=\"description\" content=\"Carnet de Notes Dark Vador Bonne Chance | Format A5 160 pages Papier et Carton Recycl\u00e9s | Cr\u00e9ation illustr\u00e9e Originale, Utile &amp; Eco-Responsable\" \/>\n<meta name=\"robots\" content=\"index, follow, max-snippet:-1, max-image-preview:large, max-video-preview:-1\" \/>\n<link rel=\"canonical\" href=\"https:\/\/cartes-et-posters.fr\/index.php\/produit\/carnet-de-notes-dark-vador\/\" \/>\n<meta property=\"og:locale\" content=\"fr_FR\" \/>\n<meta property=\"og:type\" content=\"article\" \/>\n<meta property=\"og:title\" content=\"Carnet de Notes Dark Vador Bonne Chance | Boutique en Ligne\" \/>\n<meta property=\"og:description\" content=\"Carnet de Notes Dark Vador Bonne Chance | Format A5 160 pages Papier et Carton Recycl\u00e9s | Cr\u00e9ation illustr\u00e9e Originale, Utile &amp; Eco-Responsable\" \/>\n<meta property=\"og:url\" content=\"https:\/\/cartes-et-posters.fr\/index.php\/produit\/carnet-de-notes-dark-vador\/\" \/>\n<meta property=\"og:site_name\" content=\"Cartes et Posters\" \/>\n<meta property=\"article:modified_time\" content=\"2026-02-20T13:30:52+00:00\" \/>\n<meta property=\"og:image\" content=\"https:\/\/cartes-et-posters.fr\/wp-content\/uploads\/2026\/02\/Carnet-Dark_Vador.jpg\" \/>\n\t<meta property=\"og:image:width\" content=\"500\" \/>\n\t<meta property=\"og:image:height\" content=\"500\" \/>\n\t<meta property=\"og:image:type\" content=\"image\/jpeg\" \/>\n<meta name=\"twitter:card\" content=\"summary_large_image\" \/>\n<meta name=\"twitter:label1\" content=\"Dur\u00e9e de lecture estim\u00e9e\" \/>\n\t<meta name=\"twitter:data1\" content=\"2 minutes\" \/>\n<script type=\"application\/ld+json\" class=\"yoast-schema-graph\">{\"@context\":\"https:\\\/\\\/schema.org\",\"@graph\":[{\"@type\":\"WebPage\",\"@id\":\"https:\\\/\\\/cartes-et-posters.fr\\\/index.php\\\/produit\\\/carnet-de-notes-dark-vador\\\/\",\"url\":\"https:\\\/\\\/cartes-et-posters.fr\\\/index.php\\\/produit\\\/carnet-de-notes-dark-vador\\\/\",\"name\":\"Carnet de Notes Dark Vador Bonne Chance | Boutique en Ligne\",\"isPartOf\":{\"@id\":\"https:\\\/\\\/cartes-et-posters.fr\\\/#website\"},\"primaryImageOfPage\":{\"@id\":\"https:\\\/\\\/cartes-et-posters.fr\\\/index.php\\\/produit\\\/carnet-de-notes-dark-vador\\\/#primaryimage\"},\"image\":{\"@id\":\"https:\\\/\\\/cartes-et-posters.fr\\\/index.php\\\/produit\\\/carnet-de-notes-dark-vador\\\/#primaryimage\"},\"thumbnailUrl\":\"https:\\\/\\\/cartes-et-posters.fr\\\/wp-content\\\/uploads\\\/2026\\\/02\\\/Carnet-Dark_Vador.jpg\",\"datePublished\":\"2026-01-28T14:06:40+00:00\",\"dateModified\":\"2026-02-20T13:30:52+00:00\",\"description\":\"Carnet de Notes Dark Vador Bonne Chance | Format A5 160 pages Papier et Carton Recycl\u00e9s | Cr\u00e9ation illustr\u00e9e Originale, Utile & Eco-Responsable\",\"breadcrumb\":{\"@id\":\"https:\\\/\\\/cartes-et-posters.fr\\\/index.php\\\/produit\\\/carnet-de-notes-dark-vador\\\/#breadcrumb\"},\"inLanguage\":\"fr-FR\",\"potentialAction\":[{\"@type\":\"ReadAction\",\"target\":[\"https:\\\/\\\/cartes-et-posters.fr\\\/index.php\\\/produit\\\/carnet-de-notes-dark-vador\\\/\"]}]},{\"@type\":\"ImageObject\",\"inLanguage\":\"fr-FR\",\"@id\":\"https:\\\/\\\/cartes-et-posters.fr\\\/index.php\\\/produit\\\/carnet-de-notes-dark-vador\\\/#primaryimage\",\"url\":\"https:\\\/\\\/cartes-et-posters.fr\\\/wp-content\\\/uploads\\\/2026\\\/02\\\/Carnet-Dark_Vador.jpg\",\"contentUrl\":\"https:\\\/\\\/cartes-et-posters.fr\\\/wp-content\\\/uploads\\\/2026\\\/02\\\/Carnet-Dark_Vador.jpg\",\"width\":500,\"height\":500},{\"@type\":\"BreadcrumbList\",\"@id\":\"https:\\\/\\\/cartes-et-posters.fr\\\/index.php\\\/produit\\\/carnet-de-notes-dark-vador\\\/#breadcrumb\",\"itemListElement\":[{\"@type\":\"ListItem\",\"position\":1,\"name\":\"Accueil\",\"item\":\"https:\\\/\\\/cartes-et-posters.fr\\\/\"},{\"@type\":\"ListItem\",\"position\":2,\"name\":\"Produits\",\"item\":\"https:\\\/\\\/cartes-et-posters.fr\\\/index.php\\\/shop\\\/\"},{\"@type\":\"ListItem\",\"position\":3,\"name\":\"Carnet de Notes Chance Dark Vador\"}]},{\"@type\":\"WebSite\",\"@id\":\"https:\\\/\\\/cartes-et-posters.fr\\\/#website\",\"url\":\"https:\\\/\\\/cartes-et-posters.fr\\\/\",\"name\":\"Cartes et Posters\",\"description\":\"\",\"potentialAction\":[{\"@type\":\"SearchAction\",\"target\":{\"@type\":\"EntryPoint\",\"urlTemplate\":\"https:\\\/\\\/cartes-et-posters.fr\\\/?s={search_term_string}\"},\"query-input\":{\"@type\":\"PropertyValueSpecification\",\"valueRequired\":true,\"valueName\":\"search_term_string\"}}],\"inLanguage\":\"fr-FR\"}]}<\/script>\n<!-- \/ Yoast SEO plugin. -->","yoast_head_json":{"title":"Carnet de Notes Dark Vador Bonne Chance | Boutique en Ligne","description":"Carnet de Notes Dark Vador Bonne Chance | Format A5 160 pages Papier et Carton Recycl\u00e9s | Cr\u00e9ation illustr\u00e9e Originale, Utile & Eco-Responsable","robots":{"index":"index","follow":"follow","max-snippet":"max-snippet:-1","max-image-preview":"max-image-preview:large","max-video-preview":"max-video-preview:-1"},"canonical":"https:\/\/cartes-et-posters.fr\/index.php\/produit\/carnet-de-notes-dark-vador\/","og_locale":"fr_FR","og_type":"article","og_title":"Carnet de Notes Dark Vador Bonne Chance | Boutique en Ligne","og_description":"Carnet de Notes Dark Vador Bonne Chance | Format A5 160 pages Papier et Carton Recycl\u00e9s | Cr\u00e9ation illustr\u00e9e Originale, Utile & Eco-Responsable","og_url":"https:\/\/cartes-et-posters.fr\/index.php\/produit\/carnet-de-notes-dark-vador\/","og_site_name":"Cartes et Posters","article_modified_time":"2026-02-20T13:30:52+00:00","og_image":[{"width":500,"height":500,"url":"https:\/\/cartes-et-posters.fr\/wp-content\/uploads\/2026\/02\/Carnet-Dark_Vador.jpg","type":"image\/jpeg"}],"twitter_card":"summary_large_image","twitter_misc":{"Dur\u00e9e de lecture estim\u00e9e":"2 minutes"},"schema":{"@context":"https:\/\/schema.org","@graph":[{"@type":"WebPage","@id":"https:\/\/cartes-et-posters.fr\/index.php\/produit\/carnet-de-notes-dark-vador\/","url":"https:\/\/cartes-et-posters.fr\/index.php\/produit\/carnet-de-notes-dark-vador\/","name":"Carnet de Notes Dark Vador Bonne Chance | Boutique en Ligne","isPartOf":{"@id":"https:\/\/cartes-et-posters.fr\/#website"},"primaryImageOfPage":{"@id":"https:\/\/cartes-et-posters.fr\/index.php\/produit\/carnet-de-notes-dark-vador\/#primaryimage"},"image":{"@id":"https:\/\/cartes-et-posters.fr\/index.php\/produit\/carnet-de-notes-dark-vador\/#primaryimage"},"thumbnailUrl":"https:\/\/cartes-et-posters.fr\/wp-content\/uploads\/2026\/02\/Carnet-Dark_Vador.jpg","datePublished":"2026-01-28T14:06:40+00:00","dateModified":"2026-02-20T13:30:52+00:00","description":"Carnet de Notes Dark Vador Bonne Chance | Format A5 160 pages Papier et Carton Recycl\u00e9s | Cr\u00e9ation illustr\u00e9e Originale, Utile & Eco-Responsable","breadcrumb":{"@id":"https:\/\/cartes-et-posters.fr\/index.php\/produit\/carnet-de-notes-dark-vador\/#breadcrumb"},"inLanguage":"fr-FR","potentialAction":[{"@type":"ReadAction","target":["https:\/\/cartes-et-posters.fr\/index.php\/produit\/carnet-de-notes-dark-vador\/"]}]},{"@type":"ImageObject","inLanguage":"fr-FR","@id":"https:\/\/cartes-et-posters.fr\/index.php\/produit\/carnet-de-notes-dark-vador\/#primaryimage","url":"https:\/\/cartes-et-posters.fr\/wp-content\/uploads\/2026\/02\/Carnet-Dark_Vador.jpg","contentUrl":"https:\/\/cartes-et-posters.fr\/wp-content\/uploads\/2026\/02\/Carnet-Dark_Vador.jpg","width":500,"height":500},{"@type":"BreadcrumbList","@id":"https:\/\/cartes-et-posters.fr\/index.php\/produit\/carnet-de-notes-dark-vador\/#breadcrumb","itemListElement":[{"@type":"ListItem","position":1,"name":"Accueil","item":"https:\/\/cartes-et-posters.fr\/"},{"@type":"ListItem","position":2,"name":"Produits","item":"https:\/\/cartes-et-posters.fr\/index.php\/shop\/"},{"@type":"ListItem","position":3,"name":"Carnet de Notes Chance Dark Vador"}]},{"@type":"WebSite","@id":"https:\/\/cartes-et-posters.fr\/#website","url":"https:\/\/cartes-et-posters.fr\/","name":"Cartes et Posters","description":"","potentialAction":[{"@type":"SearchAction","target":{"@type":"EntryPoint","urlTemplate":"https:\/\/cartes-et-posters.fr\/?s={search_term_string}"},"query-input":{"@type":"PropertyValueSpecification","valueRequired":true,"valueName":"search_term_string"}}],"inLanguage":"fr-FR"}]}},"df_price":9.5,"df_sale_price":"","df_regular_price":9.5,"df_image_link":"https:\/\/cartes-et-posters.fr\/wp-content\/uploads\/2026\/02\/Carnet-Dark_Vador-300x300.jpg","jetpack_sharing_enabled":true,"_links":{"self":[{"href":"https:\/\/cartes-et-posters.fr\/index.php\/wp-json\/wp\/v2\/product\/1989","targetHints":{"allow":["GET"]}}],"collection":[{"href":"https:\/\/cartes-et-posters.fr\/index.php\/wp-json\/wp\/v2\/product"}],"about":[{"href":"https:\/\/cartes-et-posters.fr\/index.php\/wp-json\/wp\/v2\/types\/product"}],"replies":[{"embeddable":true,"href":"https:\/\/cartes-et-posters.fr\/index.php\/wp-json\/wp\/v2\/comments?post=1989"}],"wp:featuredmedia":[{"embeddable":true,"href":"https:\/\/cartes-et-posters.fr\/index.php\/wp-json\/wp\/v2\/media\/2351"}],"wp:attachment":[{"href":"https:\/\/cartes-et-posters.fr\/index.php\/wp-json\/wp\/v2\/media?parent=1989"}],"wp:term":[{"taxonomy":"product_brand","embeddable":true,"href":"https:\/\/cartes-et-posters.fr\/index.php\/wp-json\/wp\/v2\/product_brand?post=1989"},{"taxonomy":"product_cat","embeddable":true,"href":"https:\/\/cartes-et-posters.fr\/index.php\/wp-json\/wp\/v2\/product_cat?post=1989"},{"taxonomy":"product_tag","embeddable":true,"href":"https:\/\/cartes-et-posters.fr\/index.php\/wp-json\/wp\/v2\/product_tag?post=1989"}],"curies":[{"name":"wp","href":"https:\/\/api.w.org\/{rel}","templated":true}]}}