{"id":1963,"date":"2026-01-28T11:49:01","date_gmt":"2026-01-28T11:49:01","guid":{"rendered":"https:\/\/cartesetposters.fr\/?post_type=product&#038;p=1963"},"modified":"2026-02-22T19:04:33","modified_gmt":"2026-02-22T18:04:33","slug":"affiche-vintage-automne","status":"publish","type":"product","link":"https:\/\/cartes-et-posters.fr\/index.php\/produit\/affiche-vintage-automne\/","title":{"rendered":"Affiche \u00c9clats d\u2019Automne"},"content":{"rendered":"<h2 data-start=\"262\" data-end=\"346\">Apportez chaleur et po\u00e9sie \u00e0 votre int\u00e9rieur avec cette affiche vintage automne<\/h2>\n<p data-start=\"371\" data-end=\"720\">Sign\u00e9e par Julie Desvaux, cette cr\u00e9ation originale illustre une all\u00e9e bord\u00e9e d\u2019arbres flamboyants aux couleurs chaudes. Les nuances d\u2019orange et de jaune illuminent la sc\u00e8ne. De jolis lampadaires r\u00e9tro apportent une touche intemporelle. Une femme de dos, prot\u00e9g\u00e9e par un parapluie noir, invite \u00e0 la r\u00eaverie et \u00e0 la promenade. Une composition \u00e9l\u00e9gante et pleine de charme qui capture l\u2019esprit de l\u2019automne.<\/p>\n<p data-start=\"722\" data-end=\"1087\">Cette affiche vintage automne est id\u00e9ale pour d\u00e9corer vos murs avec douceur et \u00e9l\u00e9gance. Le papier recycl\u00e9 utilis\u00e9 pour l&rsquo;impression renforce l&rsquo;ambiance chaleureuse et vintage. Elle s\u2019accorde \u00e0 tous les styles d\u2019int\u00e9rieur et apporte une ambiance chaleureuse, \u00e0 la fois apaisante et raffin\u00e9e. Con\u00e7ue pour les amoureux de la saison, les passionn\u00e9s de paysages graphiques et les amateurs d\u2019art illustr\u00e9, elle incarne un v\u00e9ritable fragment d\u2019automne \u00e0 contempler chaque jour.<\/p>\n<h2 data-start=\"1259\" data-end=\"1285\">\u2728 <strong data-start=\"1261\" data-end=\"1283\">D\u00e9tails du produit<\/strong><\/h2>\n<ul>\n<li data-start=\"1288\" data-end=\"1384\"><strong data-start=\"1288\" data-end=\"1298\">Format<\/strong> : A3 &#8211; 29,7 x 40 cm &#8211; Id\u00e9al pour l&rsquo;encadrer<\/li>\n<li data-start=\"1387\" data-end=\"1455\"><strong data-start=\"1387\" data-end=\"1401\">Impression<\/strong> : mat sur papier recycl\u00e9 170 g\/m\u00b2<\/li>\n<li data-start=\"1458\" data-end=\"1519\"><strong data-start=\"1458\" data-end=\"1474\">Illustration<\/strong> : cr\u00e9ation exclusive \u00a92026 Julie Desvaux<\/li>\n<li data-start=\"1522\" data-end=\"1553\"><strong data-start=\"1522\" data-end=\"1551\">Affiche vendue sans cadre<\/strong><\/li>\n<li data-start=\"1387\" data-end=\"1455\"><strong data-start=\"1522\" data-end=\"1551\">Texte : <\/strong>\u00ab\u00a0Eclats d&rsquo;automne &#8211; Dans l&rsquo;all\u00e9e des couleurs, chaque souffle d\u00e9voile l&rsquo;\u00e2me de l&rsquo;automne\u00a0\u00bb<\/li>\n<li data-start=\"1387\" data-end=\"1455\"><strong>Visuel :<\/strong> les couleurs peuvent varier selon l\u2019\u00e9cran \u2013 L&rsquo;affiche que vous recevrez ne comporte pas la marque \u00ab &amp; \u00bb<\/li>\n<\/ul>\n<p>&nbsp;<\/p>\n<h2 data-start=\"1465\" data-end=\"1505\">\ud83c\udf42 Une affiche qui c\u00e9l\u00e8bre l\u2019automne<\/h2>\n<p data-start=\"1507\" data-end=\"1768\">Comme toutes les cr\u00e9ations de Julie, cette affiche vintage automne b\u00e9n\u00e9ficie d\u2019une impression de qualit\u00e9 et d\u2019un suivi attentif. Elle fait partie de notre collection d\u00e9di\u00e9e aux affiches et papeterie d\u00e9coratives qui allient couleurs, \u00e9motions et univers po\u00e9tiques.<\/p>\n<p data-start=\"1507\" data-end=\"1768\">\u00c0 la fois nostalgique et lumineuse, elle \u00e9voque la beaut\u00e9 des promenades automnales. On imagine d\u00e9j\u00e0 les feuilles qui craquent sous les pas, la lumi\u00e8re douce qui traverse les branches et l\u2019\u00e9l\u00e9gance discr\u00e8te des lampadaires. Une v\u00e9ritable invitation \u00e0 la contemplation.<\/p>\n<h2 data-start=\"2035\" data-end=\"2258\">\ud83d\udca1 Pourquoi on adore cette affiche vintage automne<strong data-start=\"2038\" data-end=\"2087\">\u00a0?<\/strong><\/h2>\n<p data-start=\"1820\" data-end=\"2056\">\u2714 Une ambiance r\u00e9tro et chaleureuse<br \/>\n\u2714 Une cr\u00e9ation originale et \u00e9co-responsable<br \/>\n\u2714 Parfaite pour offrir ou embellir son int\u00e9rieur<\/p>\n<p data-start=\"1820\" data-end=\"2056\">En conclusion, ce poster illustr\u00e9 rend hommage \u00e0 l\u2019automne dans toute sa splendeur. Il sublime vos murs d\u2019une atmosph\u00e8re chaleureuse, vintage et po\u00e9tique, et transforme votre int\u00e9rieur en cocon de saison.<\/p>\n","protected":false},"excerpt":{"rendered":"<p>Affiche au format A3 &#8211; 29,7 x 40 cm | Impression mate sur papier recycl\u00e9<\/p>\n","protected":false},"featured_media":2354,"comment_status":"open","ping_status":"closed","template":"","meta":{"neve_meta_sidebar":"","neve_meta_container":"","neve_meta_enable_content_width":"off","neve_meta_content_width":100,"neve_meta_title_alignment":"","neve_meta_author_avatar":"","neve_post_elements_order":"","neve_meta_disable_header":"","neve_meta_disable_footer":"","neve_meta_disable_title":""},"product_brand":[],"product_cat":[18],"product_tag":[],"class_list":{"0":"post-1963","1":"product","2":"type-product","3":"status-publish","4":"has-post-thumbnail","6":"product_cat-affiches-et-posters-decoratifs","7":"product_shipping_class-affiches","9":"first","10":"instock","11":"taxable","12":"shipping-taxable","13":"purchasable","14":"product-type-simple"},"yoast_head":"<!-- This site is optimized with the Yoast SEO plugin v27.4 - https:\/\/yoast.com\/product\/yoast-seo-wordpress\/ -->\n<title>Affiche Vintage Automne | Boutique en Ligne Cartes &amp; Posters<\/title>\n<meta name=\"description\" content=\"Affiche Vintage Automne Atelier Pix\u2019Art\u00ae | Poster d\u00e9coratif color\u00e9, original et \u00e9co-responsable | Format A3 30 x 40 cm | Livraison partout en France\" \/>\n<meta name=\"robots\" content=\"index, follow, max-snippet:-1, max-image-preview:large, max-video-preview:-1\" \/>\n<link rel=\"canonical\" href=\"https:\/\/cartes-et-posters.fr\/index.php\/produit\/affiche-vintage-automne\/\" \/>\n<meta property=\"og:locale\" content=\"fr_FR\" \/>\n<meta property=\"og:type\" content=\"article\" \/>\n<meta property=\"og:title\" content=\"Affiche Vintage Automne | Boutique en Ligne Cartes &amp; Posters\" \/>\n<meta property=\"og:description\" content=\"Affiche Vintage Automne Atelier Pix\u2019Art\u00ae | Poster d\u00e9coratif color\u00e9, original et \u00e9co-responsable | Format A3 30 x 40 cm | Livraison partout en France\" \/>\n<meta property=\"og:url\" content=\"https:\/\/cartes-et-posters.fr\/index.php\/produit\/affiche-vintage-automne\/\" \/>\n<meta property=\"og:site_name\" content=\"Cartes et Posters\" \/>\n<meta property=\"article:modified_time\" content=\"2026-02-22T18:04:33+00:00\" \/>\n<meta property=\"og:image\" content=\"https:\/\/cartes-et-posters.fr\/wp-content\/uploads\/2026\/02\/POSTER-Eclats_dautomne-01.jpg\" \/>\n\t<meta property=\"og:image:width\" content=\"1000\" \/>\n\t<meta property=\"og:image:height\" content=\"1000\" \/>\n\t<meta property=\"og:image:type\" content=\"image\/jpeg\" \/>\n<meta name=\"twitter:card\" content=\"summary_large_image\" \/>\n<meta name=\"twitter:label1\" content=\"Dur\u00e9e de lecture estim\u00e9e\" \/>\n\t<meta name=\"twitter:data1\" content=\"2 minutes\" \/>\n<script type=\"application\/ld+json\" class=\"yoast-schema-graph\">{\"@context\":\"https:\\\/\\\/schema.org\",\"@graph\":[{\"@type\":\"WebPage\",\"@id\":\"https:\\\/\\\/cartes-et-posters.fr\\\/index.php\\\/produit\\\/affiche-vintage-automne\\\/\",\"url\":\"https:\\\/\\\/cartes-et-posters.fr\\\/index.php\\\/produit\\\/affiche-vintage-automne\\\/\",\"name\":\"Affiche Vintage Automne | Boutique en Ligne Cartes & Posters\",\"isPartOf\":{\"@id\":\"https:\\\/\\\/cartes-et-posters.fr\\\/#website\"},\"primaryImageOfPage\":{\"@id\":\"https:\\\/\\\/cartes-et-posters.fr\\\/index.php\\\/produit\\\/affiche-vintage-automne\\\/#primaryimage\"},\"image\":{\"@id\":\"https:\\\/\\\/cartes-et-posters.fr\\\/index.php\\\/produit\\\/affiche-vintage-automne\\\/#primaryimage\"},\"thumbnailUrl\":\"https:\\\/\\\/cartes-et-posters.fr\\\/wp-content\\\/uploads\\\/2026\\\/02\\\/POSTER-Eclats_dautomne-01.jpg\",\"datePublished\":\"2026-01-28T11:49:01+00:00\",\"dateModified\":\"2026-02-22T18:04:33+00:00\",\"description\":\"Affiche Vintage Automne Atelier Pix\u2019Art\u00ae | Poster d\u00e9coratif color\u00e9, original et \u00e9co-responsable | Format A3 30 x 40 cm | Livraison partout en France\",\"breadcrumb\":{\"@id\":\"https:\\\/\\\/cartes-et-posters.fr\\\/index.php\\\/produit\\\/affiche-vintage-automne\\\/#breadcrumb\"},\"inLanguage\":\"fr-FR\",\"potentialAction\":[{\"@type\":\"ReadAction\",\"target\":[\"https:\\\/\\\/cartes-et-posters.fr\\\/index.php\\\/produit\\\/affiche-vintage-automne\\\/\"]}]},{\"@type\":\"ImageObject\",\"inLanguage\":\"fr-FR\",\"@id\":\"https:\\\/\\\/cartes-et-posters.fr\\\/index.php\\\/produit\\\/affiche-vintage-automne\\\/#primaryimage\",\"url\":\"https:\\\/\\\/cartes-et-posters.fr\\\/wp-content\\\/uploads\\\/2026\\\/02\\\/POSTER-Eclats_dautomne-01.jpg\",\"contentUrl\":\"https:\\\/\\\/cartes-et-posters.fr\\\/wp-content\\\/uploads\\\/2026\\\/02\\\/POSTER-Eclats_dautomne-01.jpg\",\"width\":1000,\"height\":1000},{\"@type\":\"BreadcrumbList\",\"@id\":\"https:\\\/\\\/cartes-et-posters.fr\\\/index.php\\\/produit\\\/affiche-vintage-automne\\\/#breadcrumb\",\"itemListElement\":[{\"@type\":\"ListItem\",\"position\":1,\"name\":\"Accueil\",\"item\":\"https:\\\/\\\/cartes-et-posters.fr\\\/\"},{\"@type\":\"ListItem\",\"position\":2,\"name\":\"Produits\",\"item\":\"https:\\\/\\\/cartes-et-posters.fr\\\/index.php\\\/shop\\\/\"},{\"@type\":\"ListItem\",\"position\":3,\"name\":\"Affiche \u00c9clats d\u2019Automne\"}]},{\"@type\":\"WebSite\",\"@id\":\"https:\\\/\\\/cartes-et-posters.fr\\\/#website\",\"url\":\"https:\\\/\\\/cartes-et-posters.fr\\\/\",\"name\":\"Cartes et Posters\",\"description\":\"\",\"potentialAction\":[{\"@type\":\"SearchAction\",\"target\":{\"@type\":\"EntryPoint\",\"urlTemplate\":\"https:\\\/\\\/cartes-et-posters.fr\\\/?s={search_term_string}\"},\"query-input\":{\"@type\":\"PropertyValueSpecification\",\"valueRequired\":true,\"valueName\":\"search_term_string\"}}],\"inLanguage\":\"fr-FR\"}]}<\/script>\n<!-- \/ Yoast SEO plugin. -->","yoast_head_json":{"title":"Affiche Vintage Automne | Boutique en Ligne Cartes & Posters","description":"Affiche Vintage Automne Atelier Pix\u2019Art\u00ae | Poster d\u00e9coratif color\u00e9, original et \u00e9co-responsable | Format A3 30 x 40 cm | Livraison partout en France","robots":{"index":"index","follow":"follow","max-snippet":"max-snippet:-1","max-image-preview":"max-image-preview:large","max-video-preview":"max-video-preview:-1"},"canonical":"https:\/\/cartes-et-posters.fr\/index.php\/produit\/affiche-vintage-automne\/","og_locale":"fr_FR","og_type":"article","og_title":"Affiche Vintage Automne | Boutique en Ligne Cartes & Posters","og_description":"Affiche Vintage Automne Atelier Pix\u2019Art\u00ae | Poster d\u00e9coratif color\u00e9, original et \u00e9co-responsable | Format A3 30 x 40 cm | Livraison partout en France","og_url":"https:\/\/cartes-et-posters.fr\/index.php\/produit\/affiche-vintage-automne\/","og_site_name":"Cartes et Posters","article_modified_time":"2026-02-22T18:04:33+00:00","og_image":[{"width":1000,"height":1000,"url":"https:\/\/cartes-et-posters.fr\/wp-content\/uploads\/2026\/02\/POSTER-Eclats_dautomne-01.jpg","type":"image\/jpeg"}],"twitter_card":"summary_large_image","twitter_misc":{"Dur\u00e9e de lecture estim\u00e9e":"2 minutes"},"schema":{"@context":"https:\/\/schema.org","@graph":[{"@type":"WebPage","@id":"https:\/\/cartes-et-posters.fr\/index.php\/produit\/affiche-vintage-automne\/","url":"https:\/\/cartes-et-posters.fr\/index.php\/produit\/affiche-vintage-automne\/","name":"Affiche Vintage Automne | Boutique en Ligne Cartes & Posters","isPartOf":{"@id":"https:\/\/cartes-et-posters.fr\/#website"},"primaryImageOfPage":{"@id":"https:\/\/cartes-et-posters.fr\/index.php\/produit\/affiche-vintage-automne\/#primaryimage"},"image":{"@id":"https:\/\/cartes-et-posters.fr\/index.php\/produit\/affiche-vintage-automne\/#primaryimage"},"thumbnailUrl":"https:\/\/cartes-et-posters.fr\/wp-content\/uploads\/2026\/02\/POSTER-Eclats_dautomne-01.jpg","datePublished":"2026-01-28T11:49:01+00:00","dateModified":"2026-02-22T18:04:33+00:00","description":"Affiche Vintage Automne Atelier Pix\u2019Art\u00ae | Poster d\u00e9coratif color\u00e9, original et \u00e9co-responsable | Format A3 30 x 40 cm | Livraison partout en France","breadcrumb":{"@id":"https:\/\/cartes-et-posters.fr\/index.php\/produit\/affiche-vintage-automne\/#breadcrumb"},"inLanguage":"fr-FR","potentialAction":[{"@type":"ReadAction","target":["https:\/\/cartes-et-posters.fr\/index.php\/produit\/affiche-vintage-automne\/"]}]},{"@type":"ImageObject","inLanguage":"fr-FR","@id":"https:\/\/cartes-et-posters.fr\/index.php\/produit\/affiche-vintage-automne\/#primaryimage","url":"https:\/\/cartes-et-posters.fr\/wp-content\/uploads\/2026\/02\/POSTER-Eclats_dautomne-01.jpg","contentUrl":"https:\/\/cartes-et-posters.fr\/wp-content\/uploads\/2026\/02\/POSTER-Eclats_dautomne-01.jpg","width":1000,"height":1000},{"@type":"BreadcrumbList","@id":"https:\/\/cartes-et-posters.fr\/index.php\/produit\/affiche-vintage-automne\/#breadcrumb","itemListElement":[{"@type":"ListItem","position":1,"name":"Accueil","item":"https:\/\/cartes-et-posters.fr\/"},{"@type":"ListItem","position":2,"name":"Produits","item":"https:\/\/cartes-et-posters.fr\/index.php\/shop\/"},{"@type":"ListItem","position":3,"name":"Affiche \u00c9clats d\u2019Automne"}]},{"@type":"WebSite","@id":"https:\/\/cartes-et-posters.fr\/#website","url":"https:\/\/cartes-et-posters.fr\/","name":"Cartes et Posters","description":"","potentialAction":[{"@type":"SearchAction","target":{"@type":"EntryPoint","urlTemplate":"https:\/\/cartes-et-posters.fr\/?s={search_term_string}"},"query-input":{"@type":"PropertyValueSpecification","valueRequired":true,"valueName":"search_term_string"}}],"inLanguage":"fr-FR"}]}},"df_price":14.5,"df_sale_price":"","df_regular_price":14.5,"df_image_link":"https:\/\/cartes-et-posters.fr\/wp-content\/uploads\/2026\/02\/POSTER-Eclats_dautomne-01-300x300.jpg","jetpack_sharing_enabled":true,"_links":{"self":[{"href":"https:\/\/cartes-et-posters.fr\/index.php\/wp-json\/wp\/v2\/product\/1963","targetHints":{"allow":["GET"]}}],"collection":[{"href":"https:\/\/cartes-et-posters.fr\/index.php\/wp-json\/wp\/v2\/product"}],"about":[{"href":"https:\/\/cartes-et-posters.fr\/index.php\/wp-json\/wp\/v2\/types\/product"}],"replies":[{"embeddable":true,"href":"https:\/\/cartes-et-posters.fr\/index.php\/wp-json\/wp\/v2\/comments?post=1963"}],"wp:featuredmedia":[{"embeddable":true,"href":"https:\/\/cartes-et-posters.fr\/index.php\/wp-json\/wp\/v2\/media\/2354"}],"wp:attachment":[{"href":"https:\/\/cartes-et-posters.fr\/index.php\/wp-json\/wp\/v2\/media?parent=1963"}],"wp:term":[{"taxonomy":"product_brand","embeddable":true,"href":"https:\/\/cartes-et-posters.fr\/index.php\/wp-json\/wp\/v2\/product_brand?post=1963"},{"taxonomy":"product_cat","embeddable":true,"href":"https:\/\/cartes-et-posters.fr\/index.php\/wp-json\/wp\/v2\/product_cat?post=1963"},{"taxonomy":"product_tag","embeddable":true,"href":"https:\/\/cartes-et-posters.fr\/index.php\/wp-json\/wp\/v2\/product_tag?post=1963"}],"curies":[{"name":"wp","href":"https:\/\/api.w.org\/{rel}","templated":true}]}}