{"id":1870,"date":"2026-01-27T16:27:18","date_gmt":"2026-01-27T16:27:18","guid":{"rendered":"https:\/\/cartesetposters.fr\/?post_type=product&#038;p=1870"},"modified":"2026-02-20T14:47:19","modified_gmt":"2026-02-20T13:47:19","slug":"carte-de-noel-sapin","status":"publish","type":"product","link":"https:\/\/cartes-et-posters.fr\/index.php\/produit\/carte-de-noel-sapin\/","title":{"rendered":"Carte de No\u00ebl &#8211; Sapin de No\u00ebl"},"content":{"rendered":"<p data-start=\"269\" data-end=\"598\">Souhaitez de belles f\u00eates avec cette carte de No\u00ebl Sapin \u00e9l\u00e9gante et chaleureuse !<\/p>\n<p data-start=\"269\" data-end=\"598\">Julie Desvaux signe une cr\u00e9ation festive o\u00f9 un sapin joliment d\u00e9cor\u00e9 de boules rouges et dor\u00e9es se dresse sur un fond bleu nuit profond. Une \u00e9toile dor\u00e9e scintille au sommet, tandis que le message \u00ab\u00a0Joyeuses F\u00eates\u00a0\u00bb apporte la touche finale, simple et intemporelle.<\/p>\n<p data-start=\"600\" data-end=\"874\">Avec son style raffin\u00e9 et lumineux, cette carte s\u00e9duit autant les amoureux des illustrations hivernales que celles et ceux qui appr\u00e9cient les attentions soign\u00e9es. Elle transmet instantan\u00e9ment l\u2019esprit de No\u00ebl : doux, chaleureux et rempli de magie.<\/p>\n<h2 data-start=\"820\" data-end=\"846\">\u2728 <strong data-start=\"822\" data-end=\"844\">D\u00e9tails du produit<\/strong><\/h2>\n<ul data-start=\"847\" data-end=\"1180\">\n<li style=\"list-style-type: none;\" data-start=\"847\" data-end=\"914\">\n<ul>\n<li data-start=\"975\" data-end=\"1040\">\n<p data-start=\"977\" data-end=\"1040\"><strong data-start=\"977\" data-end=\"989\">Format :<\/strong> carr\u00e9 13,2 x 13,2 cm \u2013 id\u00e9al \u00e0 offrir ou \u00e0 exposer<\/p>\n<\/li>\n<li data-start=\"1041\" data-end=\"1130\">\n<p data-start=\"1043\" data-end=\"1130\"><strong data-start=\"1043\" data-end=\"1055\">Papier :<\/strong> recycl\u00e9 et textur\u00e9 300 g\/m\u00b2, impression \u00e9co-responsable de haute qualit\u00e9<\/p>\n<\/li>\n<li data-start=\"1131\" data-end=\"1202\">\n<p data-start=\"1133\" data-end=\"1202\"><strong data-start=\"1133\" data-end=\"1151\">Illustration :<\/strong> cr\u00e9ation originale et exclusive \u00a92026 Julie Desvaux<\/p>\n<\/li>\n<li data-start=\"1203\" data-end=\"1245\">\n<p data-start=\"1205\" data-end=\"1245\"><strong data-start=\"1205\" data-end=\"1217\">Inclus :<\/strong> enveloppe carr\u00e9e<\/p>\n<\/li>\n<li data-start=\"1246\" data-end=\"1333\">\n<p data-start=\"1248\" data-end=\"1333\"><strong data-start=\"1248\" data-end=\"1270\">Vendue \u00e0 l\u2019unit\u00e9 :<\/strong> int\u00e9rieur et dos vierges pour \u00e9crire librement votre message<\/p>\n<\/li>\n<li data-start=\"1246\" data-end=\"1333\">\n<p data-start=\"1248\" data-end=\"1333\"><strong>Visuel :<\/strong> les couleurs peuvent varier selon l&rsquo;\u00e9cran &#8211; La carte que vous recevrez ne comporte pas les marques \u00ab\u00a0&amp;\u00a0\u00bb<\/p>\n<\/li>\n<\/ul>\n<\/li>\n<\/ul>\n<h2 data-start=\"1340\" data-end=\"1647\">\ud83c\udf84 <strong data-start=\"1343\" data-end=\"1383\">Une papeterie festive et responsable<\/strong><\/h2>\n<p data-start=\"1259\" data-end=\"1579\">Comme toutes les cr\u00e9ations de Julie, cette carte de No\u00ebl est imprim\u00e9e en petites s\u00e9ries, dans une d\u00e9marche \u00e9thique et durable. Elle fait partie de notre collection pens\u00e9e pour apporter couleur, joie et cr\u00e9ativit\u00e9 dans les moments pr\u00e9cieux.<\/p>\n<p data-start=\"1581\" data-end=\"1816\">Julie Desvaux, artiste graphiste bisontine, imagine et dessine chacune de ses illustrations avec passion. Son univers associe douceur, finesse et modernit\u00e9 pour transformer chaque carte en une petite \u0153uvre \u00e0 part enti\u00e8re.<\/p>\n<h2 data-start=\"1879\" data-end=\"1905\">\ud83d\udca1 <strong data-start=\"1882\" data-end=\"1905\">Pourquoi on l\u2019adore<\/strong><\/h2>\n<p data-start=\"1851\" data-end=\"2043\">\u2714 Un sapin illustr\u00e9 riche en d\u00e9tails, festif et lumineux<br \/>\n\u2714 Un support \u00e9pais, textur\u00e9 et 100% recycl\u00e9<br \/>\n\u2714 Une cr\u00e9ation originale \u00e9co-responsable<br \/>\n\u2714 Parfaite pour accompagner un cadeau ou transmettre de belles pens\u00e9es<\/p>\n<p data-start=\"2045\" data-end=\"2228\">Avec cette carte de No\u00ebl, vos v\u0153ux deviennent une attention unique, d\u00e9licate et pleine de magie. Une cr\u00e9ation qui illumine les f\u00eates\u2026 et le c\u0153ur de ceux qui la re\u00e7oivent.<\/p>\n","protected":false},"excerpt":{"rendered":"<p>Carte de No\u00ebl \u00e9l\u00e9gante et festive, illustr\u00e9e d\u2019un sapin d\u00e9cor\u00e9 sur fond bleu nuit.<\/p>\n","protected":false},"featured_media":2331,"comment_status":"open","ping_status":"closed","template":"","meta":{"neve_meta_sidebar":"","neve_meta_container":"","neve_meta_enable_content_width":"off","neve_meta_content_width":100,"neve_meta_title_alignment":"","neve_meta_author_avatar":"","neve_post_elements_order":"","neve_meta_disable_header":"","neve_meta_disable_footer":"","neve_meta_disable_title":""},"product_brand":[],"product_cat":[25],"product_tag":[30,32],"class_list":{"0":"post-1870","1":"product","2":"type-product","3":"status-publish","4":"has-post-thumbnail","6":"product_cat-cartes-illustrees-eco-responsables","7":"product_tag-carte-de-noel-originale","8":"product_tag-jolie-carte","9":"product_shipping_class-cartes","11":"first","12":"outofstock","13":"taxable","14":"shipping-taxable","15":"purchasable","16":"product-type-simple"},"yoast_head":"<!-- This site is optimized with the Yoast SEO plugin v27.4 - https:\/\/yoast.com\/product\/yoast-seo-wordpress\/ -->\n<title>Carte de No\u00ebl Sapin | Boutique en Ligne Cartes et Posters<\/title>\n<meta name=\"description\" content=\"Carte Joyeux No\u00ebl Sapin | Gamme F\u00eates de Fin d&#039;ann\u00e9e | Carte simple papier recycl\u00e9 format carr\u00e9 avec enveloppe | Cr\u00e9ation illustr\u00e9e Eco-Responsable\" \/>\n<meta name=\"robots\" content=\"index, follow, max-snippet:-1, max-image-preview:large, max-video-preview:-1\" \/>\n<link rel=\"canonical\" href=\"https:\/\/cartes-et-posters.fr\/index.php\/produit\/carte-de-noel-sapin\/\" \/>\n<meta property=\"og:locale\" content=\"fr_FR\" \/>\n<meta property=\"og:type\" content=\"article\" \/>\n<meta property=\"og:title\" content=\"Carte de No\u00ebl Sapin | Boutique en Ligne Cartes et Posters\" \/>\n<meta property=\"og:description\" content=\"Carte Joyeux No\u00ebl Sapin | Gamme F\u00eates de Fin d&#039;ann\u00e9e | Carte simple papier recycl\u00e9 format carr\u00e9 avec enveloppe | Cr\u00e9ation illustr\u00e9e Eco-Responsable\" \/>\n<meta property=\"og:url\" content=\"https:\/\/cartes-et-posters.fr\/index.php\/produit\/carte-de-noel-sapin\/\" \/>\n<meta property=\"og:site_name\" content=\"Cartes et Posters\" \/>\n<meta property=\"article:modified_time\" content=\"2026-02-20T13:47:19+00:00\" \/>\n<meta property=\"og:image\" content=\"https:\/\/cartes-et-posters.fr\/wp-content\/uploads\/2026\/02\/CARTE_JOYEUX_NOEL-Sapin_de_Noel.jpg\" \/>\n\t<meta property=\"og:image:width\" content=\"1000\" \/>\n\t<meta property=\"og:image:height\" content=\"1000\" \/>\n\t<meta property=\"og:image:type\" content=\"image\/jpeg\" \/>\n<meta name=\"twitter:card\" content=\"summary_large_image\" \/>\n<meta name=\"twitter:label1\" content=\"Dur\u00e9e de lecture estim\u00e9e\" \/>\n\t<meta name=\"twitter:data1\" content=\"2 minutes\" \/>\n<script type=\"application\/ld+json\" class=\"yoast-schema-graph\">{\"@context\":\"https:\\\/\\\/schema.org\",\"@graph\":[{\"@type\":\"WebPage\",\"@id\":\"https:\\\/\\\/cartes-et-posters.fr\\\/index.php\\\/produit\\\/carte-de-noel-sapin\\\/\",\"url\":\"https:\\\/\\\/cartes-et-posters.fr\\\/index.php\\\/produit\\\/carte-de-noel-sapin\\\/\",\"name\":\"Carte de No\u00ebl Sapin | Boutique en Ligne Cartes et Posters\",\"isPartOf\":{\"@id\":\"https:\\\/\\\/cartes-et-posters.fr\\\/#website\"},\"primaryImageOfPage\":{\"@id\":\"https:\\\/\\\/cartes-et-posters.fr\\\/index.php\\\/produit\\\/carte-de-noel-sapin\\\/#primaryimage\"},\"image\":{\"@id\":\"https:\\\/\\\/cartes-et-posters.fr\\\/index.php\\\/produit\\\/carte-de-noel-sapin\\\/#primaryimage\"},\"thumbnailUrl\":\"https:\\\/\\\/cartes-et-posters.fr\\\/wp-content\\\/uploads\\\/2026\\\/02\\\/CARTE_JOYEUX_NOEL-Sapin_de_Noel.jpg\",\"datePublished\":\"2026-01-27T16:27:18+00:00\",\"dateModified\":\"2026-02-20T13:47:19+00:00\",\"description\":\"Carte Joyeux No\u00ebl Sapin | Gamme F\u00eates de Fin d'ann\u00e9e | Carte simple papier recycl\u00e9 format carr\u00e9 avec enveloppe | Cr\u00e9ation illustr\u00e9e Eco-Responsable\",\"breadcrumb\":{\"@id\":\"https:\\\/\\\/cartes-et-posters.fr\\\/index.php\\\/produit\\\/carte-de-noel-sapin\\\/#breadcrumb\"},\"inLanguage\":\"fr-FR\",\"potentialAction\":[{\"@type\":\"ReadAction\",\"target\":[\"https:\\\/\\\/cartes-et-posters.fr\\\/index.php\\\/produit\\\/carte-de-noel-sapin\\\/\"]}]},{\"@type\":\"ImageObject\",\"inLanguage\":\"fr-FR\",\"@id\":\"https:\\\/\\\/cartes-et-posters.fr\\\/index.php\\\/produit\\\/carte-de-noel-sapin\\\/#primaryimage\",\"url\":\"https:\\\/\\\/cartes-et-posters.fr\\\/wp-content\\\/uploads\\\/2026\\\/02\\\/CARTE_JOYEUX_NOEL-Sapin_de_Noel.jpg\",\"contentUrl\":\"https:\\\/\\\/cartes-et-posters.fr\\\/wp-content\\\/uploads\\\/2026\\\/02\\\/CARTE_JOYEUX_NOEL-Sapin_de_Noel.jpg\",\"width\":1000,\"height\":1000},{\"@type\":\"BreadcrumbList\",\"@id\":\"https:\\\/\\\/cartes-et-posters.fr\\\/index.php\\\/produit\\\/carte-de-noel-sapin\\\/#breadcrumb\",\"itemListElement\":[{\"@type\":\"ListItem\",\"position\":1,\"name\":\"Accueil\",\"item\":\"https:\\\/\\\/cartes-et-posters.fr\\\/\"},{\"@type\":\"ListItem\",\"position\":2,\"name\":\"Produits\",\"item\":\"https:\\\/\\\/cartes-et-posters.fr\\\/index.php\\\/shop\\\/\"},{\"@type\":\"ListItem\",\"position\":3,\"name\":\"Carte de No\u00ebl &#8211; Sapin de No\u00ebl\"}]},{\"@type\":\"WebSite\",\"@id\":\"https:\\\/\\\/cartes-et-posters.fr\\\/#website\",\"url\":\"https:\\\/\\\/cartes-et-posters.fr\\\/\",\"name\":\"Cartes et Posters\",\"description\":\"\",\"potentialAction\":[{\"@type\":\"SearchAction\",\"target\":{\"@type\":\"EntryPoint\",\"urlTemplate\":\"https:\\\/\\\/cartes-et-posters.fr\\\/?s={search_term_string}\"},\"query-input\":{\"@type\":\"PropertyValueSpecification\",\"valueRequired\":true,\"valueName\":\"search_term_string\"}}],\"inLanguage\":\"fr-FR\"}]}<\/script>\n<!-- \/ Yoast SEO plugin. -->","yoast_head_json":{"title":"Carte de No\u00ebl Sapin | Boutique en Ligne Cartes et Posters","description":"Carte Joyeux No\u00ebl Sapin | Gamme F\u00eates de Fin d'ann\u00e9e | Carte simple papier recycl\u00e9 format carr\u00e9 avec enveloppe | Cr\u00e9ation illustr\u00e9e Eco-Responsable","robots":{"index":"index","follow":"follow","max-snippet":"max-snippet:-1","max-image-preview":"max-image-preview:large","max-video-preview":"max-video-preview:-1"},"canonical":"https:\/\/cartes-et-posters.fr\/index.php\/produit\/carte-de-noel-sapin\/","og_locale":"fr_FR","og_type":"article","og_title":"Carte de No\u00ebl Sapin | Boutique en Ligne Cartes et Posters","og_description":"Carte Joyeux No\u00ebl Sapin | Gamme F\u00eates de Fin d'ann\u00e9e | Carte simple papier recycl\u00e9 format carr\u00e9 avec enveloppe | Cr\u00e9ation illustr\u00e9e Eco-Responsable","og_url":"https:\/\/cartes-et-posters.fr\/index.php\/produit\/carte-de-noel-sapin\/","og_site_name":"Cartes et Posters","article_modified_time":"2026-02-20T13:47:19+00:00","og_image":[{"width":1000,"height":1000,"url":"https:\/\/cartes-et-posters.fr\/wp-content\/uploads\/2026\/02\/CARTE_JOYEUX_NOEL-Sapin_de_Noel.jpg","type":"image\/jpeg"}],"twitter_card":"summary_large_image","twitter_misc":{"Dur\u00e9e de lecture estim\u00e9e":"2 minutes"},"schema":{"@context":"https:\/\/schema.org","@graph":[{"@type":"WebPage","@id":"https:\/\/cartes-et-posters.fr\/index.php\/produit\/carte-de-noel-sapin\/","url":"https:\/\/cartes-et-posters.fr\/index.php\/produit\/carte-de-noel-sapin\/","name":"Carte de No\u00ebl Sapin | Boutique en Ligne Cartes et Posters","isPartOf":{"@id":"https:\/\/cartes-et-posters.fr\/#website"},"primaryImageOfPage":{"@id":"https:\/\/cartes-et-posters.fr\/index.php\/produit\/carte-de-noel-sapin\/#primaryimage"},"image":{"@id":"https:\/\/cartes-et-posters.fr\/index.php\/produit\/carte-de-noel-sapin\/#primaryimage"},"thumbnailUrl":"https:\/\/cartes-et-posters.fr\/wp-content\/uploads\/2026\/02\/CARTE_JOYEUX_NOEL-Sapin_de_Noel.jpg","datePublished":"2026-01-27T16:27:18+00:00","dateModified":"2026-02-20T13:47:19+00:00","description":"Carte Joyeux No\u00ebl Sapin | Gamme F\u00eates de Fin d'ann\u00e9e | Carte simple papier recycl\u00e9 format carr\u00e9 avec enveloppe | Cr\u00e9ation illustr\u00e9e Eco-Responsable","breadcrumb":{"@id":"https:\/\/cartes-et-posters.fr\/index.php\/produit\/carte-de-noel-sapin\/#breadcrumb"},"inLanguage":"fr-FR","potentialAction":[{"@type":"ReadAction","target":["https:\/\/cartes-et-posters.fr\/index.php\/produit\/carte-de-noel-sapin\/"]}]},{"@type":"ImageObject","inLanguage":"fr-FR","@id":"https:\/\/cartes-et-posters.fr\/index.php\/produit\/carte-de-noel-sapin\/#primaryimage","url":"https:\/\/cartes-et-posters.fr\/wp-content\/uploads\/2026\/02\/CARTE_JOYEUX_NOEL-Sapin_de_Noel.jpg","contentUrl":"https:\/\/cartes-et-posters.fr\/wp-content\/uploads\/2026\/02\/CARTE_JOYEUX_NOEL-Sapin_de_Noel.jpg","width":1000,"height":1000},{"@type":"BreadcrumbList","@id":"https:\/\/cartes-et-posters.fr\/index.php\/produit\/carte-de-noel-sapin\/#breadcrumb","itemListElement":[{"@type":"ListItem","position":1,"name":"Accueil","item":"https:\/\/cartes-et-posters.fr\/"},{"@type":"ListItem","position":2,"name":"Produits","item":"https:\/\/cartes-et-posters.fr\/index.php\/shop\/"},{"@type":"ListItem","position":3,"name":"Carte de No\u00ebl &#8211; Sapin de No\u00ebl"}]},{"@type":"WebSite","@id":"https:\/\/cartes-et-posters.fr\/#website","url":"https:\/\/cartes-et-posters.fr\/","name":"Cartes et Posters","description":"","potentialAction":[{"@type":"SearchAction","target":{"@type":"EntryPoint","urlTemplate":"https:\/\/cartes-et-posters.fr\/?s={search_term_string}"},"query-input":{"@type":"PropertyValueSpecification","valueRequired":true,"valueName":"search_term_string"}}],"inLanguage":"fr-FR"}]}},"df_price":2.9,"df_sale_price":"","df_regular_price":2.9,"df_image_link":"https:\/\/cartes-et-posters.fr\/wp-content\/uploads\/2026\/02\/CARTE_JOYEUX_NOEL-Sapin_de_Noel-300x300.jpg","jetpack_sharing_enabled":true,"_links":{"self":[{"href":"https:\/\/cartes-et-posters.fr\/index.php\/wp-json\/wp\/v2\/product\/1870","targetHints":{"allow":["GET"]}}],"collection":[{"href":"https:\/\/cartes-et-posters.fr\/index.php\/wp-json\/wp\/v2\/product"}],"about":[{"href":"https:\/\/cartes-et-posters.fr\/index.php\/wp-json\/wp\/v2\/types\/product"}],"replies":[{"embeddable":true,"href":"https:\/\/cartes-et-posters.fr\/index.php\/wp-json\/wp\/v2\/comments?post=1870"}],"wp:featuredmedia":[{"embeddable":true,"href":"https:\/\/cartes-et-posters.fr\/index.php\/wp-json\/wp\/v2\/media\/2331"}],"wp:attachment":[{"href":"https:\/\/cartes-et-posters.fr\/index.php\/wp-json\/wp\/v2\/media?parent=1870"}],"wp:term":[{"taxonomy":"product_brand","embeddable":true,"href":"https:\/\/cartes-et-posters.fr\/index.php\/wp-json\/wp\/v2\/product_brand?post=1870"},{"taxonomy":"product_cat","embeddable":true,"href":"https:\/\/cartes-et-posters.fr\/index.php\/wp-json\/wp\/v2\/product_cat?post=1870"},{"taxonomy":"product_tag","embeddable":true,"href":"https:\/\/cartes-et-posters.fr\/index.php\/wp-json\/wp\/v2\/product_tag?post=1870"}],"curies":[{"name":"wp","href":"https:\/\/api.w.org\/{rel}","templated":true}]}}