{"id":1867,"date":"2026-01-27T16:22:25","date_gmt":"2026-01-27T16:22:25","guid":{"rendered":"https:\/\/cartesetposters.fr\/?post_type=product&#038;p=1867"},"modified":"2026-02-20T14:48:23","modified_gmt":"2026-02-20T13:48:23","slug":"carte-de-noel-casse-noisette","status":"publish","type":"product","link":"https:\/\/cartes-et-posters.fr\/index.php\/produit\/carte-de-noel-casse-noisette\/","title":{"rendered":"Carte de No\u00ebl &#8211; Casse-Noisette"},"content":{"rendered":"<p data-start=\"269\" data-end=\"598\">Offrez une touche de magie traditionnelle avec cette carte de No\u00ebl \u00e9l\u00e9gante et festive !<\/p>\n<p data-start=\"269\" data-end=\"598\">Julie Desvaux met \u00e0 l\u2019honneur un Casse-Noisette finement illustr\u00e9, ic\u00f4ne intemporelle des f\u00eates, qui se d\u00e9tache sur un fond bleu nuit profond. Le contraste subtil entre l\u2019illustration lumineuse et le fond sombre cr\u00e9e une ambiance enchant\u00e9e, raffin\u00e9e et pleine de charme.<\/p>\n<p data-start=\"632\" data-end=\"927\">Cette carte s\u00e9duira les amoureux des univers classiques de No\u00ebl, ceux qui appr\u00e9cient les illustrations soign\u00e9es et les objets d\u00e9coratifs inspir\u00e9s des contes et ballets de fin d\u2019ann\u00e9e. Elle apporte une atmosph\u00e8re chaleureuse et f\u00e9erique, parfaite pour accompagner des v\u0153ux \u00e9l\u00e9gants et sinc\u00e8res.<\/p>\n<h2 data-start=\"820\" data-end=\"846\">\u2728 <strong data-start=\"822\" data-end=\"844\">D\u00e9tails du produit<\/strong><\/h2>\n<ul data-start=\"847\" data-end=\"1180\">\n<li style=\"list-style-type: none;\" data-start=\"847\" data-end=\"914\">\n<ul>\n<li data-start=\"975\" data-end=\"1040\">\n<p data-start=\"977\" data-end=\"1040\"><strong data-start=\"977\" data-end=\"989\">Format :<\/strong> carr\u00e9 13,2 x 13,2 cm \u2013 id\u00e9al \u00e0 offrir ou \u00e0 exposer<\/p>\n<\/li>\n<li data-start=\"1041\" data-end=\"1130\">\n<p data-start=\"1043\" data-end=\"1130\"><strong data-start=\"1043\" data-end=\"1055\">Papier :<\/strong> recycl\u00e9 et textur\u00e9 300 g\/m\u00b2, impression \u00e9co-responsable de haute qualit\u00e9<\/p>\n<\/li>\n<li data-start=\"1131\" data-end=\"1202\">\n<p data-start=\"1133\" data-end=\"1202\"><strong data-start=\"1133\" data-end=\"1151\">Illustration :<\/strong> cr\u00e9ation originale et exclusive \u00a92026 Julie Desvaux<\/p>\n<\/li>\n<li data-start=\"1203\" data-end=\"1245\">\n<p data-start=\"1205\" data-end=\"1245\"><strong data-start=\"1205\" data-end=\"1217\">Inclus :<\/strong> enveloppe carr\u00e9e<\/p>\n<\/li>\n<li data-start=\"1246\" data-end=\"1333\">\n<p data-start=\"1248\" data-end=\"1333\"><strong data-start=\"1248\" data-end=\"1270\">Vendue \u00e0 l\u2019unit\u00e9 :<\/strong> int\u00e9rieur et dos vierges pour \u00e9crire librement votre message<\/p>\n<\/li>\n<li data-start=\"1246\" data-end=\"1333\">\n<p data-start=\"1248\" data-end=\"1333\"><strong>Visuel :<\/strong> les couleurs peuvent varier selon l&rsquo;\u00e9cran &#8211; La carte que vous recevrez ne comporte pas les marques \u00ab\u00a0&amp;\u00a0\u00bb<\/p>\n<\/li>\n<\/ul>\n<\/li>\n<\/ul>\n<h2 data-start=\"1340\" data-end=\"1647\">\ud83c\udf84 <strong data-start=\"1343\" data-end=\"1383\">Une papeterie festive et responsable<\/strong><\/h2>\n<p data-start=\"1323\" data-end=\"1666\">Imprim\u00e9e en petites s\u00e9ries, cette carte de No\u00ebl Casse-Noisette suit l\u2019engagement responsable de Julie : mat\u00e9riaux recycl\u00e9s, production raisonn\u00e9e, finitions soign\u00e9es. Elle rejoint notre collection qui r\u00e9unit des cr\u00e9ations destin\u00e9es \u00e0 colorer le quotidien et \u00e0 \u00e9veiller l\u2019\u00e9motion.<\/p>\n<p data-start=\"1668\" data-end=\"1924\">Julie Desvaux, artiste graphiste bisontine, dessine chaque illustration \u00e0 la main avant de la finaliser dans son univers graphique unique et moderne. Avec son style d\u00e9licat, elle donne vie \u00e0 des cartes de f\u00eates \u00e9l\u00e9gantes, originales et charg\u00e9es de magie.<\/p>\n<h2 data-start=\"1879\" data-end=\"1905\">\ud83d\udca1 <strong data-start=\"1882\" data-end=\"1905\">Pourquoi on l\u2019adore<\/strong><\/h2>\n<p data-start=\"1959\" data-end=\"2160\">\u2714 Un Casse-Noisette iconique et raffin\u00e9<br data-start=\"1998\" data-end=\"2001\" \/>\u2714 Un support haut de gamme en papier recycl\u00e9<br data-start=\"2045\" data-end=\"2048\" \/>\u2714 Une illustration exclusive et festive<br data-start=\"2087\" data-end=\"2090\" \/>\u2714 Parfaite pour envoyer des v\u0153ux empreints de tradition et de f\u00e9\u00e9rie<\/p>\n<p data-start=\"2162\" data-end=\"2339\">Avec cette carte de No\u00ebl Casse-Noisette, vos messages se font po\u00e9tiques, \u00e9l\u00e9gants et r\u00e9solument empreints de l\u2019esprit de No\u00ebl. Un petit concentr\u00e9 de magie \u00e0 offrir ou \u00e0 collectionner !<\/p>\n","protected":false},"excerpt":{"rendered":"<p>Carte de No\u00ebl \u00e9l\u00e9gante illustr\u00e9e d\u2019un Casse-Noisette sur fond bleu nuit, parfaite pour des v\u0153ux f\u00e9eriques.<\/p>\n","protected":false},"featured_media":2335,"comment_status":"open","ping_status":"closed","template":"","meta":{"neve_meta_sidebar":"","neve_meta_container":"","neve_meta_enable_content_width":"off","neve_meta_content_width":100,"neve_meta_title_alignment":"","neve_meta_author_avatar":"","neve_post_elements_order":"","neve_meta_disable_header":"","neve_meta_disable_footer":"","neve_meta_disable_title":""},"product_brand":[],"product_cat":[25],"product_tag":[30],"class_list":{"0":"post-1867","1":"product","2":"type-product","3":"status-publish","4":"has-post-thumbnail","6":"product_cat-cartes-illustrees-eco-responsables","7":"product_tag-carte-de-noel-originale","8":"product_shipping_class-cartes","10":"first","11":"outofstock","12":"taxable","13":"shipping-taxable","14":"purchasable","15":"product-type-simple"},"yoast_head":"<!-- This site is optimized with the Yoast SEO plugin v27.4 - https:\/\/yoast.com\/product\/yoast-seo-wordpress\/ -->\n<title>Carte de No\u00ebl Casse-Noisette | Boutique Cartes et Posters<\/title>\n<meta name=\"description\" content=\"Carte Casse-Noisette | Gamme Joyeuses F\u00eates de Fin d&#039;ann\u00e9e | Carte simple papier recycl\u00e9 format carr\u00e9 avec enveloppe | Cr\u00e9ation illustr\u00e9e Eco-Responsable\" \/>\n<meta name=\"robots\" content=\"index, follow, max-snippet:-1, max-image-preview:large, max-video-preview:-1\" \/>\n<link rel=\"canonical\" href=\"https:\/\/cartes-et-posters.fr\/index.php\/produit\/carte-de-noel-casse-noisette\/\" \/>\n<meta property=\"og:locale\" content=\"fr_FR\" \/>\n<meta property=\"og:type\" content=\"article\" \/>\n<meta property=\"og:title\" content=\"Carte de No\u00ebl Casse-Noisette | Boutique Cartes et Posters\" \/>\n<meta property=\"og:description\" content=\"Carte Casse-Noisette | Gamme Joyeuses F\u00eates de Fin d&#039;ann\u00e9e | Carte simple papier recycl\u00e9 format carr\u00e9 avec enveloppe | Cr\u00e9ation illustr\u00e9e Eco-Responsable\" \/>\n<meta property=\"og:url\" content=\"https:\/\/cartes-et-posters.fr\/index.php\/produit\/carte-de-noel-casse-noisette\/\" \/>\n<meta property=\"og:site_name\" content=\"Cartes et Posters\" \/>\n<meta property=\"article:modified_time\" content=\"2026-02-20T13:48:23+00:00\" \/>\n<meta property=\"og:image\" content=\"https:\/\/cartes-et-posters.fr\/wp-content\/uploads\/2026\/02\/CARTE_JOYEUX_NOEL-Casse_noisette.jpg\" \/>\n\t<meta property=\"og:image:width\" content=\"1000\" \/>\n\t<meta property=\"og:image:height\" content=\"1000\" \/>\n\t<meta property=\"og:image:type\" content=\"image\/jpeg\" \/>\n<meta name=\"twitter:card\" content=\"summary_large_image\" \/>\n<meta name=\"twitter:label1\" content=\"Dur\u00e9e de lecture estim\u00e9e\" \/>\n\t<meta name=\"twitter:data1\" content=\"2 minutes\" \/>\n<script type=\"application\/ld+json\" class=\"yoast-schema-graph\">{\"@context\":\"https:\\\/\\\/schema.org\",\"@graph\":[{\"@type\":\"WebPage\",\"@id\":\"https:\\\/\\\/cartes-et-posters.fr\\\/index.php\\\/produit\\\/carte-de-noel-casse-noisette\\\/\",\"url\":\"https:\\\/\\\/cartes-et-posters.fr\\\/index.php\\\/produit\\\/carte-de-noel-casse-noisette\\\/\",\"name\":\"Carte de No\u00ebl Casse-Noisette | Boutique Cartes et Posters\",\"isPartOf\":{\"@id\":\"https:\\\/\\\/cartes-et-posters.fr\\\/#website\"},\"primaryImageOfPage\":{\"@id\":\"https:\\\/\\\/cartes-et-posters.fr\\\/index.php\\\/produit\\\/carte-de-noel-casse-noisette\\\/#primaryimage\"},\"image\":{\"@id\":\"https:\\\/\\\/cartes-et-posters.fr\\\/index.php\\\/produit\\\/carte-de-noel-casse-noisette\\\/#primaryimage\"},\"thumbnailUrl\":\"https:\\\/\\\/cartes-et-posters.fr\\\/wp-content\\\/uploads\\\/2026\\\/02\\\/CARTE_JOYEUX_NOEL-Casse_noisette.jpg\",\"datePublished\":\"2026-01-27T16:22:25+00:00\",\"dateModified\":\"2026-02-20T13:48:23+00:00\",\"description\":\"Carte Casse-Noisette | Gamme Joyeuses F\u00eates de Fin d'ann\u00e9e | Carte simple papier recycl\u00e9 format carr\u00e9 avec enveloppe | Cr\u00e9ation illustr\u00e9e Eco-Responsable\",\"breadcrumb\":{\"@id\":\"https:\\\/\\\/cartes-et-posters.fr\\\/index.php\\\/produit\\\/carte-de-noel-casse-noisette\\\/#breadcrumb\"},\"inLanguage\":\"fr-FR\",\"potentialAction\":[{\"@type\":\"ReadAction\",\"target\":[\"https:\\\/\\\/cartes-et-posters.fr\\\/index.php\\\/produit\\\/carte-de-noel-casse-noisette\\\/\"]}]},{\"@type\":\"ImageObject\",\"inLanguage\":\"fr-FR\",\"@id\":\"https:\\\/\\\/cartes-et-posters.fr\\\/index.php\\\/produit\\\/carte-de-noel-casse-noisette\\\/#primaryimage\",\"url\":\"https:\\\/\\\/cartes-et-posters.fr\\\/wp-content\\\/uploads\\\/2026\\\/02\\\/CARTE_JOYEUX_NOEL-Casse_noisette.jpg\",\"contentUrl\":\"https:\\\/\\\/cartes-et-posters.fr\\\/wp-content\\\/uploads\\\/2026\\\/02\\\/CARTE_JOYEUX_NOEL-Casse_noisette.jpg\",\"width\":1000,\"height\":1000},{\"@type\":\"BreadcrumbList\",\"@id\":\"https:\\\/\\\/cartes-et-posters.fr\\\/index.php\\\/produit\\\/carte-de-noel-casse-noisette\\\/#breadcrumb\",\"itemListElement\":[{\"@type\":\"ListItem\",\"position\":1,\"name\":\"Accueil\",\"item\":\"https:\\\/\\\/cartes-et-posters.fr\\\/\"},{\"@type\":\"ListItem\",\"position\":2,\"name\":\"Produits\",\"item\":\"https:\\\/\\\/cartes-et-posters.fr\\\/index.php\\\/shop\\\/\"},{\"@type\":\"ListItem\",\"position\":3,\"name\":\"Carte de No\u00ebl &#8211; Casse-Noisette\"}]},{\"@type\":\"WebSite\",\"@id\":\"https:\\\/\\\/cartes-et-posters.fr\\\/#website\",\"url\":\"https:\\\/\\\/cartes-et-posters.fr\\\/\",\"name\":\"Cartes et Posters\",\"description\":\"\",\"potentialAction\":[{\"@type\":\"SearchAction\",\"target\":{\"@type\":\"EntryPoint\",\"urlTemplate\":\"https:\\\/\\\/cartes-et-posters.fr\\\/?s={search_term_string}\"},\"query-input\":{\"@type\":\"PropertyValueSpecification\",\"valueRequired\":true,\"valueName\":\"search_term_string\"}}],\"inLanguage\":\"fr-FR\"}]}<\/script>\n<!-- \/ Yoast SEO plugin. -->","yoast_head_json":{"title":"Carte de No\u00ebl Casse-Noisette | Boutique Cartes et Posters","description":"Carte Casse-Noisette | Gamme Joyeuses F\u00eates de Fin d'ann\u00e9e | Carte simple papier recycl\u00e9 format carr\u00e9 avec enveloppe | Cr\u00e9ation illustr\u00e9e Eco-Responsable","robots":{"index":"index","follow":"follow","max-snippet":"max-snippet:-1","max-image-preview":"max-image-preview:large","max-video-preview":"max-video-preview:-1"},"canonical":"https:\/\/cartes-et-posters.fr\/index.php\/produit\/carte-de-noel-casse-noisette\/","og_locale":"fr_FR","og_type":"article","og_title":"Carte de No\u00ebl Casse-Noisette | Boutique Cartes et Posters","og_description":"Carte Casse-Noisette | Gamme Joyeuses F\u00eates de Fin d'ann\u00e9e | Carte simple papier recycl\u00e9 format carr\u00e9 avec enveloppe | Cr\u00e9ation illustr\u00e9e Eco-Responsable","og_url":"https:\/\/cartes-et-posters.fr\/index.php\/produit\/carte-de-noel-casse-noisette\/","og_site_name":"Cartes et Posters","article_modified_time":"2026-02-20T13:48:23+00:00","og_image":[{"width":1000,"height":1000,"url":"https:\/\/cartes-et-posters.fr\/wp-content\/uploads\/2026\/02\/CARTE_JOYEUX_NOEL-Casse_noisette.jpg","type":"image\/jpeg"}],"twitter_card":"summary_large_image","twitter_misc":{"Dur\u00e9e de lecture estim\u00e9e":"2 minutes"},"schema":{"@context":"https:\/\/schema.org","@graph":[{"@type":"WebPage","@id":"https:\/\/cartes-et-posters.fr\/index.php\/produit\/carte-de-noel-casse-noisette\/","url":"https:\/\/cartes-et-posters.fr\/index.php\/produit\/carte-de-noel-casse-noisette\/","name":"Carte de No\u00ebl Casse-Noisette | Boutique Cartes et Posters","isPartOf":{"@id":"https:\/\/cartes-et-posters.fr\/#website"},"primaryImageOfPage":{"@id":"https:\/\/cartes-et-posters.fr\/index.php\/produit\/carte-de-noel-casse-noisette\/#primaryimage"},"image":{"@id":"https:\/\/cartes-et-posters.fr\/index.php\/produit\/carte-de-noel-casse-noisette\/#primaryimage"},"thumbnailUrl":"https:\/\/cartes-et-posters.fr\/wp-content\/uploads\/2026\/02\/CARTE_JOYEUX_NOEL-Casse_noisette.jpg","datePublished":"2026-01-27T16:22:25+00:00","dateModified":"2026-02-20T13:48:23+00:00","description":"Carte Casse-Noisette | Gamme Joyeuses F\u00eates de Fin d'ann\u00e9e | Carte simple papier recycl\u00e9 format carr\u00e9 avec enveloppe | Cr\u00e9ation illustr\u00e9e Eco-Responsable","breadcrumb":{"@id":"https:\/\/cartes-et-posters.fr\/index.php\/produit\/carte-de-noel-casse-noisette\/#breadcrumb"},"inLanguage":"fr-FR","potentialAction":[{"@type":"ReadAction","target":["https:\/\/cartes-et-posters.fr\/index.php\/produit\/carte-de-noel-casse-noisette\/"]}]},{"@type":"ImageObject","inLanguage":"fr-FR","@id":"https:\/\/cartes-et-posters.fr\/index.php\/produit\/carte-de-noel-casse-noisette\/#primaryimage","url":"https:\/\/cartes-et-posters.fr\/wp-content\/uploads\/2026\/02\/CARTE_JOYEUX_NOEL-Casse_noisette.jpg","contentUrl":"https:\/\/cartes-et-posters.fr\/wp-content\/uploads\/2026\/02\/CARTE_JOYEUX_NOEL-Casse_noisette.jpg","width":1000,"height":1000},{"@type":"BreadcrumbList","@id":"https:\/\/cartes-et-posters.fr\/index.php\/produit\/carte-de-noel-casse-noisette\/#breadcrumb","itemListElement":[{"@type":"ListItem","position":1,"name":"Accueil","item":"https:\/\/cartes-et-posters.fr\/"},{"@type":"ListItem","position":2,"name":"Produits","item":"https:\/\/cartes-et-posters.fr\/index.php\/shop\/"},{"@type":"ListItem","position":3,"name":"Carte de No\u00ebl &#8211; Casse-Noisette"}]},{"@type":"WebSite","@id":"https:\/\/cartes-et-posters.fr\/#website","url":"https:\/\/cartes-et-posters.fr\/","name":"Cartes et Posters","description":"","potentialAction":[{"@type":"SearchAction","target":{"@type":"EntryPoint","urlTemplate":"https:\/\/cartes-et-posters.fr\/?s={search_term_string}"},"query-input":{"@type":"PropertyValueSpecification","valueRequired":true,"valueName":"search_term_string"}}],"inLanguage":"fr-FR"}]}},"df_price":2.9,"df_sale_price":"","df_regular_price":2.9,"df_image_link":"https:\/\/cartes-et-posters.fr\/wp-content\/uploads\/2026\/02\/CARTE_JOYEUX_NOEL-Casse_noisette-300x300.jpg","jetpack_sharing_enabled":true,"_links":{"self":[{"href":"https:\/\/cartes-et-posters.fr\/index.php\/wp-json\/wp\/v2\/product\/1867","targetHints":{"allow":["GET"]}}],"collection":[{"href":"https:\/\/cartes-et-posters.fr\/index.php\/wp-json\/wp\/v2\/product"}],"about":[{"href":"https:\/\/cartes-et-posters.fr\/index.php\/wp-json\/wp\/v2\/types\/product"}],"replies":[{"embeddable":true,"href":"https:\/\/cartes-et-posters.fr\/index.php\/wp-json\/wp\/v2\/comments?post=1867"}],"wp:featuredmedia":[{"embeddable":true,"href":"https:\/\/cartes-et-posters.fr\/index.php\/wp-json\/wp\/v2\/media\/2335"}],"wp:attachment":[{"href":"https:\/\/cartes-et-posters.fr\/index.php\/wp-json\/wp\/v2\/media?parent=1867"}],"wp:term":[{"taxonomy":"product_brand","embeddable":true,"href":"https:\/\/cartes-et-posters.fr\/index.php\/wp-json\/wp\/v2\/product_brand?post=1867"},{"taxonomy":"product_cat","embeddable":true,"href":"https:\/\/cartes-et-posters.fr\/index.php\/wp-json\/wp\/v2\/product_cat?post=1867"},{"taxonomy":"product_tag","embeddable":true,"href":"https:\/\/cartes-et-posters.fr\/index.php\/wp-json\/wp\/v2\/product_tag?post=1867"}],"curies":[{"name":"wp","href":"https:\/\/api.w.org\/{rel}","templated":true}]}}