{"id":1865,"date":"2026-01-27T16:19:14","date_gmt":"2026-01-27T16:19:14","guid":{"rendered":"https:\/\/cartesetposters.fr\/?post_type=product&#038;p=1865"},"modified":"2026-02-20T14:51:35","modified_gmt":"2026-02-20T13:51:35","slug":"carte-de-noel-bonhomme-de-neige","status":"publish","type":"product","link":"https:\/\/cartes-et-posters.fr\/index.php\/produit\/carte-de-noel-bonhomme-de-neige\/","title":{"rendered":"Carte de No\u00ebl &#8211; Bonhomme de Neige"},"content":{"rendered":"<p data-start=\"269\" data-end=\"598\">Offrez un moment de douceur hivernale avec cette carte de No\u00ebl mettant en sc\u00e8ne un adorable bonhomme de neige.<\/p>\n<p data-start=\"269\" data-end=\"598\">Julie Desvaux propose une illustration joyeuse : un bonhomme de neige coiff\u00e9 d\u2019un bonnet de P\u00e8re No\u00ebl, par\u00e9 d\u2019une \u00e9charpe rouge \u00e9toil\u00e9e et de petits boutons rouges, le tout sur un fond bleu parsem\u00e9 de flocons subtils.<\/p>\n<p data-start=\"582\" data-end=\"789\">Avec son esprit chaleureux et r\u00e9confortant, cette carte s\u00e9duit autant les amoureux de l\u2019hiver que les fans d\u2019illustrations tendres et festives. Elle transmet un \u201cJoyeuses F\u00eates\u201d simple, lumineux et universel.<\/p>\n<h2 data-start=\"820\" data-end=\"846\">\u2728 <strong data-start=\"822\" data-end=\"844\">D\u00e9tails du produit<\/strong><\/h2>\n<ul data-start=\"847\" data-end=\"1180\">\n<li style=\"list-style-type: none;\" data-start=\"847\" data-end=\"914\">\n<ul>\n<li data-start=\"975\" data-end=\"1040\">\n<p data-start=\"977\" data-end=\"1040\"><strong data-start=\"977\" data-end=\"989\">Format :<\/strong> carr\u00e9 13,2 x 13,2 cm \u2013 id\u00e9al \u00e0 offrir ou \u00e0 exposer<\/p>\n<\/li>\n<li data-start=\"1041\" data-end=\"1130\">\n<p data-start=\"1043\" data-end=\"1130\"><strong data-start=\"1043\" data-end=\"1055\">Papier :<\/strong> recycl\u00e9 et textur\u00e9 300 g\/m\u00b2, impression \u00e9co-responsable de haute qualit\u00e9<\/p>\n<\/li>\n<li data-start=\"1131\" data-end=\"1202\">\n<p data-start=\"1133\" data-end=\"1202\"><strong data-start=\"1133\" data-end=\"1151\">Illustration :<\/strong> cr\u00e9ation originale et exclusive \u00a92026 Julie Desvaux<\/p>\n<\/li>\n<li data-start=\"1203\" data-end=\"1245\">\n<p data-start=\"1205\" data-end=\"1245\"><strong data-start=\"1205\" data-end=\"1217\">Inclus :<\/strong> enveloppe carr\u00e9e<\/p>\n<\/li>\n<li data-start=\"1246\" data-end=\"1333\">\n<p data-start=\"1248\" data-end=\"1333\"><strong data-start=\"1248\" data-end=\"1270\">Vendue \u00e0 l\u2019unit\u00e9 :<\/strong> int\u00e9rieur et dos vierges pour \u00e9crire librement votre message<\/p>\n<\/li>\n<li data-start=\"1246\" data-end=\"1333\">\n<p data-start=\"1248\" data-end=\"1333\"><strong>Visuel :<\/strong> les couleurs peuvent varier selon l&rsquo;\u00e9cran &#8211; La carte que vous recevrez ne comporte pas les marques \u00ab\u00a0&amp;\u00a0\u00bb<\/p>\n<\/li>\n<\/ul>\n<\/li>\n<\/ul>\n<h2 data-start=\"1340\" data-end=\"1647\"><strong data-start=\"1343\" data-end=\"1383\">\u2744\ufe0f Une papeterie hivernale et joyeuse<\/strong><\/h2>\n<p data-start=\"1186\" data-end=\"1539\">Comme chaque cr\u00e9ation de Julie, cette carte de No\u00ebl est imprim\u00e9e en petites s\u00e9ries sur papier recycl\u00e9. Elle refl\u00e8te un engagement fort pour une papeterie durable, soign\u00e9e et cr\u00e9ative. La collection Joyeux No\u00ebl rassemble des visuels pens\u00e9s pour apporter joie, couleur et po\u00e9sie \u00e0 chaque occasion.<\/p>\n<p data-start=\"1541\" data-end=\"1764\">Julie Desvaux, artiste graphiste bisontine, imagine et illustre chaque carte dans un univers tendre et expressif. Son style m\u00eale douceur, finesse et esprit festif pour transformer chaque cr\u00e9ation en petite \u0153uvre \u00e0 offrir.<\/p>\n<h2 data-start=\"1879\" data-end=\"1905\">\ud83d\udca1 <strong data-start=\"1882\" data-end=\"1905\">Pourquoi on l\u2019adore<\/strong><\/h2>\n<p data-start=\"1799\" data-end=\"1986\">\u2714 Un bonhomme de neige adorable et festif<br data-start=\"1840\" data-end=\"1843\" \/>\u2714 Une ambiance hivernale douce et lumineuse<br data-start=\"1886\" data-end=\"1889\" \/>\u2714 Un papier recycl\u00e9 premium et durable<br data-start=\"1927\" data-end=\"1930\" \/>\u2714 Parfaite pour souhaiter un No\u00ebl tendre et chaleureux<\/p>\n<p data-start=\"1988\" data-end=\"2119\">Cette carte Bonhomme de Neige apporte une note de magie hivernale \u00e0 chacun de vos messages, pour des v\u0153ux aussi doux que po\u00e9tiques.<\/p>\n","protected":false},"excerpt":{"rendered":"<p>Une tendre carte de No\u00ebl repr\u00e9sentant un bonhomme de neige festif sur fond bleu enneig\u00e9. Imprim\u00e9e sur papier recycl\u00e9, elle m\u00eale douceur, qualit\u00e9 et esprit hivernal.<\/p>\n","protected":false},"featured_media":2333,"comment_status":"open","ping_status":"closed","template":"","meta":{"neve_meta_sidebar":"","neve_meta_container":"","neve_meta_enable_content_width":"off","neve_meta_content_width":100,"neve_meta_title_alignment":"","neve_meta_author_avatar":"","neve_post_elements_order":"","neve_meta_disable_header":"","neve_meta_disable_footer":"","neve_meta_disable_title":""},"product_brand":[],"product_cat":[25],"product_tag":[30,32],"class_list":{"0":"post-1865","1":"product","2":"type-product","3":"status-publish","4":"has-post-thumbnail","6":"product_cat-cartes-illustrees-eco-responsables","7":"product_tag-carte-de-noel-originale","8":"product_tag-jolie-carte","9":"product_shipping_class-cartes","11":"first","12":"outofstock","13":"taxable","14":"shipping-taxable","15":"purchasable","16":"product-type-simple"},"yoast_head":"<!-- This site is optimized with the Yoast SEO plugin v27.4 - https:\/\/yoast.com\/product\/yoast-seo-wordpress\/ -->\n<title>Carte de No\u00ebl Bonhomme de Neige | Boutique Cartes et Posters<\/title>\n<meta name=\"description\" content=\"Carte No\u00ebl Bonhomme de Neige | Joyeuses F\u00eates de Fin d&#039;ann\u00e9e | Carte simple papier recycl\u00e9 format carr\u00e9 avec enveloppe | Cr\u00e9ation illustr\u00e9e Eco-Responsable\" \/>\n<meta name=\"robots\" content=\"index, follow, max-snippet:-1, max-image-preview:large, max-video-preview:-1\" \/>\n<link rel=\"canonical\" href=\"https:\/\/cartes-et-posters.fr\/index.php\/produit\/carte-de-noel-bonhomme-de-neige\/\" \/>\n<meta property=\"og:locale\" content=\"fr_FR\" \/>\n<meta property=\"og:type\" content=\"article\" \/>\n<meta property=\"og:title\" content=\"Carte de No\u00ebl Bonhomme de Neige | Boutique Cartes et Posters\" \/>\n<meta property=\"og:description\" content=\"Carte No\u00ebl Bonhomme de Neige | Joyeuses F\u00eates de Fin d&#039;ann\u00e9e | Carte simple papier recycl\u00e9 format carr\u00e9 avec enveloppe | Cr\u00e9ation illustr\u00e9e Eco-Responsable\" \/>\n<meta property=\"og:url\" content=\"https:\/\/cartes-et-posters.fr\/index.php\/produit\/carte-de-noel-bonhomme-de-neige\/\" \/>\n<meta property=\"og:site_name\" content=\"Cartes et Posters\" \/>\n<meta property=\"article:modified_time\" content=\"2026-02-20T13:51:35+00:00\" \/>\n<meta property=\"og:image\" content=\"https:\/\/cartes-et-posters.fr\/wp-content\/uploads\/2026\/02\/CARTE_JOYEUX_NOEL-Bonhomme_de_neige.jpg\" \/>\n\t<meta property=\"og:image:width\" content=\"1000\" \/>\n\t<meta property=\"og:image:height\" content=\"1000\" \/>\n\t<meta property=\"og:image:type\" content=\"image\/jpeg\" \/>\n<meta name=\"twitter:card\" content=\"summary_large_image\" \/>\n<meta name=\"twitter:label1\" content=\"Dur\u00e9e de lecture estim\u00e9e\" \/>\n\t<meta name=\"twitter:data1\" content=\"2 minutes\" \/>\n<script type=\"application\/ld+json\" class=\"yoast-schema-graph\">{\"@context\":\"https:\\\/\\\/schema.org\",\"@graph\":[{\"@type\":\"WebPage\",\"@id\":\"https:\\\/\\\/cartes-et-posters.fr\\\/index.php\\\/produit\\\/carte-de-noel-bonhomme-de-neige\\\/\",\"url\":\"https:\\\/\\\/cartes-et-posters.fr\\\/index.php\\\/produit\\\/carte-de-noel-bonhomme-de-neige\\\/\",\"name\":\"Carte de No\u00ebl Bonhomme de Neige | Boutique Cartes et Posters\",\"isPartOf\":{\"@id\":\"https:\\\/\\\/cartes-et-posters.fr\\\/#website\"},\"primaryImageOfPage\":{\"@id\":\"https:\\\/\\\/cartes-et-posters.fr\\\/index.php\\\/produit\\\/carte-de-noel-bonhomme-de-neige\\\/#primaryimage\"},\"image\":{\"@id\":\"https:\\\/\\\/cartes-et-posters.fr\\\/index.php\\\/produit\\\/carte-de-noel-bonhomme-de-neige\\\/#primaryimage\"},\"thumbnailUrl\":\"https:\\\/\\\/cartes-et-posters.fr\\\/wp-content\\\/uploads\\\/2026\\\/02\\\/CARTE_JOYEUX_NOEL-Bonhomme_de_neige.jpg\",\"datePublished\":\"2026-01-27T16:19:14+00:00\",\"dateModified\":\"2026-02-20T13:51:35+00:00\",\"description\":\"Carte No\u00ebl Bonhomme de Neige | Joyeuses F\u00eates de Fin d'ann\u00e9e | Carte simple papier recycl\u00e9 format carr\u00e9 avec enveloppe | Cr\u00e9ation illustr\u00e9e Eco-Responsable\",\"breadcrumb\":{\"@id\":\"https:\\\/\\\/cartes-et-posters.fr\\\/index.php\\\/produit\\\/carte-de-noel-bonhomme-de-neige\\\/#breadcrumb\"},\"inLanguage\":\"fr-FR\",\"potentialAction\":[{\"@type\":\"ReadAction\",\"target\":[\"https:\\\/\\\/cartes-et-posters.fr\\\/index.php\\\/produit\\\/carte-de-noel-bonhomme-de-neige\\\/\"]}]},{\"@type\":\"ImageObject\",\"inLanguage\":\"fr-FR\",\"@id\":\"https:\\\/\\\/cartes-et-posters.fr\\\/index.php\\\/produit\\\/carte-de-noel-bonhomme-de-neige\\\/#primaryimage\",\"url\":\"https:\\\/\\\/cartes-et-posters.fr\\\/wp-content\\\/uploads\\\/2026\\\/02\\\/CARTE_JOYEUX_NOEL-Bonhomme_de_neige.jpg\",\"contentUrl\":\"https:\\\/\\\/cartes-et-posters.fr\\\/wp-content\\\/uploads\\\/2026\\\/02\\\/CARTE_JOYEUX_NOEL-Bonhomme_de_neige.jpg\",\"width\":1000,\"height\":1000},{\"@type\":\"BreadcrumbList\",\"@id\":\"https:\\\/\\\/cartes-et-posters.fr\\\/index.php\\\/produit\\\/carte-de-noel-bonhomme-de-neige\\\/#breadcrumb\",\"itemListElement\":[{\"@type\":\"ListItem\",\"position\":1,\"name\":\"Accueil\",\"item\":\"https:\\\/\\\/cartes-et-posters.fr\\\/\"},{\"@type\":\"ListItem\",\"position\":2,\"name\":\"Produits\",\"item\":\"https:\\\/\\\/cartes-et-posters.fr\\\/index.php\\\/shop\\\/\"},{\"@type\":\"ListItem\",\"position\":3,\"name\":\"Carte de No\u00ebl &#8211; Bonhomme de Neige\"}]},{\"@type\":\"WebSite\",\"@id\":\"https:\\\/\\\/cartes-et-posters.fr\\\/#website\",\"url\":\"https:\\\/\\\/cartes-et-posters.fr\\\/\",\"name\":\"Cartes et Posters\",\"description\":\"\",\"potentialAction\":[{\"@type\":\"SearchAction\",\"target\":{\"@type\":\"EntryPoint\",\"urlTemplate\":\"https:\\\/\\\/cartes-et-posters.fr\\\/?s={search_term_string}\"},\"query-input\":{\"@type\":\"PropertyValueSpecification\",\"valueRequired\":true,\"valueName\":\"search_term_string\"}}],\"inLanguage\":\"fr-FR\"}]}<\/script>\n<!-- \/ Yoast SEO plugin. -->","yoast_head_json":{"title":"Carte de No\u00ebl Bonhomme de Neige | Boutique Cartes et Posters","description":"Carte No\u00ebl Bonhomme de Neige | Joyeuses F\u00eates de Fin d'ann\u00e9e | Carte simple papier recycl\u00e9 format carr\u00e9 avec enveloppe | Cr\u00e9ation illustr\u00e9e Eco-Responsable","robots":{"index":"index","follow":"follow","max-snippet":"max-snippet:-1","max-image-preview":"max-image-preview:large","max-video-preview":"max-video-preview:-1"},"canonical":"https:\/\/cartes-et-posters.fr\/index.php\/produit\/carte-de-noel-bonhomme-de-neige\/","og_locale":"fr_FR","og_type":"article","og_title":"Carte de No\u00ebl Bonhomme de Neige | Boutique Cartes et Posters","og_description":"Carte No\u00ebl Bonhomme de Neige | Joyeuses F\u00eates de Fin d'ann\u00e9e | Carte simple papier recycl\u00e9 format carr\u00e9 avec enveloppe | Cr\u00e9ation illustr\u00e9e Eco-Responsable","og_url":"https:\/\/cartes-et-posters.fr\/index.php\/produit\/carte-de-noel-bonhomme-de-neige\/","og_site_name":"Cartes et Posters","article_modified_time":"2026-02-20T13:51:35+00:00","og_image":[{"width":1000,"height":1000,"url":"https:\/\/cartes-et-posters.fr\/wp-content\/uploads\/2026\/02\/CARTE_JOYEUX_NOEL-Bonhomme_de_neige.jpg","type":"image\/jpeg"}],"twitter_card":"summary_large_image","twitter_misc":{"Dur\u00e9e de lecture estim\u00e9e":"2 minutes"},"schema":{"@context":"https:\/\/schema.org","@graph":[{"@type":"WebPage","@id":"https:\/\/cartes-et-posters.fr\/index.php\/produit\/carte-de-noel-bonhomme-de-neige\/","url":"https:\/\/cartes-et-posters.fr\/index.php\/produit\/carte-de-noel-bonhomme-de-neige\/","name":"Carte de No\u00ebl Bonhomme de Neige | Boutique Cartes et Posters","isPartOf":{"@id":"https:\/\/cartes-et-posters.fr\/#website"},"primaryImageOfPage":{"@id":"https:\/\/cartes-et-posters.fr\/index.php\/produit\/carte-de-noel-bonhomme-de-neige\/#primaryimage"},"image":{"@id":"https:\/\/cartes-et-posters.fr\/index.php\/produit\/carte-de-noel-bonhomme-de-neige\/#primaryimage"},"thumbnailUrl":"https:\/\/cartes-et-posters.fr\/wp-content\/uploads\/2026\/02\/CARTE_JOYEUX_NOEL-Bonhomme_de_neige.jpg","datePublished":"2026-01-27T16:19:14+00:00","dateModified":"2026-02-20T13:51:35+00:00","description":"Carte No\u00ebl Bonhomme de Neige | Joyeuses F\u00eates de Fin d'ann\u00e9e | Carte simple papier recycl\u00e9 format carr\u00e9 avec enveloppe | Cr\u00e9ation illustr\u00e9e Eco-Responsable","breadcrumb":{"@id":"https:\/\/cartes-et-posters.fr\/index.php\/produit\/carte-de-noel-bonhomme-de-neige\/#breadcrumb"},"inLanguage":"fr-FR","potentialAction":[{"@type":"ReadAction","target":["https:\/\/cartes-et-posters.fr\/index.php\/produit\/carte-de-noel-bonhomme-de-neige\/"]}]},{"@type":"ImageObject","inLanguage":"fr-FR","@id":"https:\/\/cartes-et-posters.fr\/index.php\/produit\/carte-de-noel-bonhomme-de-neige\/#primaryimage","url":"https:\/\/cartes-et-posters.fr\/wp-content\/uploads\/2026\/02\/CARTE_JOYEUX_NOEL-Bonhomme_de_neige.jpg","contentUrl":"https:\/\/cartes-et-posters.fr\/wp-content\/uploads\/2026\/02\/CARTE_JOYEUX_NOEL-Bonhomme_de_neige.jpg","width":1000,"height":1000},{"@type":"BreadcrumbList","@id":"https:\/\/cartes-et-posters.fr\/index.php\/produit\/carte-de-noel-bonhomme-de-neige\/#breadcrumb","itemListElement":[{"@type":"ListItem","position":1,"name":"Accueil","item":"https:\/\/cartes-et-posters.fr\/"},{"@type":"ListItem","position":2,"name":"Produits","item":"https:\/\/cartes-et-posters.fr\/index.php\/shop\/"},{"@type":"ListItem","position":3,"name":"Carte de No\u00ebl &#8211; Bonhomme de Neige"}]},{"@type":"WebSite","@id":"https:\/\/cartes-et-posters.fr\/#website","url":"https:\/\/cartes-et-posters.fr\/","name":"Cartes et Posters","description":"","potentialAction":[{"@type":"SearchAction","target":{"@type":"EntryPoint","urlTemplate":"https:\/\/cartes-et-posters.fr\/?s={search_term_string}"},"query-input":{"@type":"PropertyValueSpecification","valueRequired":true,"valueName":"search_term_string"}}],"inLanguage":"fr-FR"}]}},"df_price":2.9,"df_sale_price":"","df_regular_price":2.9,"df_image_link":"https:\/\/cartes-et-posters.fr\/wp-content\/uploads\/2026\/02\/CARTE_JOYEUX_NOEL-Bonhomme_de_neige-300x300.jpg","jetpack_sharing_enabled":true,"_links":{"self":[{"href":"https:\/\/cartes-et-posters.fr\/index.php\/wp-json\/wp\/v2\/product\/1865","targetHints":{"allow":["GET"]}}],"collection":[{"href":"https:\/\/cartes-et-posters.fr\/index.php\/wp-json\/wp\/v2\/product"}],"about":[{"href":"https:\/\/cartes-et-posters.fr\/index.php\/wp-json\/wp\/v2\/types\/product"}],"replies":[{"embeddable":true,"href":"https:\/\/cartes-et-posters.fr\/index.php\/wp-json\/wp\/v2\/comments?post=1865"}],"wp:featuredmedia":[{"embeddable":true,"href":"https:\/\/cartes-et-posters.fr\/index.php\/wp-json\/wp\/v2\/media\/2333"}],"wp:attachment":[{"href":"https:\/\/cartes-et-posters.fr\/index.php\/wp-json\/wp\/v2\/media?parent=1865"}],"wp:term":[{"taxonomy":"product_brand","embeddable":true,"href":"https:\/\/cartes-et-posters.fr\/index.php\/wp-json\/wp\/v2\/product_brand?post=1865"},{"taxonomy":"product_cat","embeddable":true,"href":"https:\/\/cartes-et-posters.fr\/index.php\/wp-json\/wp\/v2\/product_cat?post=1865"},{"taxonomy":"product_tag","embeddable":true,"href":"https:\/\/cartes-et-posters.fr\/index.php\/wp-json\/wp\/v2\/product_tag?post=1865"}],"curies":[{"name":"wp","href":"https:\/\/api.w.org\/{rel}","templated":true}]}}