{"id":1863,"date":"2026-01-27T16:15:44","date_gmt":"2026-01-27T16:15:44","guid":{"rendered":"https:\/\/cartesetposters.fr\/?post_type=product&#038;p=1863"},"modified":"2026-02-20T14:52:34","modified_gmt":"2026-02-20T13:52:34","slug":"carte-de-noel-biscuit-bonhomme","status":"publish","type":"product","link":"https:\/\/cartes-et-posters.fr\/index.php\/produit\/carte-de-noel-biscuit-bonhomme\/","title":{"rendered":"Carte de No\u00ebl &#8211; Biscuit Bonhomme"},"content":{"rendered":"<p data-start=\"269\" data-end=\"598\">Ajoutez une touche gourmande et festive \u00e0 vos v\u0153ux avec cette carte de No\u00ebl biscuit bonhomme !<\/p>\n<p data-start=\"269\" data-end=\"598\">Julie Desvaux illustre un adorable petit biscuit fa\u00e7on \u201cgingerbread\u201d, orn\u00e9 d\u2019une \u00e9charpe bleue \u00e9toil\u00e9e et de boutons bleus. Sur son fond rouge profond, l\u2019ensemble cr\u00e9e une ambiance chaleureuse, sucr\u00e9e et joyeusement r\u00e9gressive. Un simple \u201cJoyeuses F\u00eates\u201d compl\u00e8te d\u00e9licatement cette sc\u00e8ne festive.<\/p>\n<p data-start=\"645\" data-end=\"813\">Avec son charme tendre et son esprit de f\u00eate, cette carte s\u00e9duit les amoureux des biscuits de No\u00ebl, des univers cosy et des illustrations hivernales pleines de douceur.<\/p>\n<h2 data-start=\"820\" data-end=\"846\">\u2728 <strong data-start=\"822\" data-end=\"844\">D\u00e9tails du produit<\/strong><\/h2>\n<ul data-start=\"847\" data-end=\"1180\">\n<li style=\"list-style-type: none;\" data-start=\"847\" data-end=\"914\">\n<ul>\n<li data-start=\"975\" data-end=\"1040\">\n<p data-start=\"977\" data-end=\"1040\"><strong data-start=\"977\" data-end=\"989\">Format :<\/strong> carr\u00e9 13,2 x 13,2 cm \u2013 id\u00e9al \u00e0 offrir ou \u00e0 exposer<\/p>\n<\/li>\n<li data-start=\"1041\" data-end=\"1130\">\n<p data-start=\"1043\" data-end=\"1130\"><strong data-start=\"1043\" data-end=\"1055\">Papier :<\/strong> recycl\u00e9 et textur\u00e9 300 g\/m\u00b2, impression \u00e9co-responsable de haute qualit\u00e9<\/p>\n<\/li>\n<li data-start=\"1131\" data-end=\"1202\">\n<p data-start=\"1133\" data-end=\"1202\"><strong data-start=\"1133\" data-end=\"1151\">Illustration :<\/strong> cr\u00e9ation originale et exclusive \u00a92026 Julie Desvaux<\/p>\n<\/li>\n<li data-start=\"1203\" data-end=\"1245\">\n<p data-start=\"1205\" data-end=\"1245\"><strong data-start=\"1205\" data-end=\"1217\">Inclus :<\/strong> enveloppe carr\u00e9e<\/p>\n<\/li>\n<li data-start=\"1246\" data-end=\"1333\">\n<p data-start=\"1248\" data-end=\"1333\"><strong data-start=\"1248\" data-end=\"1270\">Vendue \u00e0 l\u2019unit\u00e9 :<\/strong> int\u00e9rieur et dos vierges pour \u00e9crire librement votre message<\/p>\n<\/li>\n<li data-start=\"1246\" data-end=\"1333\">\n<p data-start=\"1248\" data-end=\"1333\"><strong>Visuel :<\/strong> les couleurs peuvent varier selon l&rsquo;\u00e9cran &#8211; La carte que vous recevrez ne comporte pas les marques \u00ab\u00a0&amp;\u00a0\u00bb<\/p>\n<\/li>\n<\/ul>\n<\/li>\n<\/ul>\n<h2 data-start=\"1340\" data-end=\"1647\"><strong data-start=\"1343\" data-end=\"1383\">\ud83c\udf6a Une papeterie gourmande et chaleureuse<\/strong><\/h2>\n<p data-start=\"1208\" data-end=\"1530\">Comme toutes les cr\u00e9ations de Julie, cette carte est imprim\u00e9e en petites s\u00e9ries et r\u00e9alis\u00e9e sur du papier recycl\u00e9. Elle fait partie de la collection d\u00e9di\u00e9e aux illustrations joyeuses, modernes et color\u00e9es pour c\u00e9l\u00e9brer les petits et grands instants.<\/p>\n<p data-start=\"1532\" data-end=\"1727\">Julie Desvaux, artiste graphiste bisontine, cr\u00e9e chaque visuel avec soin et passion. Son univers tendre et expressif transforme chaque carte en une attention pleine de charme et d\u2019authenticit\u00e9.<\/p>\n<h2 data-start=\"1879\" data-end=\"1905\">\ud83d\udca1 <strong data-start=\"1882\" data-end=\"1905\">Pourquoi on l\u2019adore<\/strong><\/h2>\n<p data-start=\"1762\" data-end=\"1957\">\u2714 Un biscuit de No\u00ebl adorable et r\u00e9confortant<br data-start=\"1807\" data-end=\"1810\" \/>\u2714 Une ambiance festive, sucr\u00e9e et chaleureuse<br data-start=\"1855\" data-end=\"1858\" \/>\u2714 Un support \u00e9co-responsable en papier recycl\u00e9<br data-start=\"1904\" data-end=\"1907\" \/>\u2714 Id\u00e9ale pour souhaiter un No\u00ebl doux et gourmand<\/p>\n<p data-start=\"1959\" data-end=\"2075\">Avec cette carte biscuit bonhomme, vos v\u0153ux se teintent de magie et de douceur pour un No\u00ebl d\u00e9licieusement illustr\u00e9.<\/p>\n","protected":false},"excerpt":{"rendered":"<p>Carte de No\u00ebl gourmande mettant en sc\u00e8ne un biscuit bonhomme festif sur fond rouge chaleureux. Imprim\u00e9e sur papier recycl\u00e9, elle apporte douceur, charme et esprit de f\u00eate \u00e0 vos messages.<\/p>\n","protected":false},"featured_media":2332,"comment_status":"open","ping_status":"closed","template":"","meta":{"neve_meta_sidebar":"","neve_meta_container":"","neve_meta_enable_content_width":"off","neve_meta_content_width":100,"neve_meta_title_alignment":"","neve_meta_author_avatar":"","neve_post_elements_order":"","neve_meta_disable_header":"","neve_meta_disable_footer":"","neve_meta_disable_title":""},"product_brand":[],"product_cat":[25],"product_tag":[30,32],"class_list":{"0":"post-1863","1":"product","2":"type-product","3":"status-publish","4":"has-post-thumbnail","6":"product_cat-cartes-illustrees-eco-responsables","7":"product_tag-carte-de-noel-originale","8":"product_tag-jolie-carte","9":"product_shipping_class-cartes","11":"first","12":"outofstock","13":"taxable","14":"shipping-taxable","15":"purchasable","16":"product-type-simple"},"yoast_head":"<!-- This site is optimized with the Yoast SEO plugin v27.4 - https:\/\/yoast.com\/product\/yoast-seo-wordpress\/ -->\n<title>Carte de No\u00ebl Biscuit Bonhomme | Boutique Cartes et Posters<\/title>\n<meta name=\"description\" content=\"Carte No\u00ebl Biscuit Bonhomme | Joyeuses F\u00eates de Fin d&#039;ann\u00e9e | Carte simple papier recycl\u00e9 format carr\u00e9 avec enveloppe | Cr\u00e9ation illustr\u00e9e Eco-Responsable\" \/>\n<meta name=\"robots\" content=\"index, follow, max-snippet:-1, max-image-preview:large, max-video-preview:-1\" \/>\n<link rel=\"canonical\" href=\"https:\/\/cartes-et-posters.fr\/index.php\/produit\/carte-de-noel-biscuit-bonhomme\/\" \/>\n<meta property=\"og:locale\" content=\"fr_FR\" \/>\n<meta property=\"og:type\" content=\"article\" \/>\n<meta property=\"og:title\" content=\"Carte de No\u00ebl Biscuit Bonhomme | Boutique Cartes et Posters\" \/>\n<meta property=\"og:description\" content=\"Carte No\u00ebl Biscuit Bonhomme | Joyeuses F\u00eates de Fin d&#039;ann\u00e9e | Carte simple papier recycl\u00e9 format carr\u00e9 avec enveloppe | Cr\u00e9ation illustr\u00e9e Eco-Responsable\" \/>\n<meta property=\"og:url\" content=\"https:\/\/cartes-et-posters.fr\/index.php\/produit\/carte-de-noel-biscuit-bonhomme\/\" \/>\n<meta property=\"og:site_name\" content=\"Cartes et Posters\" \/>\n<meta property=\"article:modified_time\" content=\"2026-02-20T13:52:34+00:00\" \/>\n<meta property=\"og:image\" content=\"https:\/\/cartes-et-posters.fr\/wp-content\/uploads\/2026\/02\/CARTE_JOYEUX_NOEL-Biscuit_de_Noel.jpg\" \/>\n\t<meta property=\"og:image:width\" content=\"1000\" \/>\n\t<meta property=\"og:image:height\" content=\"1000\" \/>\n\t<meta property=\"og:image:type\" content=\"image\/jpeg\" \/>\n<meta name=\"twitter:card\" content=\"summary_large_image\" \/>\n<meta name=\"twitter:label1\" content=\"Dur\u00e9e de lecture estim\u00e9e\" \/>\n\t<meta name=\"twitter:data1\" content=\"2 minutes\" \/>\n<script type=\"application\/ld+json\" class=\"yoast-schema-graph\">{\"@context\":\"https:\\\/\\\/schema.org\",\"@graph\":[{\"@type\":\"WebPage\",\"@id\":\"https:\\\/\\\/cartes-et-posters.fr\\\/index.php\\\/produit\\\/carte-de-noel-biscuit-bonhomme\\\/\",\"url\":\"https:\\\/\\\/cartes-et-posters.fr\\\/index.php\\\/produit\\\/carte-de-noel-biscuit-bonhomme\\\/\",\"name\":\"Carte de No\u00ebl Biscuit Bonhomme | Boutique Cartes et Posters\",\"isPartOf\":{\"@id\":\"https:\\\/\\\/cartes-et-posters.fr\\\/#website\"},\"primaryImageOfPage\":{\"@id\":\"https:\\\/\\\/cartes-et-posters.fr\\\/index.php\\\/produit\\\/carte-de-noel-biscuit-bonhomme\\\/#primaryimage\"},\"image\":{\"@id\":\"https:\\\/\\\/cartes-et-posters.fr\\\/index.php\\\/produit\\\/carte-de-noel-biscuit-bonhomme\\\/#primaryimage\"},\"thumbnailUrl\":\"https:\\\/\\\/cartes-et-posters.fr\\\/wp-content\\\/uploads\\\/2026\\\/02\\\/CARTE_JOYEUX_NOEL-Biscuit_de_Noel.jpg\",\"datePublished\":\"2026-01-27T16:15:44+00:00\",\"dateModified\":\"2026-02-20T13:52:34+00:00\",\"description\":\"Carte No\u00ebl Biscuit Bonhomme | Joyeuses F\u00eates de Fin d'ann\u00e9e | Carte simple papier recycl\u00e9 format carr\u00e9 avec enveloppe | Cr\u00e9ation illustr\u00e9e Eco-Responsable\",\"breadcrumb\":{\"@id\":\"https:\\\/\\\/cartes-et-posters.fr\\\/index.php\\\/produit\\\/carte-de-noel-biscuit-bonhomme\\\/#breadcrumb\"},\"inLanguage\":\"fr-FR\",\"potentialAction\":[{\"@type\":\"ReadAction\",\"target\":[\"https:\\\/\\\/cartes-et-posters.fr\\\/index.php\\\/produit\\\/carte-de-noel-biscuit-bonhomme\\\/\"]}]},{\"@type\":\"ImageObject\",\"inLanguage\":\"fr-FR\",\"@id\":\"https:\\\/\\\/cartes-et-posters.fr\\\/index.php\\\/produit\\\/carte-de-noel-biscuit-bonhomme\\\/#primaryimage\",\"url\":\"https:\\\/\\\/cartes-et-posters.fr\\\/wp-content\\\/uploads\\\/2026\\\/02\\\/CARTE_JOYEUX_NOEL-Biscuit_de_Noel.jpg\",\"contentUrl\":\"https:\\\/\\\/cartes-et-posters.fr\\\/wp-content\\\/uploads\\\/2026\\\/02\\\/CARTE_JOYEUX_NOEL-Biscuit_de_Noel.jpg\",\"width\":1000,\"height\":1000},{\"@type\":\"BreadcrumbList\",\"@id\":\"https:\\\/\\\/cartes-et-posters.fr\\\/index.php\\\/produit\\\/carte-de-noel-biscuit-bonhomme\\\/#breadcrumb\",\"itemListElement\":[{\"@type\":\"ListItem\",\"position\":1,\"name\":\"Accueil\",\"item\":\"https:\\\/\\\/cartes-et-posters.fr\\\/\"},{\"@type\":\"ListItem\",\"position\":2,\"name\":\"Produits\",\"item\":\"https:\\\/\\\/cartes-et-posters.fr\\\/index.php\\\/shop\\\/\"},{\"@type\":\"ListItem\",\"position\":3,\"name\":\"Carte de No\u00ebl &#8211; Biscuit Bonhomme\"}]},{\"@type\":\"WebSite\",\"@id\":\"https:\\\/\\\/cartes-et-posters.fr\\\/#website\",\"url\":\"https:\\\/\\\/cartes-et-posters.fr\\\/\",\"name\":\"Cartes et Posters\",\"description\":\"\",\"potentialAction\":[{\"@type\":\"SearchAction\",\"target\":{\"@type\":\"EntryPoint\",\"urlTemplate\":\"https:\\\/\\\/cartes-et-posters.fr\\\/?s={search_term_string}\"},\"query-input\":{\"@type\":\"PropertyValueSpecification\",\"valueRequired\":true,\"valueName\":\"search_term_string\"}}],\"inLanguage\":\"fr-FR\"}]}<\/script>\n<!-- \/ Yoast SEO plugin. -->","yoast_head_json":{"title":"Carte de No\u00ebl Biscuit Bonhomme | Boutique Cartes et Posters","description":"Carte No\u00ebl Biscuit Bonhomme | Joyeuses F\u00eates de Fin d'ann\u00e9e | Carte simple papier recycl\u00e9 format carr\u00e9 avec enveloppe | Cr\u00e9ation illustr\u00e9e Eco-Responsable","robots":{"index":"index","follow":"follow","max-snippet":"max-snippet:-1","max-image-preview":"max-image-preview:large","max-video-preview":"max-video-preview:-1"},"canonical":"https:\/\/cartes-et-posters.fr\/index.php\/produit\/carte-de-noel-biscuit-bonhomme\/","og_locale":"fr_FR","og_type":"article","og_title":"Carte de No\u00ebl Biscuit Bonhomme | Boutique Cartes et Posters","og_description":"Carte No\u00ebl Biscuit Bonhomme | Joyeuses F\u00eates de Fin d'ann\u00e9e | Carte simple papier recycl\u00e9 format carr\u00e9 avec enveloppe | Cr\u00e9ation illustr\u00e9e Eco-Responsable","og_url":"https:\/\/cartes-et-posters.fr\/index.php\/produit\/carte-de-noel-biscuit-bonhomme\/","og_site_name":"Cartes et Posters","article_modified_time":"2026-02-20T13:52:34+00:00","og_image":[{"width":1000,"height":1000,"url":"https:\/\/cartes-et-posters.fr\/wp-content\/uploads\/2026\/02\/CARTE_JOYEUX_NOEL-Biscuit_de_Noel.jpg","type":"image\/jpeg"}],"twitter_card":"summary_large_image","twitter_misc":{"Dur\u00e9e de lecture estim\u00e9e":"2 minutes"},"schema":{"@context":"https:\/\/schema.org","@graph":[{"@type":"WebPage","@id":"https:\/\/cartes-et-posters.fr\/index.php\/produit\/carte-de-noel-biscuit-bonhomme\/","url":"https:\/\/cartes-et-posters.fr\/index.php\/produit\/carte-de-noel-biscuit-bonhomme\/","name":"Carte de No\u00ebl Biscuit Bonhomme | Boutique Cartes et Posters","isPartOf":{"@id":"https:\/\/cartes-et-posters.fr\/#website"},"primaryImageOfPage":{"@id":"https:\/\/cartes-et-posters.fr\/index.php\/produit\/carte-de-noel-biscuit-bonhomme\/#primaryimage"},"image":{"@id":"https:\/\/cartes-et-posters.fr\/index.php\/produit\/carte-de-noel-biscuit-bonhomme\/#primaryimage"},"thumbnailUrl":"https:\/\/cartes-et-posters.fr\/wp-content\/uploads\/2026\/02\/CARTE_JOYEUX_NOEL-Biscuit_de_Noel.jpg","datePublished":"2026-01-27T16:15:44+00:00","dateModified":"2026-02-20T13:52:34+00:00","description":"Carte No\u00ebl Biscuit Bonhomme | Joyeuses F\u00eates de Fin d'ann\u00e9e | Carte simple papier recycl\u00e9 format carr\u00e9 avec enveloppe | Cr\u00e9ation illustr\u00e9e Eco-Responsable","breadcrumb":{"@id":"https:\/\/cartes-et-posters.fr\/index.php\/produit\/carte-de-noel-biscuit-bonhomme\/#breadcrumb"},"inLanguage":"fr-FR","potentialAction":[{"@type":"ReadAction","target":["https:\/\/cartes-et-posters.fr\/index.php\/produit\/carte-de-noel-biscuit-bonhomme\/"]}]},{"@type":"ImageObject","inLanguage":"fr-FR","@id":"https:\/\/cartes-et-posters.fr\/index.php\/produit\/carte-de-noel-biscuit-bonhomme\/#primaryimage","url":"https:\/\/cartes-et-posters.fr\/wp-content\/uploads\/2026\/02\/CARTE_JOYEUX_NOEL-Biscuit_de_Noel.jpg","contentUrl":"https:\/\/cartes-et-posters.fr\/wp-content\/uploads\/2026\/02\/CARTE_JOYEUX_NOEL-Biscuit_de_Noel.jpg","width":1000,"height":1000},{"@type":"BreadcrumbList","@id":"https:\/\/cartes-et-posters.fr\/index.php\/produit\/carte-de-noel-biscuit-bonhomme\/#breadcrumb","itemListElement":[{"@type":"ListItem","position":1,"name":"Accueil","item":"https:\/\/cartes-et-posters.fr\/"},{"@type":"ListItem","position":2,"name":"Produits","item":"https:\/\/cartes-et-posters.fr\/index.php\/shop\/"},{"@type":"ListItem","position":3,"name":"Carte de No\u00ebl &#8211; Biscuit Bonhomme"}]},{"@type":"WebSite","@id":"https:\/\/cartes-et-posters.fr\/#website","url":"https:\/\/cartes-et-posters.fr\/","name":"Cartes et Posters","description":"","potentialAction":[{"@type":"SearchAction","target":{"@type":"EntryPoint","urlTemplate":"https:\/\/cartes-et-posters.fr\/?s={search_term_string}"},"query-input":{"@type":"PropertyValueSpecification","valueRequired":true,"valueName":"search_term_string"}}],"inLanguage":"fr-FR"}]}},"df_price":2.9,"df_sale_price":"","df_regular_price":2.9,"df_image_link":"https:\/\/cartes-et-posters.fr\/wp-content\/uploads\/2026\/02\/CARTE_JOYEUX_NOEL-Biscuit_de_Noel-300x300.jpg","jetpack_sharing_enabled":true,"_links":{"self":[{"href":"https:\/\/cartes-et-posters.fr\/index.php\/wp-json\/wp\/v2\/product\/1863","targetHints":{"allow":["GET"]}}],"collection":[{"href":"https:\/\/cartes-et-posters.fr\/index.php\/wp-json\/wp\/v2\/product"}],"about":[{"href":"https:\/\/cartes-et-posters.fr\/index.php\/wp-json\/wp\/v2\/types\/product"}],"replies":[{"embeddable":true,"href":"https:\/\/cartes-et-posters.fr\/index.php\/wp-json\/wp\/v2\/comments?post=1863"}],"wp:featuredmedia":[{"embeddable":true,"href":"https:\/\/cartes-et-posters.fr\/index.php\/wp-json\/wp\/v2\/media\/2332"}],"wp:attachment":[{"href":"https:\/\/cartes-et-posters.fr\/index.php\/wp-json\/wp\/v2\/media?parent=1863"}],"wp:term":[{"taxonomy":"product_brand","embeddable":true,"href":"https:\/\/cartes-et-posters.fr\/index.php\/wp-json\/wp\/v2\/product_brand?post=1863"},{"taxonomy":"product_cat","embeddable":true,"href":"https:\/\/cartes-et-posters.fr\/index.php\/wp-json\/wp\/v2\/product_cat?post=1863"},{"taxonomy":"product_tag","embeddable":true,"href":"https:\/\/cartes-et-posters.fr\/index.php\/wp-json\/wp\/v2\/product_tag?post=1863"}],"curies":[{"name":"wp","href":"https:\/\/api.w.org\/{rel}","templated":true}]}}