{"id":1852,"date":"2026-01-27T15:53:05","date_gmt":"2026-01-27T15:53:05","guid":{"rendered":"https:\/\/cartesetposters.fr\/?post_type=product&#038;p=1852"},"modified":"2026-02-27T17:33:13","modified_gmt":"2026-02-27T16:33:13","slug":"carte-bonheur-en-bocal","status":"publish","type":"product","link":"https:\/\/cartes-et-posters.fr\/index.php\/produit\/carte-bonheur-en-bocal\/","title":{"rendered":"Carte Bonheur en Bocal"},"content":{"rendered":"<h2 data-start=\"214\" data-end=\"581\">Une fiole de bonheur \u00e0 offrir<\/h2>\n<p data-start=\"270\" data-end=\"785\">Sign\u00e9e Julie Desvaux, cette carte \u00ab\u00a0Bonheur en bocal\u00a0\u00bb met en sc\u00e8ne une d\u00e9licate fiole en verre ferm\u00e9e par un bouchon en li\u00e8ge. \u00c0 l\u2019int\u00e9rieur, de jolies marguerites s\u2019\u00e9panouissent avec douceur. Deux \u00e9tiquettes viennent compl\u00e9ter l\u2019illustration. L\u2019une affiche la mention \u00ab Grand Cru \u00bb. L\u2019autre r\u00e9v\u00e8le simplement le mot \u00ab Bonheur \u00bb. Une cr\u00e9ation lumineuse et po\u00e9tique, imagin\u00e9e par une graphiste fran\u00e7aise passionn\u00e9e. Chaque fleur symbolise la joie, la simplicit\u00e9 et les petits plaisirs du quotidien.<\/p>\n<p data-start=\"787\" data-end=\"1208\">Pens\u00e9e pour transmettre des ondes positives, cette carte \u00ab\u00a0Bonheur en bocal\u00a0\u00bb s\u2019adresse en priorit\u00e9 aux nouvelles maisons. Mais pas seulement ! Elle c\u00e9l\u00e8bre \u00e9galement un nouveau d\u00e9part, un changement de vie ou un moment important. Elle s\u2019offre aussi pour bien d\u2019autres occasions. Anniversaire, remerciement, encouragement ou simple attention. Cette carte accompagne un cadeau ou se suffit \u00e0 elle-m\u00eame. Elle devient un message sinc\u00e8re, doux et r\u00e9confortant.<\/p>\n<h2 data-start=\"848\" data-end=\"874\">\u2728 <strong data-start=\"850\" data-end=\"872\">D\u00e9tails du produit<\/strong><\/h2>\n<ul data-start=\"875\" data-end=\"1212\">\n<li data-start=\"875\" data-end=\"964\">\n<p data-start=\"877\" data-end=\"964\"><strong data-start=\"877\" data-end=\"887\">Format<\/strong> : A6 (10,5 x 14,8 cm)<\/p>\n<\/li>\n<li data-start=\"965\" data-end=\"1035\">\n<p data-start=\"967\" data-end=\"1035\"><b>Papier <\/b>: recycl\u00e9 et textur\u00e9, pour une impression \u00e9co-responsable haute qualit\u00e9 (300 g\/m\u00b2)<\/p>\n<\/li>\n<li data-start=\"1036\" data-end=\"1099\">\n<p data-start=\"1038\" data-end=\"1099\"><strong data-start=\"1038\" data-end=\"1054\">Illustration<\/strong> : cr\u00e9ation exclusive \u00a92026 Julie Desvaux<\/p>\n<\/li>\n<li data-start=\"1100\" data-end=\"1137\">\n<p data-start=\"1102\" data-end=\"1137\"><strong data-start=\"1102\" data-end=\"1135\">Inclus : <\/strong>enveloppe C6 blanche<\/p>\n<\/li>\n<li data-start=\"1138\" data-end=\"1212\">\n<p data-start=\"1140\" data-end=\"1212\"><strong data-start=\"1140\" data-end=\"1173\">Vendue \u00e0 l\u2019unit\u00e9 :\u00a0 <\/strong>sans message (dos vierge pour \u00e9crire votre texte)<\/p>\n<\/li>\n<li data-start=\"1138\" data-end=\"1212\">\n<p data-start=\"1140\" data-end=\"1212\"><strong>Visuel :<\/strong> les couleurs peuvent varier selon l&rsquo;\u00e9cran &#8211; La carte que vous recevrez ne comporte pas les marques \u00ab\u00a0&amp;\u00a0\u00bb<\/p>\n<\/li>\n<\/ul>\n<h2 data-start=\"1219\" data-end=\"1529\">\ud83c\udf3c Une carte \u00e0 offrir et \u00e0 garder<\/h2>\n<p data-start=\"1646\" data-end=\"2054\">Comme toutes les cr\u00e9ations de Julie, cette carte \u00ab\u00a0Bonheur en bocal\u00a0\u00bb est imprim\u00e9e en petites s\u00e9ries avec soin. Elle rejoint notre collection d\u00e9di\u00e9e \u00e0 la papeterie po\u00e9tique et positive. Les teintes naturelles, le style d\u00e9licat et le message symbolique s\u00e9duisent imm\u00e9diatement. La carte se glisse dans une enveloppe, s\u2019expose comme une petite d\u00e9coration ou se conserve comme un souvenir pr\u00e9cieux.<\/p>\n<p data-start=\"2056\" data-end=\"2191\">Julie Desvaux, artiste graphiste bisontine, signe cette illustration originale. Elle imagine chaque visuel avec passion et sensibilit\u00e9.<\/p>\n<h2 data-start=\"1949\" data-end=\"2150\">\ud83d\udca1 Pourquoi on adore cette carte \u00ab\u00a0Bonheur en bocal\u00a0\u00bb ?<\/h2>\n<p data-start=\"2246\" data-end=\"2435\">\u2714 Un message doux et universel<br data-start=\"2276\" data-end=\"2279\" \/>\u2714 Une illustration florale lumineuse et po\u00e9tique<br data-start=\"2327\" data-end=\"2330\" \/>\u2714 Un support \u00e9co-responsable en papier recycl\u00e9<br data-start=\"2376\" data-end=\"2379\" \/>\u2714 Id\u00e9ale pour une nouvelle maison ou un nouveau d\u00e9part<\/p>\n<p data-start=\"2437\" data-end=\"2657\" data-is-last-node=\"\" data-is-only-node=\"\">En conclusion, cette carte \u00ab\u00a0Bonheur en bocal\u00a0\u00bb capture l\u2019essence des moments heureux. Elle enferme un concentr\u00e9 de joie dans une fiole illustr\u00e9e et offre un message chaleureux, \u00e0 partager avec ou sans occasion particuli\u00e8re. \ud83c\udf3c\u2728<\/p>\n","protected":false},"excerpt":{"rendered":"<p>Carte \u00ab\u00a0Bonheur en bocal\u00a0\u00bb : une petite attention pour transmettre tous ses v\u0153ux de bonheur, peu importe l&rsquo;occasion !<\/p>\n","protected":false},"featured_media":2328,"comment_status":"open","ping_status":"closed","template":"","meta":{"neve_meta_sidebar":"","neve_meta_container":"","neve_meta_enable_content_width":"off","neve_meta_content_width":100,"neve_meta_title_alignment":"","neve_meta_author_avatar":"","neve_post_elements_order":"","neve_meta_disable_header":"","neve_meta_disable_footer":"","neve_meta_disable_title":""},"product_brand":[],"product_cat":[25],"product_tag":[31,32,35,36,40],"class_list":{"0":"post-1852","1":"product","2":"type-product","3":"status-publish","4":"has-post-thumbnail","6":"product_cat-cartes-illustrees-eco-responsables","7":"product_tag-bocal-de-bonheur","8":"product_tag-jolie-carte","9":"product_tag-carte-nouveau-depart","10":"product_tag-carte-nouvelle-maison","11":"product_tag-carte-retraite","12":"product_shipping_class-cartes","14":"first","15":"instock","16":"taxable","17":"shipping-taxable","18":"purchasable","19":"product-type-simple"},"yoast_head":"<!-- This site is optimized with the Yoast SEO plugin v27.4 - https:\/\/yoast.com\/product\/yoast-seo-wordpress\/ -->\n<title>Carte Bonheur en Bocal | Boutique en Ligne Cartes et Posters<\/title>\n<meta name=\"description\" content=\"Carte Bonheur en Bocal rempli de Marguerites | Gamme Fioles de Bonheur | Carte simple format A6 avec enveloppe | Cr\u00e9ation Eco-responsable\" \/>\n<meta name=\"robots\" content=\"index, follow, max-snippet:-1, max-image-preview:large, max-video-preview:-1\" \/>\n<link rel=\"canonical\" href=\"https:\/\/cartes-et-posters.fr\/index.php\/produit\/carte-bonheur-en-bocal\/\" \/>\n<meta property=\"og:locale\" content=\"fr_FR\" \/>\n<meta property=\"og:type\" content=\"article\" \/>\n<meta property=\"og:title\" content=\"Carte Bonheur en Bocal | Boutique en Ligne Cartes et Posters\" \/>\n<meta property=\"og:description\" content=\"Carte Bonheur en Bocal rempli de Marguerites | Gamme Fioles de Bonheur | Carte simple format A6 avec enveloppe | Cr\u00e9ation Eco-responsable\" \/>\n<meta property=\"og:url\" content=\"https:\/\/cartes-et-posters.fr\/index.php\/produit\/carte-bonheur-en-bocal\/\" \/>\n<meta property=\"og:site_name\" content=\"Cartes et Posters\" \/>\n<meta property=\"article:modified_time\" content=\"2026-02-27T16:33:13+00:00\" \/>\n<meta property=\"og:image\" content=\"https:\/\/cartes-et-posters.fr\/wp-content\/uploads\/2026\/02\/CARTE-NOUVELLE-MAISON-Fiole-de-bonheur.jpg\" \/>\n\t<meta property=\"og:image:width\" content=\"1000\" \/>\n\t<meta property=\"og:image:height\" content=\"1000\" \/>\n\t<meta property=\"og:image:type\" content=\"image\/jpeg\" \/>\n<meta name=\"twitter:card\" content=\"summary_large_image\" \/>\n<meta name=\"twitter:label1\" content=\"Dur\u00e9e de lecture estim\u00e9e\" \/>\n\t<meta name=\"twitter:data1\" content=\"3 minutes\" \/>\n<script type=\"application\/ld+json\" class=\"yoast-schema-graph\">{\"@context\":\"https:\\\/\\\/schema.org\",\"@graph\":[{\"@type\":\"WebPage\",\"@id\":\"https:\\\/\\\/cartes-et-posters.fr\\\/index.php\\\/produit\\\/carte-bonheur-en-bocal\\\/\",\"url\":\"https:\\\/\\\/cartes-et-posters.fr\\\/index.php\\\/produit\\\/carte-bonheur-en-bocal\\\/\",\"name\":\"Carte Bonheur en Bocal | Boutique en Ligne Cartes et Posters\",\"isPartOf\":{\"@id\":\"https:\\\/\\\/cartes-et-posters.fr\\\/#website\"},\"primaryImageOfPage\":{\"@id\":\"https:\\\/\\\/cartes-et-posters.fr\\\/index.php\\\/produit\\\/carte-bonheur-en-bocal\\\/#primaryimage\"},\"image\":{\"@id\":\"https:\\\/\\\/cartes-et-posters.fr\\\/index.php\\\/produit\\\/carte-bonheur-en-bocal\\\/#primaryimage\"},\"thumbnailUrl\":\"https:\\\/\\\/cartes-et-posters.fr\\\/wp-content\\\/uploads\\\/2026\\\/02\\\/CARTE-NOUVELLE-MAISON-Fiole-de-bonheur.jpg\",\"datePublished\":\"2026-01-27T15:53:05+00:00\",\"dateModified\":\"2026-02-27T16:33:13+00:00\",\"description\":\"Carte Bonheur en Bocal rempli de Marguerites | Gamme Fioles de Bonheur | Carte simple format A6 avec enveloppe | Cr\u00e9ation Eco-responsable\",\"breadcrumb\":{\"@id\":\"https:\\\/\\\/cartes-et-posters.fr\\\/index.php\\\/produit\\\/carte-bonheur-en-bocal\\\/#breadcrumb\"},\"inLanguage\":\"fr-FR\",\"potentialAction\":[{\"@type\":\"ReadAction\",\"target\":[\"https:\\\/\\\/cartes-et-posters.fr\\\/index.php\\\/produit\\\/carte-bonheur-en-bocal\\\/\"]}]},{\"@type\":\"ImageObject\",\"inLanguage\":\"fr-FR\",\"@id\":\"https:\\\/\\\/cartes-et-posters.fr\\\/index.php\\\/produit\\\/carte-bonheur-en-bocal\\\/#primaryimage\",\"url\":\"https:\\\/\\\/cartes-et-posters.fr\\\/wp-content\\\/uploads\\\/2026\\\/02\\\/CARTE-NOUVELLE-MAISON-Fiole-de-bonheur.jpg\",\"contentUrl\":\"https:\\\/\\\/cartes-et-posters.fr\\\/wp-content\\\/uploads\\\/2026\\\/02\\\/CARTE-NOUVELLE-MAISON-Fiole-de-bonheur.jpg\",\"width\":1000,\"height\":1000},{\"@type\":\"BreadcrumbList\",\"@id\":\"https:\\\/\\\/cartes-et-posters.fr\\\/index.php\\\/produit\\\/carte-bonheur-en-bocal\\\/#breadcrumb\",\"itemListElement\":[{\"@type\":\"ListItem\",\"position\":1,\"name\":\"Accueil\",\"item\":\"https:\\\/\\\/cartes-et-posters.fr\\\/\"},{\"@type\":\"ListItem\",\"position\":2,\"name\":\"Produits\",\"item\":\"https:\\\/\\\/cartes-et-posters.fr\\\/index.php\\\/shop\\\/\"},{\"@type\":\"ListItem\",\"position\":3,\"name\":\"Carte Bonheur en Bocal\"}]},{\"@type\":\"WebSite\",\"@id\":\"https:\\\/\\\/cartes-et-posters.fr\\\/#website\",\"url\":\"https:\\\/\\\/cartes-et-posters.fr\\\/\",\"name\":\"Cartes et Posters\",\"description\":\"\",\"potentialAction\":[{\"@type\":\"SearchAction\",\"target\":{\"@type\":\"EntryPoint\",\"urlTemplate\":\"https:\\\/\\\/cartes-et-posters.fr\\\/?s={search_term_string}\"},\"query-input\":{\"@type\":\"PropertyValueSpecification\",\"valueRequired\":true,\"valueName\":\"search_term_string\"}}],\"inLanguage\":\"fr-FR\"}]}<\/script>\n<!-- \/ Yoast SEO plugin. -->","yoast_head_json":{"title":"Carte Bonheur en Bocal | Boutique en Ligne Cartes et Posters","description":"Carte Bonheur en Bocal rempli de Marguerites | Gamme Fioles de Bonheur | Carte simple format A6 avec enveloppe | Cr\u00e9ation Eco-responsable","robots":{"index":"index","follow":"follow","max-snippet":"max-snippet:-1","max-image-preview":"max-image-preview:large","max-video-preview":"max-video-preview:-1"},"canonical":"https:\/\/cartes-et-posters.fr\/index.php\/produit\/carte-bonheur-en-bocal\/","og_locale":"fr_FR","og_type":"article","og_title":"Carte Bonheur en Bocal | Boutique en Ligne Cartes et Posters","og_description":"Carte Bonheur en Bocal rempli de Marguerites | Gamme Fioles de Bonheur | Carte simple format A6 avec enveloppe | Cr\u00e9ation Eco-responsable","og_url":"https:\/\/cartes-et-posters.fr\/index.php\/produit\/carte-bonheur-en-bocal\/","og_site_name":"Cartes et Posters","article_modified_time":"2026-02-27T16:33:13+00:00","og_image":[{"width":1000,"height":1000,"url":"https:\/\/cartes-et-posters.fr\/wp-content\/uploads\/2026\/02\/CARTE-NOUVELLE-MAISON-Fiole-de-bonheur.jpg","type":"image\/jpeg"}],"twitter_card":"summary_large_image","twitter_misc":{"Dur\u00e9e de lecture estim\u00e9e":"3 minutes"},"schema":{"@context":"https:\/\/schema.org","@graph":[{"@type":"WebPage","@id":"https:\/\/cartes-et-posters.fr\/index.php\/produit\/carte-bonheur-en-bocal\/","url":"https:\/\/cartes-et-posters.fr\/index.php\/produit\/carte-bonheur-en-bocal\/","name":"Carte Bonheur en Bocal | Boutique en Ligne Cartes et Posters","isPartOf":{"@id":"https:\/\/cartes-et-posters.fr\/#website"},"primaryImageOfPage":{"@id":"https:\/\/cartes-et-posters.fr\/index.php\/produit\/carte-bonheur-en-bocal\/#primaryimage"},"image":{"@id":"https:\/\/cartes-et-posters.fr\/index.php\/produit\/carte-bonheur-en-bocal\/#primaryimage"},"thumbnailUrl":"https:\/\/cartes-et-posters.fr\/wp-content\/uploads\/2026\/02\/CARTE-NOUVELLE-MAISON-Fiole-de-bonheur.jpg","datePublished":"2026-01-27T15:53:05+00:00","dateModified":"2026-02-27T16:33:13+00:00","description":"Carte Bonheur en Bocal rempli de Marguerites | Gamme Fioles de Bonheur | Carte simple format A6 avec enveloppe | Cr\u00e9ation Eco-responsable","breadcrumb":{"@id":"https:\/\/cartes-et-posters.fr\/index.php\/produit\/carte-bonheur-en-bocal\/#breadcrumb"},"inLanguage":"fr-FR","potentialAction":[{"@type":"ReadAction","target":["https:\/\/cartes-et-posters.fr\/index.php\/produit\/carte-bonheur-en-bocal\/"]}]},{"@type":"ImageObject","inLanguage":"fr-FR","@id":"https:\/\/cartes-et-posters.fr\/index.php\/produit\/carte-bonheur-en-bocal\/#primaryimage","url":"https:\/\/cartes-et-posters.fr\/wp-content\/uploads\/2026\/02\/CARTE-NOUVELLE-MAISON-Fiole-de-bonheur.jpg","contentUrl":"https:\/\/cartes-et-posters.fr\/wp-content\/uploads\/2026\/02\/CARTE-NOUVELLE-MAISON-Fiole-de-bonheur.jpg","width":1000,"height":1000},{"@type":"BreadcrumbList","@id":"https:\/\/cartes-et-posters.fr\/index.php\/produit\/carte-bonheur-en-bocal\/#breadcrumb","itemListElement":[{"@type":"ListItem","position":1,"name":"Accueil","item":"https:\/\/cartes-et-posters.fr\/"},{"@type":"ListItem","position":2,"name":"Produits","item":"https:\/\/cartes-et-posters.fr\/index.php\/shop\/"},{"@type":"ListItem","position":3,"name":"Carte Bonheur en Bocal"}]},{"@type":"WebSite","@id":"https:\/\/cartes-et-posters.fr\/#website","url":"https:\/\/cartes-et-posters.fr\/","name":"Cartes et Posters","description":"","potentialAction":[{"@type":"SearchAction","target":{"@type":"EntryPoint","urlTemplate":"https:\/\/cartes-et-posters.fr\/?s={search_term_string}"},"query-input":{"@type":"PropertyValueSpecification","valueRequired":true,"valueName":"search_term_string"}}],"inLanguage":"fr-FR"}]}},"df_price":2.9,"df_sale_price":"","df_regular_price":2.9,"df_image_link":"https:\/\/cartes-et-posters.fr\/wp-content\/uploads\/2026\/02\/CARTE-NOUVELLE-MAISON-Fiole-de-bonheur-300x300.jpg","jetpack_sharing_enabled":true,"_links":{"self":[{"href":"https:\/\/cartes-et-posters.fr\/index.php\/wp-json\/wp\/v2\/product\/1852","targetHints":{"allow":["GET"]}}],"collection":[{"href":"https:\/\/cartes-et-posters.fr\/index.php\/wp-json\/wp\/v2\/product"}],"about":[{"href":"https:\/\/cartes-et-posters.fr\/index.php\/wp-json\/wp\/v2\/types\/product"}],"replies":[{"embeddable":true,"href":"https:\/\/cartes-et-posters.fr\/index.php\/wp-json\/wp\/v2\/comments?post=1852"}],"wp:featuredmedia":[{"embeddable":true,"href":"https:\/\/cartes-et-posters.fr\/index.php\/wp-json\/wp\/v2\/media\/2328"}],"wp:attachment":[{"href":"https:\/\/cartes-et-posters.fr\/index.php\/wp-json\/wp\/v2\/media?parent=1852"}],"wp:term":[{"taxonomy":"product_brand","embeddable":true,"href":"https:\/\/cartes-et-posters.fr\/index.php\/wp-json\/wp\/v2\/product_brand?post=1852"},{"taxonomy":"product_cat","embeddable":true,"href":"https:\/\/cartes-et-posters.fr\/index.php\/wp-json\/wp\/v2\/product_cat?post=1852"},{"taxonomy":"product_tag","embeddable":true,"href":"https:\/\/cartes-et-posters.fr\/index.php\/wp-json\/wp\/v2\/product_tag?post=1852"}],"curies":[{"name":"wp","href":"https:\/\/api.w.org\/{rel}","templated":true}]}}