{"id":1850,"date":"2026-01-27T15:49:10","date_gmt":"2026-01-27T15:49:10","guid":{"rendered":"https:\/\/cartesetposters.fr\/?post_type=product&#038;p=1850"},"modified":"2026-02-20T14:59:10","modified_gmt":"2026-02-20T13:59:10","slug":"carte-plante-nouvelle-maison","status":"publish","type":"product","link":"https:\/\/cartes-et-posters.fr\/index.php\/produit\/carte-plante-nouvelle-maison\/","title":{"rendered":"Carte Plante Nouvelle Maison"},"content":{"rendered":"<h2 data-start=\"214\" data-end=\"581\">\ud83c\udf3f Une touche d\u2019humour pour c\u00e9l\u00e9brer un nouveau chez-soi<\/h2>\n<p data-start=\"182\" data-end=\"576\">Sign\u00e9e Julie Desvaux, cette carte repr\u00e9sentant une plante pour une nouvelle maison apporte une dose de fra\u00eecheur\u2026 Et sans aucun risque de la voir faner ! L\u2019illustration repr\u00e9sente un joli pot de fleurs avec l&rsquo;assurance qu&rsquo;elle ne risque rien, m\u00eame si on oublie de l&rsquo;arroser ! Cette carte est id\u00e9ale pour f\u00e9liciter un proche qui vient de d\u00e9m\u00e9nager. Cette cr\u00e9ation l\u00e9g\u00e8re offre le message parfait pour souhaiter une belle installation avec le sourire.<\/p>\n<p data-start=\"578\" data-end=\"884\">Pens\u00e9e pour accompagner un cadeau d\u2019emm\u00e9nagement ou se suffire \u00e0 elle-m\u00eame, cette carte transmet une attention simple, joyeuse et m\u00e9morable. Elle convient aussi bien aux amis qu\u2019\u00e0 la famille ou aux nouveaux voisins. Un petit mot qui fait plaisir, tout en ajoutant une touche illustr\u00e9e \u00e0 garder en souvenir.<\/p>\n<h2 data-start=\"848\" data-end=\"874\">\u2728 <strong data-start=\"850\" data-end=\"872\">D\u00e9tails du produit<\/strong><\/h2>\n<ul data-start=\"875\" data-end=\"1212\">\n<li data-start=\"875\" data-end=\"964\">\n<p data-start=\"877\" data-end=\"964\"><strong data-start=\"877\" data-end=\"887\">Format<\/strong> : A6 (10,5 x 14,8 cm)<\/p>\n<\/li>\n<li data-start=\"965\" data-end=\"1035\">\n<p data-start=\"967\" data-end=\"1035\"><b>Papier <\/b>: recycl\u00e9 et textur\u00e9, pour une impression \u00e9co-responsable haute qualit\u00e9 (300 g\/m\u00b2)<\/p>\n<\/li>\n<li data-start=\"1036\" data-end=\"1099\">\n<p data-start=\"1038\" data-end=\"1099\"><strong data-start=\"1038\" data-end=\"1054\">Illustration<\/strong> : cr\u00e9ation exclusive \u00a92026 Julie Desvaux<\/p>\n<\/li>\n<li data-start=\"1100\" data-end=\"1137\">\n<p data-start=\"1102\" data-end=\"1137\"><strong data-start=\"1102\" data-end=\"1135\">Inclus : <\/strong>enveloppe C6 violette<\/p>\n<\/li>\n<li data-start=\"1138\" data-end=\"1212\">\n<p data-start=\"1140\" data-end=\"1212\"><strong data-start=\"1140\" data-end=\"1173\">Vendue \u00e0 l\u2019unit\u00e9 :\u00a0 <\/strong>sans message (dos vierge pour \u00e9crire votre texte)<\/p>\n<\/li>\n<li data-start=\"1138\" data-end=\"1212\">\n<p data-start=\"1140\" data-end=\"1212\"><strong>Visuel :<\/strong> les couleurs peuvent varier selon l&rsquo;\u00e9cran &#8211; La carte que vous recevrez ne comporte pas les marques \u00ab\u00a0&amp;\u00a0\u00bb<\/p>\n<\/li>\n<\/ul>\n<h2 data-start=\"1219\" data-end=\"1529\">\ud83c\udf3f <strong data-start=\"1295\" data-end=\"1329\">Une carte qui ne fanera jamais<\/strong><\/h2>\n<p data-start=\"1331\" data-end=\"1662\">Comme toutes les cr\u00e9ations de Julie, cette carte repr\u00e9sentant une plante pour une nouvelle maison est imprim\u00e9e en petites s\u00e9ries avec le plus grand soin. Son style tendre et moderne apporte une touche d\u00e9corative que l\u2019on peut afficher dans une entr\u00e9e, une cuisine ou un bureau. Elle devient ainsi un joli souvenir du jour de l\u2019emm\u00e9nagement.<\/p>\n<p data-start=\"1664\" data-end=\"1822\">Cette illustration est imagin\u00e9e par Julie Desvaux, artiste et graphiste bisontine, qui met tout son c\u0153ur dans la cr\u00e9ation de visuels chaleureux et expressifs.<\/p>\n<h2 data-start=\"1949\" data-end=\"2150\">\ud83d\udca1 Pourquoi on adore cette carte \u00ab\u00a0Bonne F\u00eate\u00a0\u00bb ambiance tropicale ?<\/h2>\n<p data-start=\"1949\" data-end=\"2150\">\u2714 Une illustration pleine de charme<br data-start=\"1939\" data-end=\"1942\" \/>\u2714 Un design \u00e9co-responsable sur papier recycl\u00e9<br data-start=\"1988\" data-end=\"1991\" \/>\u2714 Une cr\u00e9ation fran\u00e7aise imprim\u00e9e localement<br data-start=\"2035\" data-end=\"2038\" \/>\u2714 Le petit mot id\u00e9al pour souhaiter une installation r\u00e9ussie<\/p>\n<p data-start=\"2152\" data-end=\"2331\">En conclusion, cette carte repr\u00e9sentant une plante pour une nouvelle maison est la fa\u00e7on parfaite de c\u00e9l\u00e9brer un d\u00e9m\u00e9nagement avec humour, douceur et cr\u00e9ativit\u00e9. Un petit clin d\u2019\u0153il v\u00e9g\u00e9tal qui ne risque vraiment pas de mourir !<\/p>\n","protected":false},"excerpt":{"rendered":"<p>F\u00e9licitez un proche pour son d\u00e9m\u00e9nagement avec cette Carte Plante Nouvelle Maison !<\/p>\n","protected":false},"featured_media":2330,"comment_status":"open","ping_status":"closed","template":"","meta":{"neve_meta_sidebar":"","neve_meta_container":"","neve_meta_enable_content_width":"off","neve_meta_content_width":100,"neve_meta_title_alignment":"","neve_meta_author_avatar":"","neve_post_elements_order":"","neve_meta_disable_header":"","neve_meta_disable_footer":"","neve_meta_disable_title":""},"product_brand":[],"product_cat":[25],"product_tag":[32,36],"class_list":{"0":"post-1850","1":"product","2":"type-product","3":"status-publish","4":"has-post-thumbnail","6":"product_cat-cartes-illustrees-eco-responsables","7":"product_tag-jolie-carte","8":"product_tag-carte-nouvelle-maison","9":"product_shipping_class-cartes","11":"first","12":"instock","13":"featured","14":"taxable","15":"shipping-taxable","16":"purchasable","17":"product-type-simple"},"yoast_head":"<!-- This site is optimized with the Yoast SEO plugin v27.4 - https:\/\/yoast.com\/product\/yoast-seo-wordpress\/ -->\n<title>Carte Plante Nouvelle Maison | Boutique Cartes et Posters<\/title>\n<meta name=\"description\" content=\"Carte Plante Nouvelle Maison | Gamme Pendaison de Cr\u00e9maill\u00e8re | Carte simple format A6 avec enveloppe | Cr\u00e9ation Eco-responsable\" \/>\n<meta name=\"robots\" content=\"index, follow, max-snippet:-1, max-image-preview:large, max-video-preview:-1\" \/>\n<link rel=\"canonical\" href=\"https:\/\/cartes-et-posters.fr\/index.php\/produit\/carte-plante-nouvelle-maison\/\" \/>\n<meta property=\"og:locale\" content=\"fr_FR\" \/>\n<meta property=\"og:type\" content=\"article\" \/>\n<meta property=\"og:title\" content=\"Carte Plante Nouvelle Maison | Boutique Cartes et Posters\" \/>\n<meta property=\"og:description\" content=\"Carte Plante Nouvelle Maison | Gamme Pendaison de Cr\u00e9maill\u00e8re | Carte simple format A6 avec enveloppe | Cr\u00e9ation Eco-responsable\" \/>\n<meta property=\"og:url\" content=\"https:\/\/cartes-et-posters.fr\/index.php\/produit\/carte-plante-nouvelle-maison\/\" \/>\n<meta property=\"og:site_name\" content=\"Cartes et Posters\" \/>\n<meta property=\"article:modified_time\" content=\"2026-02-20T13:59:10+00:00\" \/>\n<meta property=\"og:image\" content=\"https:\/\/cartes-et-posters.fr\/wp-content\/uploads\/2026\/02\/CARTE-NOUVELLE-MAISON-Plante.jpg\" \/>\n\t<meta property=\"og:image:width\" content=\"1000\" \/>\n\t<meta property=\"og:image:height\" content=\"1000\" \/>\n\t<meta property=\"og:image:type\" content=\"image\/jpeg\" \/>\n<meta name=\"twitter:card\" content=\"summary_large_image\" \/>\n<meta name=\"twitter:label1\" content=\"Dur\u00e9e de lecture estim\u00e9e\" \/>\n\t<meta name=\"twitter:data1\" content=\"2 minutes\" \/>\n<script type=\"application\/ld+json\" class=\"yoast-schema-graph\">{\"@context\":\"https:\\\/\\\/schema.org\",\"@graph\":[{\"@type\":\"WebPage\",\"@id\":\"https:\\\/\\\/cartes-et-posters.fr\\\/index.php\\\/produit\\\/carte-plante-nouvelle-maison\\\/\",\"url\":\"https:\\\/\\\/cartes-et-posters.fr\\\/index.php\\\/produit\\\/carte-plante-nouvelle-maison\\\/\",\"name\":\"Carte Plante Nouvelle Maison | Boutique Cartes et Posters\",\"isPartOf\":{\"@id\":\"https:\\\/\\\/cartes-et-posters.fr\\\/#website\"},\"primaryImageOfPage\":{\"@id\":\"https:\\\/\\\/cartes-et-posters.fr\\\/index.php\\\/produit\\\/carte-plante-nouvelle-maison\\\/#primaryimage\"},\"image\":{\"@id\":\"https:\\\/\\\/cartes-et-posters.fr\\\/index.php\\\/produit\\\/carte-plante-nouvelle-maison\\\/#primaryimage\"},\"thumbnailUrl\":\"https:\\\/\\\/cartes-et-posters.fr\\\/wp-content\\\/uploads\\\/2026\\\/02\\\/CARTE-NOUVELLE-MAISON-Plante.jpg\",\"datePublished\":\"2026-01-27T15:49:10+00:00\",\"dateModified\":\"2026-02-20T13:59:10+00:00\",\"description\":\"Carte Plante Nouvelle Maison | Gamme Pendaison de Cr\u00e9maill\u00e8re | Carte simple format A6 avec enveloppe | Cr\u00e9ation Eco-responsable\",\"breadcrumb\":{\"@id\":\"https:\\\/\\\/cartes-et-posters.fr\\\/index.php\\\/produit\\\/carte-plante-nouvelle-maison\\\/#breadcrumb\"},\"inLanguage\":\"fr-FR\",\"potentialAction\":[{\"@type\":\"ReadAction\",\"target\":[\"https:\\\/\\\/cartes-et-posters.fr\\\/index.php\\\/produit\\\/carte-plante-nouvelle-maison\\\/\"]}]},{\"@type\":\"ImageObject\",\"inLanguage\":\"fr-FR\",\"@id\":\"https:\\\/\\\/cartes-et-posters.fr\\\/index.php\\\/produit\\\/carte-plante-nouvelle-maison\\\/#primaryimage\",\"url\":\"https:\\\/\\\/cartes-et-posters.fr\\\/wp-content\\\/uploads\\\/2026\\\/02\\\/CARTE-NOUVELLE-MAISON-Plante.jpg\",\"contentUrl\":\"https:\\\/\\\/cartes-et-posters.fr\\\/wp-content\\\/uploads\\\/2026\\\/02\\\/CARTE-NOUVELLE-MAISON-Plante.jpg\",\"width\":1000,\"height\":1000},{\"@type\":\"BreadcrumbList\",\"@id\":\"https:\\\/\\\/cartes-et-posters.fr\\\/index.php\\\/produit\\\/carte-plante-nouvelle-maison\\\/#breadcrumb\",\"itemListElement\":[{\"@type\":\"ListItem\",\"position\":1,\"name\":\"Accueil\",\"item\":\"https:\\\/\\\/cartes-et-posters.fr\\\/\"},{\"@type\":\"ListItem\",\"position\":2,\"name\":\"Produits\",\"item\":\"https:\\\/\\\/cartes-et-posters.fr\\\/index.php\\\/shop\\\/\"},{\"@type\":\"ListItem\",\"position\":3,\"name\":\"Carte Plante Nouvelle Maison\"}]},{\"@type\":\"WebSite\",\"@id\":\"https:\\\/\\\/cartes-et-posters.fr\\\/#website\",\"url\":\"https:\\\/\\\/cartes-et-posters.fr\\\/\",\"name\":\"Cartes et Posters\",\"description\":\"\",\"potentialAction\":[{\"@type\":\"SearchAction\",\"target\":{\"@type\":\"EntryPoint\",\"urlTemplate\":\"https:\\\/\\\/cartes-et-posters.fr\\\/?s={search_term_string}\"},\"query-input\":{\"@type\":\"PropertyValueSpecification\",\"valueRequired\":true,\"valueName\":\"search_term_string\"}}],\"inLanguage\":\"fr-FR\"}]}<\/script>\n<!-- \/ Yoast SEO plugin. -->","yoast_head_json":{"title":"Carte Plante Nouvelle Maison | Boutique Cartes et Posters","description":"Carte Plante Nouvelle Maison | Gamme Pendaison de Cr\u00e9maill\u00e8re | Carte simple format A6 avec enveloppe | Cr\u00e9ation Eco-responsable","robots":{"index":"index","follow":"follow","max-snippet":"max-snippet:-1","max-image-preview":"max-image-preview:large","max-video-preview":"max-video-preview:-1"},"canonical":"https:\/\/cartes-et-posters.fr\/index.php\/produit\/carte-plante-nouvelle-maison\/","og_locale":"fr_FR","og_type":"article","og_title":"Carte Plante Nouvelle Maison | Boutique Cartes et Posters","og_description":"Carte Plante Nouvelle Maison | Gamme Pendaison de Cr\u00e9maill\u00e8re | Carte simple format A6 avec enveloppe | Cr\u00e9ation Eco-responsable","og_url":"https:\/\/cartes-et-posters.fr\/index.php\/produit\/carte-plante-nouvelle-maison\/","og_site_name":"Cartes et Posters","article_modified_time":"2026-02-20T13:59:10+00:00","og_image":[{"width":1000,"height":1000,"url":"https:\/\/cartes-et-posters.fr\/wp-content\/uploads\/2026\/02\/CARTE-NOUVELLE-MAISON-Plante.jpg","type":"image\/jpeg"}],"twitter_card":"summary_large_image","twitter_misc":{"Dur\u00e9e de lecture estim\u00e9e":"2 minutes"},"schema":{"@context":"https:\/\/schema.org","@graph":[{"@type":"WebPage","@id":"https:\/\/cartes-et-posters.fr\/index.php\/produit\/carte-plante-nouvelle-maison\/","url":"https:\/\/cartes-et-posters.fr\/index.php\/produit\/carte-plante-nouvelle-maison\/","name":"Carte Plante Nouvelle Maison | Boutique Cartes et Posters","isPartOf":{"@id":"https:\/\/cartes-et-posters.fr\/#website"},"primaryImageOfPage":{"@id":"https:\/\/cartes-et-posters.fr\/index.php\/produit\/carte-plante-nouvelle-maison\/#primaryimage"},"image":{"@id":"https:\/\/cartes-et-posters.fr\/index.php\/produit\/carte-plante-nouvelle-maison\/#primaryimage"},"thumbnailUrl":"https:\/\/cartes-et-posters.fr\/wp-content\/uploads\/2026\/02\/CARTE-NOUVELLE-MAISON-Plante.jpg","datePublished":"2026-01-27T15:49:10+00:00","dateModified":"2026-02-20T13:59:10+00:00","description":"Carte Plante Nouvelle Maison | Gamme Pendaison de Cr\u00e9maill\u00e8re | Carte simple format A6 avec enveloppe | Cr\u00e9ation Eco-responsable","breadcrumb":{"@id":"https:\/\/cartes-et-posters.fr\/index.php\/produit\/carte-plante-nouvelle-maison\/#breadcrumb"},"inLanguage":"fr-FR","potentialAction":[{"@type":"ReadAction","target":["https:\/\/cartes-et-posters.fr\/index.php\/produit\/carte-plante-nouvelle-maison\/"]}]},{"@type":"ImageObject","inLanguage":"fr-FR","@id":"https:\/\/cartes-et-posters.fr\/index.php\/produit\/carte-plante-nouvelle-maison\/#primaryimage","url":"https:\/\/cartes-et-posters.fr\/wp-content\/uploads\/2026\/02\/CARTE-NOUVELLE-MAISON-Plante.jpg","contentUrl":"https:\/\/cartes-et-posters.fr\/wp-content\/uploads\/2026\/02\/CARTE-NOUVELLE-MAISON-Plante.jpg","width":1000,"height":1000},{"@type":"BreadcrumbList","@id":"https:\/\/cartes-et-posters.fr\/index.php\/produit\/carte-plante-nouvelle-maison\/#breadcrumb","itemListElement":[{"@type":"ListItem","position":1,"name":"Accueil","item":"https:\/\/cartes-et-posters.fr\/"},{"@type":"ListItem","position":2,"name":"Produits","item":"https:\/\/cartes-et-posters.fr\/index.php\/shop\/"},{"@type":"ListItem","position":3,"name":"Carte Plante Nouvelle Maison"}]},{"@type":"WebSite","@id":"https:\/\/cartes-et-posters.fr\/#website","url":"https:\/\/cartes-et-posters.fr\/","name":"Cartes et Posters","description":"","potentialAction":[{"@type":"SearchAction","target":{"@type":"EntryPoint","urlTemplate":"https:\/\/cartes-et-posters.fr\/?s={search_term_string}"},"query-input":{"@type":"PropertyValueSpecification","valueRequired":true,"valueName":"search_term_string"}}],"inLanguage":"fr-FR"}]}},"df_price":2.9,"df_sale_price":"","df_regular_price":2.9,"df_image_link":"https:\/\/cartes-et-posters.fr\/wp-content\/uploads\/2026\/02\/CARTE-NOUVELLE-MAISON-Plante-300x300.jpg","jetpack_sharing_enabled":true,"_links":{"self":[{"href":"https:\/\/cartes-et-posters.fr\/index.php\/wp-json\/wp\/v2\/product\/1850","targetHints":{"allow":["GET"]}}],"collection":[{"href":"https:\/\/cartes-et-posters.fr\/index.php\/wp-json\/wp\/v2\/product"}],"about":[{"href":"https:\/\/cartes-et-posters.fr\/index.php\/wp-json\/wp\/v2\/types\/product"}],"replies":[{"embeddable":true,"href":"https:\/\/cartes-et-posters.fr\/index.php\/wp-json\/wp\/v2\/comments?post=1850"}],"wp:featuredmedia":[{"embeddable":true,"href":"https:\/\/cartes-et-posters.fr\/index.php\/wp-json\/wp\/v2\/media\/2330"}],"wp:attachment":[{"href":"https:\/\/cartes-et-posters.fr\/index.php\/wp-json\/wp\/v2\/media?parent=1850"}],"wp:term":[{"taxonomy":"product_brand","embeddable":true,"href":"https:\/\/cartes-et-posters.fr\/index.php\/wp-json\/wp\/v2\/product_brand?post=1850"},{"taxonomy":"product_cat","embeddable":true,"href":"https:\/\/cartes-et-posters.fr\/index.php\/wp-json\/wp\/v2\/product_cat?post=1850"},{"taxonomy":"product_tag","embeddable":true,"href":"https:\/\/cartes-et-posters.fr\/index.php\/wp-json\/wp\/v2\/product_tag?post=1850"}],"curies":[{"name":"wp","href":"https:\/\/api.w.org\/{rel}","templated":true}]}}