{"id":1849,"date":"2026-01-27T15:45:27","date_gmt":"2026-01-27T15:45:27","guid":{"rendered":"https:\/\/cartesetposters.fr\/?post_type=product&#038;p=1849"},"modified":"2026-02-21T17:02:18","modified_gmt":"2026-02-21T16:02:18","slug":"carte-concentre-de-chance-trefles","status":"publish","type":"product","link":"https:\/\/cartes-et-posters.fr\/index.php\/produit\/carte-concentre-de-chance-trefles\/","title":{"rendered":"Carte Concentr\u00e9 de Chance Tr\u00e8fles"},"content":{"rendered":"<h2 data-start=\"214\" data-end=\"581\">Un concentr\u00e9 de chance en bocal<\/h2>\n<p data-start=\"271\" data-end=\"757\">Sign\u00e9e Julie Desvaux, cette carte concentr\u00e9 de chance tr\u00e8fles met en sc\u00e8ne un joli bocal rempli de tr\u00e8fles \u00e0 quatre feuilles. Une cr\u00e9ation graphique douce et symbolique, imagin\u00e9e par une graphiste fran\u00e7aise passionn\u00e9e. Chaque tr\u00e8fle illustre l\u2019espoir, la chance et les bonnes \u00e9nergies. Autour du goulot, une \u00e9tiquette kraft affiche le message \u00ab Concentr\u00e9 de chance \u00bb. Un d\u00e9tail simple et plein de sens. L\u2019ensemble \u00e9voque un petit porte-bonheur \u00e0 offrir sans mod\u00e9ration.<\/p>\n<p data-start=\"759\" data-end=\"1089\">Pens\u00e9e pour transmettre des ondes positives, cette carte concentr\u00e9 de chance tr\u00e8fles accompagne tous les moments importants. Elle convient pour un examen, un nouveau projet, un d\u00e9m\u00e9nagement, un entretien ou un d\u00e9fi \u00e0 relever. Elle se suffit \u00e0 elle-m\u00eame ou compl\u00e8te parfaitement un cadeau. Un petit geste qui fait toujours plaisir.<\/p>\n<h2 data-start=\"848\" data-end=\"874\">\u2728 <strong data-start=\"850\" data-end=\"872\">D\u00e9tails du produit<\/strong><\/h2>\n<ul data-start=\"875\" data-end=\"1212\">\n<li data-start=\"875\" data-end=\"964\">\n<p data-start=\"877\" data-end=\"964\"><strong data-start=\"877\" data-end=\"887\">Format<\/strong> : A6 (10,5 x 14,8 cm)<\/p>\n<\/li>\n<li data-start=\"965\" data-end=\"1035\">\n<p data-start=\"967\" data-end=\"1035\"><b>Papier <\/b>: recycl\u00e9 et textur\u00e9, pour une impression \u00e9co-responsable haute qualit\u00e9 (300 g\/m\u00b2)<\/p>\n<\/li>\n<li data-start=\"1036\" data-end=\"1099\">\n<p data-start=\"1038\" data-end=\"1099\"><strong data-start=\"1038\" data-end=\"1054\">Illustration<\/strong> : cr\u00e9ation exclusive \u00a92026 Julie Desvaux<\/p>\n<\/li>\n<li data-start=\"1100\" data-end=\"1137\">\n<p data-start=\"1102\" data-end=\"1137\"><strong data-start=\"1102\" data-end=\"1135\">Inclus : <\/strong>enveloppe C6 verte<\/p>\n<\/li>\n<li data-start=\"1138\" data-end=\"1212\">\n<p data-start=\"1140\" data-end=\"1212\"><strong data-start=\"1140\" data-end=\"1173\">Vendue \u00e0 l\u2019unit\u00e9 :\u00a0 <\/strong>sans message (dos vierge pour \u00e9crire votre texte)<\/p>\n<\/li>\n<li data-start=\"1138\" data-end=\"1212\">\n<p data-start=\"1140\" data-end=\"1212\"><strong>Visuel :<\/strong> les couleurs peuvent varier selon l&rsquo;\u00e9cran &#8211; La carte que vous recevrez ne comporte pas les marques \u00ab\u00a0&amp;\u00a0\u00bb<\/p>\n<\/li>\n<\/ul>\n<h2 data-start=\"1219\" data-end=\"1529\">\ud83c\udf40 Une carte porte-bonheur \u00e0 garder<\/h2>\n<p data-start=\"1527\" data-end=\"1947\">Comme toutes les cr\u00e9ations de Julie, cette carte concentr\u00e9 de chance tr\u00e8fles est imprim\u00e9e en petites s\u00e9ries avec soin. Elle rejoint notre collection d\u00e9di\u00e9e \u00e0 la papeterie po\u00e9tique et positive. Les tons verts, le style \u00e9pur\u00e9 et le message symbolique s\u00e9duisent imm\u00e9diatement. La carte se glisse facilement dans une enveloppe, s\u2019affiche comme une petite d\u00e9co ou se conserve comme un porte-bonheur illustr\u00e9.<\/p>\n<p data-start=\"1949\" data-end=\"2087\">Julie Desvaux, artiste graphiste bisontine, signe cette illustration originale. Elle imagine chaque visuel avec passion et sens du d\u00e9tail.<\/p>\n<h2 data-start=\"1949\" data-end=\"2150\">\ud83d\udca1 Pourquoi on adore cette carte concentr\u00e9 de chance tr\u00e8fles ?<\/h2>\n<p data-start=\"2153\" data-end=\"2351\">\u2714 Un message porte-bonheur simple et universel<br data-start=\"2199\" data-end=\"2202\" \/>\u2714 Un design original, doux et symbolique<br data-start=\"2242\" data-end=\"2245\" \/>\u2714 Une impression \u00e9co-responsable sur papier recycl\u00e9<br data-start=\"2296\" data-end=\"2299\" \/>\u2714 Id\u00e9ale pour encourager et souhaiter bonne chance<\/p>\n<p data-start=\"2353\" data-end=\"2601\" data-is-last-node=\"\" data-is-only-node=\"\">En conclusion, cette carte concentr\u00e9 de chance tr\u00e8fles diffuse des ondes positives d\u00e8s le premier regard. Elle transforme un simple mot en v\u00e9ritable talisman illustr\u00e9, parfait pour accompagner chaque nouveau d\u00e9part avec optimisme et po\u00e9sie. \ud83c\udf40\u2728<\/p>\n","protected":false},"excerpt":{"rendered":"<p>Carte chance, concentr\u00e9 de tr\u00e8fles : un porte-bonheur en bocal \u00e0 consommer sans mod\u00e9ration !<\/p>\n","protected":false},"featured_media":2321,"comment_status":"open","ping_status":"closed","template":"","meta":{"neve_meta_sidebar":"","neve_meta_container":"","neve_meta_enable_content_width":"off","neve_meta_content_width":100,"neve_meta_title_alignment":"","neve_meta_author_avatar":"","neve_post_elements_order":"","neve_meta_disable_header":"","neve_meta_disable_footer":"","neve_meta_disable_title":""},"product_brand":[],"product_cat":[25],"product_tag":[31,32,37],"class_list":{"0":"post-1849","1":"product","2":"type-product","3":"status-publish","4":"has-post-thumbnail","6":"product_cat-cartes-illustrees-eco-responsables","7":"product_tag-bocal-de-bonheur","8":"product_tag-jolie-carte","9":"product_tag-cartes-et-cadeaux-porte-bonheur","10":"product_shipping_class-cartes","12":"first","13":"instock","14":"taxable","15":"shipping-taxable","16":"purchasable","17":"product-type-simple"},"yoast_head":"<!-- This site is optimized with the Yoast SEO plugin v27.4 - https:\/\/yoast.com\/product\/yoast-seo-wordpress\/ -->\n<title>Carte Concentr\u00e9 de Chance Tr\u00e8fles | Boutique Cartes et Posters<\/title>\n<meta name=\"description\" content=\"Carte Chance Bocal rempli de Tr\u00e8fles | Gammes Chance &amp; Fioles de Bonheur | Carte simple format A6 avec enveloppe | Cr\u00e9ation Eco-responsable\" \/>\n<meta name=\"robots\" content=\"index, follow, max-snippet:-1, max-image-preview:large, max-video-preview:-1\" \/>\n<link rel=\"canonical\" href=\"https:\/\/cartes-et-posters.fr\/index.php\/produit\/carte-concentre-de-chance-trefles\/\" \/>\n<meta property=\"og:locale\" content=\"fr_FR\" \/>\n<meta property=\"og:type\" content=\"article\" \/>\n<meta property=\"og:title\" content=\"Carte Concentr\u00e9 de Chance Tr\u00e8fles | Boutique Cartes et Posters\" \/>\n<meta property=\"og:description\" content=\"Carte Chance Bocal rempli de Tr\u00e8fles | Gammes Chance &amp; Fioles de Bonheur | Carte simple format A6 avec enveloppe | Cr\u00e9ation Eco-responsable\" \/>\n<meta property=\"og:url\" content=\"https:\/\/cartes-et-posters.fr\/index.php\/produit\/carte-concentre-de-chance-trefles\/\" \/>\n<meta property=\"og:site_name\" content=\"Cartes et Posters\" \/>\n<meta property=\"article:modified_time\" content=\"2026-02-21T16:02:18+00:00\" \/>\n<meta property=\"og:image\" content=\"https:\/\/cartes-et-posters.fr\/wp-content\/uploads\/2026\/02\/Carte_Chance-en_bocal.jpg\" \/>\n\t<meta property=\"og:image:width\" content=\"1000\" \/>\n\t<meta property=\"og:image:height\" content=\"1000\" \/>\n\t<meta property=\"og:image:type\" content=\"image\/jpeg\" \/>\n<meta name=\"twitter:card\" content=\"summary_large_image\" \/>\n<meta name=\"twitter:label1\" content=\"Dur\u00e9e de lecture estim\u00e9e\" \/>\n\t<meta name=\"twitter:data1\" content=\"2 minutes\" \/>\n<script type=\"application\/ld+json\" class=\"yoast-schema-graph\">{\"@context\":\"https:\\\/\\\/schema.org\",\"@graph\":[{\"@type\":\"WebPage\",\"@id\":\"https:\\\/\\\/cartes-et-posters.fr\\\/index.php\\\/produit\\\/carte-concentre-de-chance-trefles\\\/\",\"url\":\"https:\\\/\\\/cartes-et-posters.fr\\\/index.php\\\/produit\\\/carte-concentre-de-chance-trefles\\\/\",\"name\":\"Carte Concentr\u00e9 de Chance Tr\u00e8fles | Boutique Cartes et Posters\",\"isPartOf\":{\"@id\":\"https:\\\/\\\/cartes-et-posters.fr\\\/#website\"},\"primaryImageOfPage\":{\"@id\":\"https:\\\/\\\/cartes-et-posters.fr\\\/index.php\\\/produit\\\/carte-concentre-de-chance-trefles\\\/#primaryimage\"},\"image\":{\"@id\":\"https:\\\/\\\/cartes-et-posters.fr\\\/index.php\\\/produit\\\/carte-concentre-de-chance-trefles\\\/#primaryimage\"},\"thumbnailUrl\":\"https:\\\/\\\/cartes-et-posters.fr\\\/wp-content\\\/uploads\\\/2026\\\/02\\\/Carte_Chance-en_bocal.jpg\",\"datePublished\":\"2026-01-27T15:45:27+00:00\",\"dateModified\":\"2026-02-21T16:02:18+00:00\",\"description\":\"Carte Chance Bocal rempli de Tr\u00e8fles | Gammes Chance & Fioles de Bonheur | Carte simple format A6 avec enveloppe | Cr\u00e9ation Eco-responsable\",\"breadcrumb\":{\"@id\":\"https:\\\/\\\/cartes-et-posters.fr\\\/index.php\\\/produit\\\/carte-concentre-de-chance-trefles\\\/#breadcrumb\"},\"inLanguage\":\"fr-FR\",\"potentialAction\":[{\"@type\":\"ReadAction\",\"target\":[\"https:\\\/\\\/cartes-et-posters.fr\\\/index.php\\\/produit\\\/carte-concentre-de-chance-trefles\\\/\"]}]},{\"@type\":\"ImageObject\",\"inLanguage\":\"fr-FR\",\"@id\":\"https:\\\/\\\/cartes-et-posters.fr\\\/index.php\\\/produit\\\/carte-concentre-de-chance-trefles\\\/#primaryimage\",\"url\":\"https:\\\/\\\/cartes-et-posters.fr\\\/wp-content\\\/uploads\\\/2026\\\/02\\\/Carte_Chance-en_bocal.jpg\",\"contentUrl\":\"https:\\\/\\\/cartes-et-posters.fr\\\/wp-content\\\/uploads\\\/2026\\\/02\\\/Carte_Chance-en_bocal.jpg\",\"width\":1000,\"height\":1000},{\"@type\":\"BreadcrumbList\",\"@id\":\"https:\\\/\\\/cartes-et-posters.fr\\\/index.php\\\/produit\\\/carte-concentre-de-chance-trefles\\\/#breadcrumb\",\"itemListElement\":[{\"@type\":\"ListItem\",\"position\":1,\"name\":\"Accueil\",\"item\":\"https:\\\/\\\/cartes-et-posters.fr\\\/\"},{\"@type\":\"ListItem\",\"position\":2,\"name\":\"Produits\",\"item\":\"https:\\\/\\\/cartes-et-posters.fr\\\/index.php\\\/shop\\\/\"},{\"@type\":\"ListItem\",\"position\":3,\"name\":\"Carte Concentr\u00e9 de Chance Tr\u00e8fles\"}]},{\"@type\":\"WebSite\",\"@id\":\"https:\\\/\\\/cartes-et-posters.fr\\\/#website\",\"url\":\"https:\\\/\\\/cartes-et-posters.fr\\\/\",\"name\":\"Cartes et Posters\",\"description\":\"\",\"potentialAction\":[{\"@type\":\"SearchAction\",\"target\":{\"@type\":\"EntryPoint\",\"urlTemplate\":\"https:\\\/\\\/cartes-et-posters.fr\\\/?s={search_term_string}\"},\"query-input\":{\"@type\":\"PropertyValueSpecification\",\"valueRequired\":true,\"valueName\":\"search_term_string\"}}],\"inLanguage\":\"fr-FR\"}]}<\/script>\n<!-- \/ Yoast SEO plugin. -->","yoast_head_json":{"title":"Carte Concentr\u00e9 de Chance Tr\u00e8fles | Boutique Cartes et Posters","description":"Carte Chance Bocal rempli de Tr\u00e8fles | Gammes Chance & Fioles de Bonheur | Carte simple format A6 avec enveloppe | Cr\u00e9ation Eco-responsable","robots":{"index":"index","follow":"follow","max-snippet":"max-snippet:-1","max-image-preview":"max-image-preview:large","max-video-preview":"max-video-preview:-1"},"canonical":"https:\/\/cartes-et-posters.fr\/index.php\/produit\/carte-concentre-de-chance-trefles\/","og_locale":"fr_FR","og_type":"article","og_title":"Carte Concentr\u00e9 de Chance Tr\u00e8fles | Boutique Cartes et Posters","og_description":"Carte Chance Bocal rempli de Tr\u00e8fles | Gammes Chance & Fioles de Bonheur | Carte simple format A6 avec enveloppe | Cr\u00e9ation Eco-responsable","og_url":"https:\/\/cartes-et-posters.fr\/index.php\/produit\/carte-concentre-de-chance-trefles\/","og_site_name":"Cartes et Posters","article_modified_time":"2026-02-21T16:02:18+00:00","og_image":[{"width":1000,"height":1000,"url":"https:\/\/cartes-et-posters.fr\/wp-content\/uploads\/2026\/02\/Carte_Chance-en_bocal.jpg","type":"image\/jpeg"}],"twitter_card":"summary_large_image","twitter_misc":{"Dur\u00e9e de lecture estim\u00e9e":"2 minutes"},"schema":{"@context":"https:\/\/schema.org","@graph":[{"@type":"WebPage","@id":"https:\/\/cartes-et-posters.fr\/index.php\/produit\/carte-concentre-de-chance-trefles\/","url":"https:\/\/cartes-et-posters.fr\/index.php\/produit\/carte-concentre-de-chance-trefles\/","name":"Carte Concentr\u00e9 de Chance Tr\u00e8fles | Boutique Cartes et Posters","isPartOf":{"@id":"https:\/\/cartes-et-posters.fr\/#website"},"primaryImageOfPage":{"@id":"https:\/\/cartes-et-posters.fr\/index.php\/produit\/carte-concentre-de-chance-trefles\/#primaryimage"},"image":{"@id":"https:\/\/cartes-et-posters.fr\/index.php\/produit\/carte-concentre-de-chance-trefles\/#primaryimage"},"thumbnailUrl":"https:\/\/cartes-et-posters.fr\/wp-content\/uploads\/2026\/02\/Carte_Chance-en_bocal.jpg","datePublished":"2026-01-27T15:45:27+00:00","dateModified":"2026-02-21T16:02:18+00:00","description":"Carte Chance Bocal rempli de Tr\u00e8fles | Gammes Chance & Fioles de Bonheur | Carte simple format A6 avec enveloppe | Cr\u00e9ation Eco-responsable","breadcrumb":{"@id":"https:\/\/cartes-et-posters.fr\/index.php\/produit\/carte-concentre-de-chance-trefles\/#breadcrumb"},"inLanguage":"fr-FR","potentialAction":[{"@type":"ReadAction","target":["https:\/\/cartes-et-posters.fr\/index.php\/produit\/carte-concentre-de-chance-trefles\/"]}]},{"@type":"ImageObject","inLanguage":"fr-FR","@id":"https:\/\/cartes-et-posters.fr\/index.php\/produit\/carte-concentre-de-chance-trefles\/#primaryimage","url":"https:\/\/cartes-et-posters.fr\/wp-content\/uploads\/2026\/02\/Carte_Chance-en_bocal.jpg","contentUrl":"https:\/\/cartes-et-posters.fr\/wp-content\/uploads\/2026\/02\/Carte_Chance-en_bocal.jpg","width":1000,"height":1000},{"@type":"BreadcrumbList","@id":"https:\/\/cartes-et-posters.fr\/index.php\/produit\/carte-concentre-de-chance-trefles\/#breadcrumb","itemListElement":[{"@type":"ListItem","position":1,"name":"Accueil","item":"https:\/\/cartes-et-posters.fr\/"},{"@type":"ListItem","position":2,"name":"Produits","item":"https:\/\/cartes-et-posters.fr\/index.php\/shop\/"},{"@type":"ListItem","position":3,"name":"Carte Concentr\u00e9 de Chance Tr\u00e8fles"}]},{"@type":"WebSite","@id":"https:\/\/cartes-et-posters.fr\/#website","url":"https:\/\/cartes-et-posters.fr\/","name":"Cartes et Posters","description":"","potentialAction":[{"@type":"SearchAction","target":{"@type":"EntryPoint","urlTemplate":"https:\/\/cartes-et-posters.fr\/?s={search_term_string}"},"query-input":{"@type":"PropertyValueSpecification","valueRequired":true,"valueName":"search_term_string"}}],"inLanguage":"fr-FR"}]}},"df_price":2.9,"df_sale_price":"","df_regular_price":2.9,"df_image_link":"https:\/\/cartes-et-posters.fr\/wp-content\/uploads\/2026\/02\/Carte_Chance-en_bocal-300x300.jpg","jetpack_sharing_enabled":true,"_links":{"self":[{"href":"https:\/\/cartes-et-posters.fr\/index.php\/wp-json\/wp\/v2\/product\/1849","targetHints":{"allow":["GET"]}}],"collection":[{"href":"https:\/\/cartes-et-posters.fr\/index.php\/wp-json\/wp\/v2\/product"}],"about":[{"href":"https:\/\/cartes-et-posters.fr\/index.php\/wp-json\/wp\/v2\/types\/product"}],"replies":[{"embeddable":true,"href":"https:\/\/cartes-et-posters.fr\/index.php\/wp-json\/wp\/v2\/comments?post=1849"}],"wp:featuredmedia":[{"embeddable":true,"href":"https:\/\/cartes-et-posters.fr\/index.php\/wp-json\/wp\/v2\/media\/2321"}],"wp:attachment":[{"href":"https:\/\/cartes-et-posters.fr\/index.php\/wp-json\/wp\/v2\/media?parent=1849"}],"wp:term":[{"taxonomy":"product_brand","embeddable":true,"href":"https:\/\/cartes-et-posters.fr\/index.php\/wp-json\/wp\/v2\/product_brand?post=1849"},{"taxonomy":"product_cat","embeddable":true,"href":"https:\/\/cartes-et-posters.fr\/index.php\/wp-json\/wp\/v2\/product_cat?post=1849"},{"taxonomy":"product_tag","embeddable":true,"href":"https:\/\/cartes-et-posters.fr\/index.php\/wp-json\/wp\/v2\/product_tag?post=1849"}],"curies":[{"name":"wp","href":"https:\/\/api.w.org\/{rel}","templated":true}]}}