{"id":1842,"date":"2026-01-27T15:34:29","date_gmt":"2026-01-27T15:34:29","guid":{"rendered":"https:\/\/cartesetposters.fr\/?post_type=product&#038;p=1842"},"modified":"2026-02-21T17:03:10","modified_gmt":"2026-02-21T16:03:10","slug":"carte-merci-fleurs","status":"publish","type":"product","link":"https:\/\/cartes-et-posters.fr\/index.php\/produit\/carte-merci-fleurs\/","title":{"rendered":"Carte Merci Fleurs"},"content":{"rendered":"<h2 data-start=\"214\" data-end=\"581\">Dites-le avec des fleurs !<\/h2>\n<p data-start=\"214\" data-end=\"581\">Julie Desvaux signe une cr\u00e9ation raffin\u00e9e o\u00f9 le mot merci s\u2019\u00e9crit en calligraphie fluide et gracieuse. De jolies fleurs multicolores viennent se poser autour des lettres et apportent une touche de po\u00e9sie et de fra\u00eecheur.<\/p>\n<p data-start=\"840\" data-end=\"1234\">Avec son style d\u00e9licat et lumineux, cette carte s\u00e9duit les passionn\u00e9s d\u2019illustration florale et les amoureux des attentions soign\u00e9es. Elle exprime gratitude et tendresse avec \u00e9l\u00e9gance, et transforme un simple merci en v\u00e9ritable bouquet illustr\u00e9.<\/p>\n<h2 data-start=\"848\" data-end=\"874\">\u2728 <strong data-start=\"850\" data-end=\"872\">D\u00e9tails du produit<\/strong><\/h2>\n<ul data-start=\"875\" data-end=\"1212\">\n<li data-start=\"875\" data-end=\"964\">\n<p data-start=\"877\" data-end=\"964\"><strong data-start=\"877\" data-end=\"887\">Format<\/strong> : A6 (10,5 x 14,8 cm)<\/p>\n<\/li>\n<li data-start=\"965\" data-end=\"1035\">\n<p data-start=\"967\" data-end=\"1035\"><b>Papier <\/b>: recycl\u00e9 et textur\u00e9, pour une impression \u00e9co-responsable haute qualit\u00e9 (300 g\/m\u00b2)<\/p>\n<\/li>\n<li data-start=\"1036\" data-end=\"1099\">\n<p data-start=\"1038\" data-end=\"1099\"><strong data-start=\"1038\" data-end=\"1054\">Illustration<\/strong> : cr\u00e9ation exclusive \u00a92026 Julie Desvaux<\/p>\n<\/li>\n<li data-start=\"1100\" data-end=\"1137\">\n<p data-start=\"1102\" data-end=\"1137\"><strong data-start=\"1102\" data-end=\"1135\">Inclus : <\/strong>enveloppe C6 violette<\/p>\n<\/li>\n<li data-start=\"1138\" data-end=\"1212\">\n<p data-start=\"1140\" data-end=\"1212\"><strong data-start=\"1140\" data-end=\"1173\">Vendue \u00e0 l\u2019unit\u00e9 :\u00a0 <\/strong>sans message (dos vierge pour \u00e9crire votre texte)<\/p>\n<\/li>\n<li data-start=\"1138\" data-end=\"1212\">\n<p data-start=\"1140\" data-end=\"1212\"><strong>Visuel :<\/strong> les couleurs peuvent varier selon l&rsquo;\u00e9cran &#8211; La carte que vous recevrez ne comporte pas les marques \u00ab\u00a0&amp;\u00a0\u00bb<\/p>\n<\/li>\n<\/ul>\n<h2 data-start=\"1219\" data-end=\"1529\">\ud83c\udf38 Une papeterie florale et po\u00e9tique<\/h2>\n<p data-start=\"1678\" data-end=\"2112\">Nous imprimons cette carte merci fleurs en petites s\u00e9ries avec une attention particuli\u00e8re port\u00e9e \u00e0 chaque d\u00e9tail. Cette cr\u00e9ation appartient \u00e0 la collection \u00ab\u00a0Remerciements\u00a0\u00bb, qui r\u00e9unit des cartes et affiches d\u00e9coratives pens\u00e9es pour mettre de la couleur et de la joie dans le quotidien.<\/p>\n<p data-start=\"2114\" data-end=\"2248\">Julie Desvaux, artiste graphiste bisontine, imagine et dessine chacune de ses illustrations avec passion. Son univers graphique associe d\u00e9licatesse et originalit\u00e9 pour transformer chaque carte en petite \u0153uvre d\u2019art.<\/p>\n<h2 data-start=\"1949\" data-end=\"2150\">\ud83d\udca1 Pourquoi on l&rsquo;adore ?<\/h2>\n<p data-start=\"2312\" data-end=\"2499\">\u2714 Un design calligraphi\u00e9 \u00e9l\u00e9gant et raffin\u00e9<br \/>\n\u2714 Une composition fleurie, douce et po\u00e9tique<br \/>\n\u2714 Un support \u00e9co-responsable en papier recycl\u00e9<br \/>\n\u2714 Parfaite pour remercier avec style et sensibilit\u00e9<\/p>\n<p data-start=\"2501\" data-end=\"2688\">Avec cette carte merci fleurs, vos mots prennent la forme d\u2019un bouquet color\u00e9. Un remerciement qui se transforme en petite attention artistique, aussi charmante qu\u2019inoubliable.<\/p>\n","protected":false},"excerpt":{"rendered":"<p>Carte merci fleurs calligraphi\u00e9e, \u00e9l\u00e9gante et po\u00e9tique. Un bouquet illustr\u00e9 pour dire merci avec douceur et originalit\u00e9.<\/p>\n","protected":false},"featured_media":2338,"comment_status":"open","ping_status":"closed","template":"","meta":{"neve_meta_sidebar":"","neve_meta_container":"","neve_meta_enable_content_width":"off","neve_meta_content_width":100,"neve_meta_title_alignment":"","neve_meta_author_avatar":"","neve_post_elements_order":"","neve_meta_disable_header":"","neve_meta_disable_footer":"","neve_meta_disable_title":""},"product_brand":[],"product_cat":[25],"product_tag":[32,39],"class_list":{"0":"post-1842","1":"product","2":"type-product","3":"status-publish","4":"has-post-thumbnail","6":"product_cat-cartes-illustrees-eco-responsables","7":"product_tag-jolie-carte","8":"product_tag-carte-de-remerciement","9":"product_shipping_class-cartes","11":"first","12":"instock","13":"taxable","14":"shipping-taxable","15":"purchasable","16":"product-type-simple"},"yoast_head":"<!-- This site is optimized with the Yoast SEO plugin v27.4 - https:\/\/yoast.com\/product\/yoast-seo-wordpress\/ -->\n<title>Carte Merci Fleurs | Boutique en Ligne Cartes et Posters<\/title>\n<meta name=\"description\" content=\"Carte Merci Fleurs | Gamme Remerciements | Carte simple papier recycl\u00e9 format A6 avec enveloppe | Cr\u00e9ation illustr\u00e9e Originale &amp; Eco-Responsable\" \/>\n<meta name=\"robots\" content=\"index, follow, max-snippet:-1, max-image-preview:large, max-video-preview:-1\" \/>\n<link rel=\"canonical\" href=\"https:\/\/cartes-et-posters.fr\/index.php\/produit\/carte-merci-fleurs\/\" \/>\n<meta property=\"og:locale\" content=\"fr_FR\" \/>\n<meta property=\"og:type\" content=\"article\" \/>\n<meta property=\"og:title\" content=\"Carte Merci Fleurs | Boutique en Ligne Cartes et Posters\" \/>\n<meta property=\"og:description\" content=\"Carte Merci Fleurs | Gamme Remerciements | Carte simple papier recycl\u00e9 format A6 avec enveloppe | Cr\u00e9ation illustr\u00e9e Originale &amp; Eco-Responsable\" \/>\n<meta property=\"og:url\" content=\"https:\/\/cartes-et-posters.fr\/index.php\/produit\/carte-merci-fleurs\/\" \/>\n<meta property=\"og:site_name\" content=\"Cartes et Posters\" \/>\n<meta property=\"article:modified_time\" content=\"2026-02-21T16:03:10+00:00\" \/>\n<meta property=\"og:image\" content=\"https:\/\/cartes-et-posters.fr\/wp-content\/uploads\/2026\/02\/CARTE-MERCI-Fleurs-0.jpg\" \/>\n\t<meta property=\"og:image:width\" content=\"1000\" \/>\n\t<meta property=\"og:image:height\" content=\"1000\" \/>\n\t<meta property=\"og:image:type\" content=\"image\/jpeg\" \/>\n<meta name=\"twitter:card\" content=\"summary_large_image\" \/>\n<meta name=\"twitter:label1\" content=\"Dur\u00e9e de lecture estim\u00e9e\" \/>\n\t<meta name=\"twitter:data1\" content=\"2 minutes\" \/>\n<script type=\"application\/ld+json\" class=\"yoast-schema-graph\">{\"@context\":\"https:\\\/\\\/schema.org\",\"@graph\":[{\"@type\":\"WebPage\",\"@id\":\"https:\\\/\\\/cartes-et-posters.fr\\\/index.php\\\/produit\\\/carte-merci-fleurs\\\/\",\"url\":\"https:\\\/\\\/cartes-et-posters.fr\\\/index.php\\\/produit\\\/carte-merci-fleurs\\\/\",\"name\":\"Carte Merci Fleurs | Boutique en Ligne Cartes et Posters\",\"isPartOf\":{\"@id\":\"https:\\\/\\\/cartes-et-posters.fr\\\/#website\"},\"primaryImageOfPage\":{\"@id\":\"https:\\\/\\\/cartes-et-posters.fr\\\/index.php\\\/produit\\\/carte-merci-fleurs\\\/#primaryimage\"},\"image\":{\"@id\":\"https:\\\/\\\/cartes-et-posters.fr\\\/index.php\\\/produit\\\/carte-merci-fleurs\\\/#primaryimage\"},\"thumbnailUrl\":\"https:\\\/\\\/cartes-et-posters.fr\\\/wp-content\\\/uploads\\\/2026\\\/02\\\/CARTE-MERCI-Fleurs-0.jpg\",\"datePublished\":\"2026-01-27T15:34:29+00:00\",\"dateModified\":\"2026-02-21T16:03:10+00:00\",\"description\":\"Carte Merci Fleurs | Gamme Remerciements | Carte simple papier recycl\u00e9 format A6 avec enveloppe | Cr\u00e9ation illustr\u00e9e Originale & Eco-Responsable\",\"breadcrumb\":{\"@id\":\"https:\\\/\\\/cartes-et-posters.fr\\\/index.php\\\/produit\\\/carte-merci-fleurs\\\/#breadcrumb\"},\"inLanguage\":\"fr-FR\",\"potentialAction\":[{\"@type\":\"ReadAction\",\"target\":[\"https:\\\/\\\/cartes-et-posters.fr\\\/index.php\\\/produit\\\/carte-merci-fleurs\\\/\"]}]},{\"@type\":\"ImageObject\",\"inLanguage\":\"fr-FR\",\"@id\":\"https:\\\/\\\/cartes-et-posters.fr\\\/index.php\\\/produit\\\/carte-merci-fleurs\\\/#primaryimage\",\"url\":\"https:\\\/\\\/cartes-et-posters.fr\\\/wp-content\\\/uploads\\\/2026\\\/02\\\/CARTE-MERCI-Fleurs-0.jpg\",\"contentUrl\":\"https:\\\/\\\/cartes-et-posters.fr\\\/wp-content\\\/uploads\\\/2026\\\/02\\\/CARTE-MERCI-Fleurs-0.jpg\",\"width\":1000,\"height\":1000},{\"@type\":\"BreadcrumbList\",\"@id\":\"https:\\\/\\\/cartes-et-posters.fr\\\/index.php\\\/produit\\\/carte-merci-fleurs\\\/#breadcrumb\",\"itemListElement\":[{\"@type\":\"ListItem\",\"position\":1,\"name\":\"Accueil\",\"item\":\"https:\\\/\\\/cartes-et-posters.fr\\\/\"},{\"@type\":\"ListItem\",\"position\":2,\"name\":\"Produits\",\"item\":\"https:\\\/\\\/cartes-et-posters.fr\\\/index.php\\\/shop\\\/\"},{\"@type\":\"ListItem\",\"position\":3,\"name\":\"Carte Merci Fleurs\"}]},{\"@type\":\"WebSite\",\"@id\":\"https:\\\/\\\/cartes-et-posters.fr\\\/#website\",\"url\":\"https:\\\/\\\/cartes-et-posters.fr\\\/\",\"name\":\"Cartes et Posters\",\"description\":\"\",\"potentialAction\":[{\"@type\":\"SearchAction\",\"target\":{\"@type\":\"EntryPoint\",\"urlTemplate\":\"https:\\\/\\\/cartes-et-posters.fr\\\/?s={search_term_string}\"},\"query-input\":{\"@type\":\"PropertyValueSpecification\",\"valueRequired\":true,\"valueName\":\"search_term_string\"}}],\"inLanguage\":\"fr-FR\"}]}<\/script>\n<!-- \/ Yoast SEO plugin. -->","yoast_head_json":{"title":"Carte Merci Fleurs | Boutique en Ligne Cartes et Posters","description":"Carte Merci Fleurs | Gamme Remerciements | Carte simple papier recycl\u00e9 format A6 avec enveloppe | Cr\u00e9ation illustr\u00e9e Originale & Eco-Responsable","robots":{"index":"index","follow":"follow","max-snippet":"max-snippet:-1","max-image-preview":"max-image-preview:large","max-video-preview":"max-video-preview:-1"},"canonical":"https:\/\/cartes-et-posters.fr\/index.php\/produit\/carte-merci-fleurs\/","og_locale":"fr_FR","og_type":"article","og_title":"Carte Merci Fleurs | Boutique en Ligne Cartes et Posters","og_description":"Carte Merci Fleurs | Gamme Remerciements | Carte simple papier recycl\u00e9 format A6 avec enveloppe | Cr\u00e9ation illustr\u00e9e Originale & Eco-Responsable","og_url":"https:\/\/cartes-et-posters.fr\/index.php\/produit\/carte-merci-fleurs\/","og_site_name":"Cartes et Posters","article_modified_time":"2026-02-21T16:03:10+00:00","og_image":[{"width":1000,"height":1000,"url":"https:\/\/cartes-et-posters.fr\/wp-content\/uploads\/2026\/02\/CARTE-MERCI-Fleurs-0.jpg","type":"image\/jpeg"}],"twitter_card":"summary_large_image","twitter_misc":{"Dur\u00e9e de lecture estim\u00e9e":"2 minutes"},"schema":{"@context":"https:\/\/schema.org","@graph":[{"@type":"WebPage","@id":"https:\/\/cartes-et-posters.fr\/index.php\/produit\/carte-merci-fleurs\/","url":"https:\/\/cartes-et-posters.fr\/index.php\/produit\/carte-merci-fleurs\/","name":"Carte Merci Fleurs | Boutique en Ligne Cartes et Posters","isPartOf":{"@id":"https:\/\/cartes-et-posters.fr\/#website"},"primaryImageOfPage":{"@id":"https:\/\/cartes-et-posters.fr\/index.php\/produit\/carte-merci-fleurs\/#primaryimage"},"image":{"@id":"https:\/\/cartes-et-posters.fr\/index.php\/produit\/carte-merci-fleurs\/#primaryimage"},"thumbnailUrl":"https:\/\/cartes-et-posters.fr\/wp-content\/uploads\/2026\/02\/CARTE-MERCI-Fleurs-0.jpg","datePublished":"2026-01-27T15:34:29+00:00","dateModified":"2026-02-21T16:03:10+00:00","description":"Carte Merci Fleurs | Gamme Remerciements | Carte simple papier recycl\u00e9 format A6 avec enveloppe | Cr\u00e9ation illustr\u00e9e Originale & Eco-Responsable","breadcrumb":{"@id":"https:\/\/cartes-et-posters.fr\/index.php\/produit\/carte-merci-fleurs\/#breadcrumb"},"inLanguage":"fr-FR","potentialAction":[{"@type":"ReadAction","target":["https:\/\/cartes-et-posters.fr\/index.php\/produit\/carte-merci-fleurs\/"]}]},{"@type":"ImageObject","inLanguage":"fr-FR","@id":"https:\/\/cartes-et-posters.fr\/index.php\/produit\/carte-merci-fleurs\/#primaryimage","url":"https:\/\/cartes-et-posters.fr\/wp-content\/uploads\/2026\/02\/CARTE-MERCI-Fleurs-0.jpg","contentUrl":"https:\/\/cartes-et-posters.fr\/wp-content\/uploads\/2026\/02\/CARTE-MERCI-Fleurs-0.jpg","width":1000,"height":1000},{"@type":"BreadcrumbList","@id":"https:\/\/cartes-et-posters.fr\/index.php\/produit\/carte-merci-fleurs\/#breadcrumb","itemListElement":[{"@type":"ListItem","position":1,"name":"Accueil","item":"https:\/\/cartes-et-posters.fr\/"},{"@type":"ListItem","position":2,"name":"Produits","item":"https:\/\/cartes-et-posters.fr\/index.php\/shop\/"},{"@type":"ListItem","position":3,"name":"Carte Merci Fleurs"}]},{"@type":"WebSite","@id":"https:\/\/cartes-et-posters.fr\/#website","url":"https:\/\/cartes-et-posters.fr\/","name":"Cartes et Posters","description":"","potentialAction":[{"@type":"SearchAction","target":{"@type":"EntryPoint","urlTemplate":"https:\/\/cartes-et-posters.fr\/?s={search_term_string}"},"query-input":{"@type":"PropertyValueSpecification","valueRequired":true,"valueName":"search_term_string"}}],"inLanguage":"fr-FR"}]}},"df_price":2.9,"df_sale_price":"","df_regular_price":2.9,"df_image_link":"https:\/\/cartes-et-posters.fr\/wp-content\/uploads\/2026\/02\/CARTE-MERCI-Fleurs-0-300x300.jpg","jetpack_sharing_enabled":true,"_links":{"self":[{"href":"https:\/\/cartes-et-posters.fr\/index.php\/wp-json\/wp\/v2\/product\/1842","targetHints":{"allow":["GET"]}}],"collection":[{"href":"https:\/\/cartes-et-posters.fr\/index.php\/wp-json\/wp\/v2\/product"}],"about":[{"href":"https:\/\/cartes-et-posters.fr\/index.php\/wp-json\/wp\/v2\/types\/product"}],"replies":[{"embeddable":true,"href":"https:\/\/cartes-et-posters.fr\/index.php\/wp-json\/wp\/v2\/comments?post=1842"}],"wp:featuredmedia":[{"embeddable":true,"href":"https:\/\/cartes-et-posters.fr\/index.php\/wp-json\/wp\/v2\/media\/2338"}],"wp:attachment":[{"href":"https:\/\/cartes-et-posters.fr\/index.php\/wp-json\/wp\/v2\/media?parent=1842"}],"wp:term":[{"taxonomy":"product_brand","embeddable":true,"href":"https:\/\/cartes-et-posters.fr\/index.php\/wp-json\/wp\/v2\/product_brand?post=1842"},{"taxonomy":"product_cat","embeddable":true,"href":"https:\/\/cartes-et-posters.fr\/index.php\/wp-json\/wp\/v2\/product_cat?post=1842"},{"taxonomy":"product_tag","embeddable":true,"href":"https:\/\/cartes-et-posters.fr\/index.php\/wp-json\/wp\/v2\/product_tag?post=1842"}],"curies":[{"name":"wp","href":"https:\/\/api.w.org\/{rel}","templated":true}]}}