{"id":1840,"date":"2026-01-27T15:26:26","date_gmt":"2026-01-27T15:26:26","guid":{"rendered":"https:\/\/cartesetposters.fr\/?post_type=product&#038;p=1840"},"modified":"2026-02-21T17:03:44","modified_gmt":"2026-02-21T16:03:44","slug":"carte-merci-tag","status":"publish","type":"product","link":"https:\/\/cartes-et-posters.fr\/index.php\/produit\/carte-merci-tag\/","title":{"rendered":"Carte Merci Tag"},"content":{"rendered":"<h2 data-start=\"214\" data-end=\"581\">Apportez un style urbain et moderne \u00e0 vos remerciements avec cette carte merci tag !<\/h2>\n<p data-start=\"304\" data-end=\"838\">Illustr\u00e9e Julie Desvaux, cette cr\u00e9ation originale pr\u00e9sente le mot merci graff\u00e9 dans des tons verts lumineux. Une composition simple et percutante, id\u00e9ale pour exprimer gratitude et reconnaissance avec cr\u00e9ativit\u00e9.<\/p>\n<p data-start=\"840\" data-end=\"1234\">Avec son esprit street-art color\u00e9 et graphique, cette carte illustr\u00e9e sera appr\u00e9ci\u00e9e par tous. Un remerciement unique et plein d\u2019\u00e9nergie est transmis \u00e0 travers son design affirm\u00e9.<\/p>\n<h2 data-start=\"848\" data-end=\"874\">\u2728 <strong data-start=\"850\" data-end=\"872\">D\u00e9tails du produit<\/strong><\/h2>\n<ul data-start=\"875\" data-end=\"1212\">\n<li data-start=\"875\" data-end=\"964\">\n<p data-start=\"877\" data-end=\"964\"><strong data-start=\"877\" data-end=\"887\">Format<\/strong> : A6 (10,5 x 14,8 cm)<\/p>\n<\/li>\n<li data-start=\"965\" data-end=\"1035\">\n<p data-start=\"967\" data-end=\"1035\"><b>Papier <\/b>: recycl\u00e9 et textur\u00e9, pour une impression \u00e9co-responsable haute qualit\u00e9 (300 g\/m\u00b2)<\/p>\n<\/li>\n<li data-start=\"1036\" data-end=\"1099\">\n<p data-start=\"1038\" data-end=\"1099\"><strong data-start=\"1038\" data-end=\"1054\">Illustration<\/strong> : cr\u00e9ation exclusive \u00a92026 Julie Desvaux<\/p>\n<\/li>\n<li data-start=\"1100\" data-end=\"1137\">\n<p data-start=\"1102\" data-end=\"1137\"><strong data-start=\"1102\" data-end=\"1135\">Inclus : <\/strong>enveloppe C6 grise<\/p>\n<\/li>\n<li data-start=\"1138\" data-end=\"1212\">\n<p data-start=\"1140\" data-end=\"1212\"><strong data-start=\"1140\" data-end=\"1173\">Vendue \u00e0 l\u2019unit\u00e9 :\u00a0 <\/strong>sans message (dos vierge pour \u00e9crire votre texte)<\/p>\n<\/li>\n<li data-start=\"1138\" data-end=\"1212\">\n<p data-start=\"1140\" data-end=\"1212\"><strong>Visuel :<\/strong> les couleurs peuvent varier selon l&rsquo;\u00e9cran &#8211; La carte que vous recevrez ne comporte pas les marques \u00ab\u00a0&amp;\u00a0\u00bb<\/p>\n<\/li>\n<\/ul>\n<h2 data-start=\"1219\" data-end=\"1529\">\ud83c\udfa8 Une papeterie cr\u00e9ative et engag\u00e9e<\/h2>\n<p data-start=\"1678\" data-end=\"2112\">Comme toutes les cr\u00e9ations de Julie, nous avons imprim\u00e9 cette carte merci tag en petites s\u00e9ries. Nous apportons un soin particulier \u00e0 chaque exemplaire pour garantir un rendu artistique fid\u00e8le, tout en respectant l\u2019environnement. Elle fait partie de la collection \u00ab\u00a0remerciements\u00a0\u00bb d\u00e9di\u00e9e \u00e0 la papeterie joyeuse et inventive pour toutes les occasions sp\u00e9ciales.<\/p>\n<p data-start=\"2114\" data-end=\"2248\">Imagin\u00e9e en France, nous avons pens\u00e9 cette carte comme un petit concentr\u00e9 d\u2019art graphique. Julie Desvaux, artiste graphiste bisontine, r\u00e9alise chacune de ses cr\u00e9ations avec passion ce qui leur insuffle \u00e9nergie et authenticit\u00e9.<\/p>\n<h2 data-start=\"1949\" data-end=\"2150\">\ud83d\udca1 Pourquoi on l&rsquo;adore ?<\/h2>\n<p data-start=\"2312\" data-end=\"2499\">\u2714 Un style tag urbain, original et color\u00e9<br \/>\n\u2714 Une carte parfaite pour remercier avec personnalit\u00e9<br \/>\n\u2714 Un support \u00e9co-responsable en papier recycl\u00e9<br \/>\n\u2714 Une cr\u00e9ation fran\u00e7aise exclusive en petites s\u00e9ries<\/p>\n<p data-start=\"2501\" data-end=\"2688\">Exprimer gratitude et bonne humeur n\u2019a jamais \u00e9t\u00e9 aussi facile. Avec cette carte merci tag, vos remerciements se transforment en un message fort, unique et respectueux de la plan\u00e8te.<\/p>\n","protected":false},"excerpt":{"rendered":"<p>Carte merci tag, au design urbain et color\u00e9! Cr\u00e9ation \u00e9co-responsable id\u00e9ale pour des remerciements uniques et cr\u00e9atifs.<\/p>\n","protected":false},"featured_media":2339,"comment_status":"open","ping_status":"closed","template":"","meta":{"neve_meta_sidebar":"","neve_meta_container":"","neve_meta_enable_content_width":"off","neve_meta_content_width":100,"neve_meta_title_alignment":"","neve_meta_author_avatar":"","neve_post_elements_order":"","neve_meta_disable_header":"","neve_meta_disable_footer":"","neve_meta_disable_title":""},"product_brand":[],"product_cat":[25],"product_tag":[32,39],"class_list":{"0":"post-1840","1":"product","2":"type-product","3":"status-publish","4":"has-post-thumbnail","6":"product_cat-cartes-illustrees-eco-responsables","7":"product_tag-jolie-carte","8":"product_tag-carte-de-remerciement","9":"product_shipping_class-cartes","11":"first","12":"instock","13":"taxable","14":"shipping-taxable","15":"purchasable","16":"product-type-simple"},"yoast_head":"<!-- This site is optimized with the Yoast SEO plugin v27.4 - https:\/\/yoast.com\/product\/yoast-seo-wordpress\/ -->\n<title>Carte Merci Tag | Boutique en Ligne Cartes et Posters<\/title>\n<meta name=\"description\" content=\"Carte Merci Tag | Gamme Remerciements | Carte simple papier recycl\u00e9 format A6 avec enveloppe | Cr\u00e9ation illustr\u00e9e Originale &amp; Eco-Responsable\" \/>\n<meta name=\"robots\" content=\"index, follow, max-snippet:-1, max-image-preview:large, max-video-preview:-1\" \/>\n<link rel=\"canonical\" href=\"https:\/\/cartes-et-posters.fr\/index.php\/produit\/carte-merci-tag\/\" \/>\n<meta property=\"og:locale\" content=\"fr_FR\" \/>\n<meta property=\"og:type\" content=\"article\" \/>\n<meta property=\"og:title\" content=\"Carte Merci Tag | Boutique en Ligne Cartes et Posters\" \/>\n<meta property=\"og:description\" content=\"Carte Merci Tag | Gamme Remerciements | Carte simple papier recycl\u00e9 format A6 avec enveloppe | Cr\u00e9ation illustr\u00e9e Originale &amp; Eco-Responsable\" \/>\n<meta property=\"og:url\" content=\"https:\/\/cartes-et-posters.fr\/index.php\/produit\/carte-merci-tag\/\" \/>\n<meta property=\"og:site_name\" content=\"Cartes et Posters\" \/>\n<meta property=\"article:modified_time\" content=\"2026-02-21T16:03:44+00:00\" \/>\n<meta property=\"og:image\" content=\"https:\/\/cartes-et-posters.fr\/wp-content\/uploads\/2026\/02\/CARTE-MERCI-Tag-0.jpg\" \/>\n\t<meta property=\"og:image:width\" content=\"1000\" \/>\n\t<meta property=\"og:image:height\" content=\"1000\" \/>\n\t<meta property=\"og:image:type\" content=\"image\/jpeg\" \/>\n<meta name=\"twitter:card\" content=\"summary_large_image\" \/>\n<meta name=\"twitter:label1\" content=\"Dur\u00e9e de lecture estim\u00e9e\" \/>\n\t<meta name=\"twitter:data1\" content=\"2 minutes\" \/>\n<script type=\"application\/ld+json\" class=\"yoast-schema-graph\">{\"@context\":\"https:\\\/\\\/schema.org\",\"@graph\":[{\"@type\":\"WebPage\",\"@id\":\"https:\\\/\\\/cartes-et-posters.fr\\\/index.php\\\/produit\\\/carte-merci-tag\\\/\",\"url\":\"https:\\\/\\\/cartes-et-posters.fr\\\/index.php\\\/produit\\\/carte-merci-tag\\\/\",\"name\":\"Carte Merci Tag | Boutique en Ligne Cartes et Posters\",\"isPartOf\":{\"@id\":\"https:\\\/\\\/cartes-et-posters.fr\\\/#website\"},\"primaryImageOfPage\":{\"@id\":\"https:\\\/\\\/cartes-et-posters.fr\\\/index.php\\\/produit\\\/carte-merci-tag\\\/#primaryimage\"},\"image\":{\"@id\":\"https:\\\/\\\/cartes-et-posters.fr\\\/index.php\\\/produit\\\/carte-merci-tag\\\/#primaryimage\"},\"thumbnailUrl\":\"https:\\\/\\\/cartes-et-posters.fr\\\/wp-content\\\/uploads\\\/2026\\\/02\\\/CARTE-MERCI-Tag-0.jpg\",\"datePublished\":\"2026-01-27T15:26:26+00:00\",\"dateModified\":\"2026-02-21T16:03:44+00:00\",\"description\":\"Carte Merci Tag | Gamme Remerciements | Carte simple papier recycl\u00e9 format A6 avec enveloppe | Cr\u00e9ation illustr\u00e9e Originale & Eco-Responsable\",\"breadcrumb\":{\"@id\":\"https:\\\/\\\/cartes-et-posters.fr\\\/index.php\\\/produit\\\/carte-merci-tag\\\/#breadcrumb\"},\"inLanguage\":\"fr-FR\",\"potentialAction\":[{\"@type\":\"ReadAction\",\"target\":[\"https:\\\/\\\/cartes-et-posters.fr\\\/index.php\\\/produit\\\/carte-merci-tag\\\/\"]}]},{\"@type\":\"ImageObject\",\"inLanguage\":\"fr-FR\",\"@id\":\"https:\\\/\\\/cartes-et-posters.fr\\\/index.php\\\/produit\\\/carte-merci-tag\\\/#primaryimage\",\"url\":\"https:\\\/\\\/cartes-et-posters.fr\\\/wp-content\\\/uploads\\\/2026\\\/02\\\/CARTE-MERCI-Tag-0.jpg\",\"contentUrl\":\"https:\\\/\\\/cartes-et-posters.fr\\\/wp-content\\\/uploads\\\/2026\\\/02\\\/CARTE-MERCI-Tag-0.jpg\",\"width\":1000,\"height\":1000},{\"@type\":\"BreadcrumbList\",\"@id\":\"https:\\\/\\\/cartes-et-posters.fr\\\/index.php\\\/produit\\\/carte-merci-tag\\\/#breadcrumb\",\"itemListElement\":[{\"@type\":\"ListItem\",\"position\":1,\"name\":\"Accueil\",\"item\":\"https:\\\/\\\/cartes-et-posters.fr\\\/\"},{\"@type\":\"ListItem\",\"position\":2,\"name\":\"Produits\",\"item\":\"https:\\\/\\\/cartes-et-posters.fr\\\/index.php\\\/shop\\\/\"},{\"@type\":\"ListItem\",\"position\":3,\"name\":\"Carte Merci Tag\"}]},{\"@type\":\"WebSite\",\"@id\":\"https:\\\/\\\/cartes-et-posters.fr\\\/#website\",\"url\":\"https:\\\/\\\/cartes-et-posters.fr\\\/\",\"name\":\"Cartes et Posters\",\"description\":\"\",\"potentialAction\":[{\"@type\":\"SearchAction\",\"target\":{\"@type\":\"EntryPoint\",\"urlTemplate\":\"https:\\\/\\\/cartes-et-posters.fr\\\/?s={search_term_string}\"},\"query-input\":{\"@type\":\"PropertyValueSpecification\",\"valueRequired\":true,\"valueName\":\"search_term_string\"}}],\"inLanguage\":\"fr-FR\"}]}<\/script>\n<!-- \/ Yoast SEO plugin. -->","yoast_head_json":{"title":"Carte Merci Tag | Boutique en Ligne Cartes et Posters","description":"Carte Merci Tag | Gamme Remerciements | Carte simple papier recycl\u00e9 format A6 avec enveloppe | Cr\u00e9ation illustr\u00e9e Originale & Eco-Responsable","robots":{"index":"index","follow":"follow","max-snippet":"max-snippet:-1","max-image-preview":"max-image-preview:large","max-video-preview":"max-video-preview:-1"},"canonical":"https:\/\/cartes-et-posters.fr\/index.php\/produit\/carte-merci-tag\/","og_locale":"fr_FR","og_type":"article","og_title":"Carte Merci Tag | Boutique en Ligne Cartes et Posters","og_description":"Carte Merci Tag | Gamme Remerciements | Carte simple papier recycl\u00e9 format A6 avec enveloppe | Cr\u00e9ation illustr\u00e9e Originale & Eco-Responsable","og_url":"https:\/\/cartes-et-posters.fr\/index.php\/produit\/carte-merci-tag\/","og_site_name":"Cartes et Posters","article_modified_time":"2026-02-21T16:03:44+00:00","og_image":[{"width":1000,"height":1000,"url":"https:\/\/cartes-et-posters.fr\/wp-content\/uploads\/2026\/02\/CARTE-MERCI-Tag-0.jpg","type":"image\/jpeg"}],"twitter_card":"summary_large_image","twitter_misc":{"Dur\u00e9e de lecture estim\u00e9e":"2 minutes"},"schema":{"@context":"https:\/\/schema.org","@graph":[{"@type":"WebPage","@id":"https:\/\/cartes-et-posters.fr\/index.php\/produit\/carte-merci-tag\/","url":"https:\/\/cartes-et-posters.fr\/index.php\/produit\/carte-merci-tag\/","name":"Carte Merci Tag | Boutique en Ligne Cartes et Posters","isPartOf":{"@id":"https:\/\/cartes-et-posters.fr\/#website"},"primaryImageOfPage":{"@id":"https:\/\/cartes-et-posters.fr\/index.php\/produit\/carte-merci-tag\/#primaryimage"},"image":{"@id":"https:\/\/cartes-et-posters.fr\/index.php\/produit\/carte-merci-tag\/#primaryimage"},"thumbnailUrl":"https:\/\/cartes-et-posters.fr\/wp-content\/uploads\/2026\/02\/CARTE-MERCI-Tag-0.jpg","datePublished":"2026-01-27T15:26:26+00:00","dateModified":"2026-02-21T16:03:44+00:00","description":"Carte Merci Tag | Gamme Remerciements | Carte simple papier recycl\u00e9 format A6 avec enveloppe | Cr\u00e9ation illustr\u00e9e Originale & Eco-Responsable","breadcrumb":{"@id":"https:\/\/cartes-et-posters.fr\/index.php\/produit\/carte-merci-tag\/#breadcrumb"},"inLanguage":"fr-FR","potentialAction":[{"@type":"ReadAction","target":["https:\/\/cartes-et-posters.fr\/index.php\/produit\/carte-merci-tag\/"]}]},{"@type":"ImageObject","inLanguage":"fr-FR","@id":"https:\/\/cartes-et-posters.fr\/index.php\/produit\/carte-merci-tag\/#primaryimage","url":"https:\/\/cartes-et-posters.fr\/wp-content\/uploads\/2026\/02\/CARTE-MERCI-Tag-0.jpg","contentUrl":"https:\/\/cartes-et-posters.fr\/wp-content\/uploads\/2026\/02\/CARTE-MERCI-Tag-0.jpg","width":1000,"height":1000},{"@type":"BreadcrumbList","@id":"https:\/\/cartes-et-posters.fr\/index.php\/produit\/carte-merci-tag\/#breadcrumb","itemListElement":[{"@type":"ListItem","position":1,"name":"Accueil","item":"https:\/\/cartes-et-posters.fr\/"},{"@type":"ListItem","position":2,"name":"Produits","item":"https:\/\/cartes-et-posters.fr\/index.php\/shop\/"},{"@type":"ListItem","position":3,"name":"Carte Merci Tag"}]},{"@type":"WebSite","@id":"https:\/\/cartes-et-posters.fr\/#website","url":"https:\/\/cartes-et-posters.fr\/","name":"Cartes et Posters","description":"","potentialAction":[{"@type":"SearchAction","target":{"@type":"EntryPoint","urlTemplate":"https:\/\/cartes-et-posters.fr\/?s={search_term_string}"},"query-input":{"@type":"PropertyValueSpecification","valueRequired":true,"valueName":"search_term_string"}}],"inLanguage":"fr-FR"}]}},"df_price":2.9,"df_sale_price":"","df_regular_price":2.9,"df_image_link":"https:\/\/cartes-et-posters.fr\/wp-content\/uploads\/2026\/02\/CARTE-MERCI-Tag-0-300x300.jpg","jetpack_sharing_enabled":true,"_links":{"self":[{"href":"https:\/\/cartes-et-posters.fr\/index.php\/wp-json\/wp\/v2\/product\/1840","targetHints":{"allow":["GET"]}}],"collection":[{"href":"https:\/\/cartes-et-posters.fr\/index.php\/wp-json\/wp\/v2\/product"}],"about":[{"href":"https:\/\/cartes-et-posters.fr\/index.php\/wp-json\/wp\/v2\/types\/product"}],"replies":[{"embeddable":true,"href":"https:\/\/cartes-et-posters.fr\/index.php\/wp-json\/wp\/v2\/comments?post=1840"}],"wp:featuredmedia":[{"embeddable":true,"href":"https:\/\/cartes-et-posters.fr\/index.php\/wp-json\/wp\/v2\/media\/2339"}],"wp:attachment":[{"href":"https:\/\/cartes-et-posters.fr\/index.php\/wp-json\/wp\/v2\/media?parent=1840"}],"wp:term":[{"taxonomy":"product_brand","embeddable":true,"href":"https:\/\/cartes-et-posters.fr\/index.php\/wp-json\/wp\/v2\/product_brand?post=1840"},{"taxonomy":"product_cat","embeddable":true,"href":"https:\/\/cartes-et-posters.fr\/index.php\/wp-json\/wp\/v2\/product_cat?post=1840"},{"taxonomy":"product_tag","embeddable":true,"href":"https:\/\/cartes-et-posters.fr\/index.php\/wp-json\/wp\/v2\/product_tag?post=1840"}],"curies":[{"name":"wp","href":"https:\/\/api.w.org\/{rel}","templated":true}]}}