{"id":1839,"date":"2026-01-27T15:21:17","date_gmt":"2026-01-27T15:21:17","guid":{"rendered":"https:\/\/cartesetposters.fr\/?post_type=product&#038;p=1839"},"modified":"2026-02-20T15:42:29","modified_gmt":"2026-02-20T14:42:29","slug":"carte-bonne-fete-fleurs","status":"publish","type":"product","link":"https:\/\/cartes-et-posters.fr\/index.php\/produit\/carte-bonne-fete-fleurs\/","title":{"rendered":"Carte Bonne F\u00eate Ambiance Tropicale"},"content":{"rendered":"<h2 data-start=\"214\" data-end=\"581\">Une escapade tropicale \u00e0 offrir<\/h2>\n<p data-start=\"304\" data-end=\"838\">Sign\u00e9e Julie Desvaux, cette carte \u00ab\u00a0Bonne F\u00eate\u00a0\u00bb fleurs tropicales invite au voyage. Une graphiste fran\u00e7aise passionn\u00e9e a imagin\u00e9 une sc\u00e8ne douce et lumineuse, o\u00f9 de grandes feuilles de plantes tropicales entourent une petite note d\u00e9licate portant simplement les mots \u201cBonne F\u00eate\u201d. Ce contraste entre la verdure exotique et le message \u00e9pur\u00e9 cr\u00e9e une ambiance fra\u00eeche, \u00e9l\u00e9gante et d\u00e9paysante. C\u2019est la carte parfaite pour c\u00e9l\u00e9brer une personne ch\u00e8re avec une touche d\u2019\u00e9vasion.<\/p>\n<p data-start=\"840\" data-end=\"1234\">Pens\u00e9e pour celles et ceux qui souhaitent offrir un mot simple, naturel et chaleureux, cette carte \u00ab\u00a0Bonne F\u00eate\u00a0\u00bb fleurs tropicales accompagne parfaitement un cadeau ou devient, seule, un message d\u2019affection pr\u00e9cieux. Elle convient \u00e0 toutes les f\u00eates : mamans, grands-m\u00e8res, amies, s\u0153urs ou coll\u00e8gues.<\/p>\n<h2 data-start=\"848\" data-end=\"874\">\u2728 <strong data-start=\"850\" data-end=\"872\">D\u00e9tails du produit<\/strong><\/h2>\n<ul data-start=\"875\" data-end=\"1212\">\n<li data-start=\"875\" data-end=\"964\">\n<p data-start=\"877\" data-end=\"964\"><strong data-start=\"877\" data-end=\"887\">Format<\/strong> : A6 (10,5 x 14,8 cm)<\/p>\n<\/li>\n<li data-start=\"965\" data-end=\"1035\">\n<p data-start=\"967\" data-end=\"1035\"><b>Papier <\/b>: recycl\u00e9 et textur\u00e9, pour une impression \u00e9co-responsable haute qualit\u00e9 (300 g\/m\u00b2)<\/p>\n<\/li>\n<li data-start=\"1036\" data-end=\"1099\">\n<p data-start=\"1038\" data-end=\"1099\"><strong data-start=\"1038\" data-end=\"1054\">Illustration<\/strong> : cr\u00e9ation exclusive \u00a92026 Julie Desvaux<\/p>\n<\/li>\n<li data-start=\"1100\" data-end=\"1137\">\n<p data-start=\"1102\" data-end=\"1137\"><strong data-start=\"1102\" data-end=\"1135\">Inclus : <\/strong>enveloppe C6 verte<\/p>\n<\/li>\n<li data-start=\"1138\" data-end=\"1212\">\n<p data-start=\"1140\" data-end=\"1212\"><strong data-start=\"1140\" data-end=\"1173\">Vendue \u00e0 l\u2019unit\u00e9 :\u00a0 <\/strong>sans message (dos vierge pour \u00e9crire votre texte)<\/p>\n<\/li>\n<li data-start=\"1138\" data-end=\"1212\">\n<p data-start=\"1140\" data-end=\"1212\"><strong>Visuel :<\/strong> les couleurs peuvent varier selon l&rsquo;\u00e9cran &#8211; La carte que vous recevrez ne comporte pas les marques \u00ab\u00a0&amp;\u00a0\u00bb<\/p>\n<\/li>\n<\/ul>\n<h2 data-start=\"1219\" data-end=\"1529\">\ud83c\udf34 Une carte \u00e0 offrir\u2026 et \u00e0 ch\u00e9rir<\/h2>\n<p data-start=\"1678\" data-end=\"2112\">Comme toutes les cr\u00e9ations de Julie, cette carte \u00ab\u00a0Bonne F\u00eate\u00a0\u00bb fleurs tropicales est imprim\u00e9e en petites s\u00e9ries avec un soin tout particulier. Elle fait partie de notre collection joyeuse et graphique, pens\u00e9e pour apporter du plaisir, de la couleur et une pointe d\u2019\u00e9vasion. Son univers naturel et lumineux s\u00e9duit autant celles et ceux qui l\u2019offrent que les personnes qui la re\u00e7oivent. On peut l\u2019encadrer, l\u2019afficher comme petite d\u00e9coration, ou la conserver comme un tr\u00e9sor souvenir.<\/p>\n<p data-start=\"2114\" data-end=\"2248\">Cette illustration originale est sign\u00e9e Julie Desvaux, artiste graphiste bisontine qui met tout son c\u0153ur dans chaque cr\u00e9ation.<\/p>\n<h2 data-start=\"1949\" data-end=\"2150\">\ud83d\udca1 Pourquoi on adore cette carte \u00ab\u00a0Bonne F\u00eate\u00a0\u00bb fleurs tropicales ?<\/h2>\n<p data-start=\"2312\" data-end=\"2499\">\u2714 Un design frais, exotique et apaisant<br \/>\n\u2714 Une cr\u00e9ation originale au charme naturel<br \/>\n\u2714 Un support \u00e9co-responsable en papier recycl\u00e9<br \/>\n\u2714 Parfaite pour c\u00e9l\u00e9brer une f\u00eate avec douceur et \u00e9l\u00e9gance<\/p>\n<p data-start=\"2501\" data-end=\"2688\">En r\u00e9sum\u00e9, cette carte \u00ab\u00a0Bonne F\u00eate\u00a0\u00bb ambiance tropicale est une bouff\u00e9e d\u2019air frais illustr\u00e9e. Une attention tendre, d\u00e9paysante et lumineuse, id\u00e9ale pour faire plaisir en toute simplicit\u00e9.<\/p>\n","protected":false},"excerpt":{"rendered":"<p>Carte Bonne F\u00eate Ambiance Tropicale : une touche d\u2019\u00e9vasion pour un message simple et chaleureux !<\/p>\n","protected":false},"featured_media":2316,"comment_status":"open","ping_status":"closed","template":"","meta":{"neve_meta_sidebar":"","neve_meta_container":"","neve_meta_enable_content_width":"off","neve_meta_content_width":100,"neve_meta_title_alignment":"","neve_meta_author_avatar":"","neve_post_elements_order":"","neve_meta_disable_header":"","neve_meta_disable_footer":"","neve_meta_disable_title":""},"product_brand":[],"product_cat":[25],"product_tag":[29,32,33],"class_list":{"0":"post-1839","1":"product","2":"type-product","3":"status-publish","4":"has-post-thumbnail","6":"product_cat-cartes-illustrees-eco-responsables","7":"product_tag-bonne-fete-maman","8":"product_tag-jolie-carte","9":"product_tag-bonne-fete-mamie","10":"product_shipping_class-cartes","12":"first","13":"instock","14":"taxable","15":"shipping-taxable","16":"purchasable","17":"product-type-simple"},"yoast_head":"<!-- This site is optimized with the Yoast SEO plugin v27.4 - https:\/\/yoast.com\/product\/yoast-seo-wordpress\/ -->\n<title>Carte Bonne F\u00eate Fleurs Tropicales | Boutique Cartes et Posters<\/title>\n<meta name=\"description\" content=\"Carte Bonne F\u00eate Fleurs Tropicales | Gamme F\u00eate des M\u00e8res \/ F\u00eate des Grands-M\u00e8res | Carte simple format A6 avec enveloppe | Cr\u00e9ation Eco-responsable\" \/>\n<meta name=\"robots\" content=\"index, follow, max-snippet:-1, max-image-preview:large, max-video-preview:-1\" \/>\n<link rel=\"canonical\" href=\"https:\/\/cartes-et-posters.fr\/index.php\/produit\/carte-bonne-fete-fleurs\/\" \/>\n<meta property=\"og:locale\" content=\"fr_FR\" \/>\n<meta property=\"og:type\" content=\"article\" \/>\n<meta property=\"og:title\" content=\"Carte Bonne F\u00eate Fleurs Tropicales | Boutique Cartes et Posters\" \/>\n<meta property=\"og:description\" content=\"Carte Bonne F\u00eate Fleurs Tropicales | Gamme F\u00eate des M\u00e8res \/ F\u00eate des Grands-M\u00e8res | Carte simple format A6 avec enveloppe | Cr\u00e9ation Eco-responsable\" \/>\n<meta property=\"og:url\" content=\"https:\/\/cartes-et-posters.fr\/index.php\/produit\/carte-bonne-fete-fleurs\/\" \/>\n<meta property=\"og:site_name\" content=\"Cartes et Posters\" \/>\n<meta property=\"article:modified_time\" content=\"2026-02-20T14:42:29+00:00\" \/>\n<meta property=\"og:image\" content=\"https:\/\/cartes-et-posters.fr\/wp-content\/uploads\/2026\/02\/CARTE-BONNE-FETE-Ambiance-tropicale.jpg\" \/>\n\t<meta property=\"og:image:width\" content=\"1000\" \/>\n\t<meta property=\"og:image:height\" content=\"1000\" \/>\n\t<meta property=\"og:image:type\" content=\"image\/jpeg\" \/>\n<meta name=\"twitter:card\" content=\"summary_large_image\" \/>\n<meta name=\"twitter:label1\" content=\"Dur\u00e9e de lecture estim\u00e9e\" \/>\n\t<meta name=\"twitter:data1\" content=\"2 minutes\" \/>\n<script type=\"application\/ld+json\" class=\"yoast-schema-graph\">{\"@context\":\"https:\\\/\\\/schema.org\",\"@graph\":[{\"@type\":\"WebPage\",\"@id\":\"https:\\\/\\\/cartes-et-posters.fr\\\/index.php\\\/produit\\\/carte-bonne-fete-fleurs\\\/\",\"url\":\"https:\\\/\\\/cartes-et-posters.fr\\\/index.php\\\/produit\\\/carte-bonne-fete-fleurs\\\/\",\"name\":\"Carte Bonne F\u00eate Fleurs Tropicales | Boutique Cartes et Posters\",\"isPartOf\":{\"@id\":\"https:\\\/\\\/cartes-et-posters.fr\\\/#website\"},\"primaryImageOfPage\":{\"@id\":\"https:\\\/\\\/cartes-et-posters.fr\\\/index.php\\\/produit\\\/carte-bonne-fete-fleurs\\\/#primaryimage\"},\"image\":{\"@id\":\"https:\\\/\\\/cartes-et-posters.fr\\\/index.php\\\/produit\\\/carte-bonne-fete-fleurs\\\/#primaryimage\"},\"thumbnailUrl\":\"https:\\\/\\\/cartes-et-posters.fr\\\/wp-content\\\/uploads\\\/2026\\\/02\\\/CARTE-BONNE-FETE-Ambiance-tropicale.jpg\",\"datePublished\":\"2026-01-27T15:21:17+00:00\",\"dateModified\":\"2026-02-20T14:42:29+00:00\",\"description\":\"Carte Bonne F\u00eate Fleurs Tropicales | Gamme F\u00eate des M\u00e8res \\\/ F\u00eate des Grands-M\u00e8res | Carte simple format A6 avec enveloppe | Cr\u00e9ation Eco-responsable\",\"breadcrumb\":{\"@id\":\"https:\\\/\\\/cartes-et-posters.fr\\\/index.php\\\/produit\\\/carte-bonne-fete-fleurs\\\/#breadcrumb\"},\"inLanguage\":\"fr-FR\",\"potentialAction\":[{\"@type\":\"ReadAction\",\"target\":[\"https:\\\/\\\/cartes-et-posters.fr\\\/index.php\\\/produit\\\/carte-bonne-fete-fleurs\\\/\"]}]},{\"@type\":\"ImageObject\",\"inLanguage\":\"fr-FR\",\"@id\":\"https:\\\/\\\/cartes-et-posters.fr\\\/index.php\\\/produit\\\/carte-bonne-fete-fleurs\\\/#primaryimage\",\"url\":\"https:\\\/\\\/cartes-et-posters.fr\\\/wp-content\\\/uploads\\\/2026\\\/02\\\/CARTE-BONNE-FETE-Ambiance-tropicale.jpg\",\"contentUrl\":\"https:\\\/\\\/cartes-et-posters.fr\\\/wp-content\\\/uploads\\\/2026\\\/02\\\/CARTE-BONNE-FETE-Ambiance-tropicale.jpg\",\"width\":1000,\"height\":1000},{\"@type\":\"BreadcrumbList\",\"@id\":\"https:\\\/\\\/cartes-et-posters.fr\\\/index.php\\\/produit\\\/carte-bonne-fete-fleurs\\\/#breadcrumb\",\"itemListElement\":[{\"@type\":\"ListItem\",\"position\":1,\"name\":\"Accueil\",\"item\":\"https:\\\/\\\/cartes-et-posters.fr\\\/\"},{\"@type\":\"ListItem\",\"position\":2,\"name\":\"Produits\",\"item\":\"https:\\\/\\\/cartes-et-posters.fr\\\/index.php\\\/shop\\\/\"},{\"@type\":\"ListItem\",\"position\":3,\"name\":\"Carte Bonne F\u00eate Ambiance Tropicale\"}]},{\"@type\":\"WebSite\",\"@id\":\"https:\\\/\\\/cartes-et-posters.fr\\\/#website\",\"url\":\"https:\\\/\\\/cartes-et-posters.fr\\\/\",\"name\":\"Cartes et Posters\",\"description\":\"\",\"potentialAction\":[{\"@type\":\"SearchAction\",\"target\":{\"@type\":\"EntryPoint\",\"urlTemplate\":\"https:\\\/\\\/cartes-et-posters.fr\\\/?s={search_term_string}\"},\"query-input\":{\"@type\":\"PropertyValueSpecification\",\"valueRequired\":true,\"valueName\":\"search_term_string\"}}],\"inLanguage\":\"fr-FR\"}]}<\/script>\n<!-- \/ Yoast SEO plugin. -->","yoast_head_json":{"title":"Carte Bonne F\u00eate Fleurs Tropicales | Boutique Cartes et Posters","description":"Carte Bonne F\u00eate Fleurs Tropicales | Gamme F\u00eate des M\u00e8res \/ F\u00eate des Grands-M\u00e8res | Carte simple format A6 avec enveloppe | Cr\u00e9ation Eco-responsable","robots":{"index":"index","follow":"follow","max-snippet":"max-snippet:-1","max-image-preview":"max-image-preview:large","max-video-preview":"max-video-preview:-1"},"canonical":"https:\/\/cartes-et-posters.fr\/index.php\/produit\/carte-bonne-fete-fleurs\/","og_locale":"fr_FR","og_type":"article","og_title":"Carte Bonne F\u00eate Fleurs Tropicales | Boutique Cartes et Posters","og_description":"Carte Bonne F\u00eate Fleurs Tropicales | Gamme F\u00eate des M\u00e8res \/ F\u00eate des Grands-M\u00e8res | Carte simple format A6 avec enveloppe | Cr\u00e9ation Eco-responsable","og_url":"https:\/\/cartes-et-posters.fr\/index.php\/produit\/carte-bonne-fete-fleurs\/","og_site_name":"Cartes et Posters","article_modified_time":"2026-02-20T14:42:29+00:00","og_image":[{"width":1000,"height":1000,"url":"https:\/\/cartes-et-posters.fr\/wp-content\/uploads\/2026\/02\/CARTE-BONNE-FETE-Ambiance-tropicale.jpg","type":"image\/jpeg"}],"twitter_card":"summary_large_image","twitter_misc":{"Dur\u00e9e de lecture estim\u00e9e":"2 minutes"},"schema":{"@context":"https:\/\/schema.org","@graph":[{"@type":"WebPage","@id":"https:\/\/cartes-et-posters.fr\/index.php\/produit\/carte-bonne-fete-fleurs\/","url":"https:\/\/cartes-et-posters.fr\/index.php\/produit\/carte-bonne-fete-fleurs\/","name":"Carte Bonne F\u00eate Fleurs Tropicales | Boutique Cartes et Posters","isPartOf":{"@id":"https:\/\/cartes-et-posters.fr\/#website"},"primaryImageOfPage":{"@id":"https:\/\/cartes-et-posters.fr\/index.php\/produit\/carte-bonne-fete-fleurs\/#primaryimage"},"image":{"@id":"https:\/\/cartes-et-posters.fr\/index.php\/produit\/carte-bonne-fete-fleurs\/#primaryimage"},"thumbnailUrl":"https:\/\/cartes-et-posters.fr\/wp-content\/uploads\/2026\/02\/CARTE-BONNE-FETE-Ambiance-tropicale.jpg","datePublished":"2026-01-27T15:21:17+00:00","dateModified":"2026-02-20T14:42:29+00:00","description":"Carte Bonne F\u00eate Fleurs Tropicales | Gamme F\u00eate des M\u00e8res \/ F\u00eate des Grands-M\u00e8res | Carte simple format A6 avec enveloppe | Cr\u00e9ation Eco-responsable","breadcrumb":{"@id":"https:\/\/cartes-et-posters.fr\/index.php\/produit\/carte-bonne-fete-fleurs\/#breadcrumb"},"inLanguage":"fr-FR","potentialAction":[{"@type":"ReadAction","target":["https:\/\/cartes-et-posters.fr\/index.php\/produit\/carte-bonne-fete-fleurs\/"]}]},{"@type":"ImageObject","inLanguage":"fr-FR","@id":"https:\/\/cartes-et-posters.fr\/index.php\/produit\/carte-bonne-fete-fleurs\/#primaryimage","url":"https:\/\/cartes-et-posters.fr\/wp-content\/uploads\/2026\/02\/CARTE-BONNE-FETE-Ambiance-tropicale.jpg","contentUrl":"https:\/\/cartes-et-posters.fr\/wp-content\/uploads\/2026\/02\/CARTE-BONNE-FETE-Ambiance-tropicale.jpg","width":1000,"height":1000},{"@type":"BreadcrumbList","@id":"https:\/\/cartes-et-posters.fr\/index.php\/produit\/carte-bonne-fete-fleurs\/#breadcrumb","itemListElement":[{"@type":"ListItem","position":1,"name":"Accueil","item":"https:\/\/cartes-et-posters.fr\/"},{"@type":"ListItem","position":2,"name":"Produits","item":"https:\/\/cartes-et-posters.fr\/index.php\/shop\/"},{"@type":"ListItem","position":3,"name":"Carte Bonne F\u00eate Ambiance Tropicale"}]},{"@type":"WebSite","@id":"https:\/\/cartes-et-posters.fr\/#website","url":"https:\/\/cartes-et-posters.fr\/","name":"Cartes et Posters","description":"","potentialAction":[{"@type":"SearchAction","target":{"@type":"EntryPoint","urlTemplate":"https:\/\/cartes-et-posters.fr\/?s={search_term_string}"},"query-input":{"@type":"PropertyValueSpecification","valueRequired":true,"valueName":"search_term_string"}}],"inLanguage":"fr-FR"}]}},"df_price":2.9,"df_sale_price":"","df_regular_price":2.9,"df_image_link":"https:\/\/cartes-et-posters.fr\/wp-content\/uploads\/2026\/02\/CARTE-BONNE-FETE-Ambiance-tropicale-300x300.jpg","jetpack_sharing_enabled":true,"_links":{"self":[{"href":"https:\/\/cartes-et-posters.fr\/index.php\/wp-json\/wp\/v2\/product\/1839","targetHints":{"allow":["GET"]}}],"collection":[{"href":"https:\/\/cartes-et-posters.fr\/index.php\/wp-json\/wp\/v2\/product"}],"about":[{"href":"https:\/\/cartes-et-posters.fr\/index.php\/wp-json\/wp\/v2\/types\/product"}],"replies":[{"embeddable":true,"href":"https:\/\/cartes-et-posters.fr\/index.php\/wp-json\/wp\/v2\/comments?post=1839"}],"wp:featuredmedia":[{"embeddable":true,"href":"https:\/\/cartes-et-posters.fr\/index.php\/wp-json\/wp\/v2\/media\/2316"}],"wp:attachment":[{"href":"https:\/\/cartes-et-posters.fr\/index.php\/wp-json\/wp\/v2\/media?parent=1839"}],"wp:term":[{"taxonomy":"product_brand","embeddable":true,"href":"https:\/\/cartes-et-posters.fr\/index.php\/wp-json\/wp\/v2\/product_brand?post=1839"},{"taxonomy":"product_cat","embeddable":true,"href":"https:\/\/cartes-et-posters.fr\/index.php\/wp-json\/wp\/v2\/product_cat?post=1839"},{"taxonomy":"product_tag","embeddable":true,"href":"https:\/\/cartes-et-posters.fr\/index.php\/wp-json\/wp\/v2\/product_tag?post=1839"}],"curies":[{"name":"wp","href":"https:\/\/api.w.org\/{rel}","templated":true}]}}