{"id":1834,"date":"2026-01-27T14:58:42","date_gmt":"2026-01-27T14:58:42","guid":{"rendered":"https:\/\/cartesetposters.fr\/?post_type=product&#038;p=1834"},"modified":"2026-02-20T15:18:15","modified_gmt":"2026-02-20T14:18:15","slug":"carte-fete-des-meres-bouquet-de-fleurs","status":"publish","type":"product","link":"https:\/\/cartes-et-posters.fr\/index.php\/produit\/carte-fete-des-meres-bouquet-de-fleurs\/","title":{"rendered":"Carte Bonne F\u00eate Bouquet de Fleurs"},"content":{"rendered":"<h2 data-start=\"214\" data-end=\"581\">Offrez un bouquet qui ne fanera jamais<\/h2>\n<p data-start=\"304\" data-end=\"838\">Sign\u00e9e Julie Desvaux, cette graphiste fran\u00e7aise passionn\u00e9e a imagin\u00e9 cette carte \u00ab\u00a0Bonne F\u00eate\u00a0\u00bb fleurie. Cette cr\u00e9ation tendre et \u00e9l\u00e9gante met en sc\u00e8ne un somptueux bouquet.\u00a0 Le tout d\u00e9borde de douceur et de bonne humeur ! La carte parfaite pour dire \u201cJe t\u2019aime\u201d avec le c\u0153ur.<\/p>\n<p data-start=\"840\" data-end=\"1234\">Pens\u00e9e pour toutes celles et ceux qui souhaitent offrir un mot unique et chaleureux, cette carte \u00ab\u00a0Bonne F\u00eate\u00a0\u00bb Fleurie est id\u00e9ale pour accompagner un cadeau ou devenir, \u00e0 elle seule, un pr\u00e9cieux t\u00e9moignage d\u2019affection \u00e0 l\u2019occasion de la f\u00eate des m\u00e8res.<\/p>\n<h2 data-start=\"848\" data-end=\"874\">\u2728 <strong data-start=\"850\" data-end=\"872\">D\u00e9tails du produit<\/strong><\/h2>\n<ul data-start=\"875\" data-end=\"1212\">\n<li data-start=\"875\" data-end=\"964\">\n<p data-start=\"877\" data-end=\"964\"><strong data-start=\"877\" data-end=\"887\">Format<\/strong> : A6 (10,5 x 14,8 cm)<\/p>\n<\/li>\n<li data-start=\"965\" data-end=\"1035\">\n<p data-start=\"967\" data-end=\"1035\"><b>Papier <\/b>: recycl\u00e9 et textur\u00e9, pour une impression \u00e9co-responsable haute qualit\u00e9 (300 g\/m\u00b2)<\/p>\n<\/li>\n<li data-start=\"1036\" data-end=\"1099\">\n<p data-start=\"1038\" data-end=\"1099\"><strong data-start=\"1038\" data-end=\"1054\">Illustration<\/strong> : cr\u00e9ation exclusive \u00a92026 Julie Desvaux<\/p>\n<\/li>\n<li data-start=\"1100\" data-end=\"1137\">\n<p data-start=\"1102\" data-end=\"1137\"><strong data-start=\"1102\" data-end=\"1135\">Inclus : <\/strong>enveloppe C6 rose<\/p>\n<\/li>\n<li data-start=\"1138\" data-end=\"1212\">\n<p data-start=\"1140\" data-end=\"1212\"><strong data-start=\"1140\" data-end=\"1173\">Vendue \u00e0 l\u2019unit\u00e9 :\u00a0 <\/strong>sans message (dos vierge pour \u00e9crire votre texte)<\/p>\n<\/li>\n<li data-start=\"1138\" data-end=\"1212\">\n<p data-start=\"1140\" data-end=\"1212\"><strong>Visuel :<\/strong> les couleurs peuvent varier selon l&rsquo;\u00e9cran &#8211; La carte que vous recevrez ne comporte pas les marques \u00ab\u00a0&amp;\u00a0\u00bb<\/p>\n<\/li>\n<\/ul>\n<h2 data-start=\"1219\" data-end=\"1529\">\ud83c\udf38 Une carte \u00e0 offrir et \u00e0 ch\u00e9rir<\/h2>\n<p data-start=\"1678\" data-end=\"2112\">Comme toutes les cr\u00e9ations de Julie, cette Carte Bonne F\u00eate Maman Fleurie est imprim\u00e9e en petites s\u00e9ries et r\u00e9alis\u00e9e avec un soin tout particulier. Elle fait partie de notre gamme d\u00e9di\u00e9e \u00e0 la papeterie joyeuse, cr\u00e9ative et pleine de charme.<\/p>\n<p data-start=\"2114\" data-end=\"2248\">\u00c0 la fois d\u00e9licate, lumineuse et pleine de vie, cette carte s\u00e9duira aussi bien les mamans que les enfants qui l\u2019offrent. On peut l\u2019accompagner d\u2019un cadeau, l\u2019afficher comme une petite \u0153uvre d\u2019art ou la garder pr\u00e9cieusement comme souvenir d\u2019un moment tendre. Cette illustration est une cr\u00e9ation originale sign\u00e9e Julie Desvaux. Cette artiste graphiste bisontine met tout son c\u0153ur dans chacun de ses visuels !<\/p>\n<h2 data-start=\"1949\" data-end=\"2150\">\ud83d\udca1 Pourquoi on adore cette carte sp\u00e9ciale F\u00eate des M\u00e8res Fleurs ?<\/h2>\n<p data-start=\"2312\" data-end=\"2499\">\u2714 Un design original, exclusif et \u00e9co-responsable<br \/>\n\u2714 Une ambiance douce et fleurie<br \/>\n\u2714 Une cr\u00e9ation bisontine<br \/>\n\u2714 Parfaite pour dire \u201cJe t\u2019aime\u201d<\/p>\n<p data-start=\"2501\" data-end=\"2688\">En conclusion, cette carte F\u00eate des M\u00e8res fleurs est un petit concentr\u00e9 d\u2019amour et de couleur, id\u00e9ale pour faire rayonner la f\u00eate des m\u00e8res bien au-del\u00e0 du bouquet du jour !<\/p>\n","protected":false},"excerpt":{"rendered":"<p>Carte Bonne F\u00eate Fleurie, au design tendre et color\u00e9 ! Cr\u00e9ation originale, id\u00e9ale pour une attention pleine d\u2019amour.<\/p>\n","protected":false},"featured_media":2320,"comment_status":"open","ping_status":"closed","template":"","meta":{"neve_meta_sidebar":"","neve_meta_container":"","neve_meta_enable_content_width":"off","neve_meta_content_width":100,"neve_meta_title_alignment":"","neve_meta_author_avatar":"","neve_post_elements_order":"","neve_meta_disable_header":"","neve_meta_disable_footer":"","neve_meta_disable_title":""},"product_brand":[],"product_cat":[25],"product_tag":[29,32,33],"class_list":{"0":"post-1834","1":"product","2":"type-product","3":"status-publish","4":"has-post-thumbnail","6":"product_cat-cartes-illustrees-eco-responsables","7":"product_tag-bonne-fete-maman","8":"product_tag-jolie-carte","9":"product_tag-bonne-fete-mamie","10":"product_shipping_class-cartes","12":"first","13":"instock","14":"taxable","15":"shipping-taxable","16":"purchasable","17":"product-type-simple"},"yoast_head":"<!-- This site is optimized with the Yoast SEO plugin v27.4 - https:\/\/yoast.com\/product\/yoast-seo-wordpress\/ -->\n<title>Carte F\u00eate des M\u00e8res Fleurs | Boutique en Ligne Cartes et Posters<\/title>\n<meta name=\"description\" content=\"Carte F\u00eate des M\u00e8res Fleurs | Gamme F\u00eate des M\u00e8res &amp; Grands-M\u00e8res | Carte simple format A6 avec enveloppe | Cr\u00e9ation illustr\u00e9e Originale &amp; Eco-responsable\" \/>\n<meta name=\"robots\" content=\"index, follow, max-snippet:-1, max-image-preview:large, max-video-preview:-1\" \/>\n<link rel=\"canonical\" href=\"https:\/\/cartes-et-posters.fr\/index.php\/produit\/carte-fete-des-meres-bouquet-de-fleurs\/\" \/>\n<meta property=\"og:locale\" content=\"fr_FR\" \/>\n<meta property=\"og:type\" content=\"article\" \/>\n<meta property=\"og:title\" content=\"Carte F\u00eate des M\u00e8res Fleurs | Boutique en Ligne Cartes et Posters\" \/>\n<meta property=\"og:description\" content=\"Carte F\u00eate des M\u00e8res Fleurs | Gamme F\u00eate des M\u00e8res &amp; Grands-M\u00e8res | Carte simple format A6 avec enveloppe | Cr\u00e9ation illustr\u00e9e Originale &amp; Eco-responsable\" \/>\n<meta property=\"og:url\" content=\"https:\/\/cartes-et-posters.fr\/index.php\/produit\/carte-fete-des-meres-bouquet-de-fleurs\/\" \/>\n<meta property=\"og:site_name\" content=\"Cartes et Posters\" \/>\n<meta property=\"article:modified_time\" content=\"2026-02-20T14:18:15+00:00\" \/>\n<meta property=\"og:image\" content=\"https:\/\/cartes-et-posters.fr\/wp-content\/uploads\/2026\/02\/CARTE-BONNE-FETE-Bouquet-de-fleurs.jpg\" \/>\n\t<meta property=\"og:image:width\" content=\"1000\" \/>\n\t<meta property=\"og:image:height\" content=\"1000\" \/>\n\t<meta property=\"og:image:type\" content=\"image\/jpeg\" \/>\n<meta name=\"twitter:card\" content=\"summary_large_image\" \/>\n<meta name=\"twitter:label1\" content=\"Dur\u00e9e de lecture estim\u00e9e\" \/>\n\t<meta name=\"twitter:data1\" content=\"2 minutes\" \/>\n<script type=\"application\/ld+json\" class=\"yoast-schema-graph\">{\"@context\":\"https:\\\/\\\/schema.org\",\"@graph\":[{\"@type\":\"WebPage\",\"@id\":\"https:\\\/\\\/cartes-et-posters.fr\\\/index.php\\\/produit\\\/carte-fete-des-meres-bouquet-de-fleurs\\\/\",\"url\":\"https:\\\/\\\/cartes-et-posters.fr\\\/index.php\\\/produit\\\/carte-fete-des-meres-bouquet-de-fleurs\\\/\",\"name\":\"Carte F\u00eate des M\u00e8res Fleurs | Boutique en Ligne Cartes et Posters\",\"isPartOf\":{\"@id\":\"https:\\\/\\\/cartes-et-posters.fr\\\/#website\"},\"primaryImageOfPage\":{\"@id\":\"https:\\\/\\\/cartes-et-posters.fr\\\/index.php\\\/produit\\\/carte-fete-des-meres-bouquet-de-fleurs\\\/#primaryimage\"},\"image\":{\"@id\":\"https:\\\/\\\/cartes-et-posters.fr\\\/index.php\\\/produit\\\/carte-fete-des-meres-bouquet-de-fleurs\\\/#primaryimage\"},\"thumbnailUrl\":\"https:\\\/\\\/cartes-et-posters.fr\\\/wp-content\\\/uploads\\\/2026\\\/02\\\/CARTE-BONNE-FETE-Bouquet-de-fleurs.jpg\",\"datePublished\":\"2026-01-27T14:58:42+00:00\",\"dateModified\":\"2026-02-20T14:18:15+00:00\",\"description\":\"Carte F\u00eate des M\u00e8res Fleurs | Gamme F\u00eate des M\u00e8res & Grands-M\u00e8res | Carte simple format A6 avec enveloppe | Cr\u00e9ation illustr\u00e9e Originale & Eco-responsable\",\"breadcrumb\":{\"@id\":\"https:\\\/\\\/cartes-et-posters.fr\\\/index.php\\\/produit\\\/carte-fete-des-meres-bouquet-de-fleurs\\\/#breadcrumb\"},\"inLanguage\":\"fr-FR\",\"potentialAction\":[{\"@type\":\"ReadAction\",\"target\":[\"https:\\\/\\\/cartes-et-posters.fr\\\/index.php\\\/produit\\\/carte-fete-des-meres-bouquet-de-fleurs\\\/\"]}]},{\"@type\":\"ImageObject\",\"inLanguage\":\"fr-FR\",\"@id\":\"https:\\\/\\\/cartes-et-posters.fr\\\/index.php\\\/produit\\\/carte-fete-des-meres-bouquet-de-fleurs\\\/#primaryimage\",\"url\":\"https:\\\/\\\/cartes-et-posters.fr\\\/wp-content\\\/uploads\\\/2026\\\/02\\\/CARTE-BONNE-FETE-Bouquet-de-fleurs.jpg\",\"contentUrl\":\"https:\\\/\\\/cartes-et-posters.fr\\\/wp-content\\\/uploads\\\/2026\\\/02\\\/CARTE-BONNE-FETE-Bouquet-de-fleurs.jpg\",\"width\":1000,\"height\":1000},{\"@type\":\"BreadcrumbList\",\"@id\":\"https:\\\/\\\/cartes-et-posters.fr\\\/index.php\\\/produit\\\/carte-fete-des-meres-bouquet-de-fleurs\\\/#breadcrumb\",\"itemListElement\":[{\"@type\":\"ListItem\",\"position\":1,\"name\":\"Accueil\",\"item\":\"https:\\\/\\\/cartes-et-posters.fr\\\/\"},{\"@type\":\"ListItem\",\"position\":2,\"name\":\"Produits\",\"item\":\"https:\\\/\\\/cartes-et-posters.fr\\\/index.php\\\/shop\\\/\"},{\"@type\":\"ListItem\",\"position\":3,\"name\":\"Carte Bonne F\u00eate Bouquet de Fleurs\"}]},{\"@type\":\"WebSite\",\"@id\":\"https:\\\/\\\/cartes-et-posters.fr\\\/#website\",\"url\":\"https:\\\/\\\/cartes-et-posters.fr\\\/\",\"name\":\"Cartes et Posters\",\"description\":\"\",\"potentialAction\":[{\"@type\":\"SearchAction\",\"target\":{\"@type\":\"EntryPoint\",\"urlTemplate\":\"https:\\\/\\\/cartes-et-posters.fr\\\/?s={search_term_string}\"},\"query-input\":{\"@type\":\"PropertyValueSpecification\",\"valueRequired\":true,\"valueName\":\"search_term_string\"}}],\"inLanguage\":\"fr-FR\"}]}<\/script>\n<!-- \/ Yoast SEO plugin. -->","yoast_head_json":{"title":"Carte F\u00eate des M\u00e8res Fleurs | Boutique en Ligne Cartes et Posters","description":"Carte F\u00eate des M\u00e8res Fleurs | Gamme F\u00eate des M\u00e8res & Grands-M\u00e8res | Carte simple format A6 avec enveloppe | Cr\u00e9ation illustr\u00e9e Originale & Eco-responsable","robots":{"index":"index","follow":"follow","max-snippet":"max-snippet:-1","max-image-preview":"max-image-preview:large","max-video-preview":"max-video-preview:-1"},"canonical":"https:\/\/cartes-et-posters.fr\/index.php\/produit\/carte-fete-des-meres-bouquet-de-fleurs\/","og_locale":"fr_FR","og_type":"article","og_title":"Carte F\u00eate des M\u00e8res Fleurs | Boutique en Ligne Cartes et Posters","og_description":"Carte F\u00eate des M\u00e8res Fleurs | Gamme F\u00eate des M\u00e8res & Grands-M\u00e8res | Carte simple format A6 avec enveloppe | Cr\u00e9ation illustr\u00e9e Originale & Eco-responsable","og_url":"https:\/\/cartes-et-posters.fr\/index.php\/produit\/carte-fete-des-meres-bouquet-de-fleurs\/","og_site_name":"Cartes et Posters","article_modified_time":"2026-02-20T14:18:15+00:00","og_image":[{"width":1000,"height":1000,"url":"https:\/\/cartes-et-posters.fr\/wp-content\/uploads\/2026\/02\/CARTE-BONNE-FETE-Bouquet-de-fleurs.jpg","type":"image\/jpeg"}],"twitter_card":"summary_large_image","twitter_misc":{"Dur\u00e9e de lecture estim\u00e9e":"2 minutes"},"schema":{"@context":"https:\/\/schema.org","@graph":[{"@type":"WebPage","@id":"https:\/\/cartes-et-posters.fr\/index.php\/produit\/carte-fete-des-meres-bouquet-de-fleurs\/","url":"https:\/\/cartes-et-posters.fr\/index.php\/produit\/carte-fete-des-meres-bouquet-de-fleurs\/","name":"Carte F\u00eate des M\u00e8res Fleurs | Boutique en Ligne Cartes et Posters","isPartOf":{"@id":"https:\/\/cartes-et-posters.fr\/#website"},"primaryImageOfPage":{"@id":"https:\/\/cartes-et-posters.fr\/index.php\/produit\/carte-fete-des-meres-bouquet-de-fleurs\/#primaryimage"},"image":{"@id":"https:\/\/cartes-et-posters.fr\/index.php\/produit\/carte-fete-des-meres-bouquet-de-fleurs\/#primaryimage"},"thumbnailUrl":"https:\/\/cartes-et-posters.fr\/wp-content\/uploads\/2026\/02\/CARTE-BONNE-FETE-Bouquet-de-fleurs.jpg","datePublished":"2026-01-27T14:58:42+00:00","dateModified":"2026-02-20T14:18:15+00:00","description":"Carte F\u00eate des M\u00e8res Fleurs | Gamme F\u00eate des M\u00e8res & Grands-M\u00e8res | Carte simple format A6 avec enveloppe | Cr\u00e9ation illustr\u00e9e Originale & Eco-responsable","breadcrumb":{"@id":"https:\/\/cartes-et-posters.fr\/index.php\/produit\/carte-fete-des-meres-bouquet-de-fleurs\/#breadcrumb"},"inLanguage":"fr-FR","potentialAction":[{"@type":"ReadAction","target":["https:\/\/cartes-et-posters.fr\/index.php\/produit\/carte-fete-des-meres-bouquet-de-fleurs\/"]}]},{"@type":"ImageObject","inLanguage":"fr-FR","@id":"https:\/\/cartes-et-posters.fr\/index.php\/produit\/carte-fete-des-meres-bouquet-de-fleurs\/#primaryimage","url":"https:\/\/cartes-et-posters.fr\/wp-content\/uploads\/2026\/02\/CARTE-BONNE-FETE-Bouquet-de-fleurs.jpg","contentUrl":"https:\/\/cartes-et-posters.fr\/wp-content\/uploads\/2026\/02\/CARTE-BONNE-FETE-Bouquet-de-fleurs.jpg","width":1000,"height":1000},{"@type":"BreadcrumbList","@id":"https:\/\/cartes-et-posters.fr\/index.php\/produit\/carte-fete-des-meres-bouquet-de-fleurs\/#breadcrumb","itemListElement":[{"@type":"ListItem","position":1,"name":"Accueil","item":"https:\/\/cartes-et-posters.fr\/"},{"@type":"ListItem","position":2,"name":"Produits","item":"https:\/\/cartes-et-posters.fr\/index.php\/shop\/"},{"@type":"ListItem","position":3,"name":"Carte Bonne F\u00eate Bouquet de Fleurs"}]},{"@type":"WebSite","@id":"https:\/\/cartes-et-posters.fr\/#website","url":"https:\/\/cartes-et-posters.fr\/","name":"Cartes et Posters","description":"","potentialAction":[{"@type":"SearchAction","target":{"@type":"EntryPoint","urlTemplate":"https:\/\/cartes-et-posters.fr\/?s={search_term_string}"},"query-input":{"@type":"PropertyValueSpecification","valueRequired":true,"valueName":"search_term_string"}}],"inLanguage":"fr-FR"}]}},"df_price":2.9,"df_sale_price":"","df_regular_price":2.9,"df_image_link":"https:\/\/cartes-et-posters.fr\/wp-content\/uploads\/2026\/02\/CARTE-BONNE-FETE-Bouquet-de-fleurs-300x300.jpg","jetpack_sharing_enabled":true,"_links":{"self":[{"href":"https:\/\/cartes-et-posters.fr\/index.php\/wp-json\/wp\/v2\/product\/1834","targetHints":{"allow":["GET"]}}],"collection":[{"href":"https:\/\/cartes-et-posters.fr\/index.php\/wp-json\/wp\/v2\/product"}],"about":[{"href":"https:\/\/cartes-et-posters.fr\/index.php\/wp-json\/wp\/v2\/types\/product"}],"replies":[{"embeddable":true,"href":"https:\/\/cartes-et-posters.fr\/index.php\/wp-json\/wp\/v2\/comments?post=1834"}],"wp:featuredmedia":[{"embeddable":true,"href":"https:\/\/cartes-et-posters.fr\/index.php\/wp-json\/wp\/v2\/media\/2320"}],"wp:attachment":[{"href":"https:\/\/cartes-et-posters.fr\/index.php\/wp-json\/wp\/v2\/media?parent=1834"}],"wp:term":[{"taxonomy":"product_brand","embeddable":true,"href":"https:\/\/cartes-et-posters.fr\/index.php\/wp-json\/wp\/v2\/product_brand?post=1834"},{"taxonomy":"product_cat","embeddable":true,"href":"https:\/\/cartes-et-posters.fr\/index.php\/wp-json\/wp\/v2\/product_cat?post=1834"},{"taxonomy":"product_tag","embeddable":true,"href":"https:\/\/cartes-et-posters.fr\/index.php\/wp-json\/wp\/v2\/product_tag?post=1834"}],"curies":[{"name":"wp","href":"https:\/\/api.w.org\/{rel}","templated":true}]}}