{"id":1833,"date":"2026-01-27T14:56:34","date_gmt":"2026-01-27T14:56:34","guid":{"rendered":"https:\/\/cartesetposters.fr\/?post_type=product&#038;p=1833"},"modified":"2026-02-27T17:33:58","modified_gmt":"2026-02-27T16:33:58","slug":"carte-de-naissance-bonne-etoile","status":"publish","type":"product","link":"https:\/\/cartes-et-posters.fr\/index.php\/produit\/carte-de-naissance-bonne-etoile\/","title":{"rendered":"Carte de Naissance Bonne Etoile"},"content":{"rendered":"<h2 data-start=\"214\" data-end=\"581\">Un bocal de bonnes \u00e9toiles \u00e0 offrir<\/h2>\n<p data-start=\"304\" data-end=\"838\">Sign\u00e9e par Julie Desvaux, cette carte de naissance \u00ab\u00a0Bonne Etoile\u00a0\u00bb met en sc\u00e8ne un d\u00e9licat bocal en verre, ferm\u00e9 par un bouchon en li\u00e8ge. \u00c0 l\u2019int\u00e9rieur, de petites \u00e9toiles lumineuses semblent flotter avec l\u00e9g\u00e8ret\u00e9. Une \u00e9tiquette ronde, coll\u00e9e sur le bocal, affiche le message \u00ab Bonnes \u00c9toiles \u00bb. L\u2019ensemble \u00e9voque la douceur, la protection et les v\u0153ux bienveillants. Cette cr\u00e9ation po\u00e9tique a \u00e9t\u00e9 imagin\u00e9e par une graphiste fran\u00e7aise passionn\u00e9e. Chaque \u00e9toile symbolise un souhait lumineux pour une nouvelle vie qui commence.<\/p>\n<p data-start=\"840\" data-end=\"1234\">Pens\u00e9e pour c\u00e9l\u00e9brer une naissance, cette carte de naissance \u00ab\u00a0Bonne Etoile\u00a0\u00bb accompagne avec tendresse l\u2019arriv\u00e9e d\u2019un b\u00e9b\u00e9. Elle transmet des v\u0153ux de bonheur, de chance et de douceur. Elle convient aussi pour un bapt\u00eame ou un premier anniversaire. La carte se glisse dans un cadeau de naissance ou se suffit \u00e0 elle-m\u00eame. Elle devient un message symbolique et intemporel, \u00e0 conserver pr\u00e9cieusement.<\/p>\n<h2 data-start=\"848\" data-end=\"874\">\u2728 <strong data-start=\"850\" data-end=\"872\">D\u00e9tails du produit<\/strong><\/h2>\n<ul data-start=\"875\" data-end=\"1212\">\n<li data-start=\"875\" data-end=\"964\">\n<p data-start=\"877\" data-end=\"964\"><strong data-start=\"877\" data-end=\"887\">Format<\/strong> : A6 (10,5 x 14,8 cm)<\/p>\n<\/li>\n<li data-start=\"965\" data-end=\"1035\">\n<p data-start=\"967\" data-end=\"1035\"><b>Papier <\/b>: recycl\u00e9 et textur\u00e9, pour une impression \u00e9co-responsable haute qualit\u00e9 (300 g\/m\u00b2)<\/p>\n<\/li>\n<li data-start=\"1036\" data-end=\"1099\">\n<p data-start=\"1038\" data-end=\"1099\"><strong data-start=\"1038\" data-end=\"1054\">Illustration<\/strong> : cr\u00e9ation exclusive \u00a92026 Julie Desvaux<\/p>\n<\/li>\n<li data-start=\"1100\" data-end=\"1137\">\n<p data-start=\"1102\" data-end=\"1137\"><strong data-start=\"1102\" data-end=\"1135\">Inclus : <\/strong>enveloppe C6 blanche<\/p>\n<\/li>\n<li data-start=\"1138\" data-end=\"1212\">\n<p data-start=\"1140\" data-end=\"1212\"><strong data-start=\"1140\" data-end=\"1173\">Vendue \u00e0 l\u2019unit\u00e9 :\u00a0 <\/strong>sans message (dos vierge pour \u00e9crire votre texte)<\/p>\n<\/li>\n<li data-start=\"1138\" data-end=\"1212\">\n<p data-start=\"1140\" data-end=\"1212\"><strong>Visuel :<\/strong> les couleurs peuvent varier selon l&rsquo;\u00e9cran &#8211; La carte que vous recevrez ne comporte pas les marques \u00ab\u00a0&amp;\u00a0\u00bb<\/p>\n<\/li>\n<\/ul>\n<h2 data-start=\"1219\" data-end=\"1529\">\u2b50 Une carte douce et symbolique<\/h2>\n<p data-start=\"1678\" data-end=\"2112\">Comme toutes les cr\u00e9ations de Julie, cette carte de naissance \u00ab\u00a0Bonne Etoile\u00a0\u00bb est imprim\u00e9e en petites s\u00e9ries avec le plus grand soin. Elle rejoint notre collection de papeterie po\u00e9tique et \u00e9motionnelle. Les teintes douces, la composition \u00e9pur\u00e9e et le message universel touchent imm\u00e9diatement le c\u0153ur. La carte s\u2019expose facilement dans une chambre d\u2019enfant ou se conserve comme un souvenir pr\u00e9cieux des premiers instants.<\/p>\n<p data-start=\"2114\" data-end=\"2248\">Julie Desvaux, artiste graphiste bisontine, signe cette illustration originale. Elle cr\u00e9e chaque visuel avec sensibilit\u00e9 et attention.<\/p>\n<h2 data-start=\"1949\" data-end=\"2150\">\ud83d\udca1 Pourquoi on adore cette carte \u00ab\u00a0Bonne Etoile\u00a0\u00bb ?<\/h2>\n<p data-start=\"2312\" data-end=\"2499\">\u2714 Un message symbolique et plein de tendresse<br data-start=\"2357\" data-end=\"2360\" \/>\u2714 Une illustration douce et lumineuse<br data-start=\"2397\" data-end=\"2400\" \/>\u2714 Un support \u00e9co-responsable en papier recycl\u00e9<br data-start=\"2446\" data-end=\"2449\" \/>\u2714 Id\u00e9ale pour c\u00e9l\u00e9brer une naissance avec po\u00e9sie<\/p>\n<p data-start=\"2501\" data-end=\"2688\">En conclusion, cette carte de naissance \u00ab\u00a0Bonne Etoile\u00a0\u00bb\u00a0offre un concentr\u00e9 de v\u0153ux lumineux. Elle accompagne les premiers pas d\u2019une nouvelle vie avec douceur, po\u00e9sie et bienveillance. \u2b50\u2728<\/p>\n","protected":false},"excerpt":{"rendered":"<p>Carte de naissance \u00ab\u00a0Bonnes Etoiles en bocal\u00a0\u00bb : une petite attention pour transmettre tous ses v\u0153ux de bonheur pour l&rsquo;arriv\u00e9e d&rsquo;un nouveau-n\u00e9 !<\/p>\n","protected":false},"featured_media":2344,"comment_status":"open","ping_status":"closed","template":"","meta":{"neve_meta_sidebar":"","neve_meta_container":"","neve_meta_enable_content_width":"off","neve_meta_content_width":100,"neve_meta_title_alignment":"","neve_meta_author_avatar":"","neve_post_elements_order":"","neve_meta_disable_header":"","neve_meta_disable_footer":"","neve_meta_disable_title":""},"product_brand":[],"product_cat":[25],"product_tag":[31,32,34,37],"class_list":{"0":"post-1833","1":"product","2":"type-product","3":"status-publish","4":"has-post-thumbnail","6":"product_cat-cartes-illustrees-eco-responsables","7":"product_tag-bocal-de-bonheur","8":"product_tag-jolie-carte","9":"product_tag-felicitations-naissance","10":"product_tag-cartes-et-cadeaux-porte-bonheur","11":"product_shipping_class-cartes","13":"first","14":"instock","15":"featured","16":"taxable","17":"shipping-taxable","18":"purchasable","19":"product-type-simple"},"yoast_head":"<!-- This site is optimized with the Yoast SEO plugin v27.4 - https:\/\/yoast.com\/product\/yoast-seo-wordpress\/ -->\n<title>Carte de Naissance Bonne Etoile | Boutique Cartes et Posters<\/title>\n<meta name=\"description\" content=\"Carte Bocal rempli de Bonnes Etoiles | Gammes Naissance &amp; Fioles de Bonheur | Carte simple format A6 avec enveloppe | Cr\u00e9ation Eco-responsable\" \/>\n<meta name=\"robots\" content=\"index, follow, max-snippet:-1, max-image-preview:large, max-video-preview:-1\" \/>\n<link rel=\"canonical\" href=\"https:\/\/cartes-et-posters.fr\/index.php\/produit\/carte-de-naissance-bonne-etoile\/\" \/>\n<meta property=\"og:locale\" content=\"fr_FR\" \/>\n<meta property=\"og:type\" content=\"article\" \/>\n<meta property=\"og:title\" content=\"Carte de Naissance Bonne Etoile | Boutique Cartes et Posters\" \/>\n<meta property=\"og:description\" content=\"Carte Bocal rempli de Bonnes Etoiles | Gammes Naissance &amp; Fioles de Bonheur | Carte simple format A6 avec enveloppe | Cr\u00e9ation Eco-responsable\" \/>\n<meta property=\"og:url\" content=\"https:\/\/cartes-et-posters.fr\/index.php\/produit\/carte-de-naissance-bonne-etoile\/\" \/>\n<meta property=\"og:site_name\" content=\"Cartes et Posters\" \/>\n<meta property=\"article:modified_time\" content=\"2026-02-27T16:33:58+00:00\" \/>\n<meta property=\"og:image\" content=\"https:\/\/cartes-et-posters.fr\/wp-content\/uploads\/2026\/02\/CARTE_NAISSANCE-Bonnes-etoiles-en-bocal.jpg\" \/>\n\t<meta property=\"og:image:width\" content=\"1000\" \/>\n\t<meta property=\"og:image:height\" content=\"1000\" \/>\n\t<meta property=\"og:image:type\" content=\"image\/jpeg\" \/>\n<meta name=\"twitter:card\" content=\"summary_large_image\" \/>\n<meta name=\"twitter:label1\" content=\"Dur\u00e9e de lecture estim\u00e9e\" \/>\n\t<meta name=\"twitter:data1\" content=\"3 minutes\" \/>\n<script type=\"application\/ld+json\" class=\"yoast-schema-graph\">{\"@context\":\"https:\\\/\\\/schema.org\",\"@graph\":[{\"@type\":\"WebPage\",\"@id\":\"https:\\\/\\\/cartes-et-posters.fr\\\/index.php\\\/produit\\\/carte-de-naissance-bonne-etoile\\\/\",\"url\":\"https:\\\/\\\/cartes-et-posters.fr\\\/index.php\\\/produit\\\/carte-de-naissance-bonne-etoile\\\/\",\"name\":\"Carte de Naissance Bonne Etoile | Boutique Cartes et Posters\",\"isPartOf\":{\"@id\":\"https:\\\/\\\/cartes-et-posters.fr\\\/#website\"},\"primaryImageOfPage\":{\"@id\":\"https:\\\/\\\/cartes-et-posters.fr\\\/index.php\\\/produit\\\/carte-de-naissance-bonne-etoile\\\/#primaryimage\"},\"image\":{\"@id\":\"https:\\\/\\\/cartes-et-posters.fr\\\/index.php\\\/produit\\\/carte-de-naissance-bonne-etoile\\\/#primaryimage\"},\"thumbnailUrl\":\"https:\\\/\\\/cartes-et-posters.fr\\\/wp-content\\\/uploads\\\/2026\\\/02\\\/CARTE_NAISSANCE-Bonnes-etoiles-en-bocal.jpg\",\"datePublished\":\"2026-01-27T14:56:34+00:00\",\"dateModified\":\"2026-02-27T16:33:58+00:00\",\"description\":\"Carte Bocal rempli de Bonnes Etoiles | Gammes Naissance & Fioles de Bonheur | Carte simple format A6 avec enveloppe | Cr\u00e9ation Eco-responsable\",\"breadcrumb\":{\"@id\":\"https:\\\/\\\/cartes-et-posters.fr\\\/index.php\\\/produit\\\/carte-de-naissance-bonne-etoile\\\/#breadcrumb\"},\"inLanguage\":\"fr-FR\",\"potentialAction\":[{\"@type\":\"ReadAction\",\"target\":[\"https:\\\/\\\/cartes-et-posters.fr\\\/index.php\\\/produit\\\/carte-de-naissance-bonne-etoile\\\/\"]}]},{\"@type\":\"ImageObject\",\"inLanguage\":\"fr-FR\",\"@id\":\"https:\\\/\\\/cartes-et-posters.fr\\\/index.php\\\/produit\\\/carte-de-naissance-bonne-etoile\\\/#primaryimage\",\"url\":\"https:\\\/\\\/cartes-et-posters.fr\\\/wp-content\\\/uploads\\\/2026\\\/02\\\/CARTE_NAISSANCE-Bonnes-etoiles-en-bocal.jpg\",\"contentUrl\":\"https:\\\/\\\/cartes-et-posters.fr\\\/wp-content\\\/uploads\\\/2026\\\/02\\\/CARTE_NAISSANCE-Bonnes-etoiles-en-bocal.jpg\",\"width\":1000,\"height\":1000},{\"@type\":\"BreadcrumbList\",\"@id\":\"https:\\\/\\\/cartes-et-posters.fr\\\/index.php\\\/produit\\\/carte-de-naissance-bonne-etoile\\\/#breadcrumb\",\"itemListElement\":[{\"@type\":\"ListItem\",\"position\":1,\"name\":\"Accueil\",\"item\":\"https:\\\/\\\/cartes-et-posters.fr\\\/\"},{\"@type\":\"ListItem\",\"position\":2,\"name\":\"Produits\",\"item\":\"https:\\\/\\\/cartes-et-posters.fr\\\/index.php\\\/shop\\\/\"},{\"@type\":\"ListItem\",\"position\":3,\"name\":\"Carte de Naissance Bonne Etoile\"}]},{\"@type\":\"WebSite\",\"@id\":\"https:\\\/\\\/cartes-et-posters.fr\\\/#website\",\"url\":\"https:\\\/\\\/cartes-et-posters.fr\\\/\",\"name\":\"Cartes et Posters\",\"description\":\"\",\"potentialAction\":[{\"@type\":\"SearchAction\",\"target\":{\"@type\":\"EntryPoint\",\"urlTemplate\":\"https:\\\/\\\/cartes-et-posters.fr\\\/?s={search_term_string}\"},\"query-input\":{\"@type\":\"PropertyValueSpecification\",\"valueRequired\":true,\"valueName\":\"search_term_string\"}}],\"inLanguage\":\"fr-FR\"}]}<\/script>\n<!-- \/ Yoast SEO plugin. -->","yoast_head_json":{"title":"Carte de Naissance Bonne Etoile | Boutique Cartes et Posters","description":"Carte Bocal rempli de Bonnes Etoiles | Gammes Naissance & Fioles de Bonheur | Carte simple format A6 avec enveloppe | Cr\u00e9ation Eco-responsable","robots":{"index":"index","follow":"follow","max-snippet":"max-snippet:-1","max-image-preview":"max-image-preview:large","max-video-preview":"max-video-preview:-1"},"canonical":"https:\/\/cartes-et-posters.fr\/index.php\/produit\/carte-de-naissance-bonne-etoile\/","og_locale":"fr_FR","og_type":"article","og_title":"Carte de Naissance Bonne Etoile | Boutique Cartes et Posters","og_description":"Carte Bocal rempli de Bonnes Etoiles | Gammes Naissance & Fioles de Bonheur | Carte simple format A6 avec enveloppe | Cr\u00e9ation Eco-responsable","og_url":"https:\/\/cartes-et-posters.fr\/index.php\/produit\/carte-de-naissance-bonne-etoile\/","og_site_name":"Cartes et Posters","article_modified_time":"2026-02-27T16:33:58+00:00","og_image":[{"width":1000,"height":1000,"url":"https:\/\/cartes-et-posters.fr\/wp-content\/uploads\/2026\/02\/CARTE_NAISSANCE-Bonnes-etoiles-en-bocal.jpg","type":"image\/jpeg"}],"twitter_card":"summary_large_image","twitter_misc":{"Dur\u00e9e de lecture estim\u00e9e":"3 minutes"},"schema":{"@context":"https:\/\/schema.org","@graph":[{"@type":"WebPage","@id":"https:\/\/cartes-et-posters.fr\/index.php\/produit\/carte-de-naissance-bonne-etoile\/","url":"https:\/\/cartes-et-posters.fr\/index.php\/produit\/carte-de-naissance-bonne-etoile\/","name":"Carte de Naissance Bonne Etoile | Boutique Cartes et Posters","isPartOf":{"@id":"https:\/\/cartes-et-posters.fr\/#website"},"primaryImageOfPage":{"@id":"https:\/\/cartes-et-posters.fr\/index.php\/produit\/carte-de-naissance-bonne-etoile\/#primaryimage"},"image":{"@id":"https:\/\/cartes-et-posters.fr\/index.php\/produit\/carte-de-naissance-bonne-etoile\/#primaryimage"},"thumbnailUrl":"https:\/\/cartes-et-posters.fr\/wp-content\/uploads\/2026\/02\/CARTE_NAISSANCE-Bonnes-etoiles-en-bocal.jpg","datePublished":"2026-01-27T14:56:34+00:00","dateModified":"2026-02-27T16:33:58+00:00","description":"Carte Bocal rempli de Bonnes Etoiles | Gammes Naissance & Fioles de Bonheur | Carte simple format A6 avec enveloppe | Cr\u00e9ation Eco-responsable","breadcrumb":{"@id":"https:\/\/cartes-et-posters.fr\/index.php\/produit\/carte-de-naissance-bonne-etoile\/#breadcrumb"},"inLanguage":"fr-FR","potentialAction":[{"@type":"ReadAction","target":["https:\/\/cartes-et-posters.fr\/index.php\/produit\/carte-de-naissance-bonne-etoile\/"]}]},{"@type":"ImageObject","inLanguage":"fr-FR","@id":"https:\/\/cartes-et-posters.fr\/index.php\/produit\/carte-de-naissance-bonne-etoile\/#primaryimage","url":"https:\/\/cartes-et-posters.fr\/wp-content\/uploads\/2026\/02\/CARTE_NAISSANCE-Bonnes-etoiles-en-bocal.jpg","contentUrl":"https:\/\/cartes-et-posters.fr\/wp-content\/uploads\/2026\/02\/CARTE_NAISSANCE-Bonnes-etoiles-en-bocal.jpg","width":1000,"height":1000},{"@type":"BreadcrumbList","@id":"https:\/\/cartes-et-posters.fr\/index.php\/produit\/carte-de-naissance-bonne-etoile\/#breadcrumb","itemListElement":[{"@type":"ListItem","position":1,"name":"Accueil","item":"https:\/\/cartes-et-posters.fr\/"},{"@type":"ListItem","position":2,"name":"Produits","item":"https:\/\/cartes-et-posters.fr\/index.php\/shop\/"},{"@type":"ListItem","position":3,"name":"Carte de Naissance Bonne Etoile"}]},{"@type":"WebSite","@id":"https:\/\/cartes-et-posters.fr\/#website","url":"https:\/\/cartes-et-posters.fr\/","name":"Cartes et Posters","description":"","potentialAction":[{"@type":"SearchAction","target":{"@type":"EntryPoint","urlTemplate":"https:\/\/cartes-et-posters.fr\/?s={search_term_string}"},"query-input":{"@type":"PropertyValueSpecification","valueRequired":true,"valueName":"search_term_string"}}],"inLanguage":"fr-FR"}]}},"df_price":2.9,"df_sale_price":"","df_regular_price":2.9,"df_image_link":"https:\/\/cartes-et-posters.fr\/wp-content\/uploads\/2026\/02\/CARTE_NAISSANCE-Bonnes-etoiles-en-bocal-300x300.jpg","jetpack_sharing_enabled":true,"_links":{"self":[{"href":"https:\/\/cartes-et-posters.fr\/index.php\/wp-json\/wp\/v2\/product\/1833","targetHints":{"allow":["GET"]}}],"collection":[{"href":"https:\/\/cartes-et-posters.fr\/index.php\/wp-json\/wp\/v2\/product"}],"about":[{"href":"https:\/\/cartes-et-posters.fr\/index.php\/wp-json\/wp\/v2\/types\/product"}],"replies":[{"embeddable":true,"href":"https:\/\/cartes-et-posters.fr\/index.php\/wp-json\/wp\/v2\/comments?post=1833"}],"wp:featuredmedia":[{"embeddable":true,"href":"https:\/\/cartes-et-posters.fr\/index.php\/wp-json\/wp\/v2\/media\/2344"}],"wp:attachment":[{"href":"https:\/\/cartes-et-posters.fr\/index.php\/wp-json\/wp\/v2\/media?parent=1833"}],"wp:term":[{"taxonomy":"product_brand","embeddable":true,"href":"https:\/\/cartes-et-posters.fr\/index.php\/wp-json\/wp\/v2\/product_brand?post=1833"},{"taxonomy":"product_cat","embeddable":true,"href":"https:\/\/cartes-et-posters.fr\/index.php\/wp-json\/wp\/v2\/product_cat?post=1833"},{"taxonomy":"product_tag","embeddable":true,"href":"https:\/\/cartes-et-posters.fr\/index.php\/wp-json\/wp\/v2\/product_tag?post=1833"}],"curies":[{"name":"wp","href":"https:\/\/api.w.org\/{rel}","templated":true}]}}