{"id":1830,"date":"2026-01-27T14:41:05","date_gmt":"2026-01-27T14:41:05","guid":{"rendered":"https:\/\/cartesetposters.fr\/?post_type=product&#038;p=1830"},"modified":"2026-02-20T18:05:51","modified_gmt":"2026-02-20T17:05:51","slug":"carte-anniversaire-garcon-baleine","status":"publish","type":"product","link":"https:\/\/cartes-et-posters.fr\/index.php\/produit\/carte-anniversaire-garcon-baleine\/","title":{"rendered":"Carte Anniversaire Enfant Baleine"},"content":{"rendered":"<h2 data-start=\"214\" data-end=\"581\">Carte anniversaire garcon baleine bleue, au design marin joyeux et original !<\/h2>\n<p data-start=\"214\" data-end=\"581\">Plongez dans un oc\u00e9an de bonne humeur avec cette carte d\u2019anniversaire pour enfant avec une baleine pleine de fra\u00eecheur ! Illustr\u00e9e par Julie Desvaux, cette cr\u00e9ation originale met en sc\u00e8ne une baleine bleue rigolote, soufflant une joyeuse gerbe de cotillons color\u00e9s depuis son jet d\u2019eau. Une sc\u00e8ne tendre et p\u00e9tillante, parfaite pour f\u00eater l\u2019anniversaire d\u2019un petit explorateur ou d\u2019une petite r\u00eaveuse.<\/p>\n<p data-start=\"214\" data-end=\"581\">Avec son univers marin doux et festif, cette carte illustr\u00e9e s\u00e9duira autant les enfants que les parents, pour une attention pleine de sens et de cr\u00e9ativit\u00e9.<\/p>\n<h2 data-start=\"848\" data-end=\"874\">\u2728 <strong data-start=\"850\" data-end=\"872\">D\u00e9tails du produit<\/strong><\/h2>\n<ul data-start=\"875\" data-end=\"1212\">\n<li data-start=\"875\" data-end=\"964\">\n<p data-start=\"877\" data-end=\"964\"><strong data-start=\"877\" data-end=\"887\">Format<\/strong> : A6 (10,5 x 14,8 cm)<\/p>\n<\/li>\n<li data-start=\"965\" data-end=\"1035\">\n<p data-start=\"967\" data-end=\"1035\"><b>Papier <\/b>: recycl\u00e9 et textur\u00e9, pour une impression \u00e9co-responsable haute qualit\u00e9 (300 g\/m\u00b2)<\/p>\n<\/li>\n<li data-start=\"1036\" data-end=\"1099\">\n<p data-start=\"1038\" data-end=\"1099\"><strong data-start=\"1038\" data-end=\"1054\">Illustration<\/strong> : cr\u00e9ation exclusive \u00a92026 Julie Desvaux<\/p>\n<\/li>\n<li data-start=\"1100\" data-end=\"1137\">\n<p data-start=\"1102\" data-end=\"1137\"><strong data-start=\"1102\" data-end=\"1135\">Inclus : <\/strong>enveloppe C6 bleue<\/p>\n<\/li>\n<li data-start=\"1138\" data-end=\"1212\">\n<p data-start=\"1140\" data-end=\"1212\"><strong data-start=\"1140\" data-end=\"1173\">Vendue \u00e0 l\u2019unit\u00e9 :\u00a0 <\/strong>sans message (dos vierge pour \u00e9crire votre texte)<\/p>\n<\/li>\n<li data-start=\"1138\" data-end=\"1212\">\n<p data-start=\"1140\" data-end=\"1212\"><strong>Visuel :<\/strong> les couleurs peuvent varier selon l&rsquo;\u00e9cran &#8211; La carte que vous recevrez ne comporte pas les marques \u00ab\u00a0&amp;\u00a0\u00bb<\/p>\n<\/li>\n<\/ul>\n<h2 data-start=\"1219\" data-end=\"1529\">\ud83c\udf0a Une papeterie joyeuse et color\u00e9e<\/h2>\n<p data-start=\"1362\" data-end=\"1736\">Comme toutes les cr\u00e9ations de Julie, cette carte est imprim\u00e9e en petites s\u00e9ries. Elle a ainsi \u00e9t\u00e9 con\u00e7ue avec le plus grand soin. Elle fait partie de notre collection d\u00e9di\u00e9e \u00e0 la papeterie cr\u00e9ative et color\u00e9e pour les moments qui comptent. Imagin\u00e9e en France en petites s\u00e9ries, elle incarne l\u2019esprit de Cartes et Posters : un design soign\u00e9, une fabrication locale, et une dose de bonne humeur dans chaque illustration. Il s\u2019agit ici aussi d\u2019une cr\u00e9ation originale d\u2019une artiste graphiste bisontine : Julie Desvaux, qui met tout son c\u0153ur dans la r\u00e9alisation de ses visuels !<\/p>\n<h2 data-start=\"1949\" data-end=\"2150\">\ud83d\udca1 Pourquoi on adore cette carte anniversaire garcon baleine ?<\/h2>\n<p data-start=\"1942\" data-end=\"2129\">\u2714 Un univers marin po\u00e9tique et festif<br \/>\n\u2714 Une illustration originale et pleine de charme<br \/>\n\u2714 Une cr\u00e9ation \u00e9co-responsable pens\u00e9e avec amour depuis la Franche Comt\u00e9<br \/>\n\u2714 Parfaite pour souhaiter un anniversaire avec originalit\u00e9<\/p>\n<p data-start=\"2131\" data-end=\"2341\" data-is-last-node=\"\" data-is-only-node=\"\">C\u00e9l\u00e9brez une bougie suppl\u00e9mentaire avec un petit geste unique et color\u00e9 ! N&rsquo;attendez plus pour passer commande ! Cette carte anniversaire garcon baleine fera forc\u00e9ment un(e) heureux(se) !<\/p>\n","protected":false},"excerpt":{"rendered":"<p>Carte d\u2019anniversaire enfant baleine bleue, au design marin joyeux et original ! Cr\u00e9ation id\u00e9ale pour une petite attention color\u00e9e, cr\u00e9ative et Eco-responsable.<\/p>\n","protected":false},"featured_media":2309,"comment_status":"open","ping_status":"closed","template":"","meta":{"neve_meta_sidebar":"","neve_meta_container":"","neve_meta_enable_content_width":"off","neve_meta_content_width":100,"neve_meta_title_alignment":"","neve_meta_author_avatar":"","neve_post_elements_order":"","neve_meta_disable_header":"","neve_meta_disable_footer":"","neve_meta_disable_title":""},"product_brand":[],"product_cat":[25],"product_tag":[19,27,32],"class_list":{"0":"post-1830","1":"product","2":"type-product","3":"status-publish","4":"has-post-thumbnail","6":"product_cat-cartes-illustrees-eco-responsables","7":"product_tag-carterie-anniversaire","8":"product_tag-creations-enfant-illustrees","9":"product_tag-jolie-carte","10":"product_shipping_class-cartes","12":"first","13":"instock","14":"taxable","15":"shipping-taxable","16":"purchasable","17":"product-type-simple"},"yoast_head":"<!-- This site is optimized with the Yoast SEO plugin v27.4 - https:\/\/yoast.com\/product\/yoast-seo-wordpress\/ -->\n<title>Carte Anniversaire Garcon Baleine | Boutique Cartes et Posters<\/title>\n<meta name=\"description\" content=\"Carte d&#039;Anniversaire pour Enfant Baleine | Carte simple format A6 avec enveloppe | Cr\u00e9ation illustr\u00e9e Originale et Eco-Responsable\" \/>\n<meta name=\"robots\" content=\"index, follow, max-snippet:-1, max-image-preview:large, max-video-preview:-1\" \/>\n<link rel=\"canonical\" href=\"https:\/\/cartes-et-posters.fr\/index.php\/produit\/carte-anniversaire-garcon-baleine\/\" \/>\n<meta property=\"og:locale\" content=\"fr_FR\" \/>\n<meta property=\"og:type\" content=\"article\" \/>\n<meta property=\"og:title\" content=\"Carte Anniversaire Garcon Baleine | Boutique Cartes et Posters\" \/>\n<meta property=\"og:description\" content=\"Carte d&#039;Anniversaire pour Enfant Baleine | Carte simple format A6 avec enveloppe | Cr\u00e9ation illustr\u00e9e Originale et Eco-Responsable\" \/>\n<meta property=\"og:url\" content=\"https:\/\/cartes-et-posters.fr\/index.php\/produit\/carte-anniversaire-garcon-baleine\/\" \/>\n<meta property=\"og:site_name\" content=\"Cartes et Posters\" \/>\n<meta property=\"article:modified_time\" content=\"2026-02-20T17:05:51+00:00\" \/>\n<meta property=\"og:image\" content=\"https:\/\/cartes-et-posters.fr\/wp-content\/uploads\/2026\/02\/CARTE-ANNIVERSAIRE-Baleine-0.jpg\" \/>\n\t<meta property=\"og:image:width\" content=\"1000\" \/>\n\t<meta property=\"og:image:height\" content=\"1000\" \/>\n\t<meta property=\"og:image:type\" content=\"image\/jpeg\" \/>\n<meta name=\"twitter:card\" content=\"summary_large_image\" \/>\n<meta name=\"twitter:label1\" content=\"Dur\u00e9e de lecture estim\u00e9e\" \/>\n\t<meta name=\"twitter:data1\" content=\"2 minutes\" \/>\n<script type=\"application\/ld+json\" class=\"yoast-schema-graph\">{\"@context\":\"https:\\\/\\\/schema.org\",\"@graph\":[{\"@type\":\"WebPage\",\"@id\":\"https:\\\/\\\/cartes-et-posters.fr\\\/index.php\\\/produit\\\/carte-anniversaire-garcon-baleine\\\/\",\"url\":\"https:\\\/\\\/cartes-et-posters.fr\\\/index.php\\\/produit\\\/carte-anniversaire-garcon-baleine\\\/\",\"name\":\"Carte Anniversaire Garcon Baleine | Boutique Cartes et Posters\",\"isPartOf\":{\"@id\":\"https:\\\/\\\/cartes-et-posters.fr\\\/#website\"},\"primaryImageOfPage\":{\"@id\":\"https:\\\/\\\/cartes-et-posters.fr\\\/index.php\\\/produit\\\/carte-anniversaire-garcon-baleine\\\/#primaryimage\"},\"image\":{\"@id\":\"https:\\\/\\\/cartes-et-posters.fr\\\/index.php\\\/produit\\\/carte-anniversaire-garcon-baleine\\\/#primaryimage\"},\"thumbnailUrl\":\"https:\\\/\\\/cartes-et-posters.fr\\\/wp-content\\\/uploads\\\/2026\\\/02\\\/CARTE-ANNIVERSAIRE-Baleine-0.jpg\",\"datePublished\":\"2026-01-27T14:41:05+00:00\",\"dateModified\":\"2026-02-20T17:05:51+00:00\",\"description\":\"Carte d'Anniversaire pour Enfant Baleine | Carte simple format A6 avec enveloppe | Cr\u00e9ation illustr\u00e9e Originale et Eco-Responsable\",\"breadcrumb\":{\"@id\":\"https:\\\/\\\/cartes-et-posters.fr\\\/index.php\\\/produit\\\/carte-anniversaire-garcon-baleine\\\/#breadcrumb\"},\"inLanguage\":\"fr-FR\",\"potentialAction\":[{\"@type\":\"ReadAction\",\"target\":[\"https:\\\/\\\/cartes-et-posters.fr\\\/index.php\\\/produit\\\/carte-anniversaire-garcon-baleine\\\/\"]}]},{\"@type\":\"ImageObject\",\"inLanguage\":\"fr-FR\",\"@id\":\"https:\\\/\\\/cartes-et-posters.fr\\\/index.php\\\/produit\\\/carte-anniversaire-garcon-baleine\\\/#primaryimage\",\"url\":\"https:\\\/\\\/cartes-et-posters.fr\\\/wp-content\\\/uploads\\\/2026\\\/02\\\/CARTE-ANNIVERSAIRE-Baleine-0.jpg\",\"contentUrl\":\"https:\\\/\\\/cartes-et-posters.fr\\\/wp-content\\\/uploads\\\/2026\\\/02\\\/CARTE-ANNIVERSAIRE-Baleine-0.jpg\",\"width\":1000,\"height\":1000},{\"@type\":\"BreadcrumbList\",\"@id\":\"https:\\\/\\\/cartes-et-posters.fr\\\/index.php\\\/produit\\\/carte-anniversaire-garcon-baleine\\\/#breadcrumb\",\"itemListElement\":[{\"@type\":\"ListItem\",\"position\":1,\"name\":\"Accueil\",\"item\":\"https:\\\/\\\/cartes-et-posters.fr\\\/\"},{\"@type\":\"ListItem\",\"position\":2,\"name\":\"Produits\",\"item\":\"https:\\\/\\\/cartes-et-posters.fr\\\/index.php\\\/shop\\\/\"},{\"@type\":\"ListItem\",\"position\":3,\"name\":\"Carte Anniversaire Enfant Baleine\"}]},{\"@type\":\"WebSite\",\"@id\":\"https:\\\/\\\/cartes-et-posters.fr\\\/#website\",\"url\":\"https:\\\/\\\/cartes-et-posters.fr\\\/\",\"name\":\"Cartes et Posters\",\"description\":\"\",\"potentialAction\":[{\"@type\":\"SearchAction\",\"target\":{\"@type\":\"EntryPoint\",\"urlTemplate\":\"https:\\\/\\\/cartes-et-posters.fr\\\/?s={search_term_string}\"},\"query-input\":{\"@type\":\"PropertyValueSpecification\",\"valueRequired\":true,\"valueName\":\"search_term_string\"}}],\"inLanguage\":\"fr-FR\"}]}<\/script>\n<!-- \/ Yoast SEO plugin. -->","yoast_head_json":{"title":"Carte Anniversaire Garcon Baleine | Boutique Cartes et Posters","description":"Carte d'Anniversaire pour Enfant Baleine | Carte simple format A6 avec enveloppe | Cr\u00e9ation illustr\u00e9e Originale et Eco-Responsable","robots":{"index":"index","follow":"follow","max-snippet":"max-snippet:-1","max-image-preview":"max-image-preview:large","max-video-preview":"max-video-preview:-1"},"canonical":"https:\/\/cartes-et-posters.fr\/index.php\/produit\/carte-anniversaire-garcon-baleine\/","og_locale":"fr_FR","og_type":"article","og_title":"Carte Anniversaire Garcon Baleine | Boutique Cartes et Posters","og_description":"Carte d'Anniversaire pour Enfant Baleine | Carte simple format A6 avec enveloppe | Cr\u00e9ation illustr\u00e9e Originale et Eco-Responsable","og_url":"https:\/\/cartes-et-posters.fr\/index.php\/produit\/carte-anniversaire-garcon-baleine\/","og_site_name":"Cartes et Posters","article_modified_time":"2026-02-20T17:05:51+00:00","og_image":[{"width":1000,"height":1000,"url":"https:\/\/cartes-et-posters.fr\/wp-content\/uploads\/2026\/02\/CARTE-ANNIVERSAIRE-Baleine-0.jpg","type":"image\/jpeg"}],"twitter_card":"summary_large_image","twitter_misc":{"Dur\u00e9e de lecture estim\u00e9e":"2 minutes"},"schema":{"@context":"https:\/\/schema.org","@graph":[{"@type":"WebPage","@id":"https:\/\/cartes-et-posters.fr\/index.php\/produit\/carte-anniversaire-garcon-baleine\/","url":"https:\/\/cartes-et-posters.fr\/index.php\/produit\/carte-anniversaire-garcon-baleine\/","name":"Carte Anniversaire Garcon Baleine | Boutique Cartes et Posters","isPartOf":{"@id":"https:\/\/cartes-et-posters.fr\/#website"},"primaryImageOfPage":{"@id":"https:\/\/cartes-et-posters.fr\/index.php\/produit\/carte-anniversaire-garcon-baleine\/#primaryimage"},"image":{"@id":"https:\/\/cartes-et-posters.fr\/index.php\/produit\/carte-anniversaire-garcon-baleine\/#primaryimage"},"thumbnailUrl":"https:\/\/cartes-et-posters.fr\/wp-content\/uploads\/2026\/02\/CARTE-ANNIVERSAIRE-Baleine-0.jpg","datePublished":"2026-01-27T14:41:05+00:00","dateModified":"2026-02-20T17:05:51+00:00","description":"Carte d'Anniversaire pour Enfant Baleine | Carte simple format A6 avec enveloppe | Cr\u00e9ation illustr\u00e9e Originale et Eco-Responsable","breadcrumb":{"@id":"https:\/\/cartes-et-posters.fr\/index.php\/produit\/carte-anniversaire-garcon-baleine\/#breadcrumb"},"inLanguage":"fr-FR","potentialAction":[{"@type":"ReadAction","target":["https:\/\/cartes-et-posters.fr\/index.php\/produit\/carte-anniversaire-garcon-baleine\/"]}]},{"@type":"ImageObject","inLanguage":"fr-FR","@id":"https:\/\/cartes-et-posters.fr\/index.php\/produit\/carte-anniversaire-garcon-baleine\/#primaryimage","url":"https:\/\/cartes-et-posters.fr\/wp-content\/uploads\/2026\/02\/CARTE-ANNIVERSAIRE-Baleine-0.jpg","contentUrl":"https:\/\/cartes-et-posters.fr\/wp-content\/uploads\/2026\/02\/CARTE-ANNIVERSAIRE-Baleine-0.jpg","width":1000,"height":1000},{"@type":"BreadcrumbList","@id":"https:\/\/cartes-et-posters.fr\/index.php\/produit\/carte-anniversaire-garcon-baleine\/#breadcrumb","itemListElement":[{"@type":"ListItem","position":1,"name":"Accueil","item":"https:\/\/cartes-et-posters.fr\/"},{"@type":"ListItem","position":2,"name":"Produits","item":"https:\/\/cartes-et-posters.fr\/index.php\/shop\/"},{"@type":"ListItem","position":3,"name":"Carte Anniversaire Enfant Baleine"}]},{"@type":"WebSite","@id":"https:\/\/cartes-et-posters.fr\/#website","url":"https:\/\/cartes-et-posters.fr\/","name":"Cartes et Posters","description":"","potentialAction":[{"@type":"SearchAction","target":{"@type":"EntryPoint","urlTemplate":"https:\/\/cartes-et-posters.fr\/?s={search_term_string}"},"query-input":{"@type":"PropertyValueSpecification","valueRequired":true,"valueName":"search_term_string"}}],"inLanguage":"fr-FR"}]}},"df_price":2.9,"df_sale_price":"","df_regular_price":2.9,"df_image_link":"https:\/\/cartes-et-posters.fr\/wp-content\/uploads\/2026\/02\/CARTE-ANNIVERSAIRE-Baleine-0-300x300.jpg","jetpack_sharing_enabled":true,"_links":{"self":[{"href":"https:\/\/cartes-et-posters.fr\/index.php\/wp-json\/wp\/v2\/product\/1830","targetHints":{"allow":["GET"]}}],"collection":[{"href":"https:\/\/cartes-et-posters.fr\/index.php\/wp-json\/wp\/v2\/product"}],"about":[{"href":"https:\/\/cartes-et-posters.fr\/index.php\/wp-json\/wp\/v2\/types\/product"}],"replies":[{"embeddable":true,"href":"https:\/\/cartes-et-posters.fr\/index.php\/wp-json\/wp\/v2\/comments?post=1830"}],"wp:featuredmedia":[{"embeddable":true,"href":"https:\/\/cartes-et-posters.fr\/index.php\/wp-json\/wp\/v2\/media\/2309"}],"wp:attachment":[{"href":"https:\/\/cartes-et-posters.fr\/index.php\/wp-json\/wp\/v2\/media?parent=1830"}],"wp:term":[{"taxonomy":"product_brand","embeddable":true,"href":"https:\/\/cartes-et-posters.fr\/index.php\/wp-json\/wp\/v2\/product_brand?post=1830"},{"taxonomy":"product_cat","embeddable":true,"href":"https:\/\/cartes-et-posters.fr\/index.php\/wp-json\/wp\/v2\/product_cat?post=1830"},{"taxonomy":"product_tag","embeddable":true,"href":"https:\/\/cartes-et-posters.fr\/index.php\/wp-json\/wp\/v2\/product_tag?post=1830"}],"curies":[{"name":"wp","href":"https:\/\/api.w.org\/{rel}","templated":true}]}}