{"id":65,"date":"2025-06-23T10:28:22","date_gmt":"2025-06-23T08:28:22","guid":{"rendered":"http:\/\/www.pixstore.fr\/index.php\/panier\/"},"modified":"2026-02-20T23:48:10","modified_gmt":"2026-02-20T22:48:10","slug":"panier","status":"publish","type":"page","link":"https:\/\/cartes-et-posters.fr\/index.php\/panier\/","title":{"rendered":"Panier"},"content":{"rendered":"\n<div class=\"wp-block-cover alignfull wp-duotone-midnight\" style=\"border-radius:0px;margin-top:0;padding-top:20px;padding-right:20px;padding-bottom:20px;padding-left:20px;min-height:100px;aspect-ratio:unset;\"><img decoding=\"async\" class=\"wp-block-cover__image-background wp-image-334\" alt=\"\" src=\"https:\/\/pd.w.org\/2022\/01\/2661f82cd1ba9172.16386413.jpg\" data-object-fit=\"cover\"\/><span aria-hidden=\"true\" class=\"wp-block-cover__background has-neve-link-color-background-color has-background-dim-90 has-background-dim\"><\/span><div class=\"wp-block-cover__inner-container is-layout-flow wp-block-cover-is-layout-flow\">\n<div class=\"wp-block-group\"><div class=\"wp-block-group__inner-container is-layout-flow wp-block-group-is-layout-flow\">\n<h1 class=\"wp-block-heading has-text-align-center has-white-color has-text-color\">Mon Panier<\/h1>\n<\/div><\/div>\n<\/div><\/div>\n\n\n\n<div style=\"height:20px\" aria-hidden=\"true\" class=\"wp-block-spacer\"><\/div>\n\n\n\n<div class=\"wp-block-buttons is-content-justification-right is-layout-flex wp-container-core-buttons-is-layout-9fc88717 wp-block-buttons-is-layout-flex\">\n<div class=\"wp-block-button is-style-primary\"><a class=\"wp-block-button__link has-text-align-center wp-element-button\" href=\"https:\/\/cartes-et-posters.fr\/index.php\/commander\/\" style=\"border-top-left-radius:100px;border-top-right-radius:100px;border-bottom-left-radius:100px;border-bottom-right-radius:100px;padding-right:var(--wp--preset--spacing--60);padding-left:var(--wp--preset--spacing--60)\">Valider ma commande<\/a><\/div>\n<\/div>\n\n\n\n<div data-block-name=\"woocommerce\/cart\" class=\"wp-block-woocommerce-cart alignwide is-loading wc-block-cart\">\n<div data-block-name=\"woocommerce\/filled-cart-block\" class=\"wp-block-woocommerce-filled-cart-block\">\n<div data-block-name=\"woocommerce\/cart-items-block\" class=\"wp-block-woocommerce-cart-items-block\">\n<div data-block-name=\"woocommerce\/cart-line-items-block\" class=\"wp-block-woocommerce-cart-line-items-block\"><\/div>\n\n\n<\/div>\n\n\n\n<div data-block-name=\"woocommerce\/cart-totals-block\" class=\"wp-block-woocommerce-cart-totals-block\">\n<div data-block-name=\"woocommerce\/cart-order-summary-block\" class=\"wp-block-woocommerce-cart-order-summary-block\">\n<div data-block-name=\"woocommerce\/cart-order-summary-heading-block\" data-content=\"Total panier\" class=\"wp-block-woocommerce-cart-order-summary-heading-block\"><\/div>\n\n\n\n<div data-block-name=\"woocommerce\/cart-order-summary-coupon-form-block\" class=\"wp-block-woocommerce-cart-order-summary-coupon-form-block\"><\/div>\n\n\n\n<div data-block-name=\"woocommerce\/cart-order-summary-totals-block\" class=\"wp-block-woocommerce-cart-order-summary-totals-block\">\n<div data-block-name=\"woocommerce\/cart-order-summary-subtotal-block\" class=\"wp-block-woocommerce-cart-order-summary-subtotal-block\"><\/div>\n\n\n\n<div data-block-name=\"woocommerce\/cart-order-summary-fee-block\" class=\"wp-block-woocommerce-cart-order-summary-fee-block\"><\/div>\n\n\n\n<div data-block-name=\"woocommerce\/cart-order-summary-discount-block\" class=\"wp-block-woocommerce-cart-order-summary-discount-block\"><\/div>\n\n\n\n<div data-block-name=\"woocommerce\/cart-order-summary-shipping-block\" class=\"wp-block-woocommerce-cart-order-summary-shipping-block\"><\/div>\n\n\n\n<div data-block-name=\"woocommerce\/cart-order-summary-taxes-block\" class=\"wp-block-woocommerce-cart-order-summary-taxes-block\"><\/div>\n<\/div>\n<\/div>\n\n\n\n\n\n<div data-block-name=\"woocommerce\/cart-express-payment-block\" class=\"wp-block-woocommerce-cart-express-payment-block\"><\/div>\n\n\n\n<div data-block-name=\"woocommerce\/proceed-to-checkout-block\" class=\"wp-block-woocommerce-proceed-to-checkout-block\"><\/div>\n\n\n\n<div data-block-name=\"woocommerce\/cart-accepted-payment-methods-block\" class=\"wp-block-woocommerce-cart-accepted-payment-methods-block\"><\/div>\n<\/div>\n<\/div>\n\n\n\n<div data-block-name=\"woocommerce\/empty-cart-block\" class=\"wp-block-woocommerce-empty-cart-block\">\n<h2 class=\"wp-block-heading has-text-align-center with-empty-cart-icon wc-block-cart__empty-cart__title\">Votre panier est actuellement vide\u00a0!<\/h2>\n\n\n\n<hr class=\"wp-block-separator has-alpha-channel-opacity is-style-dots\"\/>\n\n\n\n<h2 class=\"wp-block-heading has-text-align-center\">Nouveau dans la boutique<\/h2>\n\n\n<div data-block-name=\"woocommerce\/product-new\" data-columns=\"4\" data-rows=\"1\" class=\"wc-block-grid wp-block-product-new wp-block-woocommerce-product-new wc-block-product-new has-4-columns\"><ul class=\"wc-block-grid__products\"><li class=\"wc-block-grid__product\">\n\t\t\t\t<a href=\"https:\/\/cartes-et-posters.fr\/index.php\/produit\/tee-shirt-running-femme\/\" class=\"wc-block-grid__product-link\">\n\t\t\t\t\t\n\t\t\t\t\t<div class=\"wc-block-grid__product-image\"><img loading=\"lazy\" decoding=\"async\" width=\"300\" height=\"300\" src=\"https:\/\/cartes-et-posters.fr\/wp-content\/uploads\/2026\/02\/Tee-shirt_Running_Determinee-300x300.jpg\" class=\"attachment-woocommerce_thumbnail size-woocommerce_thumbnail\" alt=\"Tee-Shirt Course \u00e0 Pieds Femme &quot;D\u00e9termin\u00e9e&quot;\" srcset=\"https:\/\/cartes-et-posters.fr\/wp-content\/uploads\/2026\/02\/Tee-shirt_Running_Determinee-300x300.jpg 300w, https:\/\/cartes-et-posters.fr\/wp-content\/uploads\/2026\/02\/Tee-shirt_Running_Determinee-150x150.jpg 150w, https:\/\/cartes-et-posters.fr\/wp-content\/uploads\/2026\/02\/Tee-shirt_Running_Determinee-100x100.jpg 100w, https:\/\/cartes-et-posters.fr\/wp-content\/uploads\/2026\/02\/Tee-shirt_Running_Determinee.jpg 595w\" sizes=\"auto, (max-width: 300px) 100vw, 300px\" \/><\/div>\n\t\t\t\t\t<div class=\"wc-block-grid__product-title\">Tee-Shirt Course \u00e0 Pieds Femme \u00ab\u00a0D\u00e9termin\u00e9e\u00a0\u00bb<\/div>\n\t\t\t\t<\/a>\n\t\t\t\t<div class=\"wc-block-grid__product-price price\"><span class=\"woocommerce-Price-amount amount\">29,90&nbsp;<span class=\"woocommerce-Price-currencySymbol\">&euro;<\/span><\/span><\/div>\n\t\t\t\t\n\t\t\t\t<div class=\"wp-block-button wc-block-grid__product-add-to-cart\"><a href=\"https:\/\/cartes-et-posters.fr\/index.php\/produit\/tee-shirt-running-femme\/\" aria-label=\"S\u00e9lectionner les options pour &ldquo;Tee-Shirt Course \u00e0 Pieds Femme &quot;D\u00e9termin\u00e9e&quot;&rdquo;\" data-quantity=\"1\" data-product_id=\"2181\" data-product_sku=\"\" data-price=\"29.9\" rel=\"nofollow\" class=\"wp-block-button__link  add_to_cart_button\">Choix des options<\/a><\/div>\n\t\t\t<\/li><li class=\"wc-block-grid__product\">\n\t\t\t\t<a href=\"https:\/\/cartes-et-posters.fr\/index.php\/produit\/tee-shirt-randonnee-femme\/\" class=\"wc-block-grid__product-link\">\n\t\t\t\t\t\n\t\t\t\t\t<div class=\"wc-block-grid__product-image\"><img loading=\"lazy\" decoding=\"async\" width=\"300\" height=\"300\" src=\"https:\/\/cartes-et-posters.fr\/wp-content\/uploads\/2026\/02\/Tee-shirt_Rando_Aventure-300x300.jpg\" class=\"attachment-woocommerce_thumbnail size-woocommerce_thumbnail\" alt=\"Tee-Shirt Randonn\u00e9e Femme &quot;Aventure&quot;\" srcset=\"https:\/\/cartes-et-posters.fr\/wp-content\/uploads\/2026\/02\/Tee-shirt_Rando_Aventure-300x300.jpg 300w, https:\/\/cartes-et-posters.fr\/wp-content\/uploads\/2026\/02\/Tee-shirt_Rando_Aventure-150x150.jpg 150w, https:\/\/cartes-et-posters.fr\/wp-content\/uploads\/2026\/02\/Tee-shirt_Rando_Aventure-100x100.jpg 100w, https:\/\/cartes-et-posters.fr\/wp-content\/uploads\/2026\/02\/Tee-shirt_Rando_Aventure.jpg 595w\" sizes=\"auto, (max-width: 300px) 100vw, 300px\" \/><\/div>\n\t\t\t\t\t<div class=\"wc-block-grid__product-title\">Tee-Shirt Randonn\u00e9e Femme \u00ab\u00a0Aventure\u00a0\u00bb<\/div>\n\t\t\t\t<\/a>\n\t\t\t\t<div class=\"wc-block-grid__product-price price\"><span class=\"woocommerce-Price-amount amount\">29,90&nbsp;<span class=\"woocommerce-Price-currencySymbol\">&euro;<\/span><\/span><\/div>\n\t\t\t\t\n\t\t\t\t<div class=\"wp-block-button wc-block-grid__product-add-to-cart\"><a href=\"https:\/\/cartes-et-posters.fr\/index.php\/produit\/tee-shirt-randonnee-femme\/\" aria-label=\"S\u00e9lectionner les options pour &ldquo;Tee-Shirt Randonn\u00e9e Femme &quot;Aventure&quot;&rdquo;\" data-quantity=\"1\" data-product_id=\"2029\" data-product_sku=\"\" data-price=\"29.9\" rel=\"nofollow\" class=\"wp-block-button__link  add_to_cart_button\">Choix des options<\/a><\/div>\n\t\t\t<\/li><li class=\"wc-block-grid__product\">\n\t\t\t\t<a href=\"https:\/\/cartes-et-posters.fr\/index.php\/produit\/t-shirt-femme-randonnee\/\" class=\"wc-block-grid__product-link\">\n\t\t\t\t\t\n\t\t\t\t\t<div class=\"wc-block-grid__product-image\"><img loading=\"lazy\" decoding=\"async\" width=\"300\" height=\"300\" src=\"https:\/\/cartes-et-posters.fr\/wp-content\/uploads\/2026\/02\/Tee-shirt_Rando_Decouverte-300x300.jpg\" class=\"attachment-woocommerce_thumbnail size-woocommerce_thumbnail\" alt=\"Tee-Shirt Randonn\u00e9e Femme &quot;D\u00e9couverte&quot;\" srcset=\"https:\/\/cartes-et-posters.fr\/wp-content\/uploads\/2026\/02\/Tee-shirt_Rando_Decouverte-300x300.jpg 300w, https:\/\/cartes-et-posters.fr\/wp-content\/uploads\/2026\/02\/Tee-shirt_Rando_Decouverte-150x150.jpg 150w, https:\/\/cartes-et-posters.fr\/wp-content\/uploads\/2026\/02\/Tee-shirt_Rando_Decouverte-100x100.jpg 100w, https:\/\/cartes-et-posters.fr\/wp-content\/uploads\/2026\/02\/Tee-shirt_Rando_Decouverte.jpg 595w\" sizes=\"auto, (max-width: 300px) 100vw, 300px\" \/><\/div>\n\t\t\t\t\t<div class=\"wc-block-grid__product-title\">Tee-Shirt Randonn\u00e9e Femme \u00ab\u00a0D\u00e9couverte\u00a0\u00bb<\/div>\n\t\t\t\t<\/a>\n\t\t\t\t<div class=\"wc-block-grid__product-price price\"><span class=\"woocommerce-Price-amount amount\">29,90&nbsp;<span class=\"woocommerce-Price-currencySymbol\">&euro;<\/span><\/span><\/div>\n\t\t\t\t\n\t\t\t\t<div class=\"wp-block-button wc-block-grid__product-add-to-cart\"><a href=\"https:\/\/cartes-et-posters.fr\/index.php\/produit\/t-shirt-femme-randonnee\/\" aria-label=\"S\u00e9lectionner les options pour &ldquo;Tee-Shirt Randonn\u00e9e Femme &quot;D\u00e9couverte&quot;&rdquo;\" data-quantity=\"1\" data-product_id=\"2023\" data-product_sku=\"\" data-price=\"29.9\" rel=\"nofollow\" class=\"wp-block-button__link  add_to_cart_button\">Choix des options<\/a><\/div>\n\t\t\t<\/li><li class=\"wc-block-grid__product\">\n\t\t\t\t<a href=\"https:\/\/cartes-et-posters.fr\/index.php\/produit\/t-shirt-femme-running\/\" class=\"wc-block-grid__product-link\">\n\t\t\t\t\t\n\t\t\t\t\t<div class=\"wc-block-grid__product-image\"><img loading=\"lazy\" decoding=\"async\" width=\"300\" height=\"300\" src=\"https:\/\/cartes-et-posters.fr\/wp-content\/uploads\/2026\/01\/Tee-shirt_Running_Inarretable-300x300.jpg\" class=\"attachment-woocommerce_thumbnail size-woocommerce_thumbnail\" alt=\"Tee-Shirt Course \u00e0 Pieds Femme &quot;Inarr\u00eatable&quot;\" srcset=\"https:\/\/cartes-et-posters.fr\/wp-content\/uploads\/2026\/01\/Tee-shirt_Running_Inarretable-300x300.jpg 300w, https:\/\/cartes-et-posters.fr\/wp-content\/uploads\/2026\/01\/Tee-shirt_Running_Inarretable-150x150.jpg 150w, https:\/\/cartes-et-posters.fr\/wp-content\/uploads\/2026\/01\/Tee-shirt_Running_Inarretable-100x100.jpg 100w, https:\/\/cartes-et-posters.fr\/wp-content\/uploads\/2026\/01\/Tee-shirt_Running_Inarretable.jpg 595w\" sizes=\"auto, (max-width: 300px) 100vw, 300px\" \/><\/div>\n\t\t\t\t\t<div class=\"wc-block-grid__product-title\">Tee-Shirt Course \u00e0 Pieds Femme \u00ab\u00a0Inarr\u00eatable\u00a0\u00bb<\/div>\n\t\t\t\t<\/a>\n\t\t\t\t<div class=\"wc-block-grid__product-price price\"><span class=\"woocommerce-Price-amount amount\">29,90&nbsp;<span class=\"woocommerce-Price-currencySymbol\">&euro;<\/span><\/span><\/div>\n\t\t\t\t\n\t\t\t\t<div class=\"wp-block-button wc-block-grid__product-add-to-cart\"><a href=\"https:\/\/cartes-et-posters.fr\/index.php\/produit\/t-shirt-femme-running\/\" aria-label=\"S\u00e9lectionner les options pour &ldquo;Tee-Shirt Course \u00e0 Pieds Femme &quot;Inarr\u00eatable&quot;&rdquo;\" data-quantity=\"1\" data-product_id=\"2017\" data-product_sku=\"\" data-price=\"29.9\" rel=\"nofollow\" class=\"wp-block-button__link  add_to_cart_button\">Choix des options<\/a><\/div>\n\t\t\t<\/li><\/ul><\/div><\/div>\n<\/div>\n\n\n\n<div class=\"wp-block-buttons is-content-justification-center is-layout-flex wp-container-core-buttons-is-layout-16018d1d wp-block-buttons-is-layout-flex\">\n<div class=\"wp-block-button has-custom-width wp-block-button__width-75 is-style-primary\"><a class=\"wp-block-button__link wp-element-button\" href=\"https:\/\/cartes-et-posters.fr\/index.php\/commander\/\" style=\"border-top-left-radius:100px;border-top-right-radius:100px;border-bottom-left-radius:100px;border-bottom-right-radius:100px;padding-right:var(--wp--preset--spacing--40);padding-left:var(--wp--preset--spacing--40)\">Valider ma commande<\/a><\/div>\n<\/div>\n","protected":false},"excerpt":{"rendered":"","protected":false},"author":1,"featured_media":0,"parent":0,"menu_order":5,"comment_status":"closed","ping_status":"closed","template":"","meta":{"neve_meta_sidebar":"","neve_meta_container":"","neve_meta_enable_content_width":"","neve_meta_content_width":0,"neve_meta_title_alignment":"","neve_meta_author_avatar":"","neve_post_elements_order":"","neve_meta_disable_header":"","neve_meta_disable_footer":"","neve_meta_disable_title":"on","footnotes":""},"class_list":["post-65","page","type-page","status-publish","hentry"],"yoast_head":"<!-- This site is optimized with the Yoast SEO plugin v27.4 - https:\/\/yoast.com\/product\/yoast-seo-wordpress\/ -->\n<title>Votre Panier | Boutique Cr\u00e9ations Graphiques | Cartes et Posters<\/title>\n<meta name=\"description\" content=\"Retrouvez tous vos articles pr\u00eats \u00e0 \u00eatre achet\u00e9s dans votre panier | Validation en quelques clics | Boutique en Ligne Cartes et Posters\" \/>\n<meta name=\"robots\" content=\"index, follow, max-snippet:-1, max-image-preview:large, max-video-preview:-1\" \/>\n<link rel=\"canonical\" href=\"https:\/\/cartes-et-posters.fr\/index.php\/panier\/\" \/>\n<meta property=\"og:locale\" content=\"fr_FR\" \/>\n<meta property=\"og:type\" content=\"article\" \/>\n<meta property=\"og:title\" content=\"Votre Panier | Boutique Cr\u00e9ations Graphiques | Cartes et Posters\" \/>\n<meta property=\"og:description\" content=\"Retrouvez tous vos articles pr\u00eats \u00e0 \u00eatre achet\u00e9s dans votre panier | Validation en quelques clics | Boutique en Ligne Cartes et Posters\" \/>\n<meta property=\"og:url\" content=\"https:\/\/cartes-et-posters.fr\/index.php\/panier\/\" \/>\n<meta property=\"og:site_name\" content=\"Cartes et Posters\" \/>\n<meta property=\"article:modified_time\" content=\"2026-02-20T22:48:10+00:00\" \/>\n<meta name=\"twitter:card\" content=\"summary_large_image\" \/>\n<meta name=\"twitter:label1\" content=\"Dur\u00e9e de lecture estim\u00e9e\" \/>\n\t<meta name=\"twitter:data1\" content=\"1 minute\" \/>\n<script type=\"application\/ld+json\" class=\"yoast-schema-graph\">{\"@context\":\"https:\\\/\\\/schema.org\",\"@graph\":[{\"@type\":\"WebPage\",\"@id\":\"https:\\\/\\\/cartes-et-posters.fr\\\/index.php\\\/panier\\\/\",\"url\":\"https:\\\/\\\/cartes-et-posters.fr\\\/index.php\\\/panier\\\/\",\"name\":\"Votre Panier | Boutique Cr\u00e9ations Graphiques | Cartes et Posters\",\"isPartOf\":{\"@id\":\"https:\\\/\\\/cartes-et-posters.fr\\\/#website\"},\"primaryImageOfPage\":{\"@id\":\"https:\\\/\\\/cartes-et-posters.fr\\\/index.php\\\/panier\\\/#primaryimage\"},\"image\":{\"@id\":\"https:\\\/\\\/cartes-et-posters.fr\\\/index.php\\\/panier\\\/#primaryimage\"},\"thumbnailUrl\":\"https:\\\/\\\/pd.w.org\\\/2022\\\/01\\\/2661f82cd1ba9172.16386413.jpg\",\"datePublished\":\"2025-06-23T08:28:22+00:00\",\"dateModified\":\"2026-02-20T22:48:10+00:00\",\"description\":\"Retrouvez tous vos articles pr\u00eats \u00e0 \u00eatre achet\u00e9s dans votre panier | Validation en quelques clics | Boutique en Ligne Cartes et Posters\",\"breadcrumb\":{\"@id\":\"https:\\\/\\\/cartes-et-posters.fr\\\/index.php\\\/panier\\\/#breadcrumb\"},\"inLanguage\":\"fr-FR\",\"potentialAction\":[{\"@type\":\"ReadAction\",\"target\":[\"https:\\\/\\\/cartes-et-posters.fr\\\/index.php\\\/panier\\\/\"]}]},{\"@type\":\"ImageObject\",\"inLanguage\":\"fr-FR\",\"@id\":\"https:\\\/\\\/cartes-et-posters.fr\\\/index.php\\\/panier\\\/#primaryimage\",\"url\":\"https:\\\/\\\/pd.w.org\\\/2022\\\/01\\\/2661f82cd1ba9172.16386413.jpg\",\"contentUrl\":\"https:\\\/\\\/pd.w.org\\\/2022\\\/01\\\/2661f82cd1ba9172.16386413.jpg\"},{\"@type\":\"BreadcrumbList\",\"@id\":\"https:\\\/\\\/cartes-et-posters.fr\\\/index.php\\\/panier\\\/#breadcrumb\",\"itemListElement\":[{\"@type\":\"ListItem\",\"position\":1,\"name\":\"Accueil\",\"item\":\"https:\\\/\\\/cartes-et-posters.fr\\\/\"},{\"@type\":\"ListItem\",\"position\":2,\"name\":\"Panier\"}]},{\"@type\":\"WebSite\",\"@id\":\"https:\\\/\\\/cartes-et-posters.fr\\\/#website\",\"url\":\"https:\\\/\\\/cartes-et-posters.fr\\\/\",\"name\":\"Cartes et Posters\",\"description\":\"\",\"potentialAction\":[{\"@type\":\"SearchAction\",\"target\":{\"@type\":\"EntryPoint\",\"urlTemplate\":\"https:\\\/\\\/cartes-et-posters.fr\\\/?s={search_term_string}\"},\"query-input\":{\"@type\":\"PropertyValueSpecification\",\"valueRequired\":true,\"valueName\":\"search_term_string\"}}],\"inLanguage\":\"fr-FR\"}]}<\/script>\n<!-- \/ Yoast SEO plugin. -->","yoast_head_json":{"title":"Votre Panier | Boutique Cr\u00e9ations Graphiques | Cartes et Posters","description":"Retrouvez tous vos articles pr\u00eats \u00e0 \u00eatre achet\u00e9s dans votre panier | Validation en quelques clics | Boutique en Ligne Cartes et Posters","robots":{"index":"index","follow":"follow","max-snippet":"max-snippet:-1","max-image-preview":"max-image-preview:large","max-video-preview":"max-video-preview:-1"},"canonical":"https:\/\/cartes-et-posters.fr\/index.php\/panier\/","og_locale":"fr_FR","og_type":"article","og_title":"Votre Panier | Boutique Cr\u00e9ations Graphiques | Cartes et Posters","og_description":"Retrouvez tous vos articles pr\u00eats \u00e0 \u00eatre achet\u00e9s dans votre panier | Validation en quelques clics | Boutique en Ligne Cartes et Posters","og_url":"https:\/\/cartes-et-posters.fr\/index.php\/panier\/","og_site_name":"Cartes et Posters","article_modified_time":"2026-02-20T22:48:10+00:00","twitter_card":"summary_large_image","twitter_misc":{"Dur\u00e9e de lecture estim\u00e9e":"1 minute"},"schema":{"@context":"https:\/\/schema.org","@graph":[{"@type":"WebPage","@id":"https:\/\/cartes-et-posters.fr\/index.php\/panier\/","url":"https:\/\/cartes-et-posters.fr\/index.php\/panier\/","name":"Votre Panier | Boutique Cr\u00e9ations Graphiques | Cartes et Posters","isPartOf":{"@id":"https:\/\/cartes-et-posters.fr\/#website"},"primaryImageOfPage":{"@id":"https:\/\/cartes-et-posters.fr\/index.php\/panier\/#primaryimage"},"image":{"@id":"https:\/\/cartes-et-posters.fr\/index.php\/panier\/#primaryimage"},"thumbnailUrl":"https:\/\/pd.w.org\/2022\/01\/2661f82cd1ba9172.16386413.jpg","datePublished":"2025-06-23T08:28:22+00:00","dateModified":"2026-02-20T22:48:10+00:00","description":"Retrouvez tous vos articles pr\u00eats \u00e0 \u00eatre achet\u00e9s dans votre panier | Validation en quelques clics | Boutique en Ligne Cartes et Posters","breadcrumb":{"@id":"https:\/\/cartes-et-posters.fr\/index.php\/panier\/#breadcrumb"},"inLanguage":"fr-FR","potentialAction":[{"@type":"ReadAction","target":["https:\/\/cartes-et-posters.fr\/index.php\/panier\/"]}]},{"@type":"ImageObject","inLanguage":"fr-FR","@id":"https:\/\/cartes-et-posters.fr\/index.php\/panier\/#primaryimage","url":"https:\/\/pd.w.org\/2022\/01\/2661f82cd1ba9172.16386413.jpg","contentUrl":"https:\/\/pd.w.org\/2022\/01\/2661f82cd1ba9172.16386413.jpg"},{"@type":"BreadcrumbList","@id":"https:\/\/cartes-et-posters.fr\/index.php\/panier\/#breadcrumb","itemListElement":[{"@type":"ListItem","position":1,"name":"Accueil","item":"https:\/\/cartes-et-posters.fr\/"},{"@type":"ListItem","position":2,"name":"Panier"}]},{"@type":"WebSite","@id":"https:\/\/cartes-et-posters.fr\/#website","url":"https:\/\/cartes-et-posters.fr\/","name":"Cartes et Posters","description":"","potentialAction":[{"@type":"SearchAction","target":{"@type":"EntryPoint","urlTemplate":"https:\/\/cartes-et-posters.fr\/?s={search_term_string}"},"query-input":{"@type":"PropertyValueSpecification","valueRequired":true,"valueName":"search_term_string"}}],"inLanguage":"fr-FR"}]}},"jetpack_sharing_enabled":true,"_links":{"self":[{"href":"https:\/\/cartes-et-posters.fr\/index.php\/wp-json\/wp\/v2\/pages\/65","targetHints":{"allow":["GET"]}}],"collection":[{"href":"https:\/\/cartes-et-posters.fr\/index.php\/wp-json\/wp\/v2\/pages"}],"about":[{"href":"https:\/\/cartes-et-posters.fr\/index.php\/wp-json\/wp\/v2\/types\/page"}],"author":[{"embeddable":true,"href":"https:\/\/cartes-et-posters.fr\/index.php\/wp-json\/wp\/v2\/users\/1"}],"replies":[{"embeddable":true,"href":"https:\/\/cartes-et-posters.fr\/index.php\/wp-json\/wp\/v2\/comments?post=65"}],"version-history":[{"count":1,"href":"https:\/\/cartes-et-posters.fr\/index.php\/wp-json\/wp\/v2\/pages\/65\/revisions"}],"predecessor-version":[{"id":2218,"href":"https:\/\/cartes-et-posters.fr\/index.php\/wp-json\/wp\/v2\/pages\/65\/revisions\/2218"}],"wp:attachment":[{"href":"https:\/\/cartes-et-posters.fr\/index.php\/wp-json\/wp\/v2\/media?parent=65"}],"curies":[{"name":"wp","href":"https:\/\/api.w.org\/{rel}","templated":true}]}}