{"id":1152,"date":"2025-08-19T18:38:23","date_gmt":"2025-08-19T16:38:23","guid":{"rendered":"https:\/\/www.pixstore.fr\/?page_id=1152"},"modified":"2026-02-20T13:15:19","modified_gmt":"2026-02-20T12:15:19","slug":"mentions-legales","status":"publish","type":"page","link":"https:\/\/cartes-et-posters.fr\/index.php\/mentions-legales\/","title":{"rendered":"Mentions L\u00e9gales"},"content":{"rendered":"\n<div class=\"wp-block-cover alignfull wp-duotone-midnight\" style=\"border-radius:0px;margin-top:0;padding-top:4vw;padding-right:4vw;padding-bottom:4vw;padding-left:4vw;min-height:200px;aspect-ratio:unset;\"><img decoding=\"async\" class=\"wp-block-cover__image-background wp-image-334\" alt=\"\" src=\"https:\/\/pd.w.org\/2022\/01\/2661f82cd1ba9172.16386413.jpg\" data-object-fit=\"cover\"\/><span aria-hidden=\"true\" class=\"wp-block-cover__background has-neve-link-color-background-color has-background-dim-90 has-background-dim\"><\/span><div class=\"wp-block-cover__inner-container is-layout-flow wp-block-cover-is-layout-flow\">\n<div class=\"wp-block-group\"><div class=\"wp-block-group__inner-container is-layout-flow wp-block-group-is-layout-flow\">\n<h1 class=\"wp-block-heading has-text-align-center has-white-color has-text-color\">Mentions L\u00e9gales<\/h1>\n\n\n\n<p class=\"has-text-align-center has-white-color has-text-color\" style=\"font-size:23px\">Retrouvez ici toutes nos informations l\u00e9gales<\/p>\n<\/div><\/div>\n<\/div><\/div>\n\n\n\n<div style=\"height:50px\" aria-hidden=\"true\" class=\"wp-block-spacer\"><\/div>\n\n\n\n<div class=\"wp-block-columns is-layout-flex wp-container-core-columns-is-layout-9d6595d7 wp-block-columns-is-layout-flex\">\n<div class=\"wp-block-column has-custom-1-background-color has-background is-layout-flow wp-block-column-is-layout-flow\" style=\"border-radius:20px;padding-top:var(--wp--preset--spacing--40);padding-right:var(--wp--preset--spacing--40);padding-bottom:var(--wp--preset--spacing--40);padding-left:var(--wp--preset--spacing--40)\">\n<h2 class=\"wp-block-heading has-neve-text-color-color has-text-color has-link-color wp-elements-5fe397e451728ced2f6c649ed991d205\"><strong>Editeur \/ propri\u00e9taire :<\/strong><\/h2>\n\n\n\n<p class=\"has-neve-text-color-color has-text-color has-link-color wp-elements-3bd1972ded7ff89f95421dacfe732319\">Julie DESVAUX<br>SIREN\u00a0930435730<br>25 000 Besan\u00e7on<br>Message via le <a href=\"https:\/\/cartes-et-posters.fr\/index.php\/contact-boutique-creative\/#formulaire\">formulaire de contact<\/a><\/p>\n<\/div>\n\n\n\n<div class=\"wp-block-column has-custom-1-background-color has-background is-layout-flow wp-block-column-is-layout-flow\" style=\"border-radius:20px;padding-top:var(--wp--preset--spacing--40);padding-right:var(--wp--preset--spacing--40);padding-bottom:var(--wp--preset--spacing--40);padding-left:var(--wp--preset--spacing--40)\">\n<h2 class=\"wp-block-heading has-neve-text-color-color has-text-color has-link-color wp-elements-ccd0de88daea4a9034c8eedf73449acf\"><strong>H\u00e9bergement :<\/strong><\/h2>\n\n\n\n<p class=\"has-neve-text-color-color has-text-color has-link-color wp-elements-731c45a32e99cc0c7da0933052640845\"><strong>OVHcloud<\/strong><br>Si\u00e8ge social : 2 rue Kellermann \u2013 59100 Roubaix \u2013 France<br>Site web :&nbsp;www.ovhcloud.com<\/p>\n<\/div>\n<\/div>\n\n\n\n<div class=\"wp-block-columns is-layout-flex wp-container-core-columns-is-layout-9d6595d7 wp-block-columns-is-layout-flex\">\n<div class=\"wp-block-column has-custom-1-background-color has-background is-layout-flow wp-block-column-is-layout-flow\" style=\"border-radius:20px;padding-top:var(--wp--preset--spacing--40);padding-right:var(--wp--preset--spacing--40);padding-bottom:var(--wp--preset--spacing--40);padding-left:var(--wp--preset--spacing--40)\">\n<h2 class=\"wp-block-heading has-neve-text-color-color has-text-color has-link-color wp-elements-d987a1e734d232b75045e039a8c1b4fe\"><strong>Webmaster et graphisme :<\/strong><\/h2>\n\n\n\n<p class=\"has-neve-text-color-color has-text-color has-link-color wp-elements-7a8960aaf62b88f8c235563f9b9adab2\">Atelier Pix\u2019Art\u00ae \u2013 Julie DESVAUX<br>25 000 BESANCON<br>SIREN&nbsp;930435730<br><a href=\"http:\/\/www.atelierpixart.fr\">www.atelierpixart.fr<\/a><\/p>\n<\/div>\n\n\n\n<div class=\"wp-block-column has-custom-1-background-color has-background is-layout-flow wp-block-column-is-layout-flow\" style=\"border-radius:20px;padding-top:var(--wp--preset--spacing--40);padding-right:var(--wp--preset--spacing--40);padding-bottom:var(--wp--preset--spacing--40);padding-left:var(--wp--preset--spacing--40)\">\n<h2 class=\"wp-block-heading has-neve-text-color-color has-text-color has-link-color wp-elements-9ae6e1b47454f5e212b071c60f3b9364\"><strong>Liens hypertextes :<\/strong><\/h2>\n\n\n\n<p class=\"has-neve-text-color-color has-text-color has-link-color wp-elements-e24f7bec140fc0a8d1abbaf89686a96c\">Les liens hypertextes mis en place dans le cadre du pr\u00e9sent site en direction d&rsquo;autres ressources pr\u00e9sentes sur le r\u00e9seau Internet, ne sauraient engager la responsabilit\u00e9 de Julie DESVAUX.<\/p>\n<\/div>\n<\/div>\n\n\n\n<div class=\"wp-block-group has-custom-1-background-color has-background\" style=\"border-radius:20px;padding-top:var(--wp--preset--spacing--40);padding-right:var(--wp--preset--spacing--40);padding-bottom:var(--wp--preset--spacing--40);padding-left:var(--wp--preset--spacing--40)\"><div class=\"wp-block-group__inner-container is-layout-constrained wp-container-core-group-is-layout-af10a197 wp-block-group-is-layout-constrained\">\n<h2 class=\"wp-block-heading has-neve-text-color-color has-text-color has-link-color wp-elements-0075b5200c4ad70e4d4d2106173512c4\"><strong>Contenu du site Cartes &amp; Posters :<\/strong><\/h2>\n\n\n\n<p class=\"has-neve-text-color-color has-text-color has-link-color wp-elements-18aa3107b2cb021226e5a6d5642b7e51\">Le substantif \u00ab\u00a0contenu\u00a0\u00bb englobe la structure g\u00e9n\u00e9rale, les textes, les images anim\u00e9es ou non dont le site est compos\u00e9.<br>Ce contenu est donn\u00e9 \u00e0 titre indicatif. Notre responsabilit\u00e9 ne saurait \u00eatre engag\u00e9e en cas de non-conformit\u00e9 de ces informations.<br>Toute repr\u00e9sentation totale ou partielle de ce site et de son contenu sans autorisation pr\u00e9alable \u00e9crite de Julie DESVAUX est interdite et constituerait une contrefa\u00e7on sanctionn\u00e9e par les articles L335-2 et suivants du Code de la Propri\u00e9t\u00e9 Intellectuelle. Aucune exploitation commerciale de son contenu ne peut \u00eatre exploit\u00e9e sans l&rsquo;accord \u00e9crit de Julie DESVAUX.<\/p>\n\n\n\n<h2 class=\"wp-block-heading has-neve-text-color-color has-text-color has-link-color wp-elements-0fb1b42e5551d60d5b0c0409b22e2e26\"><strong>Droits d&rsquo;auteur<\/strong><\/h2>\n\n\n\n<p class=\"has-neve-text-color-color has-text-color has-link-color wp-elements-63a1a2f5280cfad70c0a68a09ee2fcd0\">\u00a92026 Julie DESVAUX \u2013 Tous droits r\u00e9serv\u00e9s \u2013 Reproduction partielle ou int\u00e9grale interdite.<\/p>\n<\/div><\/div>\n\n\n\n<div style=\"height:25px\" aria-hidden=\"true\" class=\"wp-block-spacer\"><\/div>\n\n\n\n<div class=\"wp-block-group has-custom-1-background-color has-background\" style=\"border-style:none;border-width:0px;border-radius:20px;padding-top:var(--wp--preset--spacing--40);padding-right:var(--wp--preset--spacing--40);padding-bottom:var(--wp--preset--spacing--40);padding-left:var(--wp--preset--spacing--40)\"><div class=\"wp-block-group__inner-container is-layout-constrained wp-container-core-group-is-layout-af10a197 wp-block-group-is-layout-constrained\">\n<h2 class=\"wp-block-heading has-neve-text-color-color has-text-color has-link-color wp-elements-3063160367589fbdab8a198a9ab4d5dd\"><strong>Donn\u00e9es personnelles&nbsp;:<\/strong><\/h2>\n\n\n\n<p class=\"has-neve-text-color-color has-text-color has-link-color wp-elements-bf1c0645f236e173502f2ddb19a112cb\">Les informations que vous saisirez seront enregistr\u00e9es par Julie DESVAUX. Vous disposez d\u2019un droit d\u2019acc\u00e8s, de modification, de rectification et de suppression concernant les donn\u00e9es collect\u00e9es sur ce site, dans les conditions pr\u00e9vues par l\u2019article 31 de la loi du 6 janvier 1978 modifi\u00e9e, relative \u00e0 l\u2019informatique, aux fichiers et aux libert\u00e9s. Pour l\u2019exercer, adressez-vous par message au gestionnaire du site via le <a href=\"https:\/\/cartes-et-posters.fr\/index.php\/contact-boutique-creative\/#formulaire\">formulaire de contact<\/a>.<\/p>\n<\/div><\/div>\n\n\n\n<div style=\"height:25px\" aria-hidden=\"true\" class=\"wp-block-spacer\"><\/div>\n\n\n\n<div class=\"wp-block-group has-custom-1-background-color has-background\" style=\"border-radius:20px;padding-top:var(--wp--preset--spacing--40);padding-right:var(--wp--preset--spacing--40);padding-bottom:var(--wp--preset--spacing--40);padding-left:var(--wp--preset--spacing--40)\"><div class=\"wp-block-group__inner-container is-layout-constrained wp-container-core-group-is-layout-af10a197 wp-block-group-is-layout-constrained\">\n<h2 class=\"wp-block-heading has-neve-text-color-color has-text-color has-link-color wp-elements-ce58c85ffa04098a06b87c1c58d85a27\"><strong>Droit applicable et attribution de juridiction :<\/strong><\/h2>\n\n\n\n<p class=\"has-neve-text-color-color has-text-color has-link-color wp-elements-8bbf7f5a4dbe86ce1942d1e4f7fb8c06\">Tout litige en relation avec l\u2019utilisation de ce site est soumis au droit fran\u00e7ais. Il est fait attribution exclusive de juridiction aux tribunaux comp\u00e9tents de Besan\u00e7on.<\/p>\n<\/div><\/div>\n\n\n\n<div style=\"height:30px\" aria-hidden=\"true\" class=\"wp-block-spacer\"><\/div>\n\n\n\n<div class=\"wp-block-columns is-layout-flex wp-container-core-columns-is-layout-66d11289 wp-block-columns-is-layout-flex\" style=\"padding-top:var(--wp--preset--spacing--20);padding-bottom:var(--wp--preset--spacing--20)\">\n<div class=\"wp-block-column is-vertically-aligned-center is-layout-flow wp-block-column-is-layout-flow\" style=\"flex-basis:66.66%\">\n<h2 class=\"wp-block-heading has-neve-text-color-color has-text-color has-link-color wp-elements-8b69363bc45e8428fba5b6d4966110ce\">Une question \u00e0 nous poser ? N&rsquo;attendez plus pour nous contacter !<\/h2>\n<\/div>\n\n\n\n<div class=\"wp-block-column is-vertically-aligned-center is-layout-flow wp-block-column-is-layout-flow\" style=\"flex-basis:33.33%\">\n<div class=\"wp-block-buttons is-content-justification-center is-layout-flex wp-container-core-buttons-is-layout-16018d1d wp-block-buttons-is-layout-flex\">\n<div class=\"wp-block-button has-custom-width wp-block-button__width-50 is-style-primary\"><a class=\"wp-block-button__link wp-element-button\" href=\"https:\/\/cartes-et-posters.fr\/index.php\/contact-boutique-creative\/\" style=\"border-style:none;border-width:0px;border-radius:100px\">Ecrivez-nous !<\/a><\/div>\n<\/div>\n<\/div>\n<\/div>\n","protected":false},"excerpt":{"rendered":"<p>Editeur \/ propri\u00e9taire : Julie DESVAUXSIREN\u00a093043573025 000 Besan\u00e7onMessage via le formulaire de contact H\u00e9bergement : OVHcloudSi\u00e8ge social : 2 rue Kellermann \u2013 59100 Roubaix \u2013 FranceSite web :&nbsp;www.ovhcloud.com Webmaster et graphisme : Atelier Pix\u2019Art\u00ae \u2013 Julie DESVAUX25 000 BESANCONSIREN&nbsp;930435730www.atelierpixart.fr Liens hypertextes : Les liens hypertextes mis en place dans le cadre du pr\u00e9sent site en&hellip;&nbsp;<a href=\"https:\/\/cartes-et-posters.fr\/index.php\/mentions-legales\/\" rel=\"bookmark\"><span class=\"screen-reader-text\">Mentions L\u00e9gales<\/span><\/a><\/p>\n","protected":false},"author":1,"featured_media":2237,"parent":0,"menu_order":15,"comment_status":"closed","ping_status":"closed","template":"","meta":{"neve_meta_sidebar":"","neve_meta_container":"","neve_meta_enable_content_width":"","neve_meta_content_width":0,"neve_meta_title_alignment":"","neve_meta_author_avatar":"","neve_post_elements_order":"","neve_meta_disable_header":"","neve_meta_disable_footer":"","neve_meta_disable_title":"on","footnotes":""},"class_list":["post-1152","page","type-page","status-publish","has-post-thumbnail","hentry"],"yoast_head":"<!-- This site is optimized with the Yoast SEO plugin v27.4 - https:\/\/yoast.com\/product\/yoast-seo-wordpress\/ -->\n<title>Mentions L\u00e9gales | Boutique en Ligne Cartes et Posters<\/title>\n<meta name=\"description\" content=\"Consultez nos Mentions L\u00e9gales | Boutique en Ligne de Cr\u00e9ations Graphiques | Cartes, Affiches, Papeterie, Tee-Shirts\" \/>\n<meta name=\"robots\" content=\"index, follow, max-snippet:-1, max-image-preview:large, max-video-preview:-1\" \/>\n<link rel=\"canonical\" href=\"https:\/\/cartes-et-posters.fr\/index.php\/mentions-legales\/\" \/>\n<meta property=\"og:locale\" content=\"fr_FR\" \/>\n<meta property=\"og:type\" content=\"article\" \/>\n<meta property=\"og:title\" content=\"Mentions L\u00e9gales | Boutique en Ligne Cartes et Posters\" \/>\n<meta property=\"og:description\" content=\"Consultez nos Mentions L\u00e9gales | Boutique en Ligne de Cr\u00e9ations Graphiques | Cartes, Affiches, Papeterie, Tee-Shirts\" \/>\n<meta property=\"og:url\" content=\"https:\/\/cartes-et-posters.fr\/index.php\/mentions-legales\/\" \/>\n<meta property=\"og:site_name\" content=\"Cartes et Posters\" \/>\n<meta property=\"article:modified_time\" content=\"2026-02-20T12:15:19+00:00\" \/>\n<meta property=\"og:image\" content=\"https:\/\/cartes-et-posters.fr\/wp-content\/uploads\/2026\/02\/cropped-Icone-du-site-Cartes-et-Posters.jpg\" \/>\n\t<meta property=\"og:image:width\" content=\"512\" \/>\n\t<meta property=\"og:image:height\" content=\"512\" \/>\n\t<meta property=\"og:image:type\" content=\"image\/jpeg\" \/>\n<meta name=\"twitter:card\" content=\"summary_large_image\" \/>\n<meta name=\"twitter:label1\" content=\"Dur\u00e9e de lecture estim\u00e9e\" \/>\n\t<meta name=\"twitter:data1\" content=\"2 minutes\" \/>\n<script type=\"application\/ld+json\" class=\"yoast-schema-graph\">{\"@context\":\"https:\\\/\\\/schema.org\",\"@graph\":[{\"@type\":\"WebPage\",\"@id\":\"https:\\\/\\\/cartes-et-posters.fr\\\/index.php\\\/mentions-legales\\\/\",\"url\":\"https:\\\/\\\/cartes-et-posters.fr\\\/index.php\\\/mentions-legales\\\/\",\"name\":\"Mentions L\u00e9gales | Boutique en Ligne Cartes et Posters\",\"isPartOf\":{\"@id\":\"https:\\\/\\\/cartes-et-posters.fr\\\/#website\"},\"primaryImageOfPage\":{\"@id\":\"https:\\\/\\\/cartes-et-posters.fr\\\/index.php\\\/mentions-legales\\\/#primaryimage\"},\"image\":{\"@id\":\"https:\\\/\\\/cartes-et-posters.fr\\\/index.php\\\/mentions-legales\\\/#primaryimage\"},\"thumbnailUrl\":\"https:\\\/\\\/cartes-et-posters.fr\\\/wp-content\\\/uploads\\\/2026\\\/02\\\/cropped-Icone-du-site-Cartes-et-Posters.jpg\",\"datePublished\":\"2025-08-19T16:38:23+00:00\",\"dateModified\":\"2026-02-20T12:15:19+00:00\",\"description\":\"Consultez nos Mentions L\u00e9gales | Boutique en Ligne de Cr\u00e9ations Graphiques | Cartes, Affiches, Papeterie, Tee-Shirts\",\"breadcrumb\":{\"@id\":\"https:\\\/\\\/cartes-et-posters.fr\\\/index.php\\\/mentions-legales\\\/#breadcrumb\"},\"inLanguage\":\"fr-FR\",\"potentialAction\":[{\"@type\":\"ReadAction\",\"target\":[\"https:\\\/\\\/cartes-et-posters.fr\\\/index.php\\\/mentions-legales\\\/\"]}]},{\"@type\":\"ImageObject\",\"inLanguage\":\"fr-FR\",\"@id\":\"https:\\\/\\\/cartes-et-posters.fr\\\/index.php\\\/mentions-legales\\\/#primaryimage\",\"url\":\"https:\\\/\\\/cartes-et-posters.fr\\\/wp-content\\\/uploads\\\/2026\\\/02\\\/cropped-Icone-du-site-Cartes-et-Posters.jpg\",\"contentUrl\":\"https:\\\/\\\/cartes-et-posters.fr\\\/wp-content\\\/uploads\\\/2026\\\/02\\\/cropped-Icone-du-site-Cartes-et-Posters.jpg\",\"width\":512,\"height\":512},{\"@type\":\"BreadcrumbList\",\"@id\":\"https:\\\/\\\/cartes-et-posters.fr\\\/index.php\\\/mentions-legales\\\/#breadcrumb\",\"itemListElement\":[{\"@type\":\"ListItem\",\"position\":1,\"name\":\"Accueil\",\"item\":\"https:\\\/\\\/cartes-et-posters.fr\\\/\"},{\"@type\":\"ListItem\",\"position\":2,\"name\":\"Mentions L\u00e9gales\"}]},{\"@type\":\"WebSite\",\"@id\":\"https:\\\/\\\/cartes-et-posters.fr\\\/#website\",\"url\":\"https:\\\/\\\/cartes-et-posters.fr\\\/\",\"name\":\"Cartes et Posters\",\"description\":\"\",\"potentialAction\":[{\"@type\":\"SearchAction\",\"target\":{\"@type\":\"EntryPoint\",\"urlTemplate\":\"https:\\\/\\\/cartes-et-posters.fr\\\/?s={search_term_string}\"},\"query-input\":{\"@type\":\"PropertyValueSpecification\",\"valueRequired\":true,\"valueName\":\"search_term_string\"}}],\"inLanguage\":\"fr-FR\"}]}<\/script>\n<!-- \/ Yoast SEO plugin. -->","yoast_head_json":{"title":"Mentions L\u00e9gales | Boutique en Ligne Cartes et Posters","description":"Consultez nos Mentions L\u00e9gales | Boutique en Ligne de Cr\u00e9ations Graphiques | Cartes, Affiches, Papeterie, Tee-Shirts","robots":{"index":"index","follow":"follow","max-snippet":"max-snippet:-1","max-image-preview":"max-image-preview:large","max-video-preview":"max-video-preview:-1"},"canonical":"https:\/\/cartes-et-posters.fr\/index.php\/mentions-legales\/","og_locale":"fr_FR","og_type":"article","og_title":"Mentions L\u00e9gales | Boutique en Ligne Cartes et Posters","og_description":"Consultez nos Mentions L\u00e9gales | Boutique en Ligne de Cr\u00e9ations Graphiques | Cartes, Affiches, Papeterie, Tee-Shirts","og_url":"https:\/\/cartes-et-posters.fr\/index.php\/mentions-legales\/","og_site_name":"Cartes et Posters","article_modified_time":"2026-02-20T12:15:19+00:00","og_image":[{"width":512,"height":512,"url":"https:\/\/cartes-et-posters.fr\/wp-content\/uploads\/2026\/02\/cropped-Icone-du-site-Cartes-et-Posters.jpg","type":"image\/jpeg"}],"twitter_card":"summary_large_image","twitter_misc":{"Dur\u00e9e de lecture estim\u00e9e":"2 minutes"},"schema":{"@context":"https:\/\/schema.org","@graph":[{"@type":"WebPage","@id":"https:\/\/cartes-et-posters.fr\/index.php\/mentions-legales\/","url":"https:\/\/cartes-et-posters.fr\/index.php\/mentions-legales\/","name":"Mentions L\u00e9gales | Boutique en Ligne Cartes et Posters","isPartOf":{"@id":"https:\/\/cartes-et-posters.fr\/#website"},"primaryImageOfPage":{"@id":"https:\/\/cartes-et-posters.fr\/index.php\/mentions-legales\/#primaryimage"},"image":{"@id":"https:\/\/cartes-et-posters.fr\/index.php\/mentions-legales\/#primaryimage"},"thumbnailUrl":"https:\/\/cartes-et-posters.fr\/wp-content\/uploads\/2026\/02\/cropped-Icone-du-site-Cartes-et-Posters.jpg","datePublished":"2025-08-19T16:38:23+00:00","dateModified":"2026-02-20T12:15:19+00:00","description":"Consultez nos Mentions L\u00e9gales | Boutique en Ligne de Cr\u00e9ations Graphiques | Cartes, Affiches, Papeterie, Tee-Shirts","breadcrumb":{"@id":"https:\/\/cartes-et-posters.fr\/index.php\/mentions-legales\/#breadcrumb"},"inLanguage":"fr-FR","potentialAction":[{"@type":"ReadAction","target":["https:\/\/cartes-et-posters.fr\/index.php\/mentions-legales\/"]}]},{"@type":"ImageObject","inLanguage":"fr-FR","@id":"https:\/\/cartes-et-posters.fr\/index.php\/mentions-legales\/#primaryimage","url":"https:\/\/cartes-et-posters.fr\/wp-content\/uploads\/2026\/02\/cropped-Icone-du-site-Cartes-et-Posters.jpg","contentUrl":"https:\/\/cartes-et-posters.fr\/wp-content\/uploads\/2026\/02\/cropped-Icone-du-site-Cartes-et-Posters.jpg","width":512,"height":512},{"@type":"BreadcrumbList","@id":"https:\/\/cartes-et-posters.fr\/index.php\/mentions-legales\/#breadcrumb","itemListElement":[{"@type":"ListItem","position":1,"name":"Accueil","item":"https:\/\/cartes-et-posters.fr\/"},{"@type":"ListItem","position":2,"name":"Mentions L\u00e9gales"}]},{"@type":"WebSite","@id":"https:\/\/cartes-et-posters.fr\/#website","url":"https:\/\/cartes-et-posters.fr\/","name":"Cartes et Posters","description":"","potentialAction":[{"@type":"SearchAction","target":{"@type":"EntryPoint","urlTemplate":"https:\/\/cartes-et-posters.fr\/?s={search_term_string}"},"query-input":{"@type":"PropertyValueSpecification","valueRequired":true,"valueName":"search_term_string"}}],"inLanguage":"fr-FR"}]}},"jetpack_sharing_enabled":true,"_links":{"self":[{"href":"https:\/\/cartes-et-posters.fr\/index.php\/wp-json\/wp\/v2\/pages\/1152","targetHints":{"allow":["GET"]}}],"collection":[{"href":"https:\/\/cartes-et-posters.fr\/index.php\/wp-json\/wp\/v2\/pages"}],"about":[{"href":"https:\/\/cartes-et-posters.fr\/index.php\/wp-json\/wp\/v2\/types\/page"}],"author":[{"embeddable":true,"href":"https:\/\/cartes-et-posters.fr\/index.php\/wp-json\/wp\/v2\/users\/1"}],"replies":[{"embeddable":true,"href":"https:\/\/cartes-et-posters.fr\/index.php\/wp-json\/wp\/v2\/comments?post=1152"}],"version-history":[{"count":2,"href":"https:\/\/cartes-et-posters.fr\/index.php\/wp-json\/wp\/v2\/pages\/1152\/revisions"}],"predecessor-version":[{"id":2304,"href":"https:\/\/cartes-et-posters.fr\/index.php\/wp-json\/wp\/v2\/pages\/1152\/revisions\/2304"}],"wp:featuredmedia":[{"embeddable":true,"href":"https:\/\/cartes-et-posters.fr\/index.php\/wp-json\/wp\/v2\/media\/2237"}],"wp:attachment":[{"href":"https:\/\/cartes-et-posters.fr\/index.php\/wp-json\/wp\/v2\/media?parent=1152"}],"curies":[{"name":"wp","href":"https:\/\/api.w.org\/{rel}","templated":true}]}}